{"id":19532,"date":"2023-06-14T09:44:59","date_gmt":"2023-06-14T06:44:59","guid":{"rendered":"https:\/\/uat.achilles.com\/sustainability-teams\/"},"modified":"2023-11-17T17:14:30","modified_gmt":"2023-11-17T14:14:30","slug":"sustainability-teams","status":"publish","type":"page","link":"https:\/\/www.achilles.com\/pt-br\/sustainability-teams\/","title":{"rendered":"Sustainability Teams"},"content":{"rendered":"            <div class=\"content_section\">\r\n            <div class=\"container\">\r\n                                <div class=\"description_page full top\">\r\n                                        <h1 class=\"title_page\">Equipes de sustentabilidade<\/h1>\r\n                                        <div class=\"typical_text large_text\">\r\n                        <p>Recomendado para voc\u00ea que trabalha com sustentabilidade, conformidade e visibilidade total da cadeia de fornecimento.<\/p>\r\n                    <\/div>\r\n                                    <\/div>\r\n                                <div class=\"content_wrap\">\r\n                    <div class=\"content_info ogo\">\r\n                                                <div class=\"typical_text\">\r\n                            <p>Oferecemos uma solu\u00e7\u00e3o de gest\u00e3o de desempenho de fornecedores que auxilia suas equipes na revis\u00e3o e monitoramento do desempenho do fornecedor em sustentabilidade ambiental. Voc\u00ea pode compartilhar o acesso a essa ferramenta com colegas selecionados para viabilizar um processo colaborativo de revis\u00e3o e melhoria.<\/p>\n<p>Nossa<a href=\"https:\/\/www.achilles.com\/feature\/carbon-reduce\/\">\u00a0auditoria de redu\u00e7\u00e3o de carbono\u00a0<\/a>oferece a capacidade de medir com precis\u00e3o sua pegada de carbono e desenvolver estrat\u00e9gias efetivas para reduzir suas emiss\u00f5es. A plataforma on-line registra e calcula as emiss\u00f5es de carbono, enquanto nossa equipe de especialistas realiza auditorias no local com uma grande variedade de ferramentas, para que voc\u00ea possa demonstrar melhoria cont\u00ednua todos os anos.<\/p>\n                        <\/div>\r\n                                            <\/div>\r\n                                        <div class=\"content_media\">\r\n                        <img decoding=\"async\" src=\"https:\/\/www.achilles.com\/app\/uploads\/2023\/06\/Achilles-icons_Sustainability-Team-1.png\" width=\"280\" alt=\"\">\r\n                    <\/div>\r\n                                    <\/div>\r\n                            <\/div>\r\n        <\/div>\r\n    \n\n    <div class=\"content_section bg_grey\">\r\n        <div class=\"container\">\r\n                        <div class=\"description_section\">\r\n                                <p class=\"title_category\">SUCESSO PARA SUA EQUIPE<\/p>\r\n                                <h2 class=\"title_section\">Recomenda\u00e7\u00f5es para voc\u00ea<\/h2>\r\n                            <\/div>\r\n                        <div class=\"features_wrap\">\r\n                                <div class=\"feature_item\">\r\n                                        <div class=\"feature_item_icon\">\r\n                        <img decoding=\"async\" src=\"https:\/\/www.achilles.com\/app\/uploads\/2023\/06\/Achilles-icons_Ethical-business-1-2.png\" alt=\"\">\r\n                    <\/div>\r\n                                        <h3 class=\"feature_item_name\">\u00c9tica empresarial<\/h3>\r\n                                        <div class=\"typical_text\">\r\n                        <p>Ajudamos as empresas a garantir que os fornecedores cumpram as leis e melhores pr\u00e1ticas internacionais, e que todos os trabalhadores em seus projetos fiquem protegidos.<\/p>\n                    <\/div>\r\n                                        <a class=\"btn\" aria-label=\"\u00c9tica empresarial - Leia mais\" href=\"https:\/\/uat.achilles.com\/products\/ethical-business\">Leia mais<\/a>\r\n                                    <\/div>\r\n                                <div class=\"feature_item\">\r\n                                        <div class=\"feature_item_icon\">\r\n                        <img decoding=\"async\" src=\"https:\/\/www.achilles.com\/app\/uploads\/2023\/06\/Achilles-icons_Environmental-sustainability.png\" alt=\"\">\r\n                    <\/div>\r\n                                        <h3 class=\"feature_item_name\">Sustentabilidade ambiental<\/h3>\r\n                                        <div class=\"typical_text\">\r\n                        <p>A sustentabilidade operacional n\u00e3o \u00e9 apenas a coisa certa a fazer: \u00e9 uma refer\u00eancia de sucesso cada vez mais importante.<\/p>\n                    <\/div>\r\n                                        <a class=\"btn\" aria-label=\"Sustentabilidade ambiental - Leia mais\" href=\"https:\/\/www.achilles.com\/pt-br\/product\/environmental-sustainability\/\">Leia mais<\/a>\r\n                                    <\/div>\r\n                                <div class=\"feature_item\">\r\n                                        <div class=\"feature_item_icon\">\r\n                        <img decoding=\"async\" src=\"https:\/\/www.achilles.com\/app\/uploads\/2023\/06\/Achilles-icons_Risk-management-.png\" alt=\"\">\r\n                    <\/div>\r\n                                        <h3 class=\"feature_item_name\">Gest\u00e3o de riscos<\/h3>\r\n                                        <div class=\"typical_text\">\r\n                        <p>Se n\u00e3o tiver os dados certos ao seu alcance, fica muito mais dif\u00edcil reagir com efic\u00e1cia aos riscos que a sua empresa enfrenta.<\/p>\n                    <\/div>\r\n                                        <a class=\"btn\" aria-label=\"Gest\u00e3o de riscos - Leia mais\" href=\"https:\/\/www.achilles.com\/pt-br\/product\/risk-management\/\">Leia mais<\/a>\r\n                                    <\/div>\r\n                            <\/div>\r\n                    <\/div>\r\n    <\/div>\r\n\n\n    <div class=\"content_section bg_grey\">\r\n        <div class=\"container\">\r\n                        <div class=\"description_section\">\r\n                                <h2 class=\"title_section\">Tamb\u00e9m interessante<\/h2>\r\n                            <\/div>\r\n                        <div class=\"features_wrap\">\r\n                                <div class=\"feature_item\">\r\n                                        <div class=\"feature_item_icon\">\r\n                        <img decoding=\"async\" src=\"https:\/\/www.achilles.com\/app\/uploads\/2023\/06\/Achilles-icons_CEMARS.png\" alt=\"\">\r\n                    <\/div>\r\n                                        <h3 class=\"feature_item_name\">Redu\u00e7\u00e3o de Carbono<\/h3>\r\n                                        <div class=\"typical_text\">\r\n                        <p>Al\u00e9m das considera\u00e7\u00f5es de ordem jur\u00eddica, voc\u00ea quer saber se todos os seus fornecedores cumprem os mesmos altos padr\u00f5es ambientais e trabalhistas que voc\u00ea.<\/p>\n                    <\/div>\r\n                                        <a class=\"btn\" aria-label=\"Redu\u00e7\u00e3o de Carbono - Leia mais\" href=\"https:\/\/uat.achilles.com\/features\/carbon-reduce\/\">Leia mais<\/a>\r\n                                    <\/div>\r\n                                <div class=\"feature_item\">\r\n                                        <div class=\"feature_item_icon\">\r\n                        <img decoding=\"async\" src=\"https:\/\/www.achilles.com\/app\/uploads\/2023\/06\/Achilles-icons_Labour-Practices-Audit.png\" alt=\"\">\r\n                    <\/div>\r\n                                        <h3 class=\"feature_item_name\">Auditoria de pr\u00e1ticas trabalhistas<\/h3>\r\n                                        <div class=\"typical_text\">\r\n                        <p>Obter visibilidade sobre as pr\u00e1ticas trabalhistas dos fornecedores no local \u00e9 um desafio adicional. Como avaliar se os padr\u00f5es regulat\u00f3rios e corporativos est\u00e3o sendo aplicados corretamente na sua cadeia de fornecimento?<\/p>\n                    <\/div>\r\n                                        <a class=\"btn\" aria-label=\"Auditoria de pr\u00e1ticas trabalhistas - Leia mais\" href=\"##\">Leia mais<\/a>\r\n                                    <\/div>\r\n                                <div class=\"feature_item\">\r\n                                        <div class=\"feature_item_icon\">\r\n                        <img decoding=\"async\" src=\"https:\/\/www.achilles.com\/app\/uploads\/2023\/06\/Achilles-icons_Pre-qualification-questionnaire.png\" alt=\"\">\r\n                    <\/div>\r\n                                        <h3 class=\"feature_item_name\">Question\u00e1rio de pr\u00e9-qualifica\u00e7\u00e3o<\/h3>\r\n                                        <div class=\"typical_text\">\r\n                        <p>Essas ferramentas essenciais s\u00e3o o primeiro passo para encontrar fornecedores que possam cumprir seus contratos e, ao mesmo tempo, atender a todas as suas normas de conformidade.<\/p>\n                    <\/div>\r\n                                        <a class=\"btn\" aria-label=\"Question\u00e1rio de pr\u00e9-qualifica\u00e7\u00e3o - Leia mais\" href=\"https:\/\/uat.achilles.com\/features\/prequalification-questionnaires\">Leia mais<\/a>\r\n                                    <\/div>\r\n                            <\/div>\r\n                    <\/div>\r\n    <\/div>\r\n","protected":false},"excerpt":{"rendered":"","protected":false},"author":1,"featured_media":0,"parent":0,"menu_order":0,"comment_status":"closed","ping_status":"closed","template":"","meta":{"_acf_changed":false,"content-type":"","footnotes":""},"class_list":["post-19532","page","type-page","status-publish","hentry"],"acf":[],"_links":{"self":[{"href":"https:\/\/www.achilles.com\/pt-br\/wp-json\/wp\/v2\/pages\/19532","targetHints":{"allow":["GET"]}}],"collection":[{"href":"https:\/\/www.achilles.com\/pt-br\/wp-json\/wp\/v2\/pages"}],"about":[{"href":"https:\/\/www.achilles.com\/pt-br\/wp-json\/wp\/v2\/types\/page"}],"author":[{"embeddable":true,"href":"https:\/\/www.achilles.com\/pt-br\/wp-json\/wp\/v2\/users\/1"}],"replies":[{"embeddable":true,"href":"https:\/\/www.achilles.com\/pt-br\/wp-json\/wp\/v2\/comments?post=19532"}],"version-history":[{"count":0,"href":"https:\/\/www.achilles.com\/pt-br\/wp-json\/wp\/v2\/pages\/19532\/revisions"}],"wp:attachment":[{"href":"https:\/\/www.achilles.com\/pt-br\/wp-json\/wp\/v2\/media?parent=19532"}],"curies":[{"name":"wp","href":"https:\/\/api.w.org\/{rel}","templated":true}]}}