{"id":18999,"date":"2023-06-14T09:45:09","date_gmt":"2023-06-14T06:45:09","guid":{"rendered":"https:\/\/uat.achilles.com\/contract-management-teams\/"},"modified":"2023-11-17T13:46:46","modified_gmt":"2023-11-17T10:46:46","slug":"contract-management-teams","status":"publish","type":"page","link":"https:\/\/www.achilles.com\/pt-br\/working-with-you\/contract-management-team\/","title":{"rendered":"Equipes de Gest\u00e3o de Contratos"},"content":{"rendered":"            <div class=\"content_section\">\r\n            <div class=\"container\">\r\n                                <div class=\"description_page full top\">\r\n                                        <h1 class=\"title_page\">Equipes de Gest\u00e3o de Contratos<\/h1>\r\n                                        <div class=\"typical_text large_text\">\r\n                        <p>Entendemos as necessidades do seu neg\u00f3cio. Com nossas solu\u00e7\u00f5es, voc\u00ea fica tranquilo.<\/p>\r\n                    <\/div>\r\n                                    <\/div>\r\n                                <div class=\"content_wrap\">\r\n                    <div class=\"content_info ogo\">\r\n                                                <div class=\"typical_text\">\r\n                            <p>Oferecemos uma solu\u00e7\u00e3o de\u00a0<a href=\"https:\/\/www.achilles.com\/features\/performance-feedback\/\">gest\u00e3o do desempenho de fornecedores<\/a>\u00a0que auxilia suas equipes na revis\u00e3o e monitoramento sistem\u00e1ticos do\u00a0<a href=\"https:\/\/www.achilles.com\/features\/performance-feedback\/\">desempenho dos fornecedores<\/a>\u00a0em rela\u00e7\u00e3o aos contratos. Voc\u00ea pode compartilhar o acesso a essa ferramenta com colegas selecionados para viabilizar um processo colaborativo de revis\u00e3o e melhoria.<\/p>\n<p>Nossos\u00a0<a href=\"https:\/\/www.achilles.com\/feature\/prequalification-questionnaires\/\">question\u00e1rios de pr\u00e9-qualifica\u00e7\u00e3o<\/a>\u00a0tamb\u00e9m incluem op\u00e7\u00f5es de rastreamento e alerta. Assim, voc\u00ea pode acompanhar os fornecedores existentes e obter atualiza\u00e7\u00f5es sobre qualquer mudan\u00e7a de status ou dados; por exemplo, situa\u00e7\u00e3o financeira, pontua\u00e7\u00e3o de auditoria, cobertura de seguro ou respostas a question\u00e1rios.<\/p>\n                        <\/div>\r\n                                            <\/div>\r\n                                        <div class=\"content_media\">\r\n                        <img decoding=\"async\" src=\"https:\/\/www.achilles.com\/app\/uploads\/2023\/06\/Achilles-icons_Contract-Management-Team.png\" width=\"280\" alt=\"\">\r\n                    <\/div>\r\n                                    <\/div>\r\n                            <\/div>\r\n        <\/div>\r\n    \n\n    <div class=\"content_section bg_grey\">\r\n        <div class=\"container\">\r\n                        <div class=\"description_section\">\r\n                                <p class=\"title_category\">SUCESSO PARA SUA EQUIPE<\/p>\r\n                                <h2 class=\"title_section\">Recomenda\u00e7\u00f5es para voc\u00ea<\/h2>\r\n                            <\/div>\r\n                        <div class=\"features_wrap\">\r\n                                <div class=\"feature_item\">\r\n                                        <div class=\"feature_item_icon\">\r\n                        <img decoding=\"async\" src=\"https:\/\/www.achilles.com\/app\/uploads\/2023\/06\/Achilles-icons_Financial-risk-and-business-continuity.png\" alt=\"\">\r\n                    <\/div>\r\n                                        <h3 class=\"feature_item_name\">Risco financeiro<\/h3>\r\n                                        <div class=\"typical_text\">\r\n                        <p>O sucesso do seu neg\u00f3cio depende da viabilidade financeira e da estabilidade dos seus fornecedores.<\/p>\n                    <\/div>\r\n                                        <a class=\"btn\" aria-label=\"Risco financeiro - Leia mais\" href=\"https:\/\/www.achilles.com\/pt-br\/product\/financial-risk\/\">Leia mais<\/a>\r\n                                    <\/div>\r\n                                <div class=\"feature_item\">\r\n                                        <div class=\"feature_item_icon\">\r\n                        <img decoding=\"async\" src=\"https:\/\/www.achilles.com\/app\/uploads\/2023\/06\/Achilles-icons_Workflow-tools.png\" alt=\"\">\r\n                    <\/div>\r\n                                        <h3 class=\"feature_item_name\">Ferramentas de fluxo de trabalho<\/h3>\r\n                                        <div class=\"typical_text\">\r\n                        <p>Gerenciar sua cadeia de fornecimento j\u00e1 \u00e9 complexo o suficiente, sem precisar lidar com v\u00e1rios sistemas n\u00e3o intuitivos e isolados.<\/p>\n                    <\/div>\r\n                                        <a class=\"btn\" aria-label=\"Ferramentas de fluxo de trabalho - Leia mais\" href=\"##\">Leia mais<\/a>\r\n                                    <\/div>\r\n                                <div class=\"feature_item\">\r\n                                        <div class=\"feature_item_icon\">\r\n                        <img decoding=\"async\" src=\"https:\/\/www.achilles.com\/app\/uploads\/2023\/06\/Achilles-icons_Risk-management-.png\" alt=\"\">\r\n                    <\/div>\r\n                                        <h3 class=\"feature_item_name\">Gest\u00e3o de riscos<\/h3>\r\n                                        <div class=\"typical_text\">\r\n                        <p>O risco da cadeia de fornecimento est\u00e1 sempre presente. Quem a administra de maneira proativa tem vantagem competitiva.<\/p>\n                    <\/div>\r\n                                        <a class=\"btn\" aria-label=\"Gest\u00e3o de riscos - Leia mais\" href=\"https:\/\/www.achilles.com\/pt-br\/product\/financial-risk\/\">Leia mais<\/a>\r\n                                    <\/div>\r\n                            <\/div>\r\n                    <\/div>\r\n    <\/div>\r\n\n\n    <div class=\"content_section bg_grey\">\r\n        <div class=\"container\">\r\n                        <div class=\"description_section\">\r\n                                <h2 class=\"title_section\">Tamb\u00e9m interessante<\/h2>\r\n                            <\/div>\r\n                        <div class=\"features_wrap\">\r\n                                <div class=\"feature_item\">\r\n                                        <div class=\"feature_item_icon\">\r\n                        <img decoding=\"async\" src=\"https:\/\/www.achilles.com\/app\/uploads\/2023\/06\/Achilles-icons_Themis.png\" alt=\"\">\r\n                    <\/div>\r\n                                        <h3 class=\"feature_item_name\">Treinamento \u2013 EU Academy<\/h3>\r\n                                        <div class=\"typical_text\">\r\n                        <p>Melhore a compreens\u00e3o dos princ\u00edpios e objetivos das leis da Uni\u00e3o Europeia sobre compras e como isso pode ser aplicado na pr\u00e1tica.<\/p>\n                    <\/div>\r\n                                        <a class=\"btn\" aria-label=\"Treinamento \u2013 EU Academy - Leia mais\" href=\"https:\/\/uat.achilles.com\/pt-br\/treinamento\/\">Leia mais<\/a>\r\n                                    <\/div>\r\n                                <div class=\"feature_item\">\r\n                                        <div class=\"feature_item_icon\">\r\n                        <img decoding=\"async\" src=\"https:\/\/www.achilles.com\/app\/uploads\/2023\/06\/Achilles-icons_Performance-Feedback.png\" alt=\"10 hours of content\">\r\n                    <\/div>\r\n                                        <h3 class=\"feature_item_name\">Treinamento \u2013 Cria\u00e7\u00e3o de especifica\u00e7\u00f5es<\/h3>\r\n                                        <div class=\"typical_text\">\r\n                        <p>Os cursos abordam por que \u00e9 essencial realizar a pr\u00e9-contrata\u00e7\u00e3o e dedicar tempo para desenvolver especifica\u00e7\u00f5es robustas em conformidade com os requisitos da Uni\u00e3o Europeia.<\/p>\n                    <\/div>\r\n                                        <a class=\"btn\" aria-label=\"Treinamento \u2013 Cria\u00e7\u00e3o de especifica\u00e7\u00f5es - Leia mais\" href=\"https:\/\/uat.achilles.com\/pt-br\/treinamento\/\">Leia mais<\/a>\r\n                                    <\/div>\r\n                                <div class=\"feature_item\">\r\n                                        <div class=\"feature_item_icon\">\r\n                        <img decoding=\"async\" src=\"https:\/\/www.achilles.com\/app\/uploads\/2023\/06\/Achilles-icons_Data-exchange-.png\" alt=\"\">\r\n                    <\/div>\r\n                                        <h3 class=\"feature_item_name\">Treinamento \u2013 Adjudica\u00e7\u00e3o de licita\u00e7\u00f5es<\/h3>\r\n                                        <div class=\"typical_text\">\r\n                        <p>Voc\u00ea precisa entender as regras aplic\u00e1veis \u00e0s concess\u00f5es de servi\u00e7os e obras, como adjudic\u00e1-las e como gerenci\u00e1-las?<\/p>\n                    <\/div>\r\n                                        <a class=\"btn\" aria-label=\"Treinamento \u2013 Adjudica\u00e7\u00e3o de licita\u00e7\u00f5es - Leia mais\" href=\"https:\/\/uat.achilles.com\/pt-br\/treinamento\/\">Leia mais<\/a>\r\n                                    <\/div>\r\n                            <\/div>\r\n                    <\/div>\r\n    <\/div>\r\n","protected":false},"excerpt":{"rendered":"","protected":false},"author":1,"featured_media":0,"parent":0,"menu_order":0,"comment_status":"closed","ping_status":"closed","template":"","meta":{"_acf_changed":false,"content-type":"","footnotes":""},"class_list":["post-18999","page","type-page","status-publish","hentry"],"acf":[],"_links":{"self":[{"href":"https:\/\/www.achilles.com\/pt-br\/wp-json\/wp\/v2\/pages\/18999","targetHints":{"allow":["GET"]}}],"collection":[{"href":"https:\/\/www.achilles.com\/pt-br\/wp-json\/wp\/v2\/pages"}],"about":[{"href":"https:\/\/www.achilles.com\/pt-br\/wp-json\/wp\/v2\/types\/page"}],"author":[{"embeddable":true,"href":"https:\/\/www.achilles.com\/pt-br\/wp-json\/wp\/v2\/users\/1"}],"replies":[{"embeddable":true,"href":"https:\/\/www.achilles.com\/pt-br\/wp-json\/wp\/v2\/comments?post=18999"}],"version-history":[{"count":0,"href":"https:\/\/www.achilles.com\/pt-br\/wp-json\/wp\/v2\/pages\/18999\/revisions"}],"wp:attachment":[{"href":"https:\/\/www.achilles.com\/pt-br\/wp-json\/wp\/v2\/media?parent=18999"}],"curies":[{"name":"wp","href":"https:\/\/api.w.org\/{rel}","templated":true}]}}