{"id":2567,"date":"2023-05-14T15:56:19","date_gmt":"2023-05-14T12:56:19","guid":{"rendered":"https:\/\/uat.achilles.com\/product\/financial-risk\/"},"modified":"2023-10-23T18:48:34","modified_gmt":"2023-10-23T15:48:34","slug":"products-financial-risk","status":"publish","type":"product","link":"https:\/\/www.achilles.com\/no\/product\/okonomisk-risiko\/","title":{"rendered":"\u00d8konomisk risikostyring i leverand\u00f8rkjeder"},"content":{"rendered":"    <div class=\"top_section\">\n        <div class=\"container\">\n            <div class=\"top_info half\">\n                                    <h1 class=\"top_title\">\u00d8konomisk risikostyring i leverand\u00f8rkjeder<\/h1>\n                                    <div class=\"top_text\">\n                        <p>Virksomhetens suksess er avhengig av leverand\u00f8renes \u00f8konomiske levedyktighet og stabilitet. Det er viktig \u00e5 ha full oversikt over de \u00f8konomiske risikoene til leverand\u00f8rene i leverand\u00f8rkjeden.<\/p>\n                    <\/div>\n                            <\/div>\n        <\/div>\n        <div class=\"top_media\">\n\t\t\t            <img decoding=\"async\" src=\"https:\/\/www.achilles.com\/app\/uploads\/2023\/05\/top_financial.jpg\" alt=\"\">\n                    <\/div>\n    <\/div>\n\n\n    <div class=\"content_section\">\r\n        <div class=\"container\">\r\n            <div class=\"services_wrap\">\r\n                                <div class=\"services_left\">\r\n                                        <p class=\"title_category\">DREVET AV INNSIKT<\/p>\r\n                                        <h2 class=\"title_section\">Gj\u00f8r \u00f8konomisk risiko mindre usikkert<\/h2>\r\n                                        <a class=\"link\" href=\"https:\/\/uat.achilles.com\/#Back\">Back to all products<\/a>\r\n                                    <\/div>\r\n                                <div class=\"services_right\">\r\n                    <div class=\"typical_text\">\r\n                        <p>Vi gir innkj\u00f8perne oversikten de trenger for \u00e5 se potensielle problemer, f\u00e5 p\u00e5 plass beredskapsplaner og forhindre dyre avbrudd.<\/p>\n<p>Effektiv \u00f8konomisk risikostyring er umulig uten god synlighet i leverand\u00f8rkjeden. Dataene vi samler inn og verifiserer, gir deg hele bildet.<\/p>\n<p>Vi innhenter \u00f8konomiske data fra leverand\u00f8ren og gj\u00f8r det enkelt for deg \u00e5 kontrollere dem fra ett sted. Ekspertteamet verifiserer dataene, forenkler den \u00f8konomiske risikostyringen og hjelper deg med \u00e5 bygge sterkere og mer effektive leverand\u00f8rkjeder.<\/p>\n                    <\/div>\r\n                <\/div>\r\n                            <\/div>\r\n        <\/div>\r\n    <\/div>\r\n\n\n     <div class=\"stats_full\">\r\n        <div class=\"stats_bg\">\r\n                    <\/div>\r\n        <div class=\"container\">\r\n            <div class=\"stats_center\">\r\n                <div class=\"corner corner_top_left\"><\/div>\r\n                <div class=\"corner corner_top_right\"><\/div>\r\n                <div class=\"corner corner_bottom_left\"><\/div>\r\n                <div class=\"corner corner_bottom_right\"><\/div>\r\n                <div class=\"stats_center_item\">\r\n                                        <div class=\"stats_anim\">\r\n                        <div class=\"stats_center_number stats_anim_item\" data-total=\"62\">\r\n                            <span class=\"stats_anim_total\">0<\/span>%                        <\/div>\r\n                    <\/div>\r\n                                        <p class=\"stats_center_text large_text\">forretninger har v\u00e6rt offer for svindel med falsk faktura i Storbritannia<\/p>\r\n                                        <p class=\"stats_center_cop large_text\">Action Fraud \u2013 2018<\/p>\r\n                                    <\/div>\r\n            <\/div>\r\n        <\/div>\r\n    <\/div>\r\n\n\n    <div class=\"content_section\">\r\n        <div class=\"container\">\r\n            <div class=\"services_wrap\">\r\n                                <div class=\"services_left\">\r\n                                        <p class=\"title_category\">FORDELER<\/p>\r\n                                        <h2 class=\"title_section\">Hever standardene for \u00f8konomisk risiko<\/h2>\r\n                                        <div class=\"typical_text\">\r\n                        <p>Vi hjelper deg med \u00e5 f\u00e5 et bedre bilde av \u00f8konomisk risiko og forretningskontinuitet i leverand\u00f8rkjeden<\/p>\n                    <\/div>\r\n                                    <\/div>\r\n                            <\/div>\r\n        <\/div>\r\n    <\/div>\r\n\n\n            <div class=\"cta_section\">\r\n            <div class=\"cta_box_bg\">\r\n                                <img decoding=\"async\" src=\"https:\/\/www.achilles.com\/app\/uploads\/2023\/05\/cta_1.jpg\" alt=\"\">\r\n                            <\/div>\r\n                <div class=\"container\">\r\n                    <div class=\"cta_wrapper\">\r\n                        <div class=\"cta_info\">\r\n                                                        <h3 class=\"cta_box_name\">Se det i praksis<\/h3>\r\n                                                        <a class=\"btn btn_big\" href=\"https:\/\/uat.achilles.com\/#3\">Be om demonstrasjon<\/a>\r\n                                                    <\/div>\r\n                <\/div>\r\n            <\/div>\r\n        <\/div>\r\n    \n\n    <div class=\"content_section\">\r\n        <div class=\"container\">\r\n                        <div class=\"tools_description\">\r\n                                <p class=\"title_category\">HOVEDELEMENTER<\/p>\r\n                                <h2 class=\"title_section\">Slik fungerer det<\/h2>\r\n                                <div class=\"typical_text\">\r\n                    <p>Tjenestene v\u00e5re er utviklet for \u00e5 redusere tredjepartsrisiko og forbedre etterlevelse \u2013 i alt fra sourcing og utvelging til eksisterende relasjoner.<\/p>\n                <\/div>\r\n                            <\/div>\r\n                    <\/div>\r\n    <\/div>\r\n\n\n    <div class=\"quote_section\">\r\n        <div class=\"quote_bg\">\r\n                        <img decoding=\"async\" src=\"https:\/\/www.achilles.com\/app\/uploads\/2023\/05\/quote_financial.jpg\" alt=\"\">\r\n                    <\/div>\r\n        <div class=\"container\">\r\n            <div class=\"quote_wrapper\">\r\n                <div class=\"quote_item\">\r\n                                        <div class=\"quote_item_text\">\r\n                        <p>Er leverand\u00f8rene dine s\u00e5 forberedt som du \u00f8nsker at de skal v\u00e6re? V\u00e5re revisjoner er et viktig verkt\u00f8y som hjelper deg og leverand\u00f8rene med \u00e5 forst\u00e5 hvor dere kan v\u00e6re s\u00e5rbare.<\/p>\n                    <\/div>\r\n                                        <a href=\"https:\/\/uat.achilles.com\/#Read-more\" class=\"btn btn_big\">Les mer<\/a>\r\n                                    <\/div>\r\n            <\/div>\r\n        <\/div>\r\n    <\/div>\r\n\n\n    <div class=\"content_section bg_grey\">\n        <div class=\"container\">\n                        <div class=\"description_section full\">\n                                <p class=\"title_category\">PAKKER<\/p>\n                                                <h2 class=\"title_section\">Velg pakken som passer for deg<\/h2>\n                                            <\/div>\n            \n            \n                    <\/div>\n    <\/div>\n\n\n    <div class=\"request_section\">\r\n        <div class=\"contact_bg\">\r\n                        <img decoding=\"async\" src=\"https:\/\/www.achilles.com\/app\/uploads\/2023\/05\/contact_bg.jpg\" alt=\"\">\r\n                    <\/div>\r\n        <div class=\"container\">\r\n            <div class=\"request_inner\">\r\n                                <div class=\"request_wrapper\">\r\n                <h2 class=\"title_section\">Want to understand how we can help your business? <br>Request a call back from our team of experts<\/h2>\r\n                <\/div>\r\n                                <div class=\"request_box\">\r\n                                        <div class=\"typical_text\">\r\n                        <p>Fields marked with * are mandatory.<\/p>\r\n                    <\/div>\r\n                    <!--[if lte IE 8]>\r\n    <script charset=\"utf-8\" type=\"text\/javascript\" src=\"\/\/js.hsforms.net\/forms\/v2-legacy.js\"><\/script>\r\n    <![endif]-->\r\n    <script charset=\"utf-8\" type=\"text\/javascript\" src=\"\/\/js.hsforms.net\/forms\/v2.js\"><\/script>\r\n    <script>\r\n      hbspt.forms.create({\r\n        portalId: \"5387762\",\r\n        formId: \"a23cf73a-36bd-433c-a1d8-4acd8b05b928\"\r\n      })\r\n    <\/script>                <\/div>\r\n            <\/div>\r\n        <\/div>\r\n    <\/div>\r\n\r\n\n\n\r\n\r\n  <div class=\"resources_other content_section\">\r\n        <div class=\"container\">\r\n                        <h3 class=\"title_block\">Siden du er interessert i \u00f8konomisk risiko og forretningskontinuitet:<\/h3>\r\n                        <div class=\"resources_wrap\">\r\n                                <a class=\"resource_item\" href=\"https:\/\/www.achilles.com\/no\/industry-insights\/fornybar-energi-og-baerekraft-som-strategiske-prinsipper\/\">\r\n                                        <div class=\"resource_item_info\">\r\n                        <div class=\"resource_item_description\">\r\n                            <p class=\"resource_item_name\">Fornybar energi og b\u00e6rekraft som strategiske prinsipper<\/p>\r\n                            <div class=\"typical_text\">\r\n                                <p>Ideen om \u00e5 bruke fornybar energi som et alternativ til\u2026<\/p>\r\n                            <\/div>\r\n                        <\/div>\r\n                                                <div class=\"resource_item_categories\">\r\n                                                        <div class=\"resource_category\">\r\n                                                                <span class=\"resource_category_name\"><\/span>\r\n                            <\/div>\r\n                                                        <div class=\"resource_category\">\r\n                                                                <span class=\"resource_category_name\"><\/span>\r\n                            <\/div>\r\n                                                    <\/div>\r\n                                            <\/div>\r\n                <\/a>\r\n                                <a class=\"resource_item\" href=\"https:\/\/www.achilles.com\/no\/bransjeinnsikt\/transformasjon-som-fungerer-hvordan-data-kultur-og-baerekraft-driver-frem-reell-endring\/\">\r\n                                        <div class=\"resource_item_img\">\r\n                        <img decoding=\"async\" src=\"https:\/\/www.achilles.com\/app\/uploads\/2025\/10\/joshua-sortino-LqKhnDzSF-8-unsplash.jpg\" alt=\"Transformasjon som fungerer: Hvordan data, kultur og b\u00e6rekraft driver frem reell endring\">\r\n                    <\/div>\r\n                                        <div class=\"resource_item_info\">\r\n                        <div class=\"resource_item_description\">\r\n                            <p class=\"resource_item_name\">Transformasjon som fungerer: Hvordan data, kultur og b\u00e6rekraft driver frem reell endring<\/p>\r\n                            <div class=\"typical_text\">\r\n                                <p>Transformasjon er overalt. Men ofte ineffektivt. Selskaper investerer i digitale\u2026<\/p>\r\n                            <\/div>\r\n                        <\/div>\r\n                                                <div class=\"resource_item_categories\">\r\n                                                        <div class=\"resource_category\">\r\n                                                                <span class=\"resource_category_name\"><\/span>\r\n                            <\/div>\r\n                                                        <div class=\"resource_category\">\r\n                                                                <span class=\"resource_category_name\"><\/span>\r\n                            <\/div>\r\n                                                    <\/div>\r\n                                            <\/div>\r\n                <\/a>\r\n                            <\/div>\r\n        <\/div>\r\n    <\/div> \r\n","protected":false},"excerpt":{"rendered":"<p>We give you the oversight needed to spot potential issues, come up with contingency plans and ensure you never suffer any costly disruption.<\/p>\n","protected":false},"featured_media":0,"template":"","class_list":["post-2567","product","type-product","status-publish","hentry"],"acf":[],"_links":{"self":[{"href":"https:\/\/www.achilles.com\/no\/wp-json\/wp\/v2\/product\/2567","targetHints":{"allow":["GET"]}}],"collection":[{"href":"https:\/\/www.achilles.com\/no\/wp-json\/wp\/v2\/product"}],"about":[{"href":"https:\/\/www.achilles.com\/no\/wp-json\/wp\/v2\/types\/product"}],"wp:attachment":[{"href":"https:\/\/www.achilles.com\/no\/wp-json\/wp\/v2\/media?parent=2567"}],"curies":[{"name":"wp","href":"https:\/\/api.w.org\/{rel}","templated":true}]}}