{"id":19416,"date":"2023-06-09T12:45:56","date_gmt":"2023-06-09T09:45:56","guid":{"rendered":"https:\/\/uat.achilles.com\/product\/risk-management\/"},"modified":"2023-08-07T01:39:15","modified_gmt":"2023-08-06T22:39:15","slug":"risk-management","status":"publish","type":"product","link":"https:\/\/www.achilles.com\/no\/product\/risikostyring\/","title":{"rendered":"Risikostyring"},"content":{"rendered":"    <div class=\"top_section\">\n        <div class=\"container\">\n            <div class=\"top_info half\">\n                                    <h1 class=\"top_title\">Risikostyring<\/h1>\n                                    <div class=\"top_text\">\n                        <p>Det er alltid en fare for risiko i leverand\u00f8rkjeden \u2013 proaktiv h\u00e5ndtering gir en konkurransefordel.<\/p>\n                    <\/div>\n                            <\/div>\n        <\/div>\n        <div class=\"top_media\">\n\t\t\t        <\/div>\n    <\/div>\n\n\n    <div class=\"content_section\">\r\n        <div class=\"container\">\r\n            <div class=\"services_wrap\">\r\n                                <div class=\"services_left\">\r\n                                        <p class=\"title_category\">DREVET AV INNSIKT<\/p>\r\n                                        <h2 class=\"title_section\">Den intelligente m\u00e5ten \u00e5 identifisere og h\u00e5ndtere risiko p\u00e5<\/h2>\r\n                                        <a class=\"link\" href=\"https:\/\/uat.achilles.com\/#Back\">Back to all products<\/a>\r\n                                    <\/div>\r\n                                <div class=\"services_right\">\r\n                    <div class=\"typical_text\">\r\n                        <p>Hvis du ikke har tilgang til riktig leverand\u00f8rdata, blir det vanskeligere \u00e5 reagere effektivt p\u00e5 risikoer som selskapet st\u00e5r overfor. Ved \u00e5 samle inn og verifisere typen informasjon som innkj\u00f8perne trenger, forbedrer vi ikke bare reaksjonstiden deres, men vi hjelper dem ogs\u00e5 med \u00e5 v\u00e6re mer proaktive i h\u00e5ndtering av tredjepartsrisiko.<\/p>\n<p>Alle virksomheter st\u00e5r overfor risikoer som spenner fra det hverdagslige til det eksepsjonelle. Men uansett hvor stor eller liten risikoen er, er det best \u00e5 minimere forstyrrelser gjennom \u00f8kt oversikt, aktiv overv\u00e5kning og strategisk planlegging. De n\u00f8yaktige kvalitetsdataene som vi gir innkj\u00f8perne, betyr at anskaffelses- og leverand\u00f8rkjedeteam kan bruke mindre tid p\u00e5 \u00e5 innhente og verifisere data og mer tid p\u00e5 \u00e5 styrke virksomhetens tilpasningsdyktighet.<\/p>\n                    <\/div>\r\n                <\/div>\r\n                            <\/div>\r\n        <\/div>\r\n    <\/div>\r\n\n\n     <div class=\"stats_full\">\r\n        <div class=\"stats_bg\">\r\n                    <\/div>\r\n        <div class=\"container\">\r\n            <div class=\"stats_center\">\r\n                <div class=\"corner corner_top_left\"><\/div>\r\n                <div class=\"corner corner_top_right\"><\/div>\r\n                <div class=\"corner corner_bottom_left\"><\/div>\r\n                <div class=\"corner corner_bottom_right\"><\/div>\r\n                <div class=\"stats_center_item\">\r\n                                        <div class=\"stats_anim\">\r\n                        <div class=\"stats_center_number stats_anim_item\" data-total=\"30\">\r\n                            <span class=\"stats_anim_total\">0<\/span>%                        <\/div>\r\n                    <\/div>\r\n                                        <p class=\"stats_center_text large_text\">I leverand\u00f8rkjeder har\r\nvirksomheter opplevd forstyrrelser p\u00e5 grunn av problemer hos \u00e9n enkelt leverand\u00f8r<\/p>\r\n                                        <p class=\"stats_center_cop large_text\">Vuealta study \u2013 2019<\/p>\r\n                                    <\/div>\r\n            <\/div>\r\n        <\/div>\r\n    <\/div>\r\n\n\n    <div class=\"content_section\">\r\n        <div class=\"container\">\r\n            <div class=\"services_wrap\">\r\n                                <div class=\"services_left\">\r\n                                        <p class=\"title_category\">FORDELER<\/p>\r\n                                        <h2 class=\"title_section\">Heve standardene for risikostyring<\/h2>\r\n                                    <\/div>\r\n                            <\/div>\r\n        <\/div>\r\n    <\/div>\r\n\n\n            <div class=\"cta_section\">\r\n            <div class=\"cta_box_bg\">\r\n                                <img decoding=\"async\" src=\"https:\/\/www.achilles.com\/app\/uploads\/2023\/05\/cta_1.jpg\" alt=\"\">\r\n                            <\/div>\r\n                <div class=\"container\">\r\n                    <div class=\"cta_wrapper\">\r\n                        <div class=\"cta_info\">\r\n                                                        <h3 class=\"cta_box_name\">Se det i praksis<\/h3>\r\n                                                        <a class=\"btn btn_big\" href=\"https:\/\/uat.achilles.com\/#3\">Be om demonstrasjon<\/a>\r\n                                                    <\/div>\r\n                <\/div>\r\n            <\/div>\r\n        <\/div>\r\n    \n\n    <div class=\"content_section\">\r\n        <div class=\"container\">\r\n                        <div class=\"tools_description\">\r\n                                <p class=\"title_category\">HOVEDELEMENTER<\/p>\r\n                                <h2 class=\"title_section\">Slik fungerer det<\/h2>\r\n                                <div class=\"typical_text\">\r\n                    <p>Tjenestene v\u00e5re er utviklet for \u00e5 redusere tredjepartsrisiko og forbedre etterlevelse \u2013 i alt fra sourcing og utvelging til eksisterende relasjoner.<\/p>\n                <\/div>\r\n                            <\/div>\r\n                    <\/div>\r\n    <\/div>\r\n\n\n    <div class=\"quote_section\">\r\n        <div class=\"quote_bg\">\r\n                        <img decoding=\"async\" src=\"https:\/\/www.achilles.com\/app\/uploads\/2023\/05\/quote_financial.jpg\" alt=\"\">\r\n                    <\/div>\r\n        <div class=\"container\">\r\n            <div class=\"quote_wrapper\">\r\n                <div class=\"quote_item full center\">\r\n                                        <div class=\"quote_item_text\">\r\n                        <p>Det har gitt oss et nytt perspektiv p\u00e5 v\u00e5r egen organisasjon og hjulpet oss til \u00e5 bli et mer seri\u00f8st og bedre organisert selskap. Vi er bedre rustet til \u00e5 gripe fatt i og styre risiko. Det at vi hele tiden m\u00e5 holde dokumentasjonen \u00e0 jour \u2013 noe som er ukomplisert med det nye systemet \u2013 har ogs\u00e5 styrket disiplinen.\u00bb<\/p>\n                    <\/div>\r\n                                        <p class=\"quote_item_author\">Andreas Lie, daglig leder i R\u00f8yr\u00e5s Treindustri<\/p>\r\n                                        <a href=\"https:\/\/uat.achilles.com\/#Read-more\" class=\"btn btn_big\">Finn ut mer<\/a>\r\n                                    <\/div>\r\n            <\/div>\r\n        <\/div>\r\n    <\/div>\r\n\n\n    <div class=\"content_section bg_grey\">\n        <div class=\"container\">\n                        <div class=\"description_section full\">\n                                <p class=\"title_category\">PAKKER<\/p>\n                                                <h2 class=\"title_section\">Velg pakken som passer for deg<\/h2>\n                                            <\/div>\n            \n            \n                    <\/div>\n    <\/div>\n\n\n    <div class=\"request_section\">\r\n        <div class=\"contact_bg\">\r\n                        <img decoding=\"async\" src=\"https:\/\/www.achilles.com\/app\/uploads\/2023\/05\/contact_bg.jpg\" alt=\"\">\r\n                    <\/div>\r\n        <div class=\"container\">\r\n            <div class=\"request_inner\">\r\n                                <div class=\"request_wrapper\">\r\n                <h2 class=\"title_section\">Request a call back from our team of experts<\/h2>\r\n                <\/div>\r\n                                <div class=\"request_box\">\r\n                                        <div class=\"typical_text\">\r\n                        <p>Fields marked with * are mandatory.<\/p>\r\n                    <\/div>\r\n                    <!--[if lte IE 8]>\r\n    <script charset=\"utf-8\" type=\"text\/javascript\" src=\"\/\/js.hsforms.net\/forms\/v2-legacy.js\"><\/script>\r\n    <![endif]-->\r\n    <script charset=\"utf-8\" type=\"text\/javascript\" src=\"\/\/js.hsforms.net\/forms\/v2.js\"><\/script>\r\n    <script>\r\n      hbspt.forms.create({\r\n        portalId: \"5387762\",\r\n        formId: \"a23cf73a-36bd-433c-a1d8-4acd8b05b928\"\r\n      })\r\n    <\/script>                <\/div>\r\n            <\/div>\r\n        <\/div>\r\n    <\/div>\r\n\r\n\n\n\r\n\r\n  <div class=\"resources_other content_section\">\r\n        <div class=\"container\">\r\n                        <h3 class=\"title_block\">Siden du er interessert i risikostyring<\/h3>\r\n                        <div class=\"resources_wrap\">\r\n                                <a class=\"resource_item\" href=\"https:\/\/www.achilles.com\/no\/bransjeinnsikt\/bygging-av-et-skalerbart-baerekraftig-og-robust-nettverk-for-datasenterkonstruksjon\/\">\r\n                                        <div class=\"resource_item_img\">\r\n                        <img decoding=\"async\" src=\"https:\/\/www.achilles.com\/app\/uploads\/2026\/03\/Achilles-Google-Supply-Chain-Risk-banner.png\" alt=\"Bygging av et skalerbart, b\u00e6rekraftig og robust nettverk for datasenterkonstruksjon\">\r\n                    <\/div>\r\n                                        <div class=\"resource_item_info\">\r\n                        <div class=\"resource_item_description\">\r\n                            <p class=\"resource_item_name\">Bygging av et skalerbart, b\u00e6rekraftig og robust nettverk for datasenterkonstruksjon<\/p>\r\n                            <div class=\"typical_text\">\r\n                                <p>Googles team for datasenterkonstruksjonsprogrammer bruker Achilles for \u00e5 skalere sitt\u2026<\/p>\r\n                            <\/div>\r\n                        <\/div>\r\n                                                <div class=\"resource_item_categories\">\r\n                                                        <div class=\"resource_category\">\r\n                                                                <span class=\"resource_category_name\"><\/span>\r\n                            <\/div>\r\n                                                        <div class=\"resource_category\">\r\n                                                                <span class=\"resource_category_name\"><\/span>\r\n                            <\/div>\r\n                                                    <\/div>\r\n                                            <\/div>\r\n                <\/a>\r\n                                <a class=\"resource_item\" href=\"https:\/\/www.achilles.com\/no\/bransjeinnsikt\/cybersikkerhet-ved-en-korsvei\/\">\r\n                                        <div class=\"resource_item_img\">\r\n                        <img decoding=\"async\" src=\"https:\/\/www.achilles.com\/app\/uploads\/2023\/07\/Cybersecurity.jpg\" alt=\"Cybersikkerhet ved en korsvei\">\r\n                    <\/div>\r\n                                        <div class=\"resource_item_info\">\r\n                        <div class=\"resource_item_description\">\r\n                            <p class=\"resource_item_name\">Cybersikkerhet ved en korsvei<\/p>\r\n                            <div class=\"typical_text\">\r\n                                <p>Hva Norges forsyningskjeder m\u00e5 l\u00e6re f\u00f8r NIS2 kommer Den 27.\u2026<\/p>\r\n                            <\/div>\r\n                        <\/div>\r\n                                                <div class=\"resource_item_categories\">\r\n                                                        <div class=\"resource_category\">\r\n                                                                <span class=\"resource_category_name\"><\/span>\r\n                            <\/div>\r\n                                                        <div class=\"resource_category\">\r\n                                                                <span class=\"resource_category_name\"><\/span>\r\n                            <\/div>\r\n                                                    <\/div>\r\n                                            <\/div>\r\n                <\/a>\r\n                            <\/div>\r\n        <\/div>\r\n    <\/div> \r\n","protected":false},"excerpt":{"rendered":"<p>Without the right supplier data at your fingertips, it becomes a lot harder to react effectively and build supply chain resilience.<\/p>\n","protected":false},"featured_media":0,"template":"","class_list":["post-19416","product","type-product","status-publish","hentry"],"acf":[],"_links":{"self":[{"href":"https:\/\/www.achilles.com\/no\/wp-json\/wp\/v2\/product\/19416","targetHints":{"allow":["GET"]}}],"collection":[{"href":"https:\/\/www.achilles.com\/no\/wp-json\/wp\/v2\/product"}],"about":[{"href":"https:\/\/www.achilles.com\/no\/wp-json\/wp\/v2\/types\/product"}],"wp:attachment":[{"href":"https:\/\/www.achilles.com\/no\/wp-json\/wp\/v2\/media?parent=19416"}],"curies":[{"name":"wp","href":"https:\/\/api.w.org\/{rel}","templated":true}]}}