{"id":19410,"date":"2023-06-09T13:20:51","date_gmt":"2023-06-09T10:20:51","guid":{"rendered":"https:\/\/uat.achilles.com\/product\/responsible-sourcing\/"},"modified":"2023-08-07T00:53:34","modified_gmt":"2023-08-06T21:53:34","slug":"responsible-sourcing","status":"publish","type":"product","link":"https:\/\/www.achilles.com\/no\/product\/ansvarlig-sourcing\/","title":{"rendered":"Ansvarlig sourcing"},"content":{"rendered":"    <div class=\"top_section\">\n        <div class=\"container\">\n            <div class=\"top_info half\">\n                                    <h1 class=\"top_title\">Ansvarlig sourcing<\/h1>\n                                    <div class=\"top_text\">\n                        <p>N\u00e5r det tas hensyn til sosiale, etiske og milj\u00f8messige sider ved valg og h\u00e5ndtering av leverand\u00f8rer, brukes relasjonene i leverand\u00f8rkjeden til \u00e5 f\u00e5 til endringer i stor skala.<\/p>\n                    <\/div>\n                            <\/div>\n        <\/div>\n        <div class=\"top_media\">\n\t\t\t        <\/div>\n    <\/div>\n\n\n    <div class=\"content_section\">\r\n        <div class=\"container\">\r\n            <div class=\"services_wrap\">\r\n                                <div class=\"services_left\">\r\n                                        <p class=\"title_category\">DREVET AV INNSIKT<\/p>\r\n                                        <h2 class=\"title_section\">Sertifiserte leverand\u00f8rer har tre ganger mer sannsynlighet for \u00e5 overholde arbeidsstandarder.<\/h2>\r\n                                        <a class=\"link\" href=\"https:\/\/uat.achilles.com\/#Back\">Back to all products<\/a>\r\n                                    <\/div>\r\n                                <div class=\"services_right\">\r\n                    <div class=\"typical_text\">\r\n                        <p>Ansvarlig sourcing erikke bare et moteord. Det er avgj\u00f8rende for \u00e5 heve standarden i leverand\u00f8rkjeden og levere bedriftens verdier. <\/p>\n<p>Myndighetenes lovgivning legger stadig st\u00f8rre vekt p\u00e5 \u00e5 sikre at etisk forretningspraksis preger alle aspekter i ulike bransjer. Uansett om det er snakk om forpliktelser om \u00e5 behandle arbeiderne rettferdig, unng\u00e5 uetisk utvinning av mineraler eller \u00e5 begrense karbonutslipp, er trenden klar: Uansvarlig sourcing i leverand\u00f8rkjeden kan v\u00e6re et lovbrudd. Den internasjonale lovgivningen om alt fra moderne slaveri til konfliktmineraler utgj\u00f8r en sv\u00e6rt kompleks struktur \u2013 fra fullt ansvar for overtredelser i leverand\u00f8rkjeden til vanlig rapportering. <\/p>\n<p>I tillegg til alle forskriftene som m\u00e5 f\u00f8lges, er ansvarlig sourcing ogs\u00e5 en mulighet til \u00e5 fremme forretningsverdi. De \u00f8konomiske markedene  verdsetter prinsippene som gjenspeiles i ansvarlig sourcing. B\u00e6rekraftige indeksfond har blitt firedoblet siden 2017, og n\u00e5 utgj\u00f8r de 20 % av totalen. Over 40 b\u00f8rser krever ESG-rapportering (Environmental, Social, Governance) .  <\/p>\n<p>V\u00e5r ekspertise ligger i \u00e5 hjelpe deg med \u00e5 utnytte de \u00f8konomiske, driftsmessige og omd\u00f8mmemessige fordelene ved \u00e5 samarbeide med ansvarlige leverand\u00f8rkjeder. Vi er ikke bare opptatt av \u00e5 hjelpe selskaper med \u00e5 oppfylle rapporteringsforpliktelsene de har \u2013 vi fremmer ogs\u00e5 effektivitet, reduserer risikoen og f\u00e5r ned kostnadene. Bedrifter er stadig mer opptatt av \u00e5 finne konkurransefordeler for den sosiale, milj\u00f8messige og \u00f8konomiske delen av driften. Vi samarbeider med globale leverand\u00f8rkjeder om \u00e5 heve standardene i mer enn 30 emner for ansvarlig sourcing. Vi vet hvordan man f\u00e5r effektiv \u00e5penhet i leverand\u00f8rkjeden, fra sikkerhet til cyber. Vi forenkler b\u00e6rekraft og har omfattende rapportering og innsikt for \u00e5 fremme forretningsavgj\u00f8relser som kan settes ut i livet.<\/p>\n                    <\/div>\r\n                <\/div>\r\n                            <\/div>\r\n        <\/div>\r\n    <\/div>\r\n\n\n     <div class=\"stats_full\">\r\n        <div class=\"stats_bg\">\r\n                    <\/div>\r\n        <div class=\"container\">\r\n            <div class=\"stats_center\">\r\n                <div class=\"corner corner_top_left\"><\/div>\r\n                <div class=\"corner corner_top_right\"><\/div>\r\n                <div class=\"corner corner_bottom_left\"><\/div>\r\n                <div class=\"corner corner_bottom_right\"><\/div>\r\n                <div class=\"stats_center_item\">\r\n                                        <div class=\"stats_anim\">\r\n                        <div class=\"stats_center_number stats_anim_item\" data-total=\"11\">\r\n                            <span class=\"stats_anim_total\">0<\/span>%                        <\/div>\r\n                    <\/div>\r\n                                        <p class=\"stats_center_text large_text\">En unders\u00f8kelse utf\u00f8rt av Chartered Institute of Purchasing and Supply viste at\r\nav bedriftsledere mener at det er sannsynlig at det kan forekomme moderne slaveri i organisasjonens leverand\u00f8rkjede<\/p>\r\n                                    <\/div>\r\n            <\/div>\r\n        <\/div>\r\n    <\/div>\r\n\n\n    <div class=\"content_section\">\r\n        <div class=\"container\">\r\n            <div class=\"services_wrap\">\r\n                                <div class=\"services_left\">\r\n                                        <p class=\"title_category\">FORDELER<\/p>\r\n                                        <h2 class=\"title_section\">Hever standardene for ansvarlig sourcing<\/h2>\r\n                                    <\/div>\r\n                                <div class=\"services_right\">\r\n                    <div class=\"services_list\">\r\n                                                <div class=\"service_box\">\r\n                                                        <p class=\"service_box_name\">\r\n                                <span class=\"service_box_check icon-Success\"><\/span>\r\n                                Administrasjon av cybersikkerhet                            <\/p>\r\n                                                        <div class=\"typical_text\">\r\n                                <p>Risikoene utvikler seg stadig, og cybersikkerhet i leverand\u00f8rkjeder blir stadig mer kompleks.<\/p>\r\n                            <\/div>\r\n                                                    <\/div>\r\n                                                <div class=\"service_box\">\r\n                                                        <p class=\"service_box_name\">\r\n                                <span class=\"service_box_check icon-Success\"><\/span>\r\n                                Milj\u00f8messig b\u00e6rekraft                            <\/p>\r\n                                                        <div class=\"typical_text\">\r\n                                <p>B\u00e6rekraftig styring av leverand\u00f8rkjeden bidrar til en bedre fremtid \u2013 ikke bare for planeten, men for mennesker og virksomheter.<\/p>\r\n                            <\/div>\r\n                                                    <\/div>\r\n                                                <div class=\"service_box\">\r\n                                                        <p class=\"service_box_name\">\r\n                                <span class=\"service_box_check icon-Success\"><\/span>\r\n                                Etisk leverand\u00f8rkjedestyring                            <\/p>\r\n                                                        <div class=\"typical_text\">\r\n                                <p>Omd\u00f8mme, rettsforf\u00f8lgelse, \u00f8konomisk tap og risiko for livene til de ansatte betyr at etisk atferd i forretningslivet er n\u00f8dvendig.<\/p>\r\n                            <\/div>\r\n                                                    <\/div>\r\n                                                <div class=\"service_box\">\r\n                                                        <p class=\"service_box_name\">\r\n                                <span class=\"service_box_check icon-Success\"><\/span>\r\n                                Helse og sikkerhet                            <\/p>\r\n                                                        <div class=\"typical_text\">\r\n                                <p>Et trygt arbeidsmilj\u00f8 p\u00e5virker ikke bare kvaliteten p\u00e5 arbeidet \u2013 det gjenspeiler ogs\u00e5 selskapets kultur og verdier.<\/p>\r\n                            <\/div>\r\n                                                    <\/div>\r\n                                            <\/div>\r\n                <\/div>\r\n                            <\/div>\r\n        <\/div>\r\n    <\/div>\r\n\n\n            <div class=\"cta_section\">\r\n            <div class=\"cta_box_bg\">\r\n                                <img decoding=\"async\" src=\"https:\/\/www.achilles.com\/app\/uploads\/2023\/05\/cta_1.jpg\" alt=\"\">\r\n                            <\/div>\r\n                <div class=\"container\">\r\n                    <div class=\"cta_wrapper\">\r\n                        <div class=\"cta_info\">\r\n                                                        <h3 class=\"cta_box_name\">Be om \u00e5 bli kontaktet av ekspertteamene v\u00e5re<\/h3>\r\n                                                        <a class=\"btn btn_big\" href=\"\/buyer-call-back\/\">Ta kontakt<\/a>\r\n                                                    <\/div>\r\n                <\/div>\r\n            <\/div>\r\n        <\/div>\r\n    \n\n    <div class=\"content_section\">\r\n        <div class=\"container\">\r\n                        <div class=\"tools_description\">\r\n                                <p class=\"title_category\">HOVEDELEMENTER<\/p>\r\n                                <h2 class=\"title_section\">Slik fungerer det<\/h2>\r\n                                <div class=\"typical_text\">\r\n                    <p>Tjenestene v\u00e5re er utviklet for \u00e5 redusere tredjepartsrisiko og forbedre etterlevelse \u2013 i alt fra sourcing og utvelging til eksisterende relasjoner.<\/p>\n                <\/div>\r\n                            <\/div>\r\n                        <div class=\"tools_wrap tabs_section\">\r\n                <div class=\"tools_tabs tabs_buttons\">\r\n                                        <div class=\"tools_btn tab_btn current\" data-tab=\"1\">\r\n                        <span>Prekvalifiseringssp\u00f8rreskjema<\/span>\r\n                        <span class=\"tools_btn_arrow icon-Chevron-Right\"><\/span>\r\n                    <\/div>\r\n                                        <div class=\"tools_btn tab_btn\" data-tab=\"2\">\r\n                        <span>CarbonReduce-programmet<\/span>\r\n                        <span class=\"tools_btn_arrow icon-Chevron-Right\"><\/span>\r\n                    <\/div>\r\n                                        <div class=\"tools_btn tab_btn\" data-tab=\"3\">\r\n                        <span>Revisjon av arbeidspraksis<\/span>\r\n                        <span class=\"tools_btn_arrow icon-Chevron-Right\"><\/span>\r\n                    <\/div>\r\n                                        <div class=\"tools_btn tab_btn\" data-tab=\"4\">\r\n                        <span>Konfliktmineraler<\/span>\r\n                        <span class=\"tools_btn_arrow icon-Chevron-Right\"><\/span>\r\n                    <\/div>\r\n                                    <\/div>\r\n                <div class=\"tools_content\">\r\n                                        <div class=\"tool_container tab_container tab_container_1 active\">\r\n                        <div class=\"typical_text\">\r\n                            <h6>Prekvalifiseringssp\u00f8rreskjema<\/h6>\n<p>En del av prekvalifiseringsprosessen v\u00e5r for leverand\u00f8rer er \u00e5 innhente og verifisere data knyttet til milj\u00f8et. Dette gir innkj\u00f8pere en mer komplett og n\u00f8yaktig oversikt over risikoprofilene til potensielle og eksisterende leverand\u00f8rer. Vi fjerner usikkerheten ved \u00e5 jobbe med nye selskaper og bidrar til \u00e5 styrke eksisterende relasjoner. <\/p>\n                        <\/div>\r\n                                            <\/div>\r\n                                        <div class=\"tool_container tab_container tab_container_2\">\r\n                        <div class=\"typical_text\">\r\n                            <h6>CarbonReduce-programmet<\/h6>\n<p>Karbonreduksjonsprogrammet i samarbeid med Toitu er globalt sertifisert i henhold til ISO 14064-<\/p>\n<p>Vi gir selskaper muligheten til \u00e5 m\u00e5le karbonfotavtrykket og utvikle effektive strategier for \u00e5 redusere utslippene. Nettplattformen b\u00e5de registrerer og beregner karbonutslipp, mens ekspertteamet utf\u00f8rer revisjoner p\u00e5 stedet og bruker forskjellige verkt\u00f8y for \u00e5 hjelpe deg med \u00e5 vise kontinuerlig forbedring hvert \u00e5r.<\/p>\n                        <\/div>\r\n                                            <\/div>\r\n                                        <div class=\"tool_container tab_container tab_container_3\">\r\n                        <div class=\"typical_text\">\r\n                            <h6>Revisjon av arbeidspraksis<\/h6>\n<p>Vi hjelper selskaper ved \u00e5 s\u00f8rge for at prinsippene deres f\u00f8lges i alle deler av driften. Vi intervjuer arbeidere p\u00e5 arbeidsplassen og ser p\u00e5 styringssystemer, slik at du f\u00e5r full oversikt over leverand\u00f8rkjeden. Revisjon av arbeidspraksis sikrer at leverand\u00f8rene ikke er involvert i utrygge arbeidsforhold, menneskehandel og moderne slaveri. Ved \u00e5 skreddersy tjenestene v\u00e5re til forskjellige bransjer kan vi beskytte selskaper mot skader som konfliktmineraler, bestikkelse og korrupsjon eller uetiske standarder kan medf\u00f8re.<\/p>\n                        <\/div>\r\n                                            <\/div>\r\n                                        <div class=\"tool_container tab_container tab_container_4\">\r\n                        <div class=\"typical_text\">\r\n                            <p>Militsgrupper over hele verden har lenge brukt kontrollen de har over gruver og mineraler, til \u00e5 finansiere blodige konflikter. I dag blir virksomheter i \u00f8kende grad presset til \u00e5 sikre at varene de tilbyr, ikke kommer fra kompromitterte kilder. Jo mer kontroversiell saken er, desto st\u00f8rre er skaden dersom merkevaren deres skulle bli knyttet til den. Selv om forbindelsen gjerne er minimal, kan konsekvensene v\u00e6re alt annet enn det hvis det viser seg at dere bidrar til \u00e5 fremme voldelige konflikter.<\/p>\n<p>Tjenesten v\u00e5r gir klare resultater \u2013 raskt og med mye mindre administrasjonsbyrde.<\/p>\n                        <\/div>\r\n                                            <\/div>\r\n                                    <\/div>\r\n            <\/div>\r\n                    <\/div>\r\n    <\/div>\r\n\n\n    <div class=\"quote_section\">\r\n        <div class=\"quote_bg\">\r\n                        <img decoding=\"async\" src=\"https:\/\/www.achilles.com\/app\/uploads\/2023\/05\/quote_financial.jpg\" alt=\"\">\r\n                    <\/div>\r\n        <div class=\"container\">\r\n            <div class=\"quote_wrapper\">\r\n                <div class=\"quote_item\">\r\n                                        <div class=\"quote_item_text\">\r\n                        <p>Det er avgj\u00f8rende \u00e5 involvere leverand\u00f8rkjeden. Som en frittst\u00e5ende organisasjon er det grenser for hvor mye du kan oppn\u00e5, men n\u00e5r du engasjerer leverand\u00f8rkjeden, oppn\u00e5r du langt mer betydelige reduksjoner. Ikke nok med det: Vi \u00f8nsker ogs\u00e5 \u00e5 samarbeide med ledende leverand\u00f8rer som \u00f8nsker \u00e5 forbedre seg.<\/p>\n                    <\/div>\r\n                                        <p class=\"quote_item_author\">David Riley, carbon manager, Anglian Water<\/p>\r\n                                        <a href=\"https:\/\/uat.achilles.com\/#Read-more\" class=\"btn btn_big\">Les casestudien<\/a>\r\n                                    <\/div>\r\n            <\/div>\r\n        <\/div>\r\n    <\/div>\r\n\n\n    <div class=\"content_section bg_grey\">\n        <div class=\"container\">\n                        <div class=\"description_section full\">\n                                <p class=\"title_category\">PAKKER<\/p>\n                                                <h2 class=\"title_section\">Velg pakken som passer for deg<\/h2>\n                                            <\/div>\n            \n                        <div class=\"packages_wrap\">\n                                <a class=\"package_box\" href=\"\/buyer-packages\/\">\n                                        <p class=\"package_box_name\">Assure<\/p>\n                                                            <div class=\"typical_text\">\n                        <p>les mer om denne pakken<\/p>\n                    <\/div>\n                                    <\/a>\n                                <a class=\"package_box\" href=\"\/buyer-packages\/\">\n                                        <p class=\"package_box_name\">Professional<\/p>\n                                                            <div class=\"typical_text\">\n                        <p>les mer om denne pakken<\/p>\n                    <\/div>\n                                    <\/a>\n                                <a class=\"package_box\" href=\"\/buyer-packages\/\">\n                                        <p class=\"package_box_name\">Enterprise<\/p>\n                                                            <div class=\"typical_text\">\n                        <p>les mer om denne pakken<\/p>\n                    <\/div>\n                                    <\/a>\n                            <\/div>\n            \n                    <\/div>\n    <\/div>\n\n\n\r\n\r\n  <div class=\"resources_other content_section\">\r\n        <div class=\"container\">\r\n                        <h3 class=\"title_block\">Les disse blogginnleggene siden du er interessert i ansvarlig sourcing<\/h3>\r\n                        <div class=\"resources_wrap\">\r\n                                <a class=\"resource_item\" href=\"https:\/\/www.achilles.com\/no\/bransjeinnsikt\/bygging-av-et-skalerbart-baerekraftig-og-robust-nettverk-for-datasenterkonstruksjon\/\">\r\n                                        <div class=\"resource_item_img\">\r\n                        <img decoding=\"async\" src=\"https:\/\/www.achilles.com\/app\/uploads\/2026\/03\/Achilles-Google-Supply-Chain-Risk-banner.png\" alt=\"Bygging av et skalerbart, b\u00e6rekraftig og robust nettverk for datasenterkonstruksjon\">\r\n                    <\/div>\r\n                                        <div class=\"resource_item_info\">\r\n                        <div class=\"resource_item_description\">\r\n                            <p class=\"resource_item_name\">Bygging av et skalerbart, b\u00e6rekraftig og robust nettverk for datasenterkonstruksjon<\/p>\r\n                            <div class=\"typical_text\">\r\n                                <p>Googles team for datasenterkonstruksjonsprogrammer bruker Achilles for \u00e5 skalere sitt\u2026<\/p>\r\n                            <\/div>\r\n                        <\/div>\r\n                                                <div class=\"resource_item_categories\">\r\n                                                        <div class=\"resource_category\">\r\n                                                                <span class=\"resource_category_name\"><\/span>\r\n                            <\/div>\r\n                                                        <div class=\"resource_category\">\r\n                                                                <span class=\"resource_category_name\"><\/span>\r\n                            <\/div>\r\n                                                    <\/div>\r\n                                            <\/div>\r\n                <\/a>\r\n                                <a class=\"resource_item\" href=\"https:\/\/www.achilles.com\/no\/bransjeinnsikt\/cybersikkerhet-ved-en-korsvei\/\">\r\n                                        <div class=\"resource_item_img\">\r\n                        <img decoding=\"async\" src=\"https:\/\/www.achilles.com\/app\/uploads\/2023\/07\/Cybersecurity.jpg\" alt=\"Cybersikkerhet ved en korsvei\">\r\n                    <\/div>\r\n                                        <div class=\"resource_item_info\">\r\n                        <div class=\"resource_item_description\">\r\n                            <p class=\"resource_item_name\">Cybersikkerhet ved en korsvei<\/p>\r\n                            <div class=\"typical_text\">\r\n                                <p>Hva Norges forsyningskjeder m\u00e5 l\u00e6re f\u00f8r NIS2 kommer Den 27.\u2026<\/p>\r\n                            <\/div>\r\n                        <\/div>\r\n                                                <div class=\"resource_item_categories\">\r\n                                                        <div class=\"resource_category\">\r\n                                                                <span class=\"resource_category_name\"><\/span>\r\n                            <\/div>\r\n                                                        <div class=\"resource_category\">\r\n                                                                <span class=\"resource_category_name\"><\/span>\r\n                            <\/div>\r\n                                                    <\/div>\r\n                                            <\/div>\r\n                <\/a>\r\n                            <\/div>\r\n        <\/div>\r\n    <\/div> \r\n","protected":false},"excerpt":{"rendered":"<p>As more organisations adopt responsible sourcing practices, key to their success is applying those principles across the supply chain. We bring together buyers and suppliers who want to measure, assess, prove and improve their sourcing credentials.<\/p>\n","protected":false},"featured_media":0,"template":"","class_list":["post-19410","product","type-product","status-publish","hentry"],"acf":[],"_links":{"self":[{"href":"https:\/\/www.achilles.com\/no\/wp-json\/wp\/v2\/product\/19410","targetHints":{"allow":["GET"]}}],"collection":[{"href":"https:\/\/www.achilles.com\/no\/wp-json\/wp\/v2\/product"}],"about":[{"href":"https:\/\/www.achilles.com\/no\/wp-json\/wp\/v2\/types\/product"}],"wp:attachment":[{"href":"https:\/\/www.achilles.com\/no\/wp-json\/wp\/v2\/media?parent=19410"}],"curies":[{"name":"wp","href":"https:\/\/api.w.org\/{rel}","templated":true}]}}