{"id":19387,"date":"2023-06-06T17:03:27","date_gmt":"2023-06-06T14:03:27","guid":{"rendered":"https:\/\/uat.achilles.com\/product\/cyber-security\/"},"modified":"2023-10-24T16:35:58","modified_gmt":"2023-10-24T13:35:58","slug":"produkter-cyber-og-det","status":"publish","type":"product","link":"https:\/\/www.achilles.com\/no\/product\/cyber-og-it\/","title":{"rendered":"Cybersikkerhet"},"content":{"rendered":"    <div class=\"top_section\">\n        <div class=\"container\">\n            <div class=\"top_info half\">\n                                    <h1 class=\"top_title\">H\u00e5ndtering av cyberrisiko<\/h1>\n                            <\/div>\n        <\/div>\n        <div class=\"top_media\">\n\t\t\t            <img decoding=\"async\" src=\"https:\/\/www.achilles.com\/app\/uploads\/2023\/06\/cybersecurity-blog-post.jpg\" alt=\"\">\n                    <\/div>\n    <\/div>\n    <div class=\"content_section\">\r\n        <div class=\"container\">\r\n            <div class=\"services_wrap\">\r\n                                <div class=\"services_left\">\r\n                                        <p class=\"title_category\">Drevet av innsikt<\/p>\r\n                                        <h2 class=\"title_section\">Hjelper deg med \u00e5 h\u00e5ndtere risikoen for datainnbrudd og cyberangrep<\/h2>\r\n                                    <\/div>\r\n                                <div class=\"services_right\">\r\n                    <div class=\"typical_text\">\r\n                        <p>God tilgang til verifisert h\u00f8ykvalitets-data er meget viktig for at bedriften skal kunne lykkes. Mangel p\u00e5 datasikkerhet kan gj\u00f8re bedriften s\u00e5rbar. Vi beskytter selskaper mot det \u00f8konomiske tapet og omd\u00f8mme- som cyberangrep og datainnbrudd kan f\u00f8re til fra tredjeparter, gjennom grundig cyber-sikkerhetsstyring i forsyningskjeden din. Dataene vi samler inn n\u00e5r vi verifiserer leverand\u00f8rene dine gir deg innsyn, mens v\u00e5re revisjoner hjelper deg med \u00e5 sikre at alle deler av driften deres er s\u00e5 sikre som de kan v\u00e6re.<\/p>\n<p>Som en BSI-akkreditert virksomhet er vi eksperter p\u00e5 \u00e5 s\u00f8rge for at dataene du og dine leverand\u00f8rer stoler p\u00e5 blir lagret, delt og brukt i tr\u00e5d med beste praksis og bransjestandarder. V\u00e5r globale og multi-industrielle ekspertise gir deg et ekstra par \u00f8yne, og varsler deg om potensielle problemer f\u00f8r de utvikler seg til en krise.<\/p>\n                    <\/div>\r\n                <\/div>\r\n                            <\/div>\r\n        <\/div>\r\n    <\/div>\r\n     <div class=\"stats_full\">\r\n        <div class=\"stats_bg\">\r\n                    <\/div>\r\n        <div class=\"container\">\r\n            <div class=\"stats_center\">\r\n                <div class=\"corner corner_top_left\"><\/div>\r\n                <div class=\"corner corner_top_right\"><\/div>\r\n                <div class=\"corner corner_bottom_left\"><\/div>\r\n                <div class=\"corner corner_bottom_right\"><\/div>\r\n                <div class=\"stats_center_item\">\r\n                                        <div class=\"stats_anim\">\r\n                        <div class=\"stats_center_number stats_anim_item\" data-total=\"32\">\r\n                            <span class=\"stats_anim_total\">0<\/span>%                        <\/div>\r\n                    <\/div>\r\n                                        <p class=\"stats_center_text large_text\">Rundt en tredjedel av virksomhetene i Storbritannia rapporterer at de har hatt brudd p\u00e5 cybersikkerheten eller angrep i l\u00f8pet av de siste 12 m\u00e5nedene.<\/p>\r\n                                        <p class=\"stats_center_cop large_text\">Avdeling for digital, kultur, media og idrett &#8211; 2019<\/p>\r\n                                    <\/div>\r\n            <\/div>\r\n        <\/div>\r\n    <\/div>\r\n    <div class=\"content_section\">\r\n        <div class=\"container\">\r\n            <div class=\"services_wrap\">\r\n                                <div class=\"services_left\">\r\n                                        <p class=\"title_category\">fordeler<\/p>\r\n                                        <h2 class=\"title_section\">Hev standarden innen cyber- og IT-sikkerhet<\/h2>\r\n                                        <div class=\"typical_text\">\r\n                        <p>Vi hjelper deg med \u00e5 l\u00f8se sikkerhetsutfordringene innenfor cyber og IT<\/p>\n                    <\/div>\r\n                                        <a class=\"btn\" href=\"\/industry-insights\/identify-and-manage-cybersecurity-risks-in-your-supply-chain\/\">Les mer om h\u00e5ndtering av cyber-sikkerhetsproblemer<\/a>\r\n                                    <\/div>\r\n                                <div class=\"services_right\">\r\n                    <div class=\"services_list\">\r\n                                                <div class=\"service_box\">\r\n                                                        <p class=\"service_box_name\">\r\n                                <span class=\"service_box_check icon-Success\"><\/span>\r\n                                IT-systemers integritet                            <\/p>\r\n                                                        <div class=\"typical_text\">\r\n                                <p>S\u00f8rg for at leverand\u00f8renes IT-infrastruktur er effektiv, trygg og kun tilgjengelig for de riktige personene.<\/p>\r\n                            <\/div>\r\n                                                    <\/div>\r\n                                                <div class=\"service_box\">\r\n                                                        <p class=\"service_box_name\">\r\n                                <span class=\"service_box_check icon-Success\"><\/span>\r\n                                 Datastyringssystemer                            <\/p>\r\n                                                        <div class=\"typical_text\">\r\n                                <p>V\u00e6r sikker p\u00e5 at selskapene du jobber med har prosessene p\u00e5 plass for \u00e5 innhente, validere, lagre, beskytte, behandle og dele data.<\/p>\r\n                            <\/div>\r\n                                                    <\/div>\r\n                                                <div class=\"service_box\">\r\n                                                        <p class=\"service_box_name\">\r\n                                <span class=\"service_box_check icon-Success\"><\/span>\r\n                                Rammeverk for datastyring                            <\/p>\r\n                                                        <div class=\"typical_text\">\r\n                                <p>S\u00f8rg for at datapolitikken og -prosessene er konsistente, p\u00e5litelige og kompatible.<\/p>\r\n                            <\/div>\r\n                                                    <\/div>\r\n                                                <div class=\"service_box\">\r\n                                                        <p class=\"service_box_name\">\r\n                                <span class=\"service_box_check icon-Success\"><\/span>\r\n                                Cybersikkerhet og angrep                            <\/p>\r\n                                                        <div class=\"typical_text\">\r\n                                <p>Beskytt deg mot tredjeparts datainnbrudd eller tap, og begrens konsekvensene av det som skjer.<\/p>\r\n                            <\/div>\r\n                                                    <\/div>\r\n                                            <\/div>\r\n                <\/div>\r\n                            <\/div>\r\n        <\/div>\r\n    <\/div>\r\n            <div class=\"cta_section\">\r\n            <div class=\"cta_box_bg\">\r\n                                <img decoding=\"async\" src=\"https:\/\/www.achilles.com\/app\/uploads\/2023\/06\/RFI-responses-blog-post.jpg\" alt=\"\">\r\n                            <\/div>\r\n                <div class=\"container\">\r\n                    <div class=\"cta_wrapper\">\r\n                        <div class=\"cta_info\">\r\n                                                        <h3 class=\"cta_box_name\">Se hvordan det fungerer<\/h3>\r\n                                                        <a class=\"btn btn_big\" href=\"\/contact-us\">Be om en demo<\/a>\r\n                                                    <\/div>\r\n                <\/div>\r\n            <\/div>\r\n        <\/div>\r\n        <div class=\"content_section\">\r\n        <div class=\"container\">\r\n                        <div class=\"tools_description\">\r\n                                <p class=\"title_category\">Egenskaper<\/p>\r\n                                <h2 class=\"title_section\">Hvordan det fungerer<\/h2>\r\n                                <div class=\"typical_text\">\r\n                    <p>Fra innkj\u00f8p og utvelgelse til dine p\u00e5g\u00e5ende relasjoner, v\u00e5re tjenester er utviklet for \u00e5 redusere tredjeparts cyberrisiko og forbedre overholdelse \u2013 steg for steg.<\/p>\n                <\/div>\r\n                            <\/div>\r\n                        <div class=\"tools_wrap tabs_section\">\r\n                <div class=\"tools_tabs tabs_buttons\">\r\n                                        <div class=\"tools_btn tab_btn current\" data-tab=\"1\">\r\n                        <span>Prekvalifiserings-sp\u00f8rreskjema<\/span>\r\n                        <span class=\"tools_btn_arrow icon-Chevron-Right\"><\/span>\r\n                    <\/div>\r\n                                        <div class=\"tools_btn tab_btn\" data-tab=\"2\">\r\n                        <span>Innsikt<\/span>\r\n                        <span class=\"tools_btn_arrow icon-Chevron-Right\"><\/span>\r\n                    <\/div>\r\n                                    <\/div>\r\n                <div class=\"tools_content\">\r\n                                        <div class=\"tool_container tab_container tab_container_1 active\">\r\n                        <div class=\"typical_text\">\r\n                            <h6>Prekvalifiserings-sp\u00f8rreskjema<\/h6>\n<p>En del av v\u00e5r prosess for prekvalifisering av leverand\u00f8rer er \u00e5 samle inn og verifisere data relatert til finansiell risiko. Dette gir innkj\u00f8pere en mer fullstendig og n\u00f8yaktig oversikt over risikoprofilene til potensielle og n\u00e5v\u00e6rende leverand\u00f8rer. Vi fjerner usikkerheten ved \u00e5 jobbe med nye selskaper og bidrar til \u00e5 styrke eksisterende relasjoner.<\/p>\n                        <\/div>\r\n                                                <a class=\"btn btn_white\" aria-label=\"Prekvalifiserings-sp\u00f8rreskjema - Les mer\" href=\"\/feature\/prequalification-questionnaires\/\">Les mer<\/a>\r\n                                            <\/div>\r\n                                        <div class=\"tool_container tab_container tab_container_2\">\r\n                        <div class=\"typical_text\">\r\n                            <h6>Innsikt<\/h6>\n<p>V\u00e5rt innsikts-dashbord lar deg se n\u00e6rmere p\u00e5 ytelsen fra ulike perspektiver p\u00e5 tvers av forsyningskjeden. Innsikt hjelper deg forst\u00e5 den overordnede profilen til leverand\u00f8rene i forhold til visse kriterier, for eksempel <a href=\"https:\/\/www.achilles.com\/product\/health-safety-and-quality\/\" target=\"_blank\" rel=\"noopener\">helse og sikkerhet<\/a> , og <a href=\"https:\/\/www.achilles.com\/product\/financial-risk\/\" target=\"_blank\" rel=\"noopener\">\u00f8konomisk<\/a> og informasjonssikkerhet.<\/p>\n                        <\/div>\r\n                                                <a class=\"btn btn_white\" aria-label=\"Innsikt - Les mer\" href=\"\/feature\/insights\/\">Les mer<\/a>\r\n                                            <\/div>\r\n                                    <\/div>\r\n            <\/div>\r\n                    <\/div>\r\n    <\/div>\r\n    <div class=\"quote_section\">\r\n        <div class=\"quote_bg\">\r\n                        <img decoding=\"async\" src=\"https:\/\/www.achilles.com\/app\/uploads\/2023\/05\/quote_financial.jpg\" alt=\"\">\r\n                    <\/div>\r\n        <div class=\"container\">\r\n            <div class=\"quote_wrapper\">\r\n                <div class=\"quote_item\">\r\n                                        <div class=\"quote_item_text\">\r\n                        <p>Oppdag hvordan du proaktivt kan engasjere leverand\u00f8rene dine n\u00e5r det gjelder cybersikkerhet. Se webinar.<\/p>\n                    <\/div>\r\n                                        <a href=\"\/industry-insights\/how-to-proactively-engage-your-suppliers-on-cyber-security-during-covid-19\/\" class=\"btn btn_big\">Les mer<\/a>\r\n                                    <\/div>\r\n            <\/div>\r\n        <\/div>\r\n    <\/div>\r\n    <div class=\"request_section\">\r\n        <div class=\"contact_bg\">\r\n                        <img decoding=\"async\" src=\"https:\/\/www.achilles.com\/app\/uploads\/2023\/05\/contact_bg.jpg\" alt=\"\">\r\n                    <\/div>\r\n        <div class=\"container\">\r\n            <div class=\"request_inner\">\r\n                                <div class=\"request_wrapper\">\r\n                <h2 class=\"title_section\">Vil du forst\u00e5 hvordan vi kan hjelpe din bedrift? <br>Bli oppringt av en av v\u00e5re eksperter<\/h2>\r\n                <\/div>\r\n                                <div class=\"request_box\">\r\n                                        <div class=\"typical_text\">\r\n                        <p>Felt markert med en * er obligatoriske.<\/p>\r\n                    <\/div>\r\n                    <!--[if lte IE 8]>\n    <script charset=\"utf-8\" type=\"text\/javascript\" src=\"\/\/js.hsforms.net\/forms\/v2-legacy.js\"><\/script>\n    <![endif]-->\n    <script charset=\"utf-8\" type=\"text\/javascript\" src=\"\/\/js.hsforms.net\/forms\/v2.js\"><\/script>\n    <script>\n      hbspt.forms.create({\n        portalId: \"5387762\",\n        formId: \"a23cf73a-36bd-433c-a1d8-4acd8b05b928\"\n      })\n    <\/script>                <\/div>\r\n            <\/div>\r\n        <\/div>\r\n    <\/div>\r\n\r\n\r\n\r\n  <div class=\"resources_other content_section\">\r\n        <div class=\"container\">\r\n                        <h3 class=\"title_block\">Fordi du er interessert i Cyber \u200b\u200bog IT<\/h3>\r\n                        <div class=\"resources_wrap\">\r\n                            <\/div>\r\n        <\/div>\r\n    <\/div> \r\n","protected":false},"excerpt":{"rendered":"<p>Endringer i risikolandskapet f\u00f8rer til at cyberangrep er n\u00e5 mer fremtredende enn noensinne. Ditt selskap kan koble data med leverand\u00f8rer. Men hva skjer hvis en leverand\u00f8r blir hacket?<\/p>\n","protected":false},"featured_media":0,"template":"","class_list":["post-19387","product","type-product","status-publish","hentry"],"acf":[],"_links":{"self":[{"href":"https:\/\/www.achilles.com\/no\/wp-json\/wp\/v2\/product\/19387","targetHints":{"allow":["GET"]}}],"collection":[{"href":"https:\/\/www.achilles.com\/no\/wp-json\/wp\/v2\/product"}],"about":[{"href":"https:\/\/www.achilles.com\/no\/wp-json\/wp\/v2\/types\/product"}],"wp:attachment":[{"href":"https:\/\/www.achilles.com\/no\/wp-json\/wp\/v2\/media?parent=19387"}],"curies":[{"name":"wp","href":"https:\/\/api.w.org\/{rel}","templated":true}]}}