{"id":113118,"date":"2026-03-11T21:41:28","date_gmt":"2026-03-11T21:41:28","guid":{"rendered":"https:\/\/www.achilles.com\/?post_type=product&#038;p=113118"},"modified":"2026-03-17T12:19:54","modified_gmt":"2026-03-17T12:19:54","slug":"achilles-arlige-risiko-og-baerekraftsrapport-2026","status":"publish","type":"product","link":"https:\/\/www.achilles.com\/no\/products\/achilles-arlige-risiko-og-baerekraftsrapport-2026\/","title":{"rendered":"Achilles \u00e5rlige risiko- og b\u00e6rekraftsrapport 2026"},"content":{"rendered":"            <div class=\"content_section\">\r\n            <div class=\"container\">\r\n                                <div class=\"content_wrap\">\r\n                    <div class=\"content_info ogo\">\r\n                                                <p class=\"title_category\">\u00c5rsrapport<\/p>\r\n                                                <h2 class=\"title_page\">Achilles \u00e5rlige risiko- og b\u00e6rekraftsrapport 2026<\/h2>\r\n                                                <div class=\"typical_text\">\r\n                            <p>Klikk p\u00e5 nedlastingsknappen for \u00e5 f\u00e5 din gratis kopi av Achilles \u00e5rlige risiko- og b\u00e6rekraftsrapport 2026<\/p>\n                        <\/div>\r\n                                                <a target=\"_blank\" class=\"btn btn_white\" aria-label=\"Achilles \u00e5rlige risiko- og b\u00e6rekraftsrapport 2026 - Last ned\" href=\"https:\/\/www.achilles.com\/app\/uploads\/2026\/03\/The-Achilles-Annual-Risk-and-Sustainability-Report-2026-English.pdf\">Last ned<\/a>\r\n                                            <\/div>\r\n                                        <div class=\"content_media\">\r\n                        <img decoding=\"async\" src=\"https:\/\/www.achilles.com\/app\/uploads\/2026\/03\/Web-thumbnail-of-Achilles-Global-Supplier-Risk-and-Sustainability-Survey-2026.jpg\" width=\"300\" alt=\"Web thumbnail of Achilles Global Supplier Risk and Sustainability Survey 2026\">\r\n                    <\/div>\r\n                                    <\/div>\r\n                            <\/div>\r\n        <\/div>\r\n    \n\n    <div class=\"content_section\">\r\n        <div class=\"container\">\r\n                        <div class=\"posts_panel\">\r\n                <div class=\"description_section\">\r\n                                        <p class=\"title_category\">MER LESESTOFF<\/p>\r\n                                    <\/div>\r\n                            <\/div>\r\n                                    <div class=\"posts_wrap\">\r\n                                <div class=\"post_item\">\r\n                    <div class=\"post_item_top\">\r\n                                                <a class=\"post_item_img\" href=\"https:\/\/www.achilles.com\/no\/boom-i-fornybar-energi-eksponerer-risiko-i-leverandorkjeden\/\">\r\n                            <img decoding=\"async\" src=\"https:\/\/www.achilles.com\/app\/uploads\/2025\/10\/andreas-gucklhorn-Ilpf2eUPpUE-unsplash.jpg\" alt=\"Boom i fornybar energi eksponerer risiko i leverand\u00f8rkjeden\">\r\n                        <\/a>\r\n                                                <ul class=\"post_item_categories\">\r\n                                                        <li>Artikkel<\/li>\r\n                                                        <li>Bransjeinnsikt<\/li>\r\n                                                    <\/ul>\r\n                    <\/div>\r\n                    <a class=\"post_item_name\" href=\"https:\/\/www.achilles.com\/no\/boom-i-fornybar-energi-eksponerer-risiko-i-leverandorkjeden\/\">Boom i fornybar energi eksponerer risiko i leverand\u00f8rkjeden<\/a>\r\n                <\/div>\r\n                                <div class=\"post_item\">\r\n                    <div class=\"post_item_top\">\r\n                                                <a class=\"post_item_img\" href=\"https:\/\/www.achilles.com\/no\/bransjeinnsikt\/sjomat-under-press-slik-styrker-du-forsyningskjeden\/\">\r\n                            <img decoding=\"async\" src=\"https:\/\/www.achilles.com\/app\/uploads\/2025\/09\/mathias-reding-Bw8L0gBF_dI-unsplash.jpg\" alt=\"Sj\u00f8mat under press: Slik styrker du forsyningskjeden\">\r\n                        <\/a>\r\n                                                <ul class=\"post_item_categories\">\r\n                                                        <li>Artikkel<\/li>\r\n                                                        <li>Bransjeinnsikt<\/li>\r\n                                                    <\/ul>\r\n                    <\/div>\r\n                    <a class=\"post_item_name\" href=\"https:\/\/www.achilles.com\/no\/bransjeinnsikt\/sjomat-under-press-slik-styrker-du-forsyningskjeden\/\">Sj\u00f8mat under press: Slik styrker du forsyningskjeden<\/a>\r\n                <\/div>\r\n                                <div class=\"post_item\">\r\n                    <div class=\"post_item_top\">\r\n                                                <a class=\"post_item_img\" href=\"https:\/\/www.achilles.com\/no\/bransjeinnsikt\/fra-data-til-offentliggjoring-hvordan-innkjop-kan-lede-an-i-arbeidet-med-ikke-finansiell-rapportering\/\">\r\n                            <img decoding=\"async\" src=\"https:\/\/www.achilles.com\/app\/uploads\/2023\/07\/thought-catalog-UK78i6vK3sc-unsplash-scaled-1.jpg\" alt=\"Fra data til offentliggj\u00f8ring: Hvordan innkj\u00f8p kan lede an i arbeidet med ikke-finansiell rapportering\">\r\n                        <\/a>\r\n                                                <ul class=\"post_item_categories\">\r\n                                                        <li>Artikkel<\/li>\r\n                                                    <\/ul>\r\n                    <\/div>\r\n                    <a class=\"post_item_name\" href=\"https:\/\/www.achilles.com\/no\/bransjeinnsikt\/fra-data-til-offentliggjoring-hvordan-innkjop-kan-lede-an-i-arbeidet-med-ikke-finansiell-rapportering\/\">Fra data til offentliggj\u00f8ring: Hvordan innkj\u00f8p kan lede an i arbeidet med ikke-finansiell rapportering<\/a>\r\n                <\/div>\r\n                            <\/div>\r\n                    <\/div>\r\n    <\/div>\r\n","protected":false},"excerpt":{"rendered":"","protected":false},"featured_media":0,"template":"","class_list":["post-113118","product","type-product","status-publish","hentry"],"acf":[],"_links":{"self":[{"href":"https:\/\/www.achilles.com\/no\/wp-json\/wp\/v2\/product\/113118","targetHints":{"allow":["GET"]}}],"collection":[{"href":"https:\/\/www.achilles.com\/no\/wp-json\/wp\/v2\/product"}],"about":[{"href":"https:\/\/www.achilles.com\/no\/wp-json\/wp\/v2\/types\/product"}],"wp:attachment":[{"href":"https:\/\/www.achilles.com\/no\/wp-json\/wp\/v2\/media?parent=113118"}],"curies":[{"name":"wp","href":"https:\/\/api.w.org\/{rel}","templated":true}]}}