{"id":847,"date":"2023-05-12T18:10:44","date_gmt":"2023-05-12T17:10:44","guid":{"rendered":"https:\/\/uat.achilles.com\/ambassadors\/"},"modified":"2025-06-06T07:55:37","modified_gmt":"2025-06-06T06:55:37","slug":"ambassadors","status":"publish","type":"page","link":"https:\/\/www.achilles.com\/no\/om-oss\/ambassadorer\/","title":{"rendered":"Akilles-ambassad\u00f8rer"},"content":{"rendered":"        <div class=\"content_section\">\r\n            <div class=\"container\">\r\n                                <div class=\"description_page full\">\r\n                                        <h1 class=\"title_page\">Ambassad\u00f8rer<\/h1>\r\n                                        <div class=\"typical_text large_text\">\r\n                        <p>M\u00f8t v\u00e5rt nettverk av eksterne eksperter<\/p>\r\n                    <\/div>\r\n                                        <div class=\"typical_text\">\r\n                        <p>Arbeidet v\u00e5rt handler om \u00e5 heve standardene p\u00e5 tvers av leverand\u00f8rkjedene. For \u00e5 gj\u00f8re det m\u00e5 du kjenne dem godt. Og siden vi jobber med organisasjoner av alle st\u00f8rrelser, i alle bransjer og fra alle verdenshj\u00f8rner, vet vi hvor verdifullt det er med et perspektiv utenfra. Derfor samarbeider vi med et bredt nettverk av eksterne eksperter. Og i takt med at ambisjonene v\u00e5re fortsetter \u00e5 vokse, vokser ogs\u00e5 nettverket v\u00e5rt.    <\/p>\n<p><strong>Bli en ambassad\u00f8r<\/strong><\/p>\n<p>Hvis du har talent og ekspertise innen kategoristyring, milj\u00f8overholdelse, helse og sikkerhet, risikoreduksjon, samfunnsansvar eller noen av de sektorene vi jobber i, vil vi gjerne h\u00f8re fra deg. Du kan kontakte oss <a href=\"https:\/\/www.achilles.com\/no\/kontakt-oss\/\">her.<\/a> <\/p>\n                    <\/div>\r\n                                    <\/div>\r\n                                <div class=\"ambassadors_wrap\">\r\n                                        <div class=\"ambassador_item\">\r\n                                                <div class=\"ambassador_item_img\">\r\n                            <img decoding=\"async\" src=\"https:\/\/www.achilles.com\/app\/uploads\/2023\/09\/Peter-Schellenberger.jpeg\" alt=\"\">\r\n                        <\/div>\r\n                                                <div class=\"ambassador_item_info\">\r\n                                                        <p class=\"ambassador_item_name\">Peter Schellenberger<\/p>\r\n                                                        <p class=\"ambassador_item_text\">Consultant<\/p>\r\n                                                    <\/div>\r\n                                                <div class=\"ambassador_item_details\">\r\n                                                        <div class=\"ambassador_item_point\">\r\n                                <p class=\"ambassador_item_title\">Selskap<\/p>\r\n                                <p class=\"ambassador_item_text\">Novamaxis<\/p>\r\n                            <\/div>\r\n                                                        <div class=\"ambassador_item_point\">\r\n                                <p class=\"ambassador_item_title\">Sektor<\/p>\r\n                                <p class=\"ambassador_item_text\">Shipping<\/p>\r\n                            <\/div>\r\n                                                        <div class=\"ambassador_item_point\">\r\n                                <p class=\"ambassador_item_title\">Faglig ekspertise<\/p>\r\n                                <p class=\"ambassador_item_text\">Global leverand\u00f8rkjede, innkj\u00f8p<\/p>\r\n                            <\/div>\r\n                                                    <\/div>\r\n                                            <\/div>\r\n                                        <div class=\"ambassador_item\">\r\n                                                <div class=\"ambassador_item_img\">\r\n                            <img decoding=\"async\" src=\"https:\/\/www.achilles.com\/app\/uploads\/2023\/11\/Achilles_1299-scaled.jpg\" alt=\"\">\r\n                        <\/div>\r\n                                                <div class=\"ambassador_item_info\">\r\n                                                        <p class=\"ambassador_item_name\">Dr. Darren Mann<\/p>\r\n                                                        <p class=\"ambassador_item_text\">Medical Director<\/p>\r\n                                                    <\/div>\r\n                                                <div class=\"ambassador_item_details\">\r\n                                                        <div class=\"ambassador_item_point\">\r\n                                <p class=\"ambassador_item_title\">Selskap<\/p>\r\n                                <p class=\"ambassador_item_text\">King&#8217;s College London<\/p>\r\n                            <\/div>\r\n                                                        <div class=\"ambassador_item_point\">\r\n                                <p class=\"ambassador_item_title\">Sektor<\/p>\r\n                                <p class=\"ambassador_item_text\">Alle<\/p>\r\n                            <\/div>\r\n                                                        <div class=\"ambassador_item_point\">\r\n                                <p class=\"ambassador_item_title\">Faglig ekspertise<\/p>\r\n                                <p class=\"ambassador_item_text\">Global forsyningskjede, helsevesen<\/p>\r\n                            <\/div>\r\n                                                    <\/div>\r\n                                            <\/div>\r\n                                        <div class=\"ambassador_item\">\r\n                                                <div class=\"ambassador_item_img\">\r\n                            <img decoding=\"async\" src=\"https:\/\/www.achilles.com\/app\/uploads\/2023\/11\/Achilles_1321-scaled.jpg\" alt=\"\">\r\n                        <\/div>\r\n                                                <div class=\"ambassador_item_info\">\r\n                                                        <p class=\"ambassador_item_name\">Tony Underwood<\/p>\r\n                                                        <p class=\"ambassador_item_text\">High Performance Coach and Mentor<\/p>\r\n                                                    <\/div>\r\n                                                <div class=\"ambassador_item_details\">\r\n                                                        <div class=\"ambassador_item_point\">\r\n                                <p class=\"ambassador_item_title\">Selskap<\/p>\r\n                                <p class=\"ambassador_item_text\">York St. John University<\/p>\r\n                            <\/div>\r\n                                                        <div class=\"ambassador_item_point\">\r\n                                <p class=\"ambassador_item_title\">Sektor<\/p>\r\n                                <p class=\"ambassador_item_text\">Alle<\/p>\r\n                            <\/div>\r\n                                                        <div class=\"ambassador_item_point\">\r\n                                <p class=\"ambassador_item_title\">Faglig ekspertise<\/p>\r\n                                <p class=\"ambassador_item_text\">Milj\u00f8, Medarbeidervelferd, Menneskerettigheter<\/p>\r\n                            <\/div>\r\n                                                    <\/div>\r\n                                            <\/div>\r\n                                        <div class=\"ambassador_item\">\r\n                                                <div class=\"ambassador_item_img\">\r\n                            <img decoding=\"async\" src=\"https:\/\/www.achilles.com\/app\/uploads\/2023\/11\/Achilles_1301-scaled.jpg\" alt=\"\">\r\n                        <\/div>\r\n                                                <div class=\"ambassador_item_info\">\r\n                                                        <p class=\"ambassador_item_name\">Karin Tynelius<\/p>\r\n                                                        <p class=\"ambassador_item_text\">Stakeholder Relations<\/p>\r\n                                                    <\/div>\r\n                                                <div class=\"ambassador_item_details\">\r\n                                                        <div class=\"ambassador_item_point\">\r\n                                <p class=\"ambassador_item_title\">Selskap<\/p>\r\n                                <p class=\"ambassador_item_text\">Sibanye-Stillwater<\/p>\r\n                            <\/div>\r\n                                                        <div class=\"ambassador_item_point\">\r\n                                <p class=\"ambassador_item_title\">Sektor<\/p>\r\n                                <p class=\"ambassador_item_text\">Gruvedrift, kjemikalier, batterimineraler<\/p>\r\n                            <\/div>\r\n                                                        <div class=\"ambassador_item_point\">\r\n                                <p class=\"ambassador_item_title\">Faglig ekspertise<\/p>\r\n                                <p class=\"ambassador_item_text\">ESG, b\u00e6rekraftige innkj\u00f8p<\/p>\r\n                            <\/div>\r\n                                                    <\/div>\r\n                                            <\/div>\r\n                                        <div class=\"ambassador_item\">\r\n                                                <div class=\"ambassador_item_img\">\r\n                            <img decoding=\"async\" src=\"https:\/\/www.achilles.com\/app\/uploads\/2023\/05\/ambassador_4.jpg\" alt=\"\">\r\n                        <\/div>\r\n                                                <div class=\"ambassador_item_info\">\r\n                                                        <p class=\"ambassador_item_name\">Javier Caravantes<\/p>\r\n                                                        <p class=\"ambassador_item_text\">Global Procurement Director<\/p>\r\n                                                    <\/div>\r\n                                                <div class=\"ambassador_item_details\">\r\n                                                        <div class=\"ambassador_item_point\">\r\n                                <p class=\"ambassador_item_title\">Selskap<\/p>\r\n                                <p class=\"ambassador_item_text\">Parques Reunidos<\/p>\r\n                            <\/div>\r\n                                                        <div class=\"ambassador_item_point\">\r\n                                <p class=\"ambassador_item_title\">Sektor<\/p>\r\n                                <p class=\"ambassador_item_text\">Tjenester<\/p>\r\n                            <\/div>\r\n                                                        <div class=\"ambassador_item_point\">\r\n                                <p class=\"ambassador_item_title\">Faglig ekspertise<\/p>\r\n                                <p class=\"ambassador_item_text\">Innkj\u00f8p og anskaffelser<\/p>\r\n                            <\/div>\r\n                                                    <\/div>\r\n                                            <\/div>\r\n                                        <div class=\"ambassador_item\">\r\n                                                <div class=\"ambassador_item_img\">\r\n                            <img decoding=\"async\" src=\"https:\/\/www.achilles.com\/app\/uploads\/2023\/05\/ambassador_5.png\" alt=\"\">\r\n                        <\/div>\r\n                                                <div class=\"ambassador_item_info\">\r\n                                                        <p class=\"ambassador_item_name\">Oz Alashe MBE<\/p>\r\n                                                        <p class=\"ambassador_item_text\">CEO &#038; Founder<\/p>\r\n                                                    <\/div>\r\n                                                <div class=\"ambassador_item_details\">\r\n                                                        <div class=\"ambassador_item_point\">\r\n                                <p class=\"ambassador_item_title\">Selskap<\/p>\r\n                                <p class=\"ambassador_item_text\">Cybsafe<\/p>\r\n                            <\/div>\r\n                                                        <div class=\"ambassador_item_point\">\r\n                                <p class=\"ambassador_item_title\">Sektor<\/p>\r\n                                <p class=\"ambassador_item_text\">Alle<\/p>\r\n                            <\/div>\r\n                                                        <div class=\"ambassador_item_point\">\r\n                                <p class=\"ambassador_item_title\">Faglig ekspertise<\/p>\r\n                                <p class=\"ambassador_item_text\">Cyber Security<\/p>\r\n                            <\/div>\r\n                                                    <\/div>\r\n                                            <\/div>\r\n                                        <div class=\"ambassador_item\">\r\n                                                <div class=\"ambassador_item_img\">\r\n                            <img decoding=\"async\" src=\"https:\/\/www.achilles.com\/app\/uploads\/2023\/05\/ambassador_6.jpg\" alt=\"\">\r\n                        <\/div>\r\n                                                <div class=\"ambassador_item_info\">\r\n                                                        <p class=\"ambassador_item_name\">Shaun McCarthy OBE<\/p>\r\n                                                        <p class=\"ambassador_item_text\">Chairman<\/p>\r\n                                                    <\/div>\r\n                                                <div class=\"ambassador_item_details\">\r\n                                                        <div class=\"ambassador_item_point\">\r\n                                <p class=\"ambassador_item_title\">Selskap<\/p>\r\n                                <p class=\"ambassador_item_text\">Skolen for b\u00e6rekraftig leverand\u00f8rkjede<\/p>\r\n                            <\/div>\r\n                                                        <div class=\"ambassador_item_point\">\r\n                                <p class=\"ambassador_item_title\">Sektor<\/p>\r\n                                <p class=\"ambassador_item_text\">Alle (infrastruktur)<\/p>\r\n                            <\/div>\r\n                                                        <div class=\"ambassador_item_point\">\r\n                                <p class=\"ambassador_item_title\">Faglig ekspertise<\/p>\r\n                                <p class=\"ambassador_item_text\">B\u00e6rekraft \/ samfunnsansvar<\/p>\r\n                            <\/div>\r\n                                                    <\/div>\r\n                                            <\/div>\r\n                                        <div class=\"ambassador_item\">\r\n                                                <div class=\"ambassador_item_img\">\r\n                            <img decoding=\"async\" src=\"https:\/\/www.achilles.com\/app\/uploads\/2023\/05\/ambassador_7.jpg\" alt=\"\">\r\n                        <\/div>\r\n                                                <div class=\"ambassador_item_info\">\r\n                                                        <p class=\"ambassador_item_name\">Hugo Pagliotti<\/p>\r\n                                                        <p class=\"ambassador_item_text\">HSEQ Consultant<\/p>\r\n                                                    <\/div>\r\n                                                <div class=\"ambassador_item_details\">\r\n                                                        <div class=\"ambassador_item_point\">\r\n                                <p class=\"ambassador_item_title\">Selskap<\/p>\r\n                                <p class=\"ambassador_item_text\">Uavhengig<\/p>\r\n                            <\/div>\r\n                                                        <div class=\"ambassador_item_point\">\r\n                                <p class=\"ambassador_item_title\">Sektor<\/p>\r\n                                <p class=\"ambassador_item_text\">Alle<\/p>\r\n                            <\/div>\r\n                                                        <div class=\"ambassador_item_point\">\r\n                                <p class=\"ambassador_item_title\">Faglig ekspertise<\/p>\r\n                                <p class=\"ambassador_item_text\">Innkj\u00f8p, helse og sikkerhet, milj\u00f8- og kvalitetsstyring<\/p>\r\n                            <\/div>\r\n                                                    <\/div>\r\n                                            <\/div>\r\n                                        <div class=\"ambassador_item\">\r\n                                                <div class=\"ambassador_item_img\">\r\n                            <img decoding=\"async\" src=\"https:\/\/www.achilles.com\/app\/uploads\/2024\/08\/WhatsApp-Image-2024-08-16-at-12.36.24-PM.jpeg\" alt=\"\">\r\n                        <\/div>\r\n                                                <div class=\"ambassador_item_info\">\r\n                                                        <p class=\"ambassador_item_name\">Amitava Baksi<\/p>\r\n                                                        <p class=\"ambassador_item_text\">Management Consultant &#038; Advisor <\/p>\r\n                                                    <\/div>\r\n                                                <div class=\"ambassador_item_details\">\r\n                                                        <div class=\"ambassador_item_point\">\r\n                                <p class=\"ambassador_item_title\">Selskap<\/p>\r\n                                <p class=\"ambassador_item_text\">Uavhengig<\/p>\r\n                            <\/div>\r\n                                                        <div class=\"ambassador_item_point\">\r\n                                <p class=\"ambassador_item_title\">Sektor<\/p>\r\n                                <p class=\"ambassador_item_text\">Alle<\/p>\r\n                            <\/div>\r\n                                                        <div class=\"ambassador_item_point\">\r\n                                <p class=\"ambassador_item_title\">Faglig ekspertise<\/p>\r\n                                <p class=\"ambassador_item_text\">Innkj\u00f8p, helse og sikkerhet, b\u00e6rekraft, samfunnsansvar<\/p>\r\n                            <\/div>\r\n                                                    <\/div>\r\n                                            <\/div>\r\n                                    <\/div>\r\n                            <\/div>\r\n        <\/div>\r\n    <div class=\"content_section bg_grey\">\r\n        <div class=\"container\">\r\n                                    <div class=\"cta_wrap\">\r\n                                <a href=\"\/contact-us\/\" class=\"cta_box\" >\r\n                    <div class=\"cta_box_bg\">\r\n                                                <img decoding=\"async\" src=\"https:\/\/www.achilles.com\/app\/uploads\/2023\/05\/cta_6.jpg\" alt=\"\">\r\n                                            <\/div>\r\n                    <div class=\"cta_box_info\">\r\n                                                <h3 class=\"cta_box_name\">Bli med i ambassad\u00f8rprogrammet<\/h3>\r\n                                                <span class=\"btn\">L\u00e6r mer<\/span>\r\n                                            <\/div>\r\n                <\/a>\r\n                                <a href=\"\/industry-insights\/\" class=\"cta_box\" >\r\n                    <div class=\"cta_box_bg\">\r\n                                                <img decoding=\"async\" src=\"https:\/\/www.achilles.com\/app\/uploads\/2023\/05\/cta_5.jpg\" alt=\"\">\r\n                                            <\/div>\r\n                    <div class=\"cta_box_info\">\r\n                                                <h3 class=\"cta_box_name\">Bes\u00f8k ressurssenteret v\u00e5rt<\/h3>\r\n                                                <span class=\"btn\">L\u00e6r mer<\/span>\r\n                                            <\/div>\r\n                <\/a>\r\n                            <\/div>\r\n                                <\/div>\r\n    <\/div>\r\n","protected":false},"excerpt":{"rendered":"","protected":false},"author":1,"featured_media":0,"parent":408,"menu_order":0,"comment_status":"closed","ping_status":"closed","template":"","meta":{"_acf_changed":false,"content-type":"","footnotes":""},"class_list":["post-847","page","type-page","status-publish","hentry"],"acf":[],"_links":{"self":[{"href":"https:\/\/www.achilles.com\/no\/wp-json\/wp\/v2\/pages\/847","targetHints":{"allow":["GET"]}}],"collection":[{"href":"https:\/\/www.achilles.com\/no\/wp-json\/wp\/v2\/pages"}],"about":[{"href":"https:\/\/www.achilles.com\/no\/wp-json\/wp\/v2\/types\/page"}],"author":[{"embeddable":true,"href":"https:\/\/www.achilles.com\/no\/wp-json\/wp\/v2\/users\/1"}],"replies":[{"embeddable":true,"href":"https:\/\/www.achilles.com\/no\/wp-json\/wp\/v2\/comments?post=847"}],"version-history":[{"count":0,"href":"https:\/\/www.achilles.com\/no\/wp-json\/wp\/v2\/pages\/847\/revisions"}],"up":[{"embeddable":true,"href":"https:\/\/www.achilles.com\/no\/wp-json\/wp\/v2\/pages\/408"}],"wp:attachment":[{"href":"https:\/\/www.achilles.com\/no\/wp-json\/wp\/v2\/media?parent=847"}],"curies":[{"name":"wp","href":"https:\/\/api.w.org\/{rel}","templated":true}]}}