{"id":769,"date":"2023-05-12T17:30:02","date_gmt":"2023-05-12T16:30:02","guid":{"rendered":"https:\/\/uat.achilles.com\/locations\/"},"modified":"2025-09-29T13:30:41","modified_gmt":"2025-09-29T12:30:41","slug":"steder","status":"publish","type":"page","link":"https:\/\/www.achilles.com\/no\/stedssok\/","title":{"rendered":"Steder"},"content":{"rendered":"    <div class=\"top_section\">\n        <div class=\"container\">\n            <div class=\"top_info half\">\n                                    <h1 class=\"top_title\">Global. Og lokalt. <br><\/h1>\n                                    <div class=\"top_text\">\n                        <p>Klikk for \u00e5 f\u00e5 hjelp og st\u00f8tte, eller bla nedover for \u00e5 finne en av v\u00e5re lokasjoner over hele verden.<\/p>\n                    <\/div>\n                                    <div class=\"top_buttons\">\n                                                    <a class=\"btn btn_big\" href=\"#findlocation\">Se v\u00e5re lokasjoner<\/a>\n                                                    <a target=\"_blank\" class=\"btn btn_white btn_big\" href=\"https:\/\/help.achilles.com\">Bes\u00f8k hjelpesiden v\u00e5r<\/a>\n                                            <\/div>\n                            <\/div>\n        <\/div>\n        <div class=\"top_media\">\n\t\t\t            <img decoding=\"async\" src=\"https:\/\/www.achilles.com\/app\/uploads\/2023\/11\/contact-us-7-1-scaled.jpg\" alt=\"\">\n                    <\/div>\n    <\/div>\n    <div class=\"content_section bg_grey\">\r\n        <div class=\"container\">\r\n                        <div class=\"description_section\">\r\n                                <p class=\"title_category\">Hovedkontor<\/p>\r\n                                <div class=\"typical_text\">\r\n                    <p>115 NRTW Olympic Avenue | Milton Park<\/p>\n<p>Abingdon, UK<\/p>\n<p><a href=\"tel: +441235 820813\">+441235 820813<\/a><\/p>\n<p><a href=\"mailto:enquiries@achilles.com\">enquiries@achilles.com<\/a><\/p>\n                <\/div>\r\n                            <\/div>\r\n                    <\/div>\r\n    <\/div>\r\n    <div class=\"content_section bg_grey\">\r\n        <div class=\"container\">\r\n                        <div class=\"description_section\">\r\n                                <p class=\"title_category\">Kontaktnumre<\/p>\r\n                                <h2 class=\"title_section\">V\u00e5re globale kontorer<\/h2>\r\n                            <\/div>\r\n                        <div class=\"features_wrap features_four\">\r\n                                <div class=\"feature_item\">\r\n                                        <div class=\"typical_text\">\r\n                        <p>ARGENTINA, Buenos Aires<br \/>\n +54<a href=\"tel:%20+54%2011%2051739001\"> 11 51739001<\/a><\/p>\n<p>AUSTRALIA, Sydney<br \/>\n +61<a href=\"tel:%20+61%202%2072564244\"> 2 72564244<\/a><\/p>\n<p>BRAZIL, Rio de Janeiro<br \/>\n +55<a href=\"tel:%20+55%2011%2039560839\"> 11 39560839<\/a><\/p>\n<p>CHILE, Santiago<br \/>\n +56<a href=\"tel:%20+56%202%2033216610\"> 2 33216610<\/a><\/p>\n                    <\/div>\r\n                                    <\/div>\r\n                                <div class=\"feature_item\">\r\n                                        <div class=\"typical_text\">\r\n                        <p>COLOMBIA, Bogota<br \/>\n +57<a href=\"tel:%20+57%20601%205807190\"> 601 5807190<\/a><\/p>\n<p>TYSKLAND, Frankfurt<br \/>\n<a href=\"tel:%20+49%20211%20540%20137%2020\">+49 211 540 137 20<\/a><\/p>\n<p>HONG KONG, Kowloon<br \/>\n +852<a href=\"tel:%20+852%2035792127\"> 35792127<\/a><\/p>\n<p>INDIA, Mumbai<br \/>\n +91<a href=\"tel:%20+91%20226128%207900\"> 226128 7900<\/a><\/p>\n                    <\/div>\r\n                                    <\/div>\r\n                                <div class=\"feature_item\">\r\n                                        <div class=\"typical_text\">\r\n                        <p>MEXICO, Mexico by<br \/>\n<a href=\"tel:%20+52%205%20568289349\">+52 5 568289349<\/a><\/p>\n<p>NORGE, Arendal, Oslo, Stavanger<br \/>\n<a href=\"tel:%20+47%203706%203500\">+47 3706 3500<\/a><\/p>\n<p>PERU, Lima<br \/>\n<a href=\"tel:%20+51%201%207011310\">+51 1 7011310<\/a><\/p>\n<p>KONGERIKET SAUDI ARABIA, <span class=\"ui-provider a b c d e f g h i j k l m n o p q r s t u v w x y z ab ac ae af ag ah ai aj ak\" dir=\"ltr\">Riyadh<\/span><br \/>\n<a href=\"tel:%20+966%209200%2031179\"><span class=\"ui-provider a b c d e f g h i j k l m n o p q r s t u v w x y z ab ac ae af ag ah ai aj ak\" dir=\"ltr\">+966 9200 31179<\/span><\/a><\/p>\n                    <\/div>\r\n                                    <\/div>\r\n                                <div class=\"feature_item\">\r\n                                        <div class=\"typical_text\">\r\n                        <p>SPANIA, Madrid<br \/>\n<a href=\"tel:%20+34%209142%2064935\">+34 9142 64935<\/a><\/p>\n<p>USA, Houston<br \/>\n<a href=\"tel:%20+1%20281%20809%204400\">+1 <span data-olk-copy-source=\"MessageBody\">281 809 4400<\/span><\/a><\/p>\n<p>USA, Irvine CA (GRMS)<br \/>\n<a href=\"tel:%20+1%20949%20899%206850\">+1 949 <span data-teams=\"true\">899 6850<\/span><\/a><\/p>\n                    <\/div>\r\n                                        <a class=\"btn\" aria-label=\" - KONTAKT OSS HER\" href=\"https:\/\/www.achilles.com\/contact-us\">KONTAKT OSS HER<\/a>\r\n                                    <\/div>\r\n                            <\/div>\r\n                    <\/div>\r\n    <\/div>\r\n    <div class=\"content_section page_default_text\" id=\"findlocation\">\r\n        <div class=\"container\">\r\n            <article class=\"article_wrap\">\r\n                <div class=\"article_main\">\r\n                    <div class=\"typical_text\">\r\n                         \r\n                    <\/div>\r\n                <\/div>\r\n            <\/article>\r\n        <\/div>\r\n    <\/div>\r\n","protected":false},"excerpt":{"rendered":"","protected":false},"author":1,"featured_media":0,"parent":0,"menu_order":0,"comment_status":"closed","ping_status":"closed","template":"","meta":{"_acf_changed":true,"content-type":"","footnotes":""},"class_list":["post-769","page","type-page","status-publish","hentry"],"acf":[],"_links":{"self":[{"href":"https:\/\/www.achilles.com\/no\/wp-json\/wp\/v2\/pages\/769","targetHints":{"allow":["GET"]}}],"collection":[{"href":"https:\/\/www.achilles.com\/no\/wp-json\/wp\/v2\/pages"}],"about":[{"href":"https:\/\/www.achilles.com\/no\/wp-json\/wp\/v2\/types\/page"}],"author":[{"embeddable":true,"href":"https:\/\/www.achilles.com\/no\/wp-json\/wp\/v2\/users\/1"}],"replies":[{"embeddable":true,"href":"https:\/\/www.achilles.com\/no\/wp-json\/wp\/v2\/comments?post=769"}],"version-history":[{"count":0,"href":"https:\/\/www.achilles.com\/no\/wp-json\/wp\/v2\/pages\/769\/revisions"}],"wp:attachment":[{"href":"https:\/\/www.achilles.com\/no\/wp-json\/wp\/v2\/media?parent=769"}],"curies":[{"name":"wp","href":"https:\/\/api.w.org\/{rel}","templated":true}]}}