{"id":72112,"date":"2025-06-09T15:57:04","date_gmt":"2025-06-09T14:57:04","guid":{"rendered":"https:\/\/www.achilles.com\/?page_id=72112"},"modified":"2025-06-19T12:15:26","modified_gmt":"2025-06-19T11:15:26","slug":"achilles-comply360","status":"publish","type":"page","link":"https:\/\/www.achilles.com\/no\/achilles-comply360\/","title":{"rendered":"Achilles Comply360"},"content":{"rendered":"            <div class=\"content_section\">\r\n            <div class=\"container\">\r\n                <div class=\"content_wrap\">\r\n                    <div class=\"content_info ogo3\">\r\n                                                <h2 class=\"title_page\">Smarter b\u00e6rekraftsrapportering i stor skala<\/h2>\r\n                                                <div class=\"typical_text\">\r\n                            <p>Med Achilles Comply360 kan du administrere ikke-finansiell rapportering p\u00e5 tvers av organisasjonen med automatisering, struktur og kontroll.<\/p>\n                        <\/div>\r\n                                                <div class=\"content_buttons\">\r\n                                                        <a class=\"btn btn_big\" href=\"https:\/\/share.hsforms.com\/16Dp7PeCVQ6SHMww39JZ-MQ37h82\">Bestill demo<\/a>\r\n                                                        <a class=\"btn btn_big btn_white\" href=\"www.achilles.com\">Last ned produktoversikt<\/a>\r\n                                                    <\/div>\r\n                                            <\/div>\r\n                                        <div class=\"content_media align_edge\">\r\n                        <img decoding=\"async\" src=\"https:\/\/www.achilles.com\/app\/uploads\/2025\/06\/Comply360-platform.png\" alt=\"\">\r\n                    <\/div>\r\n                                    <\/div>\r\n            <\/div>\r\n        <\/div>\r\n    \n\n            <div class=\"content_section\">\r\n            <div class=\"container\">\r\n                <div class=\"content_wrap\">\r\n                    <div class=\"content_info ogo2\">\r\n                                                <p class=\"title_category\">SLIK FUNGERER DET<\/p>\r\n                                                <h2 class=\"title_section\">Enklere b\u00e6rekraftsrapportering<\/h2>\r\n                                                <div class=\"typical_text\">\r\n                            <p>Comply360 gir klarhet og kontroll over ikke-finansiell rapportering. Det er utviklet for bedriftsskala og sentraliserer ESG- og karbondata, automatiserer rapportering ved hjelp av kunstig intelligens og st\u00f8tter rapportering i henhold til viktige rammeverk som CSRD, IFRS og GRI. Enten du akkurat har begynt med strukturert ESG-rapportering eller navigerer i et komplekst regelverk, gj\u00f8r Comply360 etterlevelse enklere, raskere og mer konsekvent.<\/p>\n                        <\/div>\r\n                                                <a class=\"btn btn_big\" href=\"#howitworks\">L\u00e6r mer<\/a>\r\n                                            <\/div>\r\n\t\t\t\t\t\t\t\t\t\t\r\n                                        <div class=\"content_media\">\r\n                        <img decoding=\"async\" src=\"https:\/\/www.achilles.com\/app\/uploads\/2025\/06\/Sustainability-reporting3.png\" width=\"500\" alt=\"\">\r\n                    <\/div>\r\n                                    <\/div>\r\n            <\/div>\r\n        <\/div>\r\n    \n\n    <div class=\"content_section bg_grey\" id=\"howitworks\">\r\n        <div class=\"container\">\r\n                        <div class=\"description_section\">\r\n                                <h2 class=\"title_section\">Automatiser opptil 94 % av bedriftens ESG-informasjon med integrasjoner, filopplastinger og AI-aktivert datauttrekk<\/h2>\r\n                            <\/div>\r\n                        <div class=\"features_wrap features_four\">\r\n                                <div class=\"feature_item\">\r\n                                        <div class=\"feature_item_icon\">\r\n                        <img decoding=\"async\" src=\"https:\/\/www.achilles.com\/app\/uploads\/2025\/03\/geopolitical-icon-1.png\" alt=\"an icon of a shield with a check mark on it\">\r\n                    <\/div>\r\n                                        <h3 class=\"feature_item_name\">AI-drevet automatisering av rapportering<\/h3>\r\n                                        <div class=\"typical_text\">\r\n                        <ul>\n<li>F\u00e6rre feil<\/li>\n<li>Raskere rapporteringssykluser<\/li>\n<li>Innebygd revisjonsberedskap<\/li>\n<\/ul>\n                    <\/div>\r\n                                        <a class=\"btn\" aria-label=\"AI-drevet automatisering av rapportering - L\u00e6r mer\" href=\"#learnmore\">L\u00e6r mer<\/a>\r\n                                    <\/div>\r\n                                <div class=\"feature_item\">\r\n                                        <div class=\"feature_item_icon\">\r\n                        <img decoding=\"async\" src=\"https:\/\/www.achilles.com\/app\/uploads\/2025\/02\/integration-icon.png\" alt=\"cloud above a computer screen, green icon\">\r\n                    <\/div>\r\n                                        <h3 class=\"feature_item_name\">Str\u00f8mlinjeformet arbeidsflytstyring<\/h3>\r\n                                        <div class=\"typical_text\">\r\n                        <ul>\n<li>Personlig tilpassede dashbord<\/li>\n<li>Innebygde samarbeidsverkt\u00f8y<\/li>\n<li>Tilbakemeldinger og fremdriftsoppf\u00f8lging i sanntid<\/li>\n<\/ul>\n                    <\/div>\r\n                                        <a class=\"btn\" aria-label=\"Str\u00f8mlinjeformet arbeidsflytstyring - L\u00e6r mer\" href=\"#learnmore\">L\u00e6r mer<\/a>\r\n                                    <\/div>\r\n                                <div class=\"feature_item\">\r\n                                        <div class=\"feature_item_icon\">\r\n                        <img decoding=\"async\" src=\"https:\/\/www.achilles.com\/app\/uploads\/2025\/02\/Carbon-Green-scales-weigh-icon.png\" alt=\"icon green. scales balancing CO2 and a lead\">\r\n                    <\/div>\r\n                                        <h3 class=\"feature_item_name\">P\u00e5litelig karbonregnskap<\/h3>\r\n                                        <div class=\"typical_text\">\r\n                        <ul>\n<li>Innebygd estimator som bruker IEA- og Defra-faktorer<\/li>\n<li>Bruker reelle driftsdata for \u00e5 sikre n\u00f8yaktighet<\/li>\n<li>St\u00f8tter Scope 1-, 2- og 3-rapportering&nbsp;<\/li>\n<\/ul>\n                    <\/div>\r\n                                        <a class=\"btn\" aria-label=\"P\u00e5litelig karbonregnskap - L\u00e6r mer\" href=\"#learnmore\">L\u00e6r mer<\/a>\r\n                                    <\/div>\r\n                                <div class=\"feature_item\">\r\n                                        <div class=\"feature_item_icon\">\r\n                        <img decoding=\"async\" src=\"https:\/\/www.achilles.com\/app\/uploads\/2025\/02\/Search-Systems-online-information-icon.png\" alt=\"Information icon\">\r\n                    <\/div>\r\n                                        <h3 class=\"feature_item_name\">Fleksibel, rammeverkstilpasset produksjon<\/h3>\r\n                                        <div class=\"typical_text\">\r\n                        <ul>\n<li>CSRD (dobbelt materialitetsjustert)<\/li>\n<li>IFRS \/ GRI<\/li>\n<li>Sektorspesifikke eller frivillige opplysninger<\/li>\n<\/ul>\n                    <\/div>\r\n                                        <a class=\"btn\" aria-label=\"Fleksibel, rammeverkstilpasset produksjon - L\u00e6r mer\" href=\"#learnmore\">L\u00e6r mer<\/a>\r\n                                    <\/div>\r\n                            <\/div>\r\n                    <\/div>\r\n    <\/div>\r\n\n\n            <div class=\"content_section\">\r\n            <div class=\"container\">\r\n                <div class=\"content_wrap\">\r\n                    <div class=\"content_info ogo2\">\r\n                                                <h2 class=\"title_section\">AI-drevet automatisering av rapportering<\/h2>\r\n                                                <div class=\"typical_text\">\r\n                            <p>Bruk eksisterende forretningsdokumenter som policyer, rapporter og uttalelser til \u00e5 automatisk fylle ut numeriske, semi-narrative og narrative opplysninger med opptil<strong> 94 % n\u00f8yaktighet<\/strong>. Comply360 bruker spesialisert kunstig intelligens til \u00e5 hente ut relevante data og tilpasse dem til rapporteringsforpliktelsene dine, noe som sparer tid og sikrer konsistens.<\/p>\n                        <\/div>\r\n                                            <\/div>\r\n\t\t\t\t\t\t\t\t\t\t\r\n                                        <div class=\"content_media\">\r\n                        <img decoding=\"async\" src=\"https:\/\/www.achilles.com\/app\/uploads\/2025\/05\/dereeeeeeeeeeeeee-2.png\" width=\"500\" alt=\"\">\r\n                    <\/div>\r\n                                    <\/div>\r\n            <\/div>\r\n        <\/div>\r\n    \n\n            <div class=\"content_section\">\r\n            <div class=\"container\">\r\n                <div class=\"content_wrap right\">\r\n                    <div class=\"content_info ogo2\">\r\n                                                <h2 class=\"title_section\">Str\u00f8mlinjeformet arbeidsflyt<\/h2>\r\n                                                <div class=\"typical_text\">\r\n                            <p>Gj\u00f8r ESG-rapportering til en strukturert samarbeidsprosess &#8211; uansett teamets st\u00f8rrelse eller rapporteringsmodenhet. Tildel oppgaver p\u00e5 det niv\u00e5et som passer din struktur: temastandard, underavsnitt eller individuelt datapunkt. Innebygde dashbord, samarbeidsverkt\u00f8y og tilbakemeldingssl\u00f8yfer s\u00f8rger for at alle er samkj\u00f8rte og ansvarlige fra start til slutt.<\/p>\n                        <\/div>\r\n                                            <\/div>\r\n\t\t\t\t\t\t\t\t\t\t\r\n                                        <div class=\"content_media\">\r\n                        <img decoding=\"async\" src=\"https:\/\/www.achilles.com\/app\/uploads\/2025\/05\/dereeeeeeeeeeeeee-1.png\" width=\"500\" alt=\"\">\r\n                    <\/div>\r\n                                    <\/div>\r\n            <\/div>\r\n        <\/div>\r\n    \n\n            <div class=\"content_section\">\r\n            <div class=\"container\">\r\n                <div class=\"content_wrap\">\r\n                    <div class=\"content_info ogo2\">\r\n                                                <h2 class=\"title_section\">S\u00f8ml\u00f8s dataintegrering<\/h2>\r\n                                                <div class=\"typical_text\">\r\n                            <p>Hent data fra ERP-systemer, tredjepartsplattformer eller interne arkiver. Kombiner dette med manuelle inndata, filopplasting eller eksisterende Achilles-l\u00f8sninger for \u00e5 dekke 100 % av rapporteringsbehovene dine.<\/p>\n                        <\/div>\r\n                                            <\/div>\r\n\t\t\t\t\t\t\t\t\t\t\r\n                                        <div class=\"content_media\">\r\n                        <img decoding=\"async\" src=\"https:\/\/www.achilles.com\/app\/uploads\/2025\/05\/dereeeeeeeeeeeeee.png\" width=\"500\" alt=\"\">\r\n                    <\/div>\r\n                                    <\/div>\r\n            <\/div>\r\n        <\/div>\r\n    \n\n            <div class=\"content_section\">\r\n            <div class=\"container\">\r\n                <div class=\"content_wrap right\">\r\n                    <div class=\"content_info ogo2\">\r\n                                                <h2 class=\"title_section\">P\u00e5litelig karbonregnskap<\/h2>\r\n                                                <div class=\"typical_text\">\r\n                            <p>Beregn utslippene ved hjelp av reelle driftsdata, uten antakelser. Comply360s innebygde karbonberegner er basert p\u00e5 IEAs og Defra GHG-utslippsfaktorer for \u00e5 sikre troverdig, reviderbar karbonrapportering. Ogs\u00e5 tilgjengelig: pakke med <a href=\"https:\/\/www.achilles.com\/no\/achilles-carbon-accounting\/\">Achilles Carbon Accounting<\/a> for fullstendig dekning av Scope 1, 2 og 3.<\/p>\n                        <\/div>\r\n                                            <\/div>\r\n\t\t\t\t\t\t\t\t\t\t\r\n                                        <div class=\"content_media\">\r\n                        <img decoding=\"async\" src=\"https:\/\/www.achilles.com\/app\/uploads\/2025\/05\/Untitled-design-19.png\" width=\"500\" alt=\"\">\r\n                    <\/div>\r\n                                    <\/div>\r\n            <\/div>\r\n        <\/div>\r\n    \n\n            <div class=\"content_section\">\r\n            <div class=\"container\">\r\n                <div class=\"content_wrap\">\r\n                    <div class=\"content_info ogo2\">\r\n                                                <h2 class=\"title_section\">Fleksible rapporter tilpasset ulike rammeverk<\/h2>\r\n                                                <div class=\"typical_text\">\r\n                            <p>Enten du rapporterer i henhold til CSRD, IFRS, GRI eller interne ESG-benchmarks, lar Comply360 deg lage rapporter som er tilpasset din dobbelte vesentlighetsvurdering, og eksportere dem i formater som er klare for tredjepartsrevisjon, -sikring og -innlevering.<\/p>\n                        <\/div>\r\n                                            <\/div>\r\n\t\t\t\t\t\t\t\t\t\t\r\n                                        <div class=\"content_media\">\r\n                        <img decoding=\"async\" src=\"https:\/\/www.achilles.com\/app\/uploads\/2025\/05\/Untitled-design-18.png\" width=\"500\" alt=\"\">\r\n                    <\/div>\r\n                                    <\/div>\r\n            <\/div>\r\n        <\/div>\r\n    \n\n            <div class=\"hero_section\">\r\n           <div class=\"hero_media\">\r\n                                <img decoding=\"async\" src=\"https:\/\/www.achilles.com\/app\/uploads\/2025\/04\/AI-Infocontrol.png\" alt=\"\">\r\n                            <\/div>\r\n            <div class=\"container\">\r\n                <div class=\"hero_wrapper\">\r\n                    <div class=\"hero_info\">\r\n                                                <h2 class=\"title_section\">Finn ut mer om Achilles AI<\/h2>\r\n                                                <h5 class=\"title_small\">Slik bruker Achilles kunstig intelligens for \u00e5 transformere leverand\u00f8rrisikostyring<\/h5>\r\n                                                <div class=\"typical_text middle_text\">\r\n                            <p>Organisasjoner st\u00e5r overfor et \u00f8kende press for \u00e5 f\u00e5 st\u00f8rre innsyn i leverand\u00f8rkjedene sine &#8211; uten \u00e5 \u00f8ke den administrative arbeidsmengden. Achilles st\u00f8tter dette skiftet ved \u00e5 bruke kunstig intelligens (AI) for \u00e5 forenkle datainnsamlingen og leverand\u00f8rengasjementet.<\/p>\r\n                        <\/div>\r\n                                                <div class=\"content_buttons\">\r\n                                                        <a class=\"btn btn_big\" aria-label=\" - L\u00e6r mer\" href=\"https:\/\/www.achilles.com\/industry-insights\/how-achilles-is-using-ai-to-transform-supplier-risk-management\/\">L\u00e6r mer<\/a>\r\n                                                    <\/div>\r\n                                            <\/div>\r\n                <\/div>\r\n            <\/div>\r\n        <\/div>\r\n    \n\n    <div class=\"content_section\">\r\n        <div class=\"container\">\r\n                        <div class=\"posts_panel\">\r\n                <div class=\"description_section\">\r\n                                        <p class=\"title_category\">Nyheter og innsikt<\/p>\r\n                     \r\n                    <h2 class=\"title_section\">Valgt for deg<\/h2>\r\n                                    <\/div>\r\n                            <\/div>\r\n                                    <div class=\"posts_wrap\">\r\n                                <div class=\"post_item\">\r\n                    <div class=\"post_item_top\">\r\n                                                <a class=\"post_item_img\" href=\"https:\/\/www.achilles.com\/no\/wind-europe-2026-madrid-styrking-av-leverandorberedskap\/\">\r\n                            <img decoding=\"async\" src=\"https:\/\/www.achilles.com\/app\/uploads\/2023\/06\/renewable-energies.jpg\" alt=\"Wind Europe 2026 Madrid: Styrking av leverand\u00f8rberedskap\">\r\n                        <\/a>\r\n                                                <ul class=\"post_item_categories\">\r\n                                                        <li>Bransjeinnsikt<\/li>\r\n                                                    <\/ul>\r\n                    <\/div>\r\n                    <a class=\"post_item_name\" href=\"https:\/\/www.achilles.com\/no\/wind-europe-2026-madrid-styrking-av-leverandorberedskap\/\">Wind Europe 2026 Madrid: Styrking av leverand\u00f8rberedskap<\/a>\r\n                <\/div>\r\n                                <div class=\"post_item\">\r\n                    <div class=\"post_item_top\">\r\n                                                <a class=\"post_item_img\" href=\"https:\/\/www.achilles.com\/no\/achilles-arlige-risiko-og-baerekraftsrapport-2026\/\">\r\n                            <img decoding=\"async\" src=\"https:\/\/www.achilles.com\/app\/uploads\/2026\/03\/Web-page-top-banner-thumbnail-of-Achilles-Global-Supplier-Risk-and-Sustainability-Survey-2026.jpg\" alt=\"Achilles \u00e5rlige risiko- og b\u00e6rekraftsrapport 2026\">\r\n                        <\/a>\r\n                                                <ul class=\"post_item_categories\">\r\n                                                        <li>Whitepapers<\/li>\r\n                                                    <\/ul>\r\n                    <\/div>\r\n                    <a class=\"post_item_name\" href=\"https:\/\/www.achilles.com\/no\/achilles-arlige-risiko-og-baerekraftsrapport-2026\/\">Achilles \u00e5rlige risiko- og b\u00e6rekraftsrapport 2026<\/a>\r\n                <\/div>\r\n                                <div class=\"post_item\">\r\n                    <div class=\"post_item_top\">\r\n                                                <a class=\"post_item_img\" href=\"https:\/\/www.achilles.com\/no\/bransjeinnsikt\/bygging-av-et-skalerbart-baerekraftig-og-robust-nettverk-for-datasenterkonstruksjon\/\">\r\n                            <img decoding=\"async\" src=\"https:\/\/www.achilles.com\/app\/uploads\/2026\/03\/Achilles-Google-Supply-Chain-Risk-banner.png\" alt=\"Bygging av et skalerbart, b\u00e6rekraftig og robust nettverk for datasenterkonstruksjon\">\r\n                        <\/a>\r\n                                                <ul class=\"post_item_categories\">\r\n                                                        <li>Bransjeinnsikt<\/li>\r\n                                                        <li>Case Studier<\/li>\r\n                                                    <\/ul>\r\n                    <\/div>\r\n                    <a class=\"post_item_name\" href=\"https:\/\/www.achilles.com\/no\/bransjeinnsikt\/bygging-av-et-skalerbart-baerekraftig-og-robust-nettverk-for-datasenterkonstruksjon\/\">Bygging av et skalerbart, b\u00e6rekraftig og robust nettverk for datasenterkonstruksjon<\/a>\r\n                <\/div>\r\n                            <\/div>\r\n                    <\/div>\r\n    <\/div>\r\n\n\n    <div class=\"request_section\" id=\"learnmore\">\r\n        <div class=\"contact_bg\">\r\n                        <img decoding=\"async\" src=\"https:\/\/www.achilles.com\/app\/uploads\/2024\/02\/AdobeStock_566680234-scaled.jpeg\" alt=\"Carbon emissions\">\r\n                    <\/div>\r\n        <div class=\"container\">\r\n            <div class=\"request_inner\">\r\n                                <div class=\"request_wrapper\">\r\n                <h2 class=\"title_section\">Er du klar til \u00e5 gj\u00f8re b\u00e6rekraftsrapporteringen mindre kompleks?<\/h2>\r\n                <\/div>\r\n                                <div class=\"request_box\">\r\n                    <script charset=\"utf-8\" type=\"text\/javascript\" src=\"\/\/js.hsforms.net\/forms\/embed\/v2.js\"><\/script>\r\n<script>\r\n  hbspt.forms.create({\r\n    portalId: \"5387762\",\r\n    formId: \"e83a7b3d-e095-43a4-8733-0c37f4967e31\",\r\n    region: \"na1\"\r\n  });\r\n<\/script>                <\/div>\r\n            <\/div>\r\n        <\/div>\r\n    <\/div>\r\n\r\n","protected":false},"excerpt":{"rendered":"","protected":false},"author":24,"featured_media":0,"parent":0,"menu_order":0,"comment_status":"closed","ping_status":"closed","template":"","meta":{"_acf_changed":true,"content-type":"","footnotes":""},"class_list":["post-72112","page","type-page","status-publish","hentry"],"acf":[],"_links":{"self":[{"href":"https:\/\/www.achilles.com\/no\/wp-json\/wp\/v2\/pages\/72112","targetHints":{"allow":["GET"]}}],"collection":[{"href":"https:\/\/www.achilles.com\/no\/wp-json\/wp\/v2\/pages"}],"about":[{"href":"https:\/\/www.achilles.com\/no\/wp-json\/wp\/v2\/types\/page"}],"author":[{"embeddable":true,"href":"https:\/\/www.achilles.com\/no\/wp-json\/wp\/v2\/users\/24"}],"replies":[{"embeddable":true,"href":"https:\/\/www.achilles.com\/no\/wp-json\/wp\/v2\/comments?post=72112"}],"version-history":[{"count":0,"href":"https:\/\/www.achilles.com\/no\/wp-json\/wp\/v2\/pages\/72112\/revisions"}],"wp:attachment":[{"href":"https:\/\/www.achilles.com\/no\/wp-json\/wp\/v2\/media?parent=72112"}],"curies":[{"name":"wp","href":"https:\/\/api.w.org\/{rel}","templated":true}]}}