{"id":69875,"date":"2025-05-13T13:03:15","date_gmt":"2025-05-13T12:03:15","guid":{"rendered":"https:\/\/www.achilles.com\/?page_id=69875"},"modified":"2025-07-23T12:04:19","modified_gmt":"2025-07-23T11:04:19","slug":"achilles-carbon-accounting","status":"publish","type":"page","link":"https:\/\/www.achilles.com\/no\/achilles-carbon-accounting\/","title":{"rendered":"Achilles Carbon Accounting"},"content":{"rendered":"            <div class=\"content_section\">\r\n            <div class=\"container\">\r\n                                <div class=\"content_wrap\">\r\n                    <div class=\"content_info ogo\">\r\n                                                <h2 class=\"title_page\">F\u00e5 kontroll p\u00e5 karbondataene og rapportering med Achilles<\/h2>\r\n                                                <div class=\"typical_text\">\r\n                            <p>Achilles Carbon Accounting er spesielt utviklet for voksende bedrifter, og automatiserer m\u00e5ling av karbonavtrykk og forenkler utslippsrapportering. Hold deg i samsvar med regelverket, n\u00e5 b\u00e6rekraftsm\u00e5l og fokuser p\u00e5 det som betyr noe.<\/p>\n                        <\/div>\r\n                                                <a class=\"btn btn_white\" aria-label=\"F\u00e5 kontroll p\u00e5 karbondataene og rapportering med Achilles - Kom i gang\" href=\"#form\">Kom i gang<\/a>\r\n                                            <\/div>\r\n                                        <div class=\"content_media\">\r\n                        <img decoding=\"async\" src=\"https:\/\/www.achilles.com\/app\/uploads\/2025\/05\/Achilles-Carbon-Accounting-Software-Dashboard.png\" width=\"700\" alt=\"Skjermbilde av Achilles Carbon Account Software Dashboard\">\r\n                    <\/div>\r\n                                    <\/div>\r\n                            <\/div>\r\n        <\/div>\r\n    \n\n    <div class=\"content_section bg_grey\">\r\n        <div class=\"container\">\r\n                        <div class=\"description_section big\">\r\n                                <h2 class=\"title_section\">Str\u00f8mlinjeformet rapportering av karbonavtrykk<\/h2>\r\n                                <div class=\"typical_text middle_text\">\r\n                    <p>Achilles Carbon Accounting-programvare bist\u00e5r bedrifter med \u00e5 automatisere og effektivisere m\u00e5ling og rapportering av karbonavtrykk. Vi forenkler innsamling, behandling og rapportering av klimagassutslipp for \u00e5 oppfylle krav til karbonreduksjon og rapportering, som CSRD, SBTi og CDP.<\/p>\n                <\/div>\r\n                            <\/div>\r\n                                    <div class=\"features_wrap\">\r\n                                <div class=\"feature_item center\">\r\n                                        <div class=\"feature_item_icon\">\r\n                        <img decoding=\"async\" src=\"https:\/\/www.achilles.com\/app\/uploads\/2025\/02\/Search-Data-Insights-icon.png\" alt=\"Data collection validation icon\">\r\n                    <\/div>\r\n                                        <h3 class=\"feature_item_name\">Datainnsamling og integrering<\/h3>\r\n                                        <div class=\"typical_text middle_text\">\r\n                        <p>Automatiser datainnsamling fra str\u00f8mleverand\u00f8rer, regnskapsprogramvare og andre relevante systemer, noe som gj\u00f8r det raskere og enklere \u00e5 samle inn n\u00f8yaktige karbonregnskapsdata.<\/p>\r\n                    <\/div>\r\n                                    <\/div>\r\n                                <div class=\"feature_item center\">\r\n                                        <div class=\"feature_item_icon\">\r\n                        <img decoding=\"async\" src=\"https:\/\/www.achilles.com\/app\/uploads\/2025\/02\/Insights-Data-icon.png\" alt=\"Insights Data icon\">\r\n                    <\/div>\r\n                                        <h3 class=\"feature_item_name\">Str\u00f8mlinjeformet rapportering<\/h3>\r\n                                        <div class=\"typical_text middle_text\">\r\n                        <p>Et brukervennlig sett med verkt\u00f8y genererer revisjonsklare rapporter og visualiseringer, noe som gj\u00f8r det enklere \u00e5 demonstrere samsvar med regelverk og oppfylle rapporteringsforpliktelser.<\/p>\r\n                    <\/div>\r\n                                    <\/div>\r\n                                <div class=\"feature_item center\">\r\n                                        <div class=\"feature_item_icon\">\r\n                        <img decoding=\"async\" src=\"https:\/\/www.achilles.com\/app\/uploads\/2025\/02\/Carbon-Green-scales-weigh-icon.png\" alt=\"icon green. scales balancing CO2 and a lead\">\r\n                    <\/div>\r\n                                        <h3 class=\"feature_item_name\">Utslipp i Scope 3<\/h3>\r\n                                        <div class=\"typical_text middle_text\">\r\n                        <p>L\u00f8s utfordringen med Scope 3-rapportering med ekspertise i forsyningskjeden, leverand\u00f8rsamarbeid og datah\u00e5ndtering p\u00e5 portef\u00f8ljeniv\u00e5 som gir n\u00f8yaktige og reviderbare resultater.<\/p>\r\n                    <\/div>\r\n                                    <\/div>\r\n                            <\/div>\r\n                                <\/div>\r\n    <\/div>\r\n\n\n            <div class=\"content_section\">\r\n            <div class=\"container\">\r\n                <div class=\"content_wrap right\">\r\n                    <div class=\"content_info ogo2\">\r\n                                                <h2 class=\"title_section\">Ta det ett steg lenger \u2013 Start dekarbonisering med selvtillit<\/h2>\r\n                                                <h5 class=\"title_small\">Verdensledende st\u00f8tte til utslippsreduksjon i Scope 1, 2 og 3<\/h5>\r\n                                                <div class=\"typical_text\">\r\n                            <div class=\"zMgcWd dSKvsb\" data-il=\"\">\n<div data-crb-p=\"\">\n<div class=\"xFTqob\">\n<p class=\"vM0jzc\">Transformer b\u00e6rekraftsm\u00e5lene dine om til handlingsrettede strategier ved hjelp av nyttige verkt\u00f8y som st\u00f8tter overgangen til fornybar energi, \u00f8ker effektiviteten og fremme adopsjon av lavkarbonteknologi. Fra sol- og vindkraft til b\u00e6rekraftig transport og gr\u00f8nne bygninger, kutt utslipp p\u00e5 tvers av Scope 1, 2 og 3, som dekker alt fra direkte drift til p\u00e5virkning i forsyningskjeden.<\/p>\n<\/div>\n<\/div>\n<\/div>\n                        <\/div>\r\n                                                <a class=\"btn btn_big\" href=\"#form\">Bestill en demo<\/a>\r\n                                            <\/div>\r\n\t\t\t\t\t\t\t\t\t\t\r\n                                        <div class=\"content_media\">\r\n                        <img decoding=\"async\" src=\"https:\/\/www.achilles.com\/app\/uploads\/2025\/05\/Achilles-Carbon-Accounting-Survey.png\" width=\"400\" alt=\"Achilles Carbon Accounting Survey Screenshot\">\r\n                    <\/div>\r\n                                    <\/div>\r\n            <\/div>\r\n        <\/div>\r\n    \n\n            <div class=\"content_section bg_grey\">\r\n            <div class=\"container\">\r\n                <div class=\"content_wrap\">\r\n                    <div class=\"content_info ogo2\">\r\n                                                <h2 class=\"title_section\">Brukervennlig og rimelig<\/h2>\r\n                                                <h5 class=\"title_small\">Kraftige verkt\u00f8y og ekspertise \u2013 uten prislappen<\/h5>\r\n                                                <div class=\"typical_text\">\r\n                            <div class=\"zMgcWd dSKvsb\" data-il=\"\">\n<div data-crb-p=\"\">\n<div class=\"xFTqob\">\n<p class=\"vM0jzc\"><span data-huuid=\"5493916750244171490\">Achilles Carbon Accounting er ment \u00e5 v\u00e6re b\u00e5de \u00f8konomisk og brukervennlig, noe som gj\u00f8r det tilgjengelig for et bredt spekter av bedrifter, uavhengig av st\u00f8rrelse, bransje eller ESG-modenhet. V\u00e5re karboneksperter tilbyr spesialisert kundest\u00f8tte for \u00e5 hjelpe bedrifter med \u00e5 navigere i karbonregnskapsprosessen.<\/span><\/p>\n<\/div>\n<\/div>\n<\/div>\n                        <\/div>\r\n                                                <a class=\"btn btn_big\" href=\"#form\">Snakk med en karbonekspert<\/a>\r\n                                            <\/div>\r\n\t\t\t\t\t\t\t\t\t\t\r\n                                        <div class=\"content_media\">\r\n                        <img decoding=\"async\" src=\"https:\/\/www.achilles.com\/app\/uploads\/2025\/05\/Achilles-Carbon-Accounting-Reports.png\" width=\"400\" alt=\"Achilles Carbon Accounting Reporting Screenshot\">\r\n                    <\/div>\r\n                                    <\/div>\r\n            <\/div>\r\n        <\/div>\r\n    \n\n        <div class=\"content_section\">\r\n            <div class=\"container\">\r\n                                <div class=\"description_section\">\r\n                                        <p class=\"title_category\">HVORFOR ACHILLES<\/p>\r\n                                        <h2 class=\"title_page\">Karbonregnskap som g\u00e5r dypere og leverer mer<\/h2>\r\n                                    <\/div>\r\n                                <div class=\"features_wrap features_four\">\r\n                                        <div class=\"feature_item\">\r\n                                                <div class=\"feature_item_icon\">\r\n                            <img decoding=\"async\" src=\"https:\/\/www.achilles.com\/app\/uploads\/2025\/02\/excellence-icon.png\" alt=\"rosette icon\">\r\n                        <\/div>\r\n                                                <h3 class=\"feature_item_name\">Global b\u00e6rekraftsekspertise<\/h3>\r\n                                                <div class=\"typical_text\">\r\n                            <p>Med over 30 \u00e5r i front innen risiko og samsvar, har Achilles en unik forst\u00e5else for b\u00e6rekraft og risikostyring i globale forsyningskjeder \u2013 avgj\u00f8rende for n\u00f8yaktig rapportering av karbonutslipp.<\/p>\n                        <\/div>\r\n                                            <\/div>\r\n                                        <div class=\"feature_item\">\r\n                                                <div class=\"feature_item_icon\">\r\n                            <img decoding=\"async\" src=\"https:\/\/www.achilles.com\/app\/uploads\/2025\/02\/World-hands-icon.png\" alt=\"World hands icon\">\r\n                        <\/div>\r\n                                                <h3 class=\"feature_item_name\">Praktiske verkt\u00f8y for utslippsreduksjon<\/h3>\r\n                                                <div class=\"typical_text\">\r\n                            <p>Achilles Carbon Accounting bidrar til \u00e5 omsette innsikt til handling ved \u00e5 st\u00f8tte dekarboniseringsarbeid p\u00e5 tvers av drift, energibruk og forsyningskjede.<\/p>\n                        <\/div>\r\n                                            <\/div>\r\n                                        <div class=\"feature_item\">\r\n                                                <div class=\"feature_item_icon\">\r\n                            <img decoding=\"async\" src=\"https:\/\/www.achilles.com\/app\/uploads\/2025\/02\/Puzzle-icon.png\" alt=\"Puzzle icon showing how different aspects of sustainability fit together\">\r\n                        <\/div>\r\n                                                <h3 class=\"feature_item_name\">Helhetsinnsikt i ESG og risikostyring<\/h3>\r\n                                                <div class=\"typical_text\">\r\n                            <p>Fra leverand\u00f8runders\u00f8kelser til karbonregnskap og ikke-finansiell rapportering leverer Achilles et integrert sett med l\u00f8sninger for \u00e5 oppfylle endrede forretningsmessige robusthetskrav, ESG-samsvar og b\u00e6rekraftsm\u00e5l \u2013 alt p\u00e5 ett sted.<\/p>\n                        <\/div>\r\n                                            <\/div>\r\n                                        <div class=\"feature_item\">\r\n                                                <div class=\"feature_item_icon\">\r\n                            <img decoding=\"async\" src=\"https:\/\/www.achilles.com\/app\/uploads\/2025\/02\/Certified-icon.png\" alt=\"Certified icon\">\r\n                        <\/div>\r\n                                                <h3 class=\"feature_item_name\">Uavhengig revisjon og verifisering<\/h3>\r\n                                                <div class=\"typical_text\">\r\n                            <p>I motsetning til andre karbonregnskapsl\u00f8sninger tilbyr Achilles muligheten for internasjonalt anerkjent uavhengig utslippsrevisjon og -verifisering for \u00e5 forbedre karbonkvaliteten din og n\u00e5 dekarboniseringsm\u00e5l.<\/p>\n                        <\/div>\r\n                                            <\/div>\r\n                                    <\/div>\r\n                            <\/div>\r\n        <\/div>\r\n\n\n    <div class=\"content_section\">\r\n        <div class=\"container\">\r\n                        <div class=\"posts_panel\">\r\n                <div class=\"description_section\">\r\n                                        <p class=\"title_category\">NYHETER OG INNSIKT<\/p>\r\n                     \r\n                    <h2 class=\"title_section\">Spesielt utvalgt for deg<\/h2>\r\n                                    <\/div>\r\n                            <\/div>\r\n                                    <div class=\"posts_wrap\">\r\n                                <div class=\"post_item\">\r\n                    <div class=\"post_item_top\">\r\n                                                <a class=\"post_item_img\" href=\"https:\/\/www.achilles.com\/no\/achilles-arlige-risiko-og-baerekraftsrapport-2026\/\">\r\n                            <img decoding=\"async\" src=\"https:\/\/www.achilles.com\/app\/uploads\/2026\/03\/Web-page-top-banner-thumbnail-of-Achilles-Global-Supplier-Risk-and-Sustainability-Survey-2026.jpg\" alt=\"Achilles \u00e5rlige risiko- og b\u00e6rekraftsrapport 2026\">\r\n                        <\/a>\r\n                                                <ul class=\"post_item_categories\">\r\n                                                        <li>Whitepapers<\/li>\r\n                                                    <\/ul>\r\n                    <\/div>\r\n                    <a class=\"post_item_name\" href=\"https:\/\/www.achilles.com\/no\/achilles-arlige-risiko-og-baerekraftsrapport-2026\/\">Achilles \u00e5rlige risiko- og b\u00e6rekraftsrapport 2026<\/a>\r\n                <\/div>\r\n                                <div class=\"post_item\">\r\n                    <div class=\"post_item_top\">\r\n                                                <a class=\"post_item_img\" href=\"https:\/\/www.achilles.com\/no\/hvordan-leverandorengasjement-former-baerekraften-i-maritime-leverandorkjeder\/\">\r\n                            <img decoding=\"async\" src=\"https:\/\/www.achilles.com\/app\/uploads\/2025\/01\/Maritime.png\" alt=\"Hvordan leverand\u00f8rengasjement former b\u00e6rekraften i maritime leverand\u00f8rkjeder\">\r\n                        <\/a>\r\n                                                <ul class=\"post_item_categories\">\r\n                                                        <li>Bransjeinnsikt<\/li>\r\n                                                        <li>Case Studier<\/li>\r\n                                                    <\/ul>\r\n                    <\/div>\r\n                    <a class=\"post_item_name\" href=\"https:\/\/www.achilles.com\/no\/hvordan-leverandorengasjement-former-baerekraften-i-maritime-leverandorkjeder\/\">Hvordan leverand\u00f8rengasjement former b\u00e6rekraften i maritime leverand\u00f8rkjeder<\/a>\r\n                <\/div>\r\n                                <div class=\"post_item\">\r\n                    <div class=\"post_item_top\">\r\n                                                <a class=\"post_item_img\" href=\"https:\/\/www.achilles.com\/no\/boom-i-fornybar-energi-eksponerer-risiko-i-leverandorkjeden\/\">\r\n                            <img decoding=\"async\" src=\"https:\/\/www.achilles.com\/app\/uploads\/2025\/10\/andreas-gucklhorn-Ilpf2eUPpUE-unsplash.jpg\" alt=\"Boom i fornybar energi eksponerer risiko i leverand\u00f8rkjeden\">\r\n                        <\/a>\r\n                                                <ul class=\"post_item_categories\">\r\n                                                        <li>Artikkel<\/li>\r\n                                                        <li>Bransjeinnsikt<\/li>\r\n                                                    <\/ul>\r\n                    <\/div>\r\n                    <a class=\"post_item_name\" href=\"https:\/\/www.achilles.com\/no\/boom-i-fornybar-energi-eksponerer-risiko-i-leverandorkjeden\/\">Boom i fornybar energi eksponerer risiko i leverand\u00f8rkjeden<\/a>\r\n                <\/div>\r\n                            <\/div>\r\n                    <\/div>\r\n    <\/div>\r\n\n\n    <div class=\"request_section\" id=\"form\">\r\n        <div class=\"contact_bg\">\r\n                        <img decoding=\"async\" src=\"https:\/\/www.achilles.com\/app\/uploads\/2025\/05\/Carbon-accounting.png\" alt=\"\">\r\n                    <\/div>\r\n        <div class=\"container\">\r\n            <div class=\"request_inner\">\r\n                                <div class=\"request_wrapper\">\r\n                <h2 class=\"title_section\">Kom i gang<\/h2>\r\n                <\/div>\r\n                                <div class=\"request_box\">\r\n                                        <h5 class=\"contact_content_subtitle\">Bestill en uforpliktende demo av Achilles Carbon Accounting<\/h5>\r\n                    <script charset=\"utf-8\" type=\"text\/javascript\" src=\"\/\/js.hsforms.net\/forms\/embed\/v2.js\"><\/script>\r\n<script>\r\n  hbspt.forms.create({\r\n    portalId: \"5387762\",\r\n    formId: \"5556d8da-bdb7-4ac0-938b-cc9c8ba5c5aa\",\r\n    region: \"na1\"\r\n  });\r\n<\/script>                <\/div>\r\n            <\/div>\r\n        <\/div>\r\n    <\/div>\r\n\r\n","protected":false},"excerpt":{"rendered":"","protected":false},"author":2,"featured_media":0,"parent":0,"menu_order":0,"comment_status":"closed","ping_status":"closed","template":"","meta":{"_acf_changed":true,"content-type":"","footnotes":""},"class_list":["post-69875","page","type-page","status-publish","hentry"],"acf":[],"_links":{"self":[{"href":"https:\/\/www.achilles.com\/no\/wp-json\/wp\/v2\/pages\/69875","targetHints":{"allow":["GET"]}}],"collection":[{"href":"https:\/\/www.achilles.com\/no\/wp-json\/wp\/v2\/pages"}],"about":[{"href":"https:\/\/www.achilles.com\/no\/wp-json\/wp\/v2\/types\/page"}],"author":[{"embeddable":true,"href":"https:\/\/www.achilles.com\/no\/wp-json\/wp\/v2\/users\/2"}],"replies":[{"embeddable":true,"href":"https:\/\/www.achilles.com\/no\/wp-json\/wp\/v2\/comments?post=69875"}],"version-history":[{"count":0,"href":"https:\/\/www.achilles.com\/no\/wp-json\/wp\/v2\/pages\/69875\/revisions"}],"wp:attachment":[{"href":"https:\/\/www.achilles.com\/no\/wp-json\/wp\/v2\/media?parent=69875"}],"curies":[{"name":"wp","href":"https:\/\/api.w.org\/{rel}","templated":true}]}}