{"id":54071,"date":"2024-04-11T12:41:30","date_gmt":"2024-04-11T11:41:30","guid":{"rendered":"https:\/\/www.achilles.com\/achilles-revisjoner\/"},"modified":"2024-11-22T15:27:27","modified_gmt":"2024-11-22T15:27:27","slug":"achilles-revisjoner","status":"publish","type":"page","link":"https:\/\/www.achilles.com\/no\/achilles-revisjoner\/","title":{"rendered":"Achilles-revisjoner"},"content":{"rendered":"    <div class=\"top_section\">\n        <div class=\"container\">\n            <div class=\"top_info half\">\n                                    <h1 class=\"top_title\">Legger til rette for beste praksis innen due diligence<\/h1>\n                                    <div class=\"top_text\">\n                        <p>Achilles-revisjoner og vurderinger hjelper bedrifter med \u00e5 sikre samsvar med regionale og globale standarder innen helse og sikkerhet, milj\u00f8, kvalitet og samfunnsansvar.<\/p>\n                    <\/div>\n                                    <div class=\"top_buttons\">\n                                                    <a class=\"btn btn_white btn_big\" href=\"https:\/\/www.achilles.com\/no\/kontakt-oss\/\">F\u00e5 bedriften din revidert<\/a>\n                                                    <a class=\"btn btn_big\" href=\"https:\/\/www.achilles.com\/no\/kontakt-oss\/\">F\u00e5 verdikjeden din revidert<\/a>\n                                            <\/div>\n                            <\/div>\n        <\/div>\n        <div class=\"top_media\">\n\t\t\t            <img decoding=\"async\" src=\"https:\/\/www.achilles.com\/app\/uploads\/2024\/02\/Supply-Chain-Risk-Images-4.png\" alt=\"\">\n                    <\/div>\n    <\/div>\n\n\n    <div class=\"content_section\">\r\n        <div class=\"container\">\r\n                        <div class=\"description_section\">\r\n                                <h2 class=\"title_section\">Betrodd av internasjonalt anerkjente organisasjoner<\/h2>\r\n                            <\/div>\r\n                        <div class=\"logos_wrap\">\r\n                                <div class=\"logo_item\">\r\n                    <img decoding=\"async\" src=\"https:\/\/www.achilles.com\/app\/uploads\/2023\/06\/bwo-logo-610.jpg\" alt=\"\">\r\n                <\/div>\r\n                                <div class=\"logo_item\">\r\n                    <img decoding=\"async\" src=\"\" alt=\"\">\r\n                <\/div>\r\n                                <div class=\"logo_item\">\r\n                    <img decoding=\"async\" src=\"https:\/\/www.achilles.com\/app\/uploads\/2023\/06\/Customer-logo_statkraft-logo-400-trans-300x94-1.png\" alt=\"Statkraft logo\">\r\n                <\/div>\r\n                                <div class=\"logo_item\">\r\n                    <img decoding=\"async\" src=\"https:\/\/www.achilles.com\/app\/uploads\/2023\/06\/Customer-logo_Sainsburys-logo.png\" alt=\"Sainsbury's chooses Achilles for ESG supply chain management\">\r\n                <\/div>\r\n                                <div class=\"logo_item\">\r\n                    <img decoding=\"async\" src=\"https:\/\/www.achilles.com\/app\/uploads\/2023\/06\/Acciona.png\" alt=\"\">\r\n                <\/div>\r\n                                <div class=\"logo_item\">\r\n                    <img decoding=\"async\" src=\"https:\/\/www.achilles.com\/app\/uploads\/2024\/04\/Weatherford-Achilles-Group_Client_LATAM.png\" alt=\"\">\r\n                <\/div>\r\n                                <div class=\"logo_item\">\r\n                    <img decoding=\"async\" src=\"https:\/\/www.achilles.com\/app\/uploads\/2023\/06\/iss_logo_whitebackground-RGB-e1525274679774.jpg\" alt=\"\">\r\n                <\/div>\r\n                                <div class=\"logo_item\">\r\n                    <img decoding=\"async\" src=\"https:\/\/www.achilles.com\/app\/uploads\/2023\/05\/Thameswater-e1725962162604.jpg\" alt=\"\">\r\n                <\/div>\r\n                                <div class=\"logo_item\">\r\n                    <img decoding=\"async\" src=\"\" alt=\"\">\r\n                <\/div>\r\n                                <div class=\"logo_item\">\r\n                    <img decoding=\"async\" src=\"https:\/\/www.achilles.com\/app\/uploads\/2024\/11\/NCC_Unternehmen_logo.svg_.png\" alt=\"\">\r\n                <\/div>\r\n                            <\/div>\r\n                    <\/div>\r\n    <\/div>\r\n\n\n    <div class=\"content_section\">\r\n        <div class=\"container\">\r\n                        <div class=\"description_section\">\r\n                                <p class=\"title_category\">Hvorfor velge Achilles-revisjoner?<\/p>\r\n                                <h2 class=\"title_section\"> G\u00e5 lenger enn due diligence<\/h2>\r\n                                <div class=\"typical_text\">\r\n                    <p>Achilles-revisjonene driver innkj\u00f8psorganisasjonene i retning av beste praksis for etterlevelse, \u00f8ker tilliten og fremmer \u00e5penhet i hele leverand\u00f8rkjeden.<br \/>\nP\u00e5 sin side f\u00e5r leverand\u00f8rene et konkurransefortrinn ved \u00e5 vise at de forplikter seg til \u00e5 overg\u00e5 beste praksis for b\u00e6rekraft.<\/p>\n                <\/div>\r\n                            <\/div>\r\n                        <div class=\"features_wrap features_four\">\r\n                                <div class=\"feature_item\">\r\n                                        <div class=\"feature_item_icon\">\r\n                        <img decoding=\"async\" src=\"https:\/\/www.achilles.com\/app\/uploads\/2024\/04\/Certified-Ribbon-1-Streamline-Streamline-3.0.png\" alt=\"\">\r\n                    <\/div>\r\n                                        <h3 class=\"feature_item_name\">Vis troverdighet<\/h3>\r\n                                        <div class=\"typical_text\">\r\n                        <p>Leverand\u00f8rene viser frem sin forpliktelse til kvalitet, sikkerhet og ansvarlig forretningspraksis, noe som styrker omd\u00f8mmet deres hos potensielle kunder.<\/p>\n                    <\/div>\r\n                                    <\/div>\r\n                                <div class=\"feature_item\">\r\n                                        <div class=\"feature_item_icon\">\r\n                        <img decoding=\"async\" src=\"https:\/\/www.achilles.com\/app\/uploads\/2024\/04\/Performance-Increase-Streamline-Streamline-3.0.png\" alt=\"\">\r\n                    <\/div>\r\n                                        <h3 class=\"feature_item_name\">Oppn\u00e5 konkurranseevne<\/h3>\r\n                                        <div class=\"typical_text\">\r\n                        <p>Det hjelper leverand\u00f8rene med \u00e5 skille seg ut fra mengden og vinne nye forretningsmuligheter.<\/p>\n                    <\/div>\r\n                                    <\/div>\r\n                                <div class=\"feature_item\">\r\n                                        <div class=\"feature_item_icon\">\r\n                        <img decoding=\"async\" src=\"https:\/\/www.achilles.com\/app\/uploads\/2023\/10\/achilles_icon_business-contract-approve.png\" alt=\"\">\r\n                    <\/div>\r\n                                        <h3 class=\"feature_item_name\">Forenkle samsvar<\/h3>\r\n                                        <div class=\"typical_text\">\r\n                        <p>Det gj\u00f8r det mulig for leverand\u00f8rene \u00e5 oppfylle bransjestandarder og forskrifter, og reduserer byrden med \u00e5 administrere samsvarsdokumentasjon.<\/p>\n                    <\/div>\r\n                                    <\/div>\r\n                                <div class=\"feature_item\">\r\n                                        <div class=\"feature_item_icon\">\r\n                        <img decoding=\"async\" src=\"https:\/\/www.achilles.com\/app\/uploads\/2023\/11\/Icons-8.png\" alt=\"\">\r\n                    <\/div>\r\n                                        <h3 class=\"feature_item_name\">Identifiser styrker<\/h3>\r\n                                        <div class=\"typical_text\">\r\n                        <p>Revisjonsrapporten gir uvurderlig innsikt i omr\u00e5der der leverand\u00f8rene utmerker seg, samt potensielle forbedringsomr\u00e5der.<\/p>\n                    <\/div>\r\n                                    <\/div>\r\n                            <\/div>\r\n                    <\/div>\r\n    <\/div>\r\n\n\n     <div class=\"stats_section\">\r\n        <div class=\"stats_bg\">\r\n                    <\/div>\r\n        <div class=\"container\">\r\n            <div class=\"stats_inner\">\r\n                <div class=\"corner corner_top_left\"><\/div>\r\n                <div class=\"corner corner_top_right\"><\/div>\r\n                <div class=\"corner corner_bottom_left\"><\/div>\r\n                <div class=\"corner corner_bottom_right\"><\/div>\r\n                <div class=\"stats_wrap stats_anim\">\r\n                                        <div class=\"stats_item stats_anim_item\" data-total=\"6500\">\r\n                        <div class=\"stats_item_inner\">\r\n                            <p class=\"stats_item_count\"><span class=\"stats_anim_total\">0<\/span><\/p>\r\n                                                        <p class=\"stats_item_name\">Revisjoner over hele verden.<\/p>\r\n                                                    <\/div>\r\n                    <\/div>\r\n                                        <div class=\"stats_item stats_anim_item\" data-total=\"30\">\r\n                        <div class=\"stats_item_inner\">\r\n                            <p class=\"stats_item_count\"><span class=\"stats_anim_total\">0<\/span><\/p>\r\n                                                        <p class=\"stats_item_name\">Mange \u00e5rs erfaring.<\/p>\r\n                                                    <\/div>\r\n                    <\/div>\r\n                                        <div class=\"stats_item stats_anim_item\" data-total=\"200\">\r\n                        <div class=\"stats_item_inner\">\r\n                            <p class=\"stats_item_count\"><span class=\"stats_anim_total\">0<\/span><span class=\"stats_item_symbol\"> <\/span><\/p>\r\n                                                        <p class=\"stats_item_name\">Revisorer lokalisert internasjonalt.<\/p>\r\n                                                    <\/div>\r\n                    <\/div>\r\n                                    <\/div>\r\n            <\/div>\r\n        <\/div>\r\n    <\/div>\r\n\n\n    <div class=\"content_section bg_grey\">\r\n        <div class=\"container\">\r\n                        <div class=\"description_section\">\r\n                                <p class=\"title_category\">TYPER AV REVISJONER<\/p>\r\n                                <div class=\"typical_text\">\r\n                    <p>Beskytt bedriftens omd\u00f8mme ved \u00e5 rapportere om \u00e5penhet i leverand\u00f8rkjeden p\u00e5 en trygg m\u00e5te, og oppfyll dagens h\u00f8ye standarder for etikk, b\u00e6rekraft og milj\u00f8.<\/p>\n                <\/div>\r\n                            <\/div>\r\n                        <div class=\"features_wrap\">\r\n                                <div class=\"feature_item\">\r\n                                        <h3 class=\"feature_item_name\">Skrivebordsrevisjoner<\/h3>\r\n                                        <div class=\"typical_text\">\r\n                        <p>Skrivebordsrevisjoner utf\u00f8res eksternt og vurderer selskapets styringssystemdokumenter for \u00e5 verifisere samsvar med internasjonal lovgivning og standarder, inkludert ISO 45001, ISO 14001 og SA8000, samt rapporteringsrammeverk og -standarder.<\/p>\n                    <\/div>\r\n                                    <\/div>\r\n                                <div class=\"feature_item\">\r\n                                        <h3 class=\"feature_item_name\">Revisjoner p\u00e5 stedet<\/h3>\r\n                                        <div class=\"typical_text\">\r\n                        <p>Disse omfattende evalueringene g\u00e5r lenger enn dokumentasjon, vurderer styringssystemer og involverer anonyme intervjuer med interessenter. Disse revisjonene utf\u00f8res av sertifiserte revisorer over hele verden, og gir en dypere forst\u00e5else av selskapets praksis. <\/p>\n                    <\/div>\r\n                                    <\/div>\r\n                            <\/div>\r\n                    <\/div>\r\n    <\/div>\r\n\n\n    <div class=\"content_section\">\r\n        <div class=\"container\">\r\n                        <div class=\"posts_panel\">\r\n                <div class=\"description_section\">\r\n                                        <p class=\"title_category\">Nyheter og innsikt<\/p>\r\n                     \r\n                    <h2 class=\"title_section\">Valgt for deg<\/h2>\r\n                                    <\/div>\r\n                            <\/div>\r\n                                    <div class=\"posts_wrap\">\r\n                                <div class=\"post_item\">\r\n                    <div class=\"post_item_top\">\r\n                                                <a class=\"post_item_img\" href=\"https:\/\/www.achilles.com\/no\/wind-europe-2026-madrid-styrking-av-leverandorberedskap\/\">\r\n                            <img decoding=\"async\" src=\"https:\/\/www.achilles.com\/app\/uploads\/2023\/06\/renewable-energies.jpg\" alt=\"Wind Europe 2026 Madrid: Styrking av leverand\u00f8rberedskap\">\r\n                        <\/a>\r\n                                                <ul class=\"post_item_categories\">\r\n                                                        <li>Bransjeinnsikt<\/li>\r\n                                                    <\/ul>\r\n                    <\/div>\r\n                    <a class=\"post_item_name\" href=\"https:\/\/www.achilles.com\/no\/wind-europe-2026-madrid-styrking-av-leverandorberedskap\/\">Wind Europe 2026 Madrid: Styrking av leverand\u00f8rberedskap<\/a>\r\n                <\/div>\r\n                                <div class=\"post_item\">\r\n                    <div class=\"post_item_top\">\r\n                                                <a class=\"post_item_img\" href=\"https:\/\/www.achilles.com\/no\/achilles-arlige-risiko-og-baerekraftsrapport-2026\/\">\r\n                            <img decoding=\"async\" src=\"https:\/\/www.achilles.com\/app\/uploads\/2026\/03\/Web-page-top-banner-thumbnail-of-Achilles-Global-Supplier-Risk-and-Sustainability-Survey-2026.jpg\" alt=\"Achilles \u00e5rlige risiko- og b\u00e6rekraftsrapport 2026\">\r\n                        <\/a>\r\n                                                <ul class=\"post_item_categories\">\r\n                                                        <li>Whitepapers<\/li>\r\n                                                    <\/ul>\r\n                    <\/div>\r\n                    <a class=\"post_item_name\" href=\"https:\/\/www.achilles.com\/no\/achilles-arlige-risiko-og-baerekraftsrapport-2026\/\">Achilles \u00e5rlige risiko- og b\u00e6rekraftsrapport 2026<\/a>\r\n                <\/div>\r\n                                <div class=\"post_item\">\r\n                    <div class=\"post_item_top\">\r\n                                                <a class=\"post_item_img\" href=\"https:\/\/www.achilles.com\/no\/bransjeinnsikt\/bygging-av-et-skalerbart-baerekraftig-og-robust-nettverk-for-datasenterkonstruksjon\/\">\r\n                            <img decoding=\"async\" src=\"https:\/\/www.achilles.com\/app\/uploads\/2026\/03\/Achilles-Google-Supply-Chain-Risk-banner.png\" alt=\"Bygging av et skalerbart, b\u00e6rekraftig og robust nettverk for datasenterkonstruksjon\">\r\n                        <\/a>\r\n                                                <ul class=\"post_item_categories\">\r\n                                                        <li>Bransjeinnsikt<\/li>\r\n                                                        <li>Case Studier<\/li>\r\n                                                    <\/ul>\r\n                    <\/div>\r\n                    <a class=\"post_item_name\" href=\"https:\/\/www.achilles.com\/no\/bransjeinnsikt\/bygging-av-et-skalerbart-baerekraftig-og-robust-nettverk-for-datasenterkonstruksjon\/\">Bygging av et skalerbart, b\u00e6rekraftig og robust nettverk for datasenterkonstruksjon<\/a>\r\n                <\/div>\r\n                            <\/div>\r\n                    <\/div>\r\n    <\/div>\r\n\n\n    <div class=\"request_section\">\r\n        <div class=\"contact_bg\">\r\n                        <img decoding=\"async\" src=\"https:\/\/www.achilles.com\/app\/uploads\/2023\/07\/SMEs-bid-for-tenders.jpg\" alt=\"\">\r\n                    <\/div>\r\n        <div class=\"container\">\r\n            <div class=\"request_inner\">\r\n                                <div class=\"request_wrapper\">\r\n                <h2 class=\"title_section\">Ta kontakt<\/h2>\r\n                <\/div>\r\n                                <div class=\"request_box\">\r\n                                        <h5 class=\"contact_content_subtitle\">L\u00e6r hvordan du implementerer beste praksis for due diligence i din bedrift<\/h5>\r\n                    <script charset=\"utf-8\" type=\"text\/javascript\" src=\"\/\/js.hsforms.net\/forms\/embed\/v2.js\"><\/script>\r\n<script>\r\n  hbspt.forms.create({\r\n    region: \"na1\",\r\n    portalId: \"5387762\",\r\n    formId: \"7d571fd7-c04c-42f1-9a34-77752e51eb8d\"\r\n  });\r\n<\/script>                <\/div>\r\n            <\/div>\r\n        <\/div>\r\n    <\/div>\r\n\r\n","protected":false},"excerpt":{"rendered":"","protected":false},"author":24,"featured_media":0,"parent":0,"menu_order":0,"comment_status":"closed","ping_status":"closed","template":"","meta":{"_acf_changed":true,"content-type":"","footnotes":""},"class_list":["post-54071","page","type-page","status-publish","hentry"],"acf":[],"_links":{"self":[{"href":"https:\/\/www.achilles.com\/no\/wp-json\/wp\/v2\/pages\/54071","targetHints":{"allow":["GET"]}}],"collection":[{"href":"https:\/\/www.achilles.com\/no\/wp-json\/wp\/v2\/pages"}],"about":[{"href":"https:\/\/www.achilles.com\/no\/wp-json\/wp\/v2\/types\/page"}],"author":[{"embeddable":true,"href":"https:\/\/www.achilles.com\/no\/wp-json\/wp\/v2\/users\/24"}],"replies":[{"embeddable":true,"href":"https:\/\/www.achilles.com\/no\/wp-json\/wp\/v2\/comments?post=54071"}],"version-history":[{"count":0,"href":"https:\/\/www.achilles.com\/no\/wp-json\/wp\/v2\/pages\/54071\/revisions"}],"wp:attachment":[{"href":"https:\/\/www.achilles.com\/no\/wp-json\/wp\/v2\/media?parent=54071"}],"curies":[{"name":"wp","href":"https:\/\/api.w.org\/{rel}","templated":true}]}}