{"id":25587,"date":"2023-06-01T20:53:47","date_gmt":"2023-06-01T19:53:47","guid":{"rendered":"https:\/\/www.achilles.com\/regning-s211\/"},"modified":"2023-11-29T16:52:22","modified_gmt":"2023-11-29T13:52:22","slug":"regning-s211","status":"publish","type":"page","link":"https:\/\/www.achilles.com\/no\/regning-s211\/","title":{"rendered":"Bill S211"},"content":{"rendered":"    <div class=\"top_section\">\n        <div class=\"container\">\n            <div class=\"top_info half\">\n                                    <h1 class=\"top_title\">Kampen mot tvangsarbeid i forsyningskjeder-loven<\/h1>\n                                    <div class=\"top_text large_text\">\n                        <div class=\"page\" title=\"Page 4\">\n<div class=\"layoutArea\">\n<div class=\"column\">\n<p>Fighting Against Forced Labour and Child Labor in Supply Chains Act ogs\u00e5 kjent som Bill S211 er en lov som fikk kongelig samtykke i Canada i mai 2023 og som krever at selskaper tar ansvar for \u00e5 kjempe mot moderne slaveri i sine forsyningskjeder og rapportere om sine handlinger.<\/p>\n<\/div>\n<\/div>\n<\/div>\n                    <\/div>\n                                    <div class=\"top_buttons\">\n                                                    <a class=\"btn btn_big\" href=\"https:\/\/www.achilles.com\/no\/kontakt-oss\/\">Bestill en gratis S211-konsultasjon<\/a>\n                                            <\/div>\n                            <\/div>\n        <\/div>\n        <div class=\"top_media\">\n\t\t\t        <\/div>\n    <\/div>\n\n\n            <div class=\"content_section bg_grey\">\r\n            <div class=\"container\">\r\n                <div class=\"content_wrap right\">\r\n                    <div class=\"content_info ogo2\">\r\n                                                <p class=\"title_category\">Hvitt papir<\/p>\r\n                                                <h2 class=\"title_page\">En introduksjon til loven om bekjempelse av tvangsarbeid i forsyningskjeder<\/h2>\r\n                                                <div class=\"typical_text\">\r\n                            <p>Selv de mest erfarne fagfolk innen b\u00e6rekraft og forsyningskjede innr\u00f8mmer at de f\u00f8ler seg overveldet av denne nye \u00e6raen med ESG-forsyningskjederegulering og informasjonen som trengs for \u00e5 demonstrere innvirkningen deres organisasjoner har p\u00e5 mennesker og planeten.  <span data-ccp-props=\"{\"335559738\":120,\"335559739\":120}\">Achilles<\/span> Ultimate Guide to Fighting Against tvangsarbeid og barnearbeid i forsyningskjeder-loven  <span data-ccp-props=\"{\"335559738\":120,\"335559739\":120}\">er en omfattende ressurs for \u00e5 hjelpe deg med \u00e5 oppn\u00e5 samsvar.<\/span><\/p>\n                        <\/div>\r\n                                                <a class=\"btn btn_big\" href=\"https:\/\/www.achilles.com\/no\/uncategorized-no\/__trashed-3\/\">Lese<\/a>\r\n                                            <\/div>\r\n\t\t\t\t\t\t\t\t\t\t\r\n                                    <\/div>\r\n            <\/div>\r\n        <\/div>\r\n    \n\n            <div class=\"content_section\">\r\n            <div class=\"container\">\r\n                <div class=\"content_wrap\">\r\n                    <div class=\"content_info ogo2\">\r\n                                                <p class=\"title_category\">Blogg<\/p>\r\n                                                <h2 class=\"title_page\">Hva er nok?<\/h2>\r\n                                                <div class=\"typical_text\">\r\n                            <p><span lang=\"EN-GB\" data-contrast=\"none\" xml:lang=\"EN-GB\"><span data-ccp-parastyle=\"article-preview_articlepreviewsubheader__ffri1\">Canadas Fighting Against Forced Labor in Supply Chains Act krever at organisasjoner tar en risikobasert tiln\u00e6rming til Supply Chain Due Diligence.<\/span> <span data-ccp-parastyle=\"article-preview_articlepreviewsubheader__ffri1\">Men hvor langt m\u00e5 du g\u00e5 og<\/span> <span data-ccp-parastyle=\"article-preview_articlepreviewsubheader__ffri1\">n\u00e5r er nok, nok?<\/span><\/span><\/p>\n                        <\/div>\r\n                                                <a class=\"btn btn_big\" href=\"https:\/\/www.achilles.com\/no\/industry-insights\/when-is-enough-enough\/\">Lese<\/a>\r\n                                            <\/div>\r\n\t\t\t\t\t\t\t\t\t\t\r\n                                        <div class=\"content_media\">\r\n                        <img decoding=\"async\" src=\"https:\/\/www.achilles.com\/app\/uploads\/2023\/09\/iStock-963011730.jpg\" width=\"401\" alt=\"A close up of the statue of lady justice standing in front of an out of focus row of law books.\">\r\n                    <\/div>\r\n                                    <\/div>\r\n            <\/div>\r\n        <\/div>\r\n    \n\n            <div class=\"content_section\">\r\n            <div class=\"container\">\r\n                <div class=\"content_wrap\">\r\n                    <div class=\"content_info ogo2\">\r\n                                                <p class=\"title_category\">Video<\/p>\r\n                                                <h2 class=\"title_page\">Trinn for \u00e5 bekjempe tvangsarbeid i leverand\u00f8rkjederloven<\/h2>\r\n                                                <div class=\"typical_text\">\r\n                            <p><span lang=\"EN-GB\" data-contrast=\"none\" xml:lang=\"EN-GB\"><span data-ccp-parastyle=\"article-preview_articlepreviewsubheader__ffri1\">Fighting Against Forced Labor in Supply Chain Act krever en metodisk risikobasert tiln\u00e6rming som ogs\u00e5 vil forbedre den generelle b\u00e6rekraften til organisasjonen din.<\/span><\/span><span data-ccp-props=\"{\"134233117\":false,\"134233118\":false,\"335559738\":300,\"335559739\":810}\"> <\/span><\/p>\n                        <\/div>\r\n                                                <a class=\"btn btn_big\" href=\"\/wp\/wp-content\/uploads\/2023\/09\/5-steps-to-Bill-S211-compliance.mp4\">Se<\/a>\r\n                                            <\/div>\r\n\t\t\t\t\t                    <div class=\"content_media_video\">\r\n                        <video  autoplay muted playsinline loop>\r\n                                        <source src=\"https:\/\/www.achilles.com\/app\/uploads\/2023\/09\/5-steps-to-Bill-S211-compliance.mp4\" type=\"video\/mp4\">\r\n\r\n                                    <\/video>\r\n                    <\/div>\r\n                    \t\t\t\t\t\r\n                                    <\/div>\r\n            <\/div>\r\n        <\/div>\r\n    \n\n    <div class=\"content_section bg_grey\">\r\n        <div class=\"container\">\r\n                        <div class=\"description_section\">\r\n                                <p class=\"title_category\">ACHILLES ESG-L\u00d8SNINGER<\/p>\r\n                                <h2 class=\"title_section\">ESG forsyningskjede risikol\u00f8sninger<\/h2>\r\n                                <div class=\"typical_text\">\r\n                    <p>Achilles er den verdensledende globale risikostyringseksperten i forsyningskjeden. Vi jobber med markedsledende finansielle, industrielle, kommersielle og statlige organisasjoner som krever den seri\u00f8se, detaljerte analysen og ekspertinnsikten som er n\u00f8dvendig for \u00e5 levere eksepsjonelle niv\u00e5er av rapporteringssikkerhet.<\/p>\n                <\/div>\r\n                            <\/div>\r\n                        <div class=\"features_wrap features_four\">\r\n                                <div class=\"feature_item\">\r\n                                        <div class=\"feature_item_icon\">\r\n                        <img decoding=\"async\" src=\"https:\/\/www.achilles.com\/app\/uploads\/2023\/09\/icon_common-file-text-check.png\" alt=\"\">\r\n                    <\/div>\r\n                                        <h3 class=\"feature_item_name\">Prekvalifisert leverand\u00f8rnettverk<\/h3>\r\n                                        <div class=\"typical_text\">\r\n                        <p>F\u00e5 tilgang til en omfattende database med prekvalifiserte leverand\u00f8rer som oppfyller de kravene som er relevant for deg.<\/p>\n                    <\/div>\r\n                                        <a class=\"btn\" aria-label=\"Prekvalifisert leverand\u00f8rnettverk - L\u00e6r mer\" href=\"https:\/\/www.achilles.com\/no\/prequalified-supplier-network\/\">L\u00e6r mer<\/a>\r\n                                    <\/div>\r\n                                <div class=\"feature_item\">\r\n                                        <div class=\"feature_item_icon\">\r\n                        <img decoding=\"async\" src=\"https:\/\/www.achilles.com\/app\/uploads\/2023\/09\/icon_user-network-1.png\" alt=\"on site audits\">\r\n                    <\/div>\r\n                                        <h3 class=\"feature_item_name\">ESG-leverand\u00f8rkjeden due diligence<\/h3>\r\n                                        <div class=\"typical_text\">\r\n                        <p>Akilles unikt strenge validering er den beste m\u00e5ten \u00e5 fullt ut oppn\u00e5 samsvar med The Fighting Against Forced Labor and Child Labour in Supply Chains Act.<\/p>\n                    <\/div>\r\n                                        <a class=\"btn\" aria-label=\"ESG-leverand\u00f8rkjeden due diligence - L\u00e6r mer\" href=\"https:\/\/www.achilles.com\/no\/supply-chain-due-diligence\/\">L\u00e6r mer<\/a>\r\n                                    <\/div>\r\n                                <div class=\"feature_item\">\r\n                                        <div class=\"feature_item_icon\">\r\n                        <img decoding=\"async\" src=\"https:\/\/www.achilles.com\/app\/uploads\/2023\/09\/Icon_air-pollution-co2-down-2.png\" alt=\"\">\r\n                    <\/div>\r\n                                        <h3 class=\"feature_item_name\">Karbonreduksjon<\/h3>\r\n                                        <div class=\"typical_text\">\r\n                        <p><span class=\"contentpasted1\">ISO14064-1 akkreditert sertifiseringsordning<\/span> <span class=\"contentpasted2\">designet for \u00e5 hjelpe deg med \u00e5 m\u00e5le, administrere og redusere karbonfotavtrykket ditt.<\/span><\/p>\n                    <\/div>\r\n                                        <a class=\"btn\" aria-label=\"Karbonreduksjon - L\u00e6r mer\" href=\"https:\/\/www.achilles.com\/no\/karbonsstyring-og-reduksjon\/\">L\u00e6r mer<\/a>\r\n                                    <\/div>\r\n                                <div class=\"feature_item\">\r\n                                        <div class=\"feature_item_icon\">\r\n                        <img decoding=\"async\" src=\"https:\/\/www.achilles.com\/app\/uploads\/2023\/09\/saving-bank-1.png\" alt=\"\">\r\n                    <\/div>\r\n                                        <h3 class=\"feature_item_name\">Regnskapserkl\u00e6ring<\/h3>\r\n                                        <div class=\"typical_text\">\r\n                        <p>Omfattende verifisering og validering av b\u00e6rekraftskrav i sammenheng med b\u00e6rekraftsrelaterte l\u00e5n.<\/p>\n                    <\/div>\r\n                                        <a class=\"btn\" aria-label=\"Regnskapserkl\u00e6ring - L\u00e6r mer\" href=\"https:\/\/www.achilles.com\/no\/baerekraftig-finans\/\">L\u00e6r mer<\/a>\r\n                                    <\/div>\r\n                            <\/div>\r\n                    <\/div>\r\n    <\/div>\r\n\n\n    <div class=\"content_section\">\r\n        <div class=\"container\">\r\n                        <div class=\"posts_panel\">\r\n                <div class=\"description_section\">\r\n                                        <p class=\"title_category\">ACHILLES INNSIKT<\/p>\r\n                     \r\n                    <h2 class=\"title_section\">anbefalt for deg<\/h2>\r\n                                    <\/div>\r\n                            <\/div>\r\n                                    <div class=\"posts_wrap\">\r\n                                <div class=\"post_item\">\r\n                    <div class=\"post_item_top\">\r\n                                                <a class=\"post_item_img\" href=\"https:\/\/www.achilles.com\/no\/bransjeinnsikt\/omnibuspakken-mer-eu-usikkerhet\/\">\r\n                            <img decoding=\"async\" src=\"https:\/\/www.achilles.com\/app\/uploads\/2024\/08\/AdobeStock_334037445_Editorial_Use_Only-scaled.jpeg\" alt=\"Omnibuspakken: Mer EU-usikkerhet\">\r\n                        <\/a>\r\n                                                <ul class=\"post_item_categories\">\r\n                                                        <li>Artikkel<\/li>\r\n                                                        <li>Bransjeinnsikt<\/li>\r\n                                                    <\/ul>\r\n                    <\/div>\r\n                    <a class=\"post_item_name\" href=\"https:\/\/www.achilles.com\/no\/bransjeinnsikt\/omnibuspakken-mer-eu-usikkerhet\/\">Omnibuspakken: Mer EU-usikkerhet<\/a>\r\n                <\/div>\r\n                                <div class=\"post_item\">\r\n                    <div class=\"post_item_top\">\r\n                                                <a class=\"post_item_img\" href=\"https:\/\/www.achilles.com\/no\/boom-i-fornybar-energi-eksponerer-risiko-i-leverandorkjeden\/\">\r\n                            <img decoding=\"async\" src=\"https:\/\/www.achilles.com\/app\/uploads\/2025\/10\/andreas-gucklhorn-Ilpf2eUPpUE-unsplash.jpg\" alt=\"Boom i fornybar energi eksponerer risiko i leverand\u00f8rkjeden\">\r\n                        <\/a>\r\n                                                <ul class=\"post_item_categories\">\r\n                                                        <li>Artikkel<\/li>\r\n                                                        <li>Bransjeinnsikt<\/li>\r\n                                                    <\/ul>\r\n                    <\/div>\r\n                    <a class=\"post_item_name\" href=\"https:\/\/www.achilles.com\/no\/boom-i-fornybar-energi-eksponerer-risiko-i-leverandorkjeden\/\">Boom i fornybar energi eksponerer risiko i leverand\u00f8rkjeden<\/a>\r\n                <\/div>\r\n                                <div class=\"post_item\">\r\n                    <div class=\"post_item_top\">\r\n                                                <a class=\"post_item_img\" href=\"https:\/\/www.achilles.com\/no\/bransjeinnsikt\/fra-data-til-offentliggjoring-hvordan-innkjop-kan-lede-an-i-arbeidet-med-ikke-finansiell-rapportering\/\">\r\n                            <img decoding=\"async\" src=\"https:\/\/www.achilles.com\/app\/uploads\/2023\/07\/thought-catalog-UK78i6vK3sc-unsplash-scaled-1.jpg\" alt=\"Fra data til offentliggj\u00f8ring: Hvordan innkj\u00f8p kan lede an i arbeidet med ikke-finansiell rapportering\">\r\n                        <\/a>\r\n                                                <ul class=\"post_item_categories\">\r\n                                                        <li>Artikkel<\/li>\r\n                                                    <\/ul>\r\n                    <\/div>\r\n                    <a class=\"post_item_name\" href=\"https:\/\/www.achilles.com\/no\/bransjeinnsikt\/fra-data-til-offentliggjoring-hvordan-innkjop-kan-lede-an-i-arbeidet-med-ikke-finansiell-rapportering\/\">Fra data til offentliggj\u00f8ring: Hvordan innkj\u00f8p kan lede an i arbeidet med ikke-finansiell rapportering<\/a>\r\n                <\/div>\r\n                            <\/div>\r\n                    <\/div>\r\n    <\/div>\r\n\n\n            <div class=\"content_section bg_grey\">\r\n            <div class=\"container\">\r\n                <div class=\"content_wrap\">\r\n                    <div class=\"content_info ogo2\">\r\n                                                <h2 class=\"title_page\">5 grunner til \u00e5 bruke Achilles for due diligence i forsyningskjeden<\/h2>\r\n                                                <h5 class=\"title_small\">Verdensledende ESG supply chain management og compliance<\/h5>\r\n                                                <div class=\"typical_text\">\r\n                            <p><span lang=\"EN-GB\" data-contrast=\"none\" xml:lang=\"EN-GB\">Finn ut mer om \u00e5 jobbe med Achilles, og se risikostyringsbyrden din i forsyningskjeden forsvinne og rapporteringssikkerheten skyter i v\u00e6ret.<\/span><\/p>\n                        <\/div>\r\n                                                <a class=\"btn btn_big\" href=\"https:\/\/www.achilles.com\/no\/bill-s211\/resources\/5-reasons-why-achilles-for-esg-supply-chain-risk-management\/\">Lese<\/a>\r\n                                            <\/div>\r\n\t\t\t\t\t\t\t\t\t\t\r\n                                        <div class=\"content_media\">\r\n                        <img decoding=\"async\" src=\"https:\/\/www.achilles.com\/app\/uploads\/2023\/09\/AdobeStock_555958628.png\" width=\"398\" alt=\"Carbon emissions\">\r\n                    <\/div>\r\n                                    <\/div>\r\n            <\/div>\r\n        <\/div>\r\n    \n\n    <div class=\"request_section\">\r\n        <div class=\"contact_bg\">\r\n                        <img decoding=\"async\" src=\"https:\/\/www.achilles.com\/app\/uploads\/2023\/09\/iStock-163352348.jpg\" alt=\"The Canadian \">\r\n                    <\/div>\r\n        <div class=\"container\">\r\n            <div class=\"request_inner\">\r\n                                <div class=\"request_wrapper\">\r\n                <h2 class=\"title_section\">Ta kontakt<\/h2>\r\n                <\/div>\r\n                                <div class=\"request_box\">\r\n                                        <h5 class=\"contact_content_subtitle\">Kontakt oss for \u00e5 diskutere kravene i loven om kampen mot tvangsarbeid og barnearbeid i forsyningskjeder<\/h5>\r\n                    <script charset=\"utf-8\" type=\"text\/javascript\" src=\"\/\/js.hsforms.net\/forms\/embed\/v2.js\"><\/script><script>hbspt.forms.create({\n    region: \"na1\",\n    portalId: \"5387762\",\n    formId: \"a23cf73a-36bd-433c-a1d8-4acd8b05b928\"\n  });\n<\/script>                <\/div>\r\n            <\/div>\r\n        <\/div>\r\n    <\/div>\r\n\r\n","protected":false},"excerpt":{"rendered":"","protected":false},"author":2,"featured_media":20227,"parent":0,"menu_order":0,"comment_status":"closed","ping_status":"closed","template":"","meta":{"_acf_changed":false,"content-type":"","footnotes":""},"class_list":["post-25587","page","type-page","status-publish","has-post-thumbnail","hentry"],"acf":[],"_links":{"self":[{"href":"https:\/\/www.achilles.com\/no\/wp-json\/wp\/v2\/pages\/25587","targetHints":{"allow":["GET"]}}],"collection":[{"href":"https:\/\/www.achilles.com\/no\/wp-json\/wp\/v2\/pages"}],"about":[{"href":"https:\/\/www.achilles.com\/no\/wp-json\/wp\/v2\/types\/page"}],"author":[{"embeddable":true,"href":"https:\/\/www.achilles.com\/no\/wp-json\/wp\/v2\/users\/2"}],"replies":[{"embeddable":true,"href":"https:\/\/www.achilles.com\/no\/wp-json\/wp\/v2\/comments?post=25587"}],"version-history":[{"count":0,"href":"https:\/\/www.achilles.com\/no\/wp-json\/wp\/v2\/pages\/25587\/revisions"}],"wp:featuredmedia":[{"embeddable":true,"href":"https:\/\/www.achilles.com\/no\/wp-json\/wp\/v2\/media\/20227"}],"wp:attachment":[{"href":"https:\/\/www.achilles.com\/no\/wp-json\/wp\/v2\/media?parent=25587"}],"curies":[{"name":"wp","href":"https:\/\/api.w.org\/{rel}","templated":true}]}}