{"id":24831,"date":"2023-06-12T17:16:16","date_gmt":"2023-06-12T16:16:16","guid":{"rendered":"https:\/\/uat.achilles.com\/products\/erklaering-om-begrenset-sikkerhet\/"},"modified":"2023-11-30T12:48:28","modified_gmt":"2023-11-30T09:48:28","slug":"erklaering-om-begrenset-sikkerhet","status":"publish","type":"page","link":"https:\/\/www.achilles.com\/no\/products\/erklaering-om-begrenset-sikkerhet\/","title":{"rendered":"Regnskapserkl\u00e6ring"},"content":{"rendered":"    <div class=\"top_section\">\n        <div class=\"container\">\n            <div class=\"top_info half\">\n                                    <h1 class=\"top_title\">Regnskapserkl\u00e6ring<\/h1>\n                                    <div class=\"top_text\">\n                        <p>Achilles&#8217; erkl\u00e6ring om begrenset sikkerhet gir omfattende verifisering og validering av b\u00e6rekraftskrav i sammenheng med b\u00e6rekraftsrelaterte l\u00e5n.<\/p>\n                    <\/div>\n                                    <div class=\"top_buttons\">\n                                                    <a class=\"btn btn_big\" href=\"https:\/\/www.achilles.com\/no\/kontakt-oss\/\">Snakk med en akillesekspert<\/a>\n                                            <\/div>\n                            <\/div>\n        <\/div>\n        <div class=\"top_media\">\n\t\t\t        <\/div>\n    <\/div>\n\n\n    <div class=\"content_section page_default_text\">\r\n        <div class=\"container\">\r\n            <article class=\"article_wrap\">\r\n                <div class=\"article_main\">\r\n                    <div class=\"typical_text\">\r\n                        <p class=\"p1\">Achilles-erkl\u00e6ringen omfatter alle viktige aspekter ved finansiell forsikring, og lar l\u00e5ngivere ta informerte beslutninger og engasjere seg i ansvarlig finansiering med tillit og l\u00e5ntakere for \u00e5 tydelig demonstrere ambisi\u00f8se, materielle og kvantifiserbare ytelser i forhold til milj\u00f8messige, sosiale og styringsmessige KPIer og b\u00e6rekraftsm\u00e5l (Sustainability Performance Targets) SPT-er).<\/p>\n \r\n                    <\/div>\r\n                <\/div>\r\n            <\/article>\r\n        <\/div>\r\n    <\/div>\r\n\n\n            <div class=\"content_section bg_grey\">\r\n            <div class=\"container\">\r\n                <div class=\"content_wrap\">\r\n                    <div class=\"content_info ogo2\">\r\n                                                <h2 class=\"title_page\">Uavhengig, streng verifisering<\/h2>\r\n                                                <div class=\"typical_text\">\r\n                            <p class=\"p1\">Achilles-erkl\u00e6ringen gir en uavhengig og grundig vurdering av l\u00e5ntakernes b\u00e6rekraftytelse. V\u00e5rt team av erfarne b\u00e6rekraftseksperter gjennomf\u00f8rer en grundig evaluering av b\u00e6rekraftspraksis, datan\u00f8yaktighet, KPIer og rapporteringsprosesser. Denne objektive verifiseringen hjelper til med \u00e5 eliminere risikoen for gr\u00f8nnvasking og sikrer at l\u00e5ntakerens p\u00e5stander om b\u00e6rekraft er p\u00e5litelige.<\/p>\n                        <\/div>\r\n                                            <\/div>\r\n\t\t\t\t\t\t\t\t\t\t\r\n                                    <\/div>\r\n            <\/div>\r\n        <\/div>\r\n    \n\n            <div class=\"content_section\">\r\n            <div class=\"container\">\r\n                <div class=\"content_wrap right\">\r\n                    <div class=\"content_info ogo2\">\r\n                                                <h2 class=\"title_page\">Holistisk risikostyring<\/h2>\r\n                                                <div class=\"typical_text\">\r\n                            <p class=\"p1\">Achilles Statement of Limited Assurance gj\u00f8r det mulig for l\u00e5ngivere \u00e5 proaktivt h\u00e5ndtere risiko knyttet til b\u00e6rekraftsrelaterte l\u00e5n. V\u00e5r forsikringsprosess evaluerer l\u00e5ntakerens b\u00e6rekraftsstyringssystemer, identifiserer potensielle hull og s\u00e5rbarheter. Ved \u00e5 vurdere hele spekteret av ESG-faktorer gir vi l\u00e5ngivere en omfattende risikoanalyse, som gir dem mulighet til \u00e5 ta informerte beslutninger og sikre ytelsen til deres l\u00e5neportef\u00f8ljer.<\/p>\n                        <\/div>\r\n                                            <\/div>\r\n\t\t\t\t\t\t\t\t\t\t\r\n                                    <\/div>\r\n            <\/div>\r\n        <\/div>\r\n    \n\n            <div class=\"content_section bg_grey\">\r\n            <div class=\"container\">\r\n                <div class=\"content_wrap\">\r\n                    <div class=\"content_info ogo2\">\r\n                                                <h2 class=\"title_page\">Overholdelse og rapporteringssikkerhet<\/h2>\r\n                                                <div class=\"typical_text\">\r\n                            <p class=\"p1\">Achilles-erkl\u00e6ringen sikrer overholdelse av l\u00e5neavtaler og b\u00e6rekraftsrammer. Den verifiserer l\u00e5ntakerens overholdelse av avtalte b\u00e6rekraftsm\u00e5l og rapporteringskrav og gj\u00f8r det mulig for l\u00e5ngivere \u00e5 overv\u00e5ke l\u00e5ntakers fremgang n\u00f8yaktig. L\u00e5ngivere f\u00e5r trygghet ved \u00e5 vite at l\u00e5ntakerens b\u00e6rekraftsrapportering er n\u00f8yaktig, gjennomsiktig og i tr\u00e5d med bransjestandarder, og unng\u00e5r potensielle overholdelsesproblemer og omd\u00f8mmerisiko.<\/p>\n                        <\/div>\r\n                                            <\/div>\r\n\t\t\t\t\t\t\t\t\t\t\r\n                                    <\/div>\r\n            <\/div>\r\n        <\/div>\r\n    \n\n            <div class=\"content_section\">\r\n            <div class=\"container\">\r\n                <div class=\"content_wrap right\">\r\n                    <div class=\"content_info ogo2\">\r\n                                                <h2 class=\"title_page\">Tillit og troverdighet<\/h2>\r\n                                                <div class=\"typical_text\">\r\n                            <p class=\"p1\">Achilles-erkl\u00e6ringen gj\u00f8r det mulig for l\u00e5ngivere \u00e5 trygt kommunisere l\u00e5ntakernes b\u00e6rekraftytelser til interessenter. Achilles robuste forsikringserkl\u00e6ring fungerer som et bevisst\u00f8ttet stempel p\u00e5 troverdighet, forbedrer omd\u00f8mmet og fremmer tillit blant investorer, kunder og publikum.<\/p>\n                        <\/div>\r\n                                            <\/div>\r\n\t\t\t\t\t\t\t\t\t\t\r\n                                    <\/div>\r\n            <\/div>\r\n        <\/div>\r\n    \n\n            <div class=\"content_section\">\r\n            <div class=\"container\">\r\n                <div class=\"content_wrap\">\r\n                    <div class=\"content_info ogo2\">\r\n                                                <h2 class=\"title_page\">Differensiering og engasjement<\/h2>\r\n                                                <div class=\"typical_text\">\r\n                            <p class=\"p1\">Ved \u00e5 bruke Achilles-erkl\u00e6ringen, demonstrerer l\u00e5ngivere og l\u00e5ntakere sin forpliktelse til b\u00e6rekraft og differensierer seg i markedet, noe som gj\u00f8r det lettere \u00e5 tiltrekke seg b\u00e6rekraftsfokuserte partnere, styrke relasjoner og \u00e5pne nye veier for samarbeid.<\/p>\n                        <\/div>\r\n                                            <\/div>\r\n\t\t\t\t\t\t\t\t\t\t\r\n                                    <\/div>\r\n            <\/div>\r\n        <\/div>\r\n    ","protected":false},"excerpt":{"rendered":"","protected":false},"author":2,"featured_media":0,"parent":2103,"menu_order":0,"comment_status":"closed","ping_status":"closed","template":"","meta":{"_acf_changed":false,"content-type":"","footnotes":""},"class_list":["post-24831","page","type-page","status-publish","hentry"],"acf":[],"_links":{"self":[{"href":"https:\/\/www.achilles.com\/no\/wp-json\/wp\/v2\/pages\/24831","targetHints":{"allow":["GET"]}}],"collection":[{"href":"https:\/\/www.achilles.com\/no\/wp-json\/wp\/v2\/pages"}],"about":[{"href":"https:\/\/www.achilles.com\/no\/wp-json\/wp\/v2\/types\/page"}],"author":[{"embeddable":true,"href":"https:\/\/www.achilles.com\/no\/wp-json\/wp\/v2\/users\/2"}],"replies":[{"embeddable":true,"href":"https:\/\/www.achilles.com\/no\/wp-json\/wp\/v2\/comments?post=24831"}],"version-history":[{"count":0,"href":"https:\/\/www.achilles.com\/no\/wp-json\/wp\/v2\/pages\/24831\/revisions"}],"up":[{"embeddable":true,"href":"https:\/\/www.achilles.com\/no\/wp-json\/wp\/v2\/pages\/2103"}],"wp:attachment":[{"href":"https:\/\/www.achilles.com\/no\/wp-json\/wp\/v2\/media?parent=24831"}],"curies":[{"name":"wp","href":"https:\/\/api.w.org\/{rel}","templated":true}]}}