{"id":24824,"date":"2023-10-02T14:31:45","date_gmt":"2023-10-02T13:31:45","guid":{"rendered":"https:\/\/uat.achilles.com\/shipping\/"},"modified":"2024-08-16T13:28:55","modified_gmt":"2024-08-16T12:28:55","slug":"shipping","status":"publish","type":"page","link":"https:\/\/www.achilles.com\/no\/skipsfart\/","title":{"rendered":"Skipsfart"},"content":{"rendered":"    <div class=\"top_section\">\n        <div class=\"container\">\n            <div class=\"top_info\">\n                                    <h1 class=\"top_title\">B\u00e6rekraftige l\u00f8sninger for forsyningskjedestyring for frakt<\/h1>\n                                    <div class=\"top_text\">\n                        <p>I en tid da den globale shippingindustrien fokuserer p\u00e5 IMOs m\u00e5l og forskrifter, inkludert ambisi\u00f8se klimagassutslippsm\u00e5l, la Achilles ta byrden av dine bredere forsyningskjedeforpliktelser for \u00e5 oppfylle due diligence-lovgivningen og investorkravene.<\/p>\n                    <\/div>\n                                    <div class=\"top_buttons\">\n                                                    <a class=\"btn btn_white btn_big\" href=\"https:\/\/www.achilles.com\/no\/kontakt-oss\/\">Snakk med oss<\/a>\n                                            <\/div>\n                            <\/div>\n        <\/div>\n        <div class=\"top_media\">\n\t\t\t        <\/div>\n    <\/div>\n\n\n    <div class=\"content_section\">\r\n        <div class=\"container\">\r\n                        <div class=\"description_section\">\r\n                                <p class=\"title_category\">ACHILLES KUNDER<\/p>\r\n                                <h2 class=\"title_section\">Markedsledende energi- og transportbedrifter velger Achilles<\/h2>\r\n                                <div class=\"typical_text middle_text\">\r\n                    <p>Achilles samarbeider med ledende jernbane-, vei- og logistikkselskaper p\u00e5 tvers av kontinenter for \u00e5 h\u00e5ndtere p\u00e5virkninger i forsyningskjeden, st\u00f8tte kontinuerlig forbedring av leverand\u00f8rer, gi tillit til rapportering av due diligence og sikre overholdelse av ESG-lovgivning.<\/p>\n                <\/div>\r\n                            <\/div>\r\n                        <div class=\"logos_wrap\">\r\n                                <div class=\"logo_item\">\r\n                    <img decoding=\"async\" src=\"\" alt=\"\" width=\"250\">\r\n                <\/div>\r\n                                <div class=\"logo_item\">\r\n                    <img decoding=\"async\" src=\"https:\/\/www.achilles.com\/app\/uploads\/2023\/10\/wincanton-logo.svg\" alt=\"Achilles works with Wincanton to provide supply chain risk management solutions\" width=\"250\">\r\n                <\/div>\r\n                                <div class=\"logo_item\">\r\n                    <img decoding=\"async\" src=\"https:\/\/www.achilles.com\/app\/uploads\/2023\/06\/Customer-logo_Shell-logo.png\" alt=\"Shell chooses Achilles for ESG supply chain management\" width=\"250\">\r\n                <\/div>\r\n                                <div class=\"logo_item\">\r\n                    <img decoding=\"async\" src=\"https:\/\/www.achilles.com\/app\/uploads\/2023\/06\/logo-mzlng.png\" alt=\"\" width=\"250\">\r\n                <\/div>\r\n                                <div class=\"logo_item\">\r\n                    <img decoding=\"async\" src=\"\" alt=\"\" width=\"250\">\r\n                <\/div>\r\n                                <div class=\"logo_item\">\r\n                    <img decoding=\"async\" src=\"\" alt=\"\" width=\"250\">\r\n                <\/div>\r\n                                <div class=\"logo_item\">\r\n                    <img decoding=\"async\" src=\"https:\/\/www.achilles.com\/app\/uploads\/2023\/05\/innkjopsportal-logo-vy.png\" alt=\"\" width=\"250\">\r\n                <\/div>\r\n                                <div class=\"logo_item\">\r\n                    <img decoding=\"async\" src=\"https:\/\/www.achilles.com\/app\/uploads\/2023\/06\/bwo-logo-610.jpg\" alt=\"\" width=\"246\">\r\n                <\/div>\r\n                                <div class=\"logo_item\">\r\n                    <img decoding=\"async\" src=\"https:\/\/www.achilles.com\/app\/uploads\/2023\/09\/Petroperu.jpeg\" alt=\"\" width=\"250\">\r\n                <\/div>\r\n                                <div class=\"logo_item\">\r\n                    <img decoding=\"async\" src=\"https:\/\/www.achilles.com\/app\/uploads\/2023\/06\/DublinPortCo-Logo1-e1525869147586.jpg\" alt=\"\" width=\"250\">\r\n                <\/div>\r\n                            <\/div>\r\n                    <\/div>\r\n    <\/div>\r\n\n\n    <div class=\"content_section\">\r\n        <div class=\"container\">\r\n                        <div class=\"posts_panel\">\r\n                <div class=\"description_section\">\r\n                                        <p class=\"title_category\">Kundehistorier<\/p>\r\n                     \r\n                    <h2 class=\"title_section\">Achilles&#8217; kunder er markedsledere innen milj\u00f8messig og sosial styring<\/h2>\r\n                                    <\/div>\r\n                            <\/div>\r\n                                    <div class=\"posts_wrap\">\r\n                                <div class=\"post_item\">\r\n                    <div class=\"post_item_top\">\r\n                                                <a class=\"post_item_img\" href=\"https:\/\/www.achilles.com\/no\/bransjeinnsikt\/bygging-av-et-skalerbart-baerekraftig-og-robust-nettverk-for-datasenterkonstruksjon\/\">\r\n                            <img decoding=\"async\" src=\"https:\/\/www.achilles.com\/app\/uploads\/2026\/03\/Achilles-Google-Supply-Chain-Risk-banner.png\" alt=\"Bygging av et skalerbart, b\u00e6rekraftig og robust nettverk for datasenterkonstruksjon\">\r\n                        <\/a>\r\n                                                <ul class=\"post_item_categories\">\r\n                                                        <li>Bransjeinnsikt<\/li>\r\n                                                        <li>Case Studier<\/li>\r\n                                                    <\/ul>\r\n                    <\/div>\r\n                    <a class=\"post_item_name\" href=\"https:\/\/www.achilles.com\/no\/bransjeinnsikt\/bygging-av-et-skalerbart-baerekraftig-og-robust-nettverk-for-datasenterkonstruksjon\/\">Bygging av et skalerbart, b\u00e6rekraftig og robust nettverk for datasenterkonstruksjon<\/a>\r\n                <\/div>\r\n                                <div class=\"post_item\">\r\n                    <div class=\"post_item_top\">\r\n                                                <a class=\"post_item_img\" href=\"https:\/\/www.achilles.com\/no\/hvordan-leverandorengasjement-former-baerekraften-i-maritime-leverandorkjeder\/\">\r\n                            <img decoding=\"async\" src=\"https:\/\/www.achilles.com\/app\/uploads\/2025\/01\/Maritime.png\" alt=\"Hvordan leverand\u00f8rengasjement former b\u00e6rekraften i maritime leverand\u00f8rkjeder\">\r\n                        <\/a>\r\n                                                <ul class=\"post_item_categories\">\r\n                                                        <li>Bransjeinnsikt<\/li>\r\n                                                        <li>Case Studier<\/li>\r\n                                                    <\/ul>\r\n                    <\/div>\r\n                    <a class=\"post_item_name\" href=\"https:\/\/www.achilles.com\/no\/hvordan-leverandorengasjement-former-baerekraften-i-maritime-leverandorkjeder\/\">Hvordan leverand\u00f8rengasjement former b\u00e6rekraften i maritime leverand\u00f8rkjeder<\/a>\r\n                <\/div>\r\n                                <div class=\"post_item\">\r\n                    <div class=\"post_item_top\">\r\n                                                <a class=\"post_item_img\" href=\"https:\/\/www.achilles.com\/no\/industry-insights\/hvorfor-revisjoner-er-viktige-en-virkelig-historie-fra-sjomatlogistikken\/\">\r\n                            <img decoding=\"async\" src=\"https:\/\/www.achilles.com\/app\/uploads\/2025\/03\/vidar-nordli-mathisen-641pLhGEEyg-unsplash.jpg\" alt=\"Hvorfor revisjoner er avgj\u00f8rende: En ekte historie fra sj\u00f8matlogistikk\">\r\n                        <\/a>\r\n                                                <ul class=\"post_item_categories\">\r\n                                                        <li>Case Studier<\/li>\r\n                                                    <\/ul>\r\n                    <\/div>\r\n                    <a class=\"post_item_name\" href=\"https:\/\/www.achilles.com\/no\/industry-insights\/hvorfor-revisjoner-er-viktige-en-virkelig-historie-fra-sjomatlogistikken\/\">Hvorfor revisjoner er avgj\u00f8rende: En ekte historie fra sj\u00f8matlogistikk<\/a>\r\n                <\/div>\r\n                            <\/div>\r\n                    <\/div>\r\n    <\/div>\r\n\n\n    <div class=\"content_section\">\r\n        <div class=\"container\">\r\n                        <div class=\"description_section\">\r\n                                <p class=\"title_category\">Forsyningskjedel\u00f8sninger for skipsfart<\/p>\r\n                                <h2 class=\"title_section\">L\u00f8sninger for en tryggere, rettferdigere og lavere karbon-forsyningskjede<\/h2>\r\n                                <div class=\"typical_text middle_text\">\r\n                    <p>Achilles har mange ti\u00e5r med erfaring med \u00e5 samarbeide med verdens ledende transport- og logistikkselskaper for \u00e5 h\u00e5ndtere risiko i forsyningskjeden, redusere karbonutslipp og levere enest\u00e5ende gjennomsiktighet i forsyningskjeden.<\/p>\n                <\/div>\r\n                            <\/div>\r\n                        <div class=\"features_wrap features_four\">\r\n                                <div class=\"feature_item\">\r\n                                        <div class=\"feature_item_icon\">\r\n                        <img decoding=\"async\" src=\"https:\/\/www.achilles.com\/app\/uploads\/2023\/09\/icon_common-file-text-check.png\" alt=\"\">\r\n                    <\/div>\r\n                                        <h3 class=\"feature_item_name\">Prekvalifisert leverand\u00f8rnettverk<\/h3>\r\n                                        <div class=\"typical_text\">\r\n                        <p>F\u00e5 tilgang til en strengt validert database med prekvalifiserte leverand\u00f8rer i byggebransjen som oppfyller lokale og internasjonale ESG- og anskaffelsesforskrifter.<\/p>\n                    <\/div>\r\n                                        <a class=\"btn\" aria-label=\"Prekvalifisert leverand\u00f8rnettverk - L\u00e6r mer\" href=\"https:\/\/www.achilles.com\/no\/prequalified-supplier-network\/\">L\u00e6r mer<\/a>\r\n                                    <\/div>\r\n                                <div class=\"feature_item\">\r\n                                        <div class=\"feature_item_icon\">\r\n                        <img decoding=\"async\" src=\"https:\/\/www.achilles.com\/app\/uploads\/2023\/09\/icon_user-network-1.png\" alt=\"on site audits\">\r\n                    <\/div>\r\n                                        <h3 class=\"feature_item_name\">Leverand\u00f8rdue Diligence<\/h3>\r\n                                        <div class=\"typical_text\">\r\n                        <p>Streng vurdering og validering av forsyningskjeden din for \u00e5 sikre at leverand\u00f8rene dine oppfyller dine standarder og sikre at du er i samsvar med regelverket som er relevant for din virksomhet.<\/p>\n                    <\/div>\r\n                                        <a class=\"btn\" aria-label=\"Leverand\u00f8rdue Diligence - L\u00e6r mer\" href=\"https:\/\/www.achilles.com\/no\/supply-chain-due-diligence\/\">L\u00e6r mer<\/a>\r\n                                    <\/div>\r\n                                <div class=\"feature_item\">\r\n                                        <div class=\"feature_item_icon\">\r\n                        <img decoding=\"async\" src=\"https:\/\/www.achilles.com\/app\/uploads\/2023\/09\/Icon_air-pollution-co2-down-2.png\" alt=\"\">\r\n                    <\/div>\r\n                                        <h3 class=\"feature_item_name\">Carbon Reduce<\/h3>\r\n                                        <div class=\"typical_text\">\r\n                        <p>M\u00e5l, administrer og reduser karbonavtrykket ditt effektivt med verdens eneste ISO14064-1 Carbon Management Scheme.<\/p>\n                    <\/div>\r\n                                        <a class=\"btn\" aria-label=\"Carbon Reduce - L\u00e6r mer\" href=\"https:\/\/www.achilles.com\/no\/karbonsstyring-og-reduksjon\/\">L\u00e6r mer<\/a>\r\n                                    <\/div>\r\n                                <div class=\"feature_item\">\r\n                                        <div class=\"feature_item_icon\">\r\n                        <img decoding=\"async\" src=\"https:\/\/www.achilles.com\/app\/uploads\/2023\/09\/saving-bank-1.png\" alt=\"\">\r\n                    <\/div>\r\n                                        <h3 class=\"feature_item_name\">Regnskapserkl\u00e6ring<\/h3>\r\n                                        <div class=\"typical_text\">\r\n                        <p>Vis l\u00e5ngivere og andre interessenter den innsatsen du gj\u00f8r i henhold til Milj\u00f8- , Sosiale- og Forretningsetiske forhold, samt de B\u00e6rekraftsm\u00e5lene du har satt (SPTs).<\/p>\n                    <\/div>\r\n                                        <a class=\"btn\" aria-label=\"Regnskapserkl\u00e6ring - L\u00e6r mer\" href=\"https:\/\/www.achilles.com\/no\/baerekraftig-finans\/\">L\u00e6r mer<\/a>\r\n                                    <\/div>\r\n                            <\/div>\r\n                    <\/div>\r\n    <\/div>\r\n\n\n            <div class=\"hero_section\">\r\n           <div class=\"hero_media\">\r\n                            <\/div>\r\n            <div class=\"container\">\r\n                <div class=\"hero_wrapper\">\r\n                    <div class=\"hero_info\">\r\n                                                <div class=\"typical_text middle_text\">\r\n                            <p>Jeg har kjent til og samarbeidet med Achilles i mange \u00e5r. Jeg vet at selskapets erfaring og sterke tilstedev\u00e6relse i den mer regulerte offshore-sektoren har evnen til \u00e5 v\u00e6re en facilitator for slike saker innen den generelle maritime industrien med dens stadig \u00f8kende krav til b\u00e6rekraftighet. <p> Peter Schellenberger\r\n<p>Peter Schellenberger, Shipping Supply Chain Consultant<\/p>\r\n                        <\/div>\r\n                                                <div class=\"content_buttons\">\r\n                                                        <a class=\"btn btn_big\" aria-label=\" - Lese\" href=\"https:\/\/www.achilles.com\/no\/uncategorized-no\/en-rettferdig-overgang-til-imos-ghg-mal\/\">Lese<\/a>\r\n                                                    <\/div>\r\n                                            <\/div>\r\n                <\/div>\r\n            <\/div>\r\n        <\/div>\r\n    \n\n            <div class=\"hero_section\">\r\n           <div class=\"hero_media\">\r\n                                <img decoding=\"async\" src=\"https:\/\/www.achilles.com\/app\/uploads\/2024\/08\/UK-Ports-award-2024.png\" alt=\"\">\r\n                            <\/div>\r\n            <div class=\"container\">\r\n                <div class=\"hero_wrapper\">\r\n                    <div class=\"hero_info\">\r\n                                                <h2 class=\"title_section\">Achilles k\u00e5ret til \u00c5rets Konsulentbyr\u00e5 p\u00e5 UK Ports Sustainability Awards<\/h2>\r\n                                                <div class=\"typical_text middle_text\">\r\n                            <p>Achilles ble anerkjent for arbeidet de gj\u00f8r med \u00e5 st\u00f8tte britiske organisasjoner i \u00e5 h\u00e5ndtere eksisterende og nye regulerte anskaffelsesforpliktelser, oppn\u00e5 transparens i forsyningskjeden, og for sitt verdensledende Carbon Reduce-program som i gjennomsnitt gj\u00f8r det mulig for virksomheter \u00e5 redusere driftskarbon med 50 % innen 5 \u00e5r.<\/p>\r\n                        <\/div>\r\n                                                <div class=\"content_buttons\">\r\n                                                        <a class=\"btn btn_big\" aria-label=\" - Les mer\" href=\"https:\/\/www.achilles.com\/no\/industry-insights\/achilles-karet-til-arets-konsulent-ved-uk-ports-sustainability-awards\/\">Les mer<\/a>\r\n                                                    <\/div>\r\n                                            <\/div>\r\n                <\/div>\r\n            <\/div>\r\n        <\/div>\r\n    \n\n    <div class=\"content_section\">\r\n        <div class=\"container\">\r\n                        <div class=\"posts_panel\">\r\n                <div class=\"description_section\">\r\n                                        <p class=\"title_category\">Bransjeinnsikt<\/p>\r\n                     \r\n                    <h2 class=\"title_section\">Anbefalt for deg<\/h2>\r\n                                    <\/div>\r\n                            <\/div>\r\n                                    <div class=\"posts_wrap\">\r\n                                <div class=\"post_item\">\r\n                    <div class=\"post_item_top\">\r\n                                                <a class=\"post_item_img\" href=\"https:\/\/www.achilles.com\/no\/bransjeinnsikt\/achilles-lanserer-achillesai-predictive-scoring-som-et-supplement-til-grundigere-leverandorvurderinger\/\">\r\n                            <img decoding=\"async\" src=\"https:\/\/www.achilles.com\/app\/uploads\/2025\/08\/Predictive-Scoring.png\" alt=\"Achilles lanserer AchillesAI Predictive Scoring som et supplement til grundigere leverand\u00f8rvurderinger\">\r\n                        <\/a>\r\n                                                <ul class=\"post_item_categories\">\r\n                                                        <li>Bransjeinnsikt<\/li>\r\n                                                    <\/ul>\r\n                    <\/div>\r\n                    <a class=\"post_item_name\" href=\"https:\/\/www.achilles.com\/no\/bransjeinnsikt\/achilles-lanserer-achillesai-predictive-scoring-som-et-supplement-til-grundigere-leverandorvurderinger\/\">Achilles lanserer AchillesAI Predictive Scoring som et supplement til grundigere leverand\u00f8rvurderinger<\/a>\r\n                <\/div>\r\n                                <div class=\"post_item\">\r\n                    <div class=\"post_item_top\">\r\n                                                <a class=\"post_item_img\" href=\"https:\/\/www.achilles.com\/no\/bransjeinnsikt\/norges-klimaplan-store-mal-sma-skritt\/\">\r\n                            <img decoding=\"async\" src=\"https:\/\/www.achilles.com\/app\/uploads\/2025\/07\/yohan-marion-nByLkhn1IsI-unsplash.jpg\" alt=\"Norges klimaplan: Store m\u00e5l, sm\u00e5 skritt\">\r\n                        <\/a>\r\n                                                <ul class=\"post_item_categories\">\r\n                                                        <li>Bransjeinnsikt<\/li>\r\n                                                    <\/ul>\r\n                    <\/div>\r\n                    <a class=\"post_item_name\" href=\"https:\/\/www.achilles.com\/no\/bransjeinnsikt\/norges-klimaplan-store-mal-sma-skritt\/\">Norges klimaplan: Store m\u00e5l, sm\u00e5 skritt<\/a>\r\n                <\/div>\r\n                                <div class=\"post_item\">\r\n                    <div class=\"post_item_top\">\r\n                                                <a class=\"post_item_img\" href=\"https:\/\/www.achilles.com\/no\/bransjeinnsikt\/achilles-mourns-the-passing-of-chief-executive-officer-dr-paul-stanley\/\">\r\n                            <img decoding=\"async\" src=\"https:\/\/www.achilles.com\/app\/uploads\/2025\/06\/Paul-Stanley-Web-Banner-image.png\" alt=\"Achilles s\u00f8rger over bortgangen til administrerende direkt\u00f8r, Dr. Paul Stanley\">\r\n                        <\/a>\r\n                                                <ul class=\"post_item_categories\">\r\n                                                        <li>Bransjeinnsikt<\/li>\r\n                                                    <\/ul>\r\n                    <\/div>\r\n                    <a class=\"post_item_name\" href=\"https:\/\/www.achilles.com\/no\/bransjeinnsikt\/achilles-mourns-the-passing-of-chief-executive-officer-dr-paul-stanley\/\">Achilles s\u00f8rger over bortgangen til administrerende direkt\u00f8r, Dr. Paul Stanley<\/a>\r\n                <\/div>\r\n                            <\/div>\r\n                    <\/div>\r\n    <\/div>\r\n\n\n    <div class=\"contact_main\">\r\n        <div class=\"contact_bg\">\r\n                        <img decoding=\"async\" src=\"https:\/\/www.achilles.com\/app\/uploads\/2023\/10\/AdobeStock_303446042-reduce.jpg\" alt=\"\">\r\n                    <\/div>\r\n        <div class=\"container\">\r\n            <div class=\"contact_content\">\r\n                <div class=\"contact_wrapper\">\r\n                <div class=\"contact_content_description\">\r\n                                        <h1 class=\"title_page\">Snakk med oss<\/h1>\r\n                                        <h5 class=\"contact_content_subtitle\">Snakk med en av v\u00e5re eksperter innen ESG og karbonh\u00e5ndtering<\/h5>\r\n                                    <\/div>\r\n                <\/div>\r\n                <div class=\"contact_reqiest\">\r\n                    <script charset=\"utf-8\" type=\"text\/javascript\" src=\"\/\/js.hsforms.net\/forms\/embed\/v2.js\"><\/script>\r\n<script>\r\n  hbspt.forms.create({\r\n    region: \"na1\",\r\n    portalId: \"5387762\",\r\n    formId: \"7d571fd7-c04c-42f1-9a34-77752e51eb8d\"\r\n  });\r\n<\/script>                <\/div>\r\n            <\/div>\r\n        <\/div>\r\n    <\/div>\r\n\r\n","protected":false},"excerpt":{"rendered":"","protected":false},"author":2,"featured_media":0,"parent":0,"menu_order":0,"comment_status":"closed","ping_status":"closed","template":"","meta":{"_acf_changed":true,"content-type":"","footnotes":""},"class_list":["post-24824","page","type-page","status-publish","hentry"],"acf":[],"_links":{"self":[{"href":"https:\/\/www.achilles.com\/no\/wp-json\/wp\/v2\/pages\/24824","targetHints":{"allow":["GET"]}}],"collection":[{"href":"https:\/\/www.achilles.com\/no\/wp-json\/wp\/v2\/pages"}],"about":[{"href":"https:\/\/www.achilles.com\/no\/wp-json\/wp\/v2\/types\/page"}],"author":[{"embeddable":true,"href":"https:\/\/www.achilles.com\/no\/wp-json\/wp\/v2\/users\/2"}],"replies":[{"embeddable":true,"href":"https:\/\/www.achilles.com\/no\/wp-json\/wp\/v2\/comments?post=24824"}],"version-history":[{"count":0,"href":"https:\/\/www.achilles.com\/no\/wp-json\/wp\/v2\/pages\/24824\/revisions"}],"wp:attachment":[{"href":"https:\/\/www.achilles.com\/no\/wp-json\/wp\/v2\/media?parent=24824"}],"curies":[{"name":"wp","href":"https:\/\/api.w.org\/{rel}","templated":true}]}}