{"id":24818,"date":"2023-10-02T18:04:33","date_gmt":"2023-10-02T17:04:33","guid":{"rendered":"https:\/\/uat.achilles.com\/baerekraftig-finans\/"},"modified":"2026-04-08T14:52:35","modified_gmt":"2026-04-08T13:52:35","slug":"baerekraftig-finans","status":"publish","type":"page","link":"https:\/\/www.achilles.com\/no\/baerekraftig-finans\/","title":{"rendered":"B\u00e6rekraftig finans"},"content":{"rendered":"    <div class=\"top_section\">\n        <div class=\"container\">\n            <div class=\"top_info half\">\n                                    <h1 class=\"top_title\">Styrke b\u00e6rekraftig finans<\/h1>\n                                    <div class=\"top_text\">\n                        <p class=\"cvGsUA direction-ltr align-start para-style-body\"><span class=\"OYPEnA text-decoration-none text-strikethrough-none\">Achilles har over 30 \u00e5rs erfaring med \u00e5 hjelpe firmaer med \u00e5 overholde de h\u00f8yeste milj\u00f8messige, regulatoriske, etiske og moralske standardene<\/span><\/p>\n<p class=\"cvGsUA direction-ltr align-start para-style-body\"><span class=\"ui-provider ec bkp bhv bkq bkr bks bkt bku bkv bkw bkx bky bkz bla blb blc bld ble blf blg blh bli blj blk bll blm bln blo blp blq blr bls blt blu blv\" dir=\"ltr\">Dataene v\u00e5re st\u00f8tter virksomheter til \u00e5 forme, verifisere og overv\u00e5ke deres b\u00e6rekraftsstrategier og f\u00e5 tilgang til fordelene med Sustainability Linked Loans.<\/span><\/p>\n                    <\/div>\n                                    <div class=\"top_buttons\">\n                                                    <a class=\"btn btn_big\" href=\"https:\/\/www.achilles.com\/no\/kontakt-oss\/\">Kontakt oss<\/a>\n                                            <\/div>\n                            <\/div>\n        <\/div>\n        <div class=\"top_media\">\n\t\t\t        <\/div>\n    <\/div>\n\n\n            <div class=\"content_section\">\r\n            <div class=\"container\">\r\n                <div class=\"content_wrap right\">\r\n                    <div class=\"content_info ogo2\">\r\n                                                <p class=\"title_category\">UTFORDRINGEN<\/p>\r\n                                                <h2 class=\"title_section\">Tradisjonell finansiering<\/h2>\r\n                                                <div class=\"typical_text\">\r\n                            <p class=\"cvGsUA direction-ltr align-start para-style-body\"><span class=\"OYPEnA text-decoration-none text-strikethrough-none\">I det raskt utviklende landskapet for bedriftsfinansiering er det ikke bare et moralsk imperativ \u00e5 n\u00e5 b\u00e6rekraftsm\u00e5lene; det er en \u00f8konomisk n\u00f8dvendighet. Imidlertid kommer tradisjonelle l\u00e5n ofte til kort n\u00e5r det gjelder \u00e5 tilpasse seg disse m\u00e5lene, noe som gj\u00f8r at l\u00e5ntakere st\u00e5r overfor utfordringer som:<\/span><\/p>\n<ul>\n<li><span class=\"OYPEnA text-decoration-none text-strikethrough-none\">H\u00f8ye renter<\/span><\/li>\n<li><span class=\"OYPEnA text-decoration-none text-strikethrough-none\">Bekymringer om troverdighet<\/span><\/li>\n<li><span class=\"OYPEnA text-decoration-none text-strikethrough-none\">Begrenset fleksibilitet<\/span><\/li>\n<\/ul>\n<p class=\"cvGsUA direction-ltr align-start para-style-body\">\n                        <\/div>\r\n                                            <\/div>\r\n\t\t\t\t\t\t\t\t\t\t\r\n                                    <\/div>\r\n            <\/div>\r\n        <\/div>\r\n    \n\n\n<div class=\"wp-block-columns is-layout-flex wp-container-core-columns-is-layout-9d6595d7 wp-block-columns-is-layout-flex\">\n<div class=\"wp-block-column is-layout-flow wp-block-column-is-layout-flow\" style=\"flex-basis:100%\"><\/div>\n<\/div>\n\n\n     <div class=\"stats_full\">\r\n        <div class=\"stats_bg\">\r\n                        <img decoding=\"async\" src=\"https:\/\/www.achilles.com\/app\/uploads\/2023\/07\/Trees.jpg\" alt=\"\">\r\n                    <\/div>\r\n        <div class=\"container\">\r\n            <div class=\"stats_center\">\r\n                <div class=\"corner corner_top_left\"><\/div>\r\n                <div class=\"corner corner_top_right\"><\/div>\r\n                <div class=\"corner corner_bottom_left\"><\/div>\r\n                <div class=\"corner corner_bottom_right\"><\/div>\r\n                <div class=\"stats_center_item\">\r\n                                        <div class=\"stats_anim\">\r\n                        <div class=\"stats_center_number stats_anim_item\" data-total=\"17000000000\">\r\n                            <span class=\"stats_anim_total\">0<\/span>                        <\/div>\r\n                    <\/div>\r\n                                        <p class=\"stats_center_text\">Sustainability-Linked Loans (SLLs)-markedet opplever enest\u00e5ende vekst, ansl\u00e5tt \u00e5 \u00f8ke fra 143 milliarder dollar i 2019 til svimlende 17 311 milliarder dollar innen 2026.<\/p>\r\n                                    <\/div>\r\n            <\/div>\r\n        <\/div>\r\n    <\/div>\r\n\n\n    <div class=\"content_section bg_grey\">\r\n        <div class=\"container\">\r\n                        <div class=\"description_section\">\r\n                                <p class=\"title_category\">FREMTIDEN<\/p>\r\n                                <h2 class=\"title_section\">Transformere finans for en b\u00e6rekraftig morgendag<\/h2>\r\n                                <div class=\"typical_text\">\r\n                    <p><span class=\"OYPEnA text-decoration-none text-strikethrough-none\">Som b\u00e6rekraftige tilknyttede l\u00e5n<\/span> <span class=\"OYPEnA text-decoration-none text-strikethrough-none\">blir stadig mer integrert i kapitalforvaltningen, erkjenner selskaper deres strategiske betydning. I motsetning til gr\u00f8nne og sosiale l\u00e5n, tilbyr SLL-er en allsidig l\u00f8sning for generelle bedriftsform\u00e5l, og gir l\u00e5ntakere en rekke fordeler:<\/span><\/p>\n                <\/div>\r\n                            <\/div>\r\n                        <div class=\"features_wrap features_four\">\r\n                                <div class=\"feature_item\">\r\n                                        <div class=\"feature_item_icon\">\r\n                        <img decoding=\"async\" src=\"https:\/\/www.achilles.com\/app\/uploads\/2023\/06\/Achilles-icons_pound-decrease.png\" alt=\"\">\r\n                    <\/div>\r\n                                        <h3 class=\"feature_item_name\">Lavere renter<\/h3>\r\n                                    <\/div>\r\n                                <div class=\"feature_item\">\r\n                                        <div class=\"feature_item_icon\">\r\n                        <img decoding=\"async\" src=\"https:\/\/www.achilles.com\/app\/uploads\/2023\/06\/Achilles-icons_Themis.png\" alt=\"\">\r\n                    <\/div>\r\n                                        <h3 class=\"feature_item_name\">Forbedret omd\u00f8mme<\/h3>\r\n                                    <\/div>\r\n                                <div class=\"feature_item\">\r\n                                        <div class=\"feature_item_icon\">\r\n                        <img decoding=\"async\" src=\"https:\/\/www.achilles.com\/app\/uploads\/2023\/06\/Achilles-icons_Environmental-sustainability.png\" alt=\"\">\r\n                    <\/div>\r\n                                        <h3 class=\"feature_item_name\">B\u00e6rekraft p\u00e5 bedriftsniv\u00e5<\/h3>\r\n                                    <\/div>\r\n                                <div class=\"feature_item\">\r\n                                        <div class=\"feature_item_icon\">\r\n                        <img decoding=\"async\" src=\"https:\/\/www.achilles.com\/app\/uploads\/2023\/06\/Achilles-icons_Financial-risk-and-business-continuity.png\" alt=\"\">\r\n                    <\/div>\r\n                                        <h3 class=\"feature_item_name\">Reduser kredittrisiko<\/h3>\r\n                                    <\/div>\r\n                            <\/div>\r\n                    <\/div>\r\n    <\/div>\r\n\n\n    <div class=\"content_section\">\r\n        <div class=\"container\">\r\n                        <div class=\"tools_description\">\r\n                                <p class=\"title_category\">V\u00c5R L\u00d8SNING<\/p>\r\n                                <h2 class=\"title_section\">Frigj\u00f8r fordelene med b\u00e6rekraftig finans<\/h2>\r\n                                <div class=\"typical_text\">\r\n                    <p>Achilles&#8217; Sustainable Finance-tilbud er allsidig, og veileder veien for \u00e5 frigj\u00f8re fordelene med b\u00e6rekraftig finans med en omfattende og helhetlig tiln\u00e6rming. Gjennom 30 \u00e5rs erfaring gir vi deg mulighet til \u00e5 skille virksomheten din i markedet n\u00e5r du s\u00f8ker b\u00e6rekraftig finansiering. Achilles utstyrer deg med de essensielle verkt\u00f8yene og forsikringene for en vellykket og troverdig reise.<\/p>\n<p>&nbsp;<\/p>\n<p>&nbsp;<\/p>\n                <\/div>\r\n                            <\/div>\r\n                        <div class=\"tools_wrap tabs_section\">\r\n                <div class=\"tools_tabs tabs_buttons\">\r\n                                        <div class=\"tools_btn tab_btn current\" data-tab=\"1\">\r\n                        <span>KPI-utvalg og benchmarking<\/span>\r\n                        <span class=\"tools_btn_arrow icon-Chevron-Right\"><\/span>\r\n                    <\/div>\r\n                                        <div class=\"tools_btn tab_btn\" data-tab=\"2\">\r\n                        <span>Regnskapserkl\u00e6ring<\/span>\r\n                        <span class=\"tools_btn_arrow icon-Chevron-Right\"><\/span>\r\n                    <\/div>\r\n                                        <div class=\"tools_btn tab_btn\" data-tab=\"3\">\r\n                        <span>Regelmessige uavhengige rapporter om SPT-fremgang<\/span>\r\n                        <span class=\"tools_btn_arrow icon-Chevron-Right\"><\/span>\r\n                    <\/div>\r\n                                    <\/div>\r\n                <div class=\"tools_content\">\r\n                                        <div class=\"tool_container tab_container tab_container_1 active\">\r\n                        <div class=\"typical_text\">\r\n                            <p>Achilles bruker en grundig tiln\u00e6rming for \u00e5 hjelpe til med \u00e5 identifisere og benchmarke Key Performance Indicators (KPIer) og Sustainability Performance Targets (SPTs) som er relevante for virksomheten din og i tr\u00e5d med industristandarder. Ved \u00e5 utnytte v\u00e5r omfattende erfaring innen forsyningskjedestyring og ESG-praksis skreddersyr vi disse indikatorene for \u00e5 samsvare med din spesifikke b\u00e6rekraftsstrategi, for \u00e5 sikre at de er m\u00e5lbare og benchmarked mot b\u00e5de interne m\u00e5l og eksterne industrireferanser. Dette f\u00f8rste trinnet er avgj\u00f8rende for \u00e5 etablere et robust og effektivt b\u00e6rekraftsrelatert l\u00e5nerammeverk.<\/p>\n                        <\/div>\r\n                                            <\/div>\r\n                                        <div class=\"tool_container tab_container tab_container_2\">\r\n                        <div class=\"typical_text\">\r\n                            <p><span class=\"OYPEnA text-decoration-none text-strikethrough-none\">Achilles Statement of Assurance (SA) er kjernen i v\u00e5r forpliktelse til ansvarlig finansiering, og tilbyr omfattende verifisering og validering for b\u00e6rekraftskrav innen b\u00e6rekraftsrelaterte l\u00e5n. Den fungerer som et bevisst\u00f8ttet stempel p\u00e5 troverdighet, og gir l\u00e5ngivere mulighet til \u00e5 ta informerte beslutninger med uovertruffen selvtillit og lar l\u00e5ntakere vise frem ambisi\u00f8se, m\u00e5lbare ytelser mot milj\u00f8messige, sosiale og styringsmessige (ESG) KPIer og Sustainability Performance Targets (SPTs). V\u00e5r strenge og uavhengige verifiseringsprosess, utf\u00f8rt av erfarne b\u00e6rekraftseksperter, eliminerer gr\u00f8nnvaskingsrisiko og sikrer p\u00e5liteligheten til b\u00e6rekraftsp\u00e5stander. Det er ikke bare et dokument; det er en katalysator for tillit, etterlevelse og positivt interessentengasjement i jakten p\u00e5 en b\u00e6rekraftig forretningsfremtid.  <a href=\"https:\/\/uat.achilles.com\/statement-of-limited-assurance\/\">L\u00e6re mer<\/a><\/span><\/p>\n                        <\/div>\r\n                                            <\/div>\r\n                                        <div class=\"tool_container tab_container tab_container_3\">\r\n                        <div class=\"typical_text\">\r\n                            <p><span class=\"OYPEnA text-decoration-none text-strikethrough-none\">B\u00e6rekraftig \u00f8konomi er en p\u00e5g\u00e5ende reise, og Achilles sikrer \u00e5penhet og ansvarlighet hele veien. Vi gir regelmessige uavhengige rapporter til b\u00e5de l\u00e5ntakere og l\u00e5ngivere, og tilbyr en detaljert redegj\u00f8relse for fremdriften mot Sustainability Performance Targets (SPTs). Disse rapportene gjennomf\u00f8res vanligvis \u00e5rlig, og fungerer som en mekanisme for \u00e5 overv\u00e5ke og vise frem din forpliktelse til b\u00e6rekraft. Ved \u00e5 utnytte v\u00e5rt vell av data og erfaring, blir disse rapportene verdifulle verkt\u00f8y for bedrifter som \u00f8nsker \u00e5 samordne sine b\u00e6rekraftsm\u00e5l p\u00e5 tvers av selskapet, fremme tillit og sikre samsvar med industristandarder.<\/span><\/p>\n                        <\/div>\r\n                                            <\/div>\r\n                                    <\/div>\r\n            <\/div>\r\n                    <\/div>\r\n    <\/div>\r\n\n\n\n<div class=\"wp-block-buttons is-content-justification-right is-layout-flex wp-container-core-buttons-is-layout-765c4724 wp-block-buttons-is-layout-flex\"><\/div>\n\n\n\r\n\r\n  <div class=\"resources_other content_section\" id=\"insights\">\r\n        <div class=\"container\">\r\n                        <h3 class=\"title_block\">Achilles News and Insight<\/h3>\r\n                        <div class=\"resources_wrap\">\r\n                                <a class=\"resource_item\" href=\"https:\/\/www.achilles.com\/no\/wind-europe-2026-madrid-styrking-av-leverandorberedskap\/\">\r\n                                        <div class=\"resource_item_img\">\r\n                        <img decoding=\"async\" src=\"https:\/\/www.achilles.com\/app\/uploads\/2023\/06\/renewable-energies.jpg\" alt=\"Wind Europe 2026 Madrid: Styrking av leverand\u00f8rberedskap\">\r\n                    <\/div>\r\n                                        <div class=\"resource_item_info\">\r\n                        <div class=\"resource_item_description\">\r\n                            <p class=\"resource_item_name\">Wind Europe 2026 Madrid: Styrking av leverand\u00f8rberedskap<\/p>\r\n                            <div class=\"typical_text\">\r\n                                <p>Den europeiske vindenergisektoren g\u00e5r inn i en ny vekstfase. Definert\u2026<\/p>\r\n                            <\/div>\r\n                        <\/div>\r\n                                                <div class=\"resource_item_categories\">\r\n                                                        <div class=\"resource_category\">\r\n                                                                <span class=\"resource_category_name\"><\/span>\r\n                            <\/div>\r\n                                                        <div class=\"resource_category\">\r\n                                                                <span class=\"resource_category_name\"><\/span>\r\n                            <\/div>\r\n                                                    <\/div>\r\n                                            <\/div>\r\n                <\/a>\r\n                                <a class=\"resource_item\" href=\"https:\/\/www.achilles.com\/no\/boom-i-fornybar-energi-eksponerer-risiko-i-leverandorkjeden\/\">\r\n                                        <div class=\"resource_item_img\">\r\n                        <img decoding=\"async\" src=\"https:\/\/www.achilles.com\/app\/uploads\/2025\/10\/andreas-gucklhorn-Ilpf2eUPpUE-unsplash.jpg\" alt=\"Boom i fornybar energi eksponerer risiko i leverand\u00f8rkjeden\">\r\n                    <\/div>\r\n                                        <div class=\"resource_item_info\">\r\n                        <div class=\"resource_item_description\">\r\n                            <p class=\"resource_item_name\">Boom i fornybar energi eksponerer risiko i leverand\u00f8rkjeden<\/p>\r\n                            <div class=\"typical_text\">\r\n                                <p>Fornybar energi har g\u00e5tt forbi kull som verdens st\u00f8rste str\u00f8mkilde,\u2026<\/p>\r\n                            <\/div>\r\n                        <\/div>\r\n                                                <div class=\"resource_item_categories\">\r\n                                                        <div class=\"resource_category\">\r\n                                                                <span class=\"resource_category_name\"><\/span>\r\n                            <\/div>\r\n                                                        <div class=\"resource_category\">\r\n                                                                <span class=\"resource_category_name\"><\/span>\r\n                            <\/div>\r\n                                                    <\/div>\r\n                                            <\/div>\r\n                <\/a>\r\n                                <a class=\"resource_item\" href=\"https:\/\/www.achilles.com\/no\/industry-insights\/hvordan-achilles-forbedrer-effektiviteten-i-fornybar-innkjop\/\">\r\n                                        <div class=\"resource_item_img\">\r\n                        <img decoding=\"async\" src=\"https:\/\/www.achilles.com\/app\/uploads\/2024\/11\/Untitled-design-12.png\" alt=\"Hvordan Achilles \u00f8ker effektiviteten i innkj\u00f8p av fornybar energi\">\r\n                    <\/div>\r\n                                        <div class=\"resource_item_info\">\r\n                        <div class=\"resource_item_description\">\r\n                            <p class=\"resource_item_name\">Hvordan Achilles \u00f8ker effektiviteten i innkj\u00f8p av fornybar energi<\/p>\r\n                            <div class=\"typical_text\">\r\n                                <p>Etter hvert som fornybarsektoren fortsetter \u00e5 vokse og utvikle seg,\u2026<\/p>\r\n                            <\/div>\r\n                        <\/div>\r\n                                                <div class=\"resource_item_categories\">\r\n                                                        <div class=\"resource_category\">\r\n                                                                <span class=\"resource_category_name\"><\/span>\r\n                            <\/div>\r\n                                                        <div class=\"resource_category\">\r\n                                                                <span class=\"resource_category_name\"><\/span>\r\n                            <\/div>\r\n                                                    <\/div>\r\n                                            <\/div>\r\n                <\/a>\r\n                                <a class=\"resource_item\" href=\"https:\/\/www.achilles.com\/no\/bransjeinnsikt\/fra-ramateriale-til-turbin-materialkrisen-innen-fornybar-energi\/\">\r\n                                        <div class=\"resource_item_img\">\r\n                        <img decoding=\"async\" src=\"https:\/\/www.achilles.com\/app\/uploads\/2024\/11\/nasa-Q1p7bh3SHj8-unsplash-scaled.jpg\" alt=\"Fra r\u00e5materiale til turbin: Materialkrisen innen fornybar energi\">\r\n                    <\/div>\r\n                                        <div class=\"resource_item_info\">\r\n                        <div class=\"resource_item_description\">\r\n                            <p class=\"resource_item_name\">Fra r\u00e5materiale til turbin: Materialkrisen innen fornybar energi<\/p>\r\n                            <div class=\"typical_text\">\r\n                                <p>Energiomstillingen er i full gang. I mange industriland, deriblant Tyskland,\u2026<\/p>\r\n                            <\/div>\r\n                        <\/div>\r\n                                                <div class=\"resource_item_categories\">\r\n                                                        <div class=\"resource_category\">\r\n                                                                <span class=\"resource_category_name\"><\/span>\r\n                            <\/div>\r\n                                                        <div class=\"resource_category\">\r\n                                                                <span class=\"resource_category_name\"><\/span>\r\n                            <\/div>\r\n                                                    <\/div>\r\n                                            <\/div>\r\n                <\/a>\r\n                            <\/div>\r\n        <\/div>\r\n    <\/div> \r\n\n\n    <div class=\"request_section\" id=\"Form\">\r\n        <div class=\"contact_bg\">\r\n                        <img decoding=\"async\" src=\"https:\/\/www.achilles.com\/app\/uploads\/2023\/07\/Sustainability-Webinar-scaled-1.jpg\" alt=\"\">\r\n                    <\/div>\r\n        <div class=\"container\">\r\n            <div class=\"request_inner\">\r\n                                <div class=\"request_wrapper\">\r\n                <h2 class=\"title_section\">Ta kontakt<\/h2>\r\n                <\/div>\r\n                                <div class=\"request_box\">\r\n                                        <h5 class=\"contact_content_subtitle\">Ta kontakt for \u00e5 diskutere dine krav til b\u00e6rekraftig \u00f8konomi<\/h5>\r\n                    <script charset=\"utf-8\" type=\"text\/javascript\" src=\"\/\/js.hsforms.net\/forms\/embed\/v2.js\"><\/script><script>hbspt.forms.create({\r\n    region: \"na1\",\r\n    portalId: \"5387762\",\r\n    formId: \"a23cf73a-36bd-433c-a1d8-4acd8b05b928\"\r\n  });\r\n<\/script>                <\/div>\r\n            <\/div>\r\n        <\/div>\r\n    <\/div>\r\n\r\n","protected":false},"excerpt":{"rendered":"","protected":false},"author":9,"featured_media":0,"parent":0,"menu_order":0,"comment_status":"closed","ping_status":"closed","template":"","meta":{"_acf_changed":true,"content-type":"","footnotes":""},"class_list":["post-24818","page","type-page","status-publish","hentry"],"acf":[],"_links":{"self":[{"href":"https:\/\/www.achilles.com\/no\/wp-json\/wp\/v2\/pages\/24818","targetHints":{"allow":["GET"]}}],"collection":[{"href":"https:\/\/www.achilles.com\/no\/wp-json\/wp\/v2\/pages"}],"about":[{"href":"https:\/\/www.achilles.com\/no\/wp-json\/wp\/v2\/types\/page"}],"author":[{"embeddable":true,"href":"https:\/\/www.achilles.com\/no\/wp-json\/wp\/v2\/users\/9"}],"replies":[{"embeddable":true,"href":"https:\/\/www.achilles.com\/no\/wp-json\/wp\/v2\/comments?post=24818"}],"version-history":[{"count":0,"href":"https:\/\/www.achilles.com\/no\/wp-json\/wp\/v2\/pages\/24818\/revisions"}],"wp:attachment":[{"href":"https:\/\/www.achilles.com\/no\/wp-json\/wp\/v2\/media?parent=24818"}],"curies":[{"name":"wp","href":"https:\/\/api.w.org\/{rel}","templated":true}]}}