{"id":2414,"date":"2023-05-16T16:15:41","date_gmt":"2023-05-16T15:15:41","guid":{"rendered":"https:\/\/uat.achilles.com\/training\/"},"modified":"2023-08-07T19:15:27","modified_gmt":"2023-08-07T16:15:27","slug":"training","status":"publish","type":"page","link":"https:\/\/www.achilles.com\/no\/opplaering\/","title":{"rendered":"Training"},"content":{"rendered":"            <div class=\"content_section\">\r\n            <div class=\"container\">\r\n                                <div class=\"description_page full top\">\r\n                                        <h1 class=\"title_page\">Oppl\u00e6ring<\/h1>\r\n                                        <div class=\"typical_text large_text\">\r\n                        <p>Regulerte innkj\u00f8pere kan ikke fritt velge hvem de skal kj\u00f8pe fra. V\u00e5r oppl\u00e6ring hjelper innkj\u00f8pere med \u00e5 forst\u00e5 og navigere i disse restriksjonene, slik at de overvinner en stor hindring til anskaffelse.<\/p>\r\n                    <\/div>\r\n                                    <\/div>\r\n                                <div class=\"content_wrap align_vertical\">\r\n                    <div class=\"content_info ogo\">\r\n                                                <p class=\"title_category\">HVORFOR OPPL\u00c6RING<\/p>\r\n                                                <h2 class=\"title_section\">Vi skaper muligheter<\/h2>\r\n                                                <div class=\"typical_text\">\r\n                            <p>Offentlige anskaffelser er ofte kompliserte. N\u00e5r skattebetaleres penger brukes, har innkj\u00f8pere plikt til \u00e5 utvise stor aktsomhet. Dette er tilfellet uansett om det gjelder forsyningssektoren, helse, bolig, transport eller viktig infrastruktur.<\/p>\n<p>Det er en stor konkurransefordel \u00e5 ha detaljert forst\u00e5else av anskaffelsesreglene og hva de betyr i praksis n\u00e5r det gjelder anbud.<\/p>\n<p>Ekspertene v\u00e5re har mange \u00e5rs erfaring med \u00e5 arbeide med organisasjoner i offentlig sektor og forsyningssektoren, og har inng\u00e5ende kunnskap om EU-reglene for anskaffelser som bestemmer leverand\u00f8rvalget deres. P\u00e5 v\u00e5re dagsarrangementer vil du:<\/p>\n<ul>\n<li>L\u00e6re hvordan du finner anbudsmuligheter med regulerte organisasjoner<\/li>\n<li>F\u00e5 detaljert innsikt i relevante anskaffelsesdirektiver<\/li>\n<li>F\u00e5 kunnskapsverkt\u00f8y som kan hjelpe deg med \u00e5 vinne regulerte kontrakter<\/li>\n<\/ul>\n                        <\/div>\r\n                                            <\/div>\r\n                                        <div class=\"content_media\">\r\n                        <img decoding=\"async\" src=\"https:\/\/www.achilles.com\/app\/uploads\/2023\/05\/training_img_1.jpg\" width=\"393\" alt=\"a human torso writing in a notebook next to a laptop\">\r\n                    <\/div>\r\n                                    <\/div>\r\n                            <\/div>\r\n        <\/div>\r\n    \n\n    <div class=\"quote_section\">\r\n        <div class=\"quote_bg\">\r\n                        <img decoding=\"async\" src=\"https:\/\/www.achilles.com\/app\/uploads\/2023\/05\/quote_training.jpg\" alt=\"people at a table having public procurement traininig\">\r\n                    <\/div>\r\n        <div class=\"container\">\r\n            <div class=\"quote_wrapper\">\r\n                <div class=\"quote_item half right\">\r\n                                        <div class=\"quote_item_text\">\r\n                        <p>\u00abJeg hadde lite kunnskap f\u00f8r arrangementet, men etter arrangementet er jeg blitt mye mer m\u00e5lbevisst og klar p\u00e5 veien videre\u00bb<\/p>\n                    <\/div>\r\n                                        <p class=\"quote_item_author\">Tom Morgan, forretningsutvikling, National Grid<\/p>\r\n                                    <\/div>\r\n            <\/div>\r\n        <\/div>\r\n    <\/div>\r\n\n\n        <div class=\"content_section bg_grey\">\r\n            <div class=\"container\">\r\n                <div class=\"content_wrap\">\r\n                    <div class=\"content_info\">\r\n                                                <p class=\"title_category\">V\u00c5RE PROGRAMMER<\/p>\r\n                                                <h2 class=\"title_section\">En rekke programmer som passer dine behov<\/h2>\r\n                                                <div class=\"typical_text\">\r\n                            <p>Vi har en rekke tilbud for \u00e5 hjelpe deg med \u00e5 utvikle virksomheten din. Velg ett av programmene nedenfor og f\u00e5 svar p\u00e5 dine mest presserende sp\u00f8rsm\u00e5l:<\/p>\n<ul>\n<li>Finne nye muligheter<\/li>\n<li>Anbudsprosessen<\/li>\n<li>Anskaffelse i offentlig vs. privat sektor<\/li>\n<li>EU-lovgivning for anskaffelser<\/li>\n<\/ul>\n                        <\/div>\r\n                                            <\/div>\r\n                <\/div>\r\n            <\/div>\r\n        <\/div>\r\n\n\n        <div class=\"content_section\">\r\n            <div class=\"container\">\r\n                                <div class=\"description_page full\">\r\n                                        <p class=\"title_category\">V\u00c5RE OPPL\u00c6RINGS\u00d8KTER<\/p>\r\n                                        <h2 class=\"title_section\">Finn en \u00f8kt ved \u00e5 velge regionen, emnet og bransjen som passer for deg<\/h2>\r\n                                    <\/div>\r\n                                <div class=\"filter_panel\" id=\"filter\">\r\n                    <span class=\"filter_panel_title\">Filtrer arrangementer etter: <\/span>\r\n                                        <div class=\"filter_dropdown dropdown_wrap\">\r\n                        <a class=\"filter_dropdown_toggle dropdown_toggle\" href=\"#\">\r\n                            Industry                            <span class=\"icon-Chevron-Down\"><\/span>\r\n                        <\/a>\r\n                        <div class=\"filter_dropdown_box dropdown_box\">\r\n                            <ul>\r\n                                <li class=\"active\"><a href=\"https:\/\/www.achilles.com\/no\/opplaering\/#filter\">Alt<\/a><\/li>\r\n                                                                <li><a href=\"https:\/\/www.achilles.com\/no\/opplaering\/?filter1=#filter\"><\/a><\/li>\r\n                                                                <li><a href=\"https:\/\/www.achilles.com\/no\/opplaering\/?filter1=#filter\"><\/a><\/li>\r\n                                                                <li><a href=\"https:\/\/www.achilles.com\/no\/opplaering\/?filter1=#filter\"><\/a><\/li>\r\n                                                                <li><a href=\"https:\/\/www.achilles.com\/no\/opplaering\/?filter1=#filter\"><\/a><\/li>\r\n                                                                <li><a href=\"https:\/\/www.achilles.com\/no\/opplaering\/?filter1=#filter\"><\/a><\/li>\r\n                                                                <li><a href=\"https:\/\/www.achilles.com\/no\/opplaering\/?filter1=#filter\"><\/a><\/li>\r\n                                                                <li><a href=\"https:\/\/www.achilles.com\/no\/opplaering\/?filter1=#filter\"><\/a><\/li>\r\n                                                                <li><a href=\"https:\/\/www.achilles.com\/no\/opplaering\/?filter1=#filter\"><\/a><\/li>\r\n                                                                <li><a href=\"https:\/\/www.achilles.com\/no\/opplaering\/?filter1=#filter\"><\/a><\/li>\r\n                                                                <li><a href=\"https:\/\/www.achilles.com\/no\/opplaering\/?filter1=#filter\"><\/a><\/li>\r\n                                                            <\/ul>\r\n                        <\/div>\r\n                    <\/div>\r\n                                        <div class=\"filter_dropdown dropdown_wrap\">\r\n                        <a class=\"filter_dropdown_toggle dropdown_toggle\" href=\"#\">\r\n                            Region                            <span class=\"icon-Chevron-Down\"><\/span>\r\n                        <\/a>\r\n                        <div class=\"filter_dropdown_box dropdown_box\">\r\n                            <ul>\r\n                                <li class=\"active\"><a href=\"https:\/\/www.achilles.com\/no\/opplaering\/#filter\">Alt<\/a><\/li>\r\n                                                                <li><a href=\"https:\/\/www.achilles.com\/no\/opplaering\/?filter2=103#filter\">Central Europe<\/a><\/li>\r\n                                                                <li><a href=\"https:\/\/www.achilles.com\/no\/opplaering\/?filter2=#filter\"><\/a><\/li>\r\n                                                                <li><a href=\"https:\/\/www.achilles.com\/no\/opplaering\/?filter2=#filter\"><\/a><\/li>\r\n                                                            <\/ul>\r\n                        <\/div>\r\n                    <\/div>\r\n                                        <div class=\"filter_dropdown dropdown_wrap\">\r\n                        <a class=\"filter_dropdown_toggle dropdown_toggle\" href=\"#\">\r\n                            Emne                            <span class=\"icon-Chevron-Down\"><\/span>\r\n                        <\/a>\r\n                        <div class=\"filter_dropdown_box dropdown_box\">\r\n                            <ul>\r\n                                <li class=\"active\"><a href=\"https:\/\/www.achilles.com\/no\/opplaering\/#filter\">Alt<\/a><\/li>\r\n                                                                <li><a href=\"https:\/\/www.achilles.com\/no\/opplaering\/?filter3=#filter\"><\/a><\/li>\r\n                                                                <li><a href=\"https:\/\/www.achilles.com\/no\/opplaering\/?filter3=#filter\"><\/a><\/li>\r\n                                                                <li><a href=\"https:\/\/www.achilles.com\/no\/opplaering\/?filter3=#filter\"><\/a><\/li>\r\n                                                                <li><a href=\"https:\/\/www.achilles.com\/no\/opplaering\/?filter3=#filter\"><\/a><\/li>\r\n                                                                <li><a href=\"https:\/\/www.achilles.com\/no\/opplaering\/?filter3=#filter\"><\/a><\/li>\r\n                                                                <li><a href=\"https:\/\/www.achilles.com\/no\/opplaering\/?filter3=#filter\"><\/a><\/li>\r\n                                                                <li><a href=\"https:\/\/www.achilles.com\/no\/opplaering\/?filter3=#filter\"><\/a><\/li>\r\n                                                            <\/ul>\r\n                        <\/div>\r\n                    <\/div>\r\n                                    <\/div>\r\n                                <h2 class=\"nothing_found\">Vi fant ikke noe<\/h2>            <\/div>\r\n        <\/div>\r\n","protected":false},"excerpt":{"rendered":"","protected":false},"author":1,"featured_media":25441,"parent":0,"menu_order":0,"comment_status":"closed","ping_status":"closed","template":"","meta":{"_acf_changed":false,"content-type":"","footnotes":""},"class_list":["post-2414","page","type-page","status-publish","has-post-thumbnail","hentry"],"acf":[],"_links":{"self":[{"href":"https:\/\/www.achilles.com\/no\/wp-json\/wp\/v2\/pages\/2414","targetHints":{"allow":["GET"]}}],"collection":[{"href":"https:\/\/www.achilles.com\/no\/wp-json\/wp\/v2\/pages"}],"about":[{"href":"https:\/\/www.achilles.com\/no\/wp-json\/wp\/v2\/types\/page"}],"author":[{"embeddable":true,"href":"https:\/\/www.achilles.com\/no\/wp-json\/wp\/v2\/users\/1"}],"replies":[{"embeddable":true,"href":"https:\/\/www.achilles.com\/no\/wp-json\/wp\/v2\/comments?post=2414"}],"version-history":[{"count":0,"href":"https:\/\/www.achilles.com\/no\/wp-json\/wp\/v2\/pages\/2414\/revisions"}],"wp:featuredmedia":[{"embeddable":true,"href":"https:\/\/www.achilles.com\/no\/wp-json\/wp\/v2\/media\/25441"}],"wp:attachment":[{"href":"https:\/\/www.achilles.com\/no\/wp-json\/wp\/v2\/media?parent=2414"}],"curies":[{"name":"wp","href":"https:\/\/api.w.org\/{rel}","templated":true}]}}