{"id":23898,"date":"2023-09-27T17:14:19","date_gmt":"2023-09-27T16:14:19","guid":{"rendered":"https:\/\/uat.achilles.com\/eu-cs-ddd-2\/"},"modified":"2023-11-29T17:01:05","modified_gmt":"2023-11-29T14:01:05","slug":"eu-cs-ddd","status":"publish","type":"page","link":"https:\/\/www.achilles.com\/no\/eu-cs-ddd\/","title":{"rendered":"EU CS DDD"},"content":{"rendered":"    <div class=\"top_section\">\n        <div class=\"container\">\n            <div class=\"top_info half\">\n                                    <h1 class=\"top_title\">EUs due diligence-direktiv for bedriftens b\u00e6rekraft<\/h1>\n                                    <div class=\"top_text large_text\">\n                        <p><strong>EUs due diligence-direktiv for bedriftsb\u00e6rekraft forventes \u00e5 tre i kraft i 2024 og p\u00e5virker b\u00e5de EU-baserte virksomheter og EU-import\u00f8rer.  <\/strong><strong>Finn ut mer om hvordan lovgivningen kan gjelde for din virksomhet.<\/strong><\/p>\n                    <\/div>\n                                    <div class=\"top_buttons\">\n                                                    <a class=\"btn btn_big\" href=\"#getintouch\">Bestill en gratis CS DDD-konsultasjon<\/a>\n                                            <\/div>\n                            <\/div>\n        <\/div>\n        <div class=\"top_media\">\n\t\t\t            <img decoding=\"async\" src=\"https:\/\/www.achilles.com\/app\/uploads\/2023\/06\/AdobeStock_597633716-scaled-1.jpeg\" alt=\"EU-flagg symboliserer hvordan Achilles hjelper bedrifter med \u00e5 overholde EUs b\u00e6rekraftsforskrifter\">\n                    <\/div>\n    <\/div>\n\n\n            <div class=\"content_section bg_grey\">\r\n            <div class=\"container\">\r\n                <div class=\"content_wrap\">\r\n                    <div class=\"content_info ogo2\">\r\n                                                <p class=\"title_category\">Quiz<\/p>\r\n                                                <h2 class=\"title_page\">Test kunnskapen din om EU CS DDD<\/h2>\r\n                                                <div class=\"typical_text\">\r\n                            <p>Selv de mest erfarne anskaffelses- og leverand\u00f8rkjedene innr\u00f8mmer at de f\u00f8ler seg overveldet av denne nye \u00e6raen med ESG-forsyningskjederegulering. Beklager, men denne innholdet er forel\u00f8pig ikke tilgjengelig p\u00e5 norsk. Hvor god er kunnskapen din?<\/p>\n                        <\/div>\r\n                                                <a target=\"_blank\" class=\"btn btn_big\" href=\"https:\/\/achilles.cogniclick.app\/enter\/achilles-quiz-eu#\/\">Ta quizen<\/a>\r\n                                            <\/div>\r\n\t\t\t\t\t\t\t\t\t\t\r\n                                    <\/div>\r\n            <\/div>\r\n        <\/div>\r\n    \n\n            <div class=\"content_section bg_grey\">\r\n            <div class=\"container\">\r\n                <div class=\"content_wrap right\">\r\n                    <div class=\"content_info ogo2\">\r\n                                                <p class=\"title_category\">Hvitt papir<\/p>\r\n                                                <h2 class=\"title_page\">En introduksjon til EU CS DDD<\/h2>\r\n                                                <div class=\"typical_text\">\r\n                            <p>Selv de mest erfarne fagfolk innen b\u00e6rekraft og forsyningskjede innr\u00f8mmer at de f\u00f8ler seg overveldet av denne nye \u00e6raen med ESG-forsyningskjederegulering og informasjonen som trengs for \u00e5 demonstrere innvirkningen deres organisasjoner har p\u00e5 mennesker og planeten.  <span data-ccp-props=\"{\"335559738\":120,\"335559739\":120}\">Achilles-introduksjonen til EU CS DDD gir er en omfattende ressurs for \u00e5 hjelpe deg med \u00e5 planlegge fremover og sikre at du er klar for n\u00e5r den nye lovgivningen trer i kraft.<\/span><\/p>\n                        <\/div>\r\n                                                <a class=\"btn btn_big\" href=\"https:\/\/www.achilles.com\/no\/bransjeinnsikt\/en-introduksjon-til-bedriftens-baerekraft-due-diligence-direktivet-csddd\/\">Lese<\/a>\r\n                                            <\/div>\r\n\t\t\t\t\t\t\t\t\t\t\r\n                                    <\/div>\r\n            <\/div>\r\n        <\/div>\r\n    \n\n            <div class=\"content_section\">\r\n            <div class=\"container\">\r\n                <div class=\"content_wrap\">\r\n                    <div class=\"content_info ogo2\">\r\n                                                <p class=\"title_category\">Blogg<\/p>\r\n                                                <h2 class=\"title_page\">Hva er nok?<\/h2>\r\n                                                <div class=\"typical_text\">\r\n                            <p><span lang=\"EN-GB\" data-contrast=\"none\" xml:lang=\"EN-GB\"><span data-ccp-parastyle=\"article-preview_articlepreviewsubheader__ffri1\">EUs kommende Corporate Sustainability Due Diligence-direktiv krever at organisasjoner tar en risikobasert tiln\u00e6rming til Supply Chain Due Diligence.<\/span> <span data-ccp-parastyle=\"article-preview_articlepreviewsubheader__ffri1\">Men hvor langt m\u00e5 du g\u00e5 og<\/span> <span data-ccp-parastyle=\"article-preview_articlepreviewsubheader__ffri1\">n\u00e5r er nok, nok?<\/span><\/span><\/p>\n                        <\/div>\r\n                                                <a class=\"btn btn_big\" href=\"https:\/\/www.achilles.com\/no\/industry-insights\/when-is-enough-enough\/\">Lese<\/a>\r\n                                            <\/div>\r\n\t\t\t\t\t\t\t\t\t\t\r\n                                        <div class=\"content_media\">\r\n                        <img decoding=\"async\" src=\"https:\/\/www.achilles.com\/app\/uploads\/2023\/09\/iStock-963011730.jpg\" width=\"300\" alt=\"A close up of the statue of lady justice standing in front of an out of focus row of law books.\">\r\n                    <\/div>\r\n                                    <\/div>\r\n            <\/div>\r\n        <\/div>\r\n    \n\n            <div class=\"content_section bg_grey\">\r\n            <div class=\"container\">\r\n                <div class=\"content_wrap right\">\r\n                    <div class=\"content_info ogo2\">\r\n                                                <p class=\"title_category\">Infografikk<\/p>\r\n                                                <h2 class=\"title_page\">EUs nye forsyningskjedelovgivning og hvordan man overholder<\/h2>\r\n                                                <div class=\"typical_text\">\r\n                            <p><span lang=\"EN-GB\" data-contrast=\"none\" xml:lang=\"EN-GB\">Utforsk denne EU CS DDD-infografikken for \u00e5 l\u00e6re mer om n\u00f8kkeltrinnene for \u00e5 overholde samsvar. Beklager, men denne innholdet er forel\u00f8pig ikke tilgjengelig p\u00e5 norsk.<\/span><span data-ccp-props=\"{\"335559738\":120,\"335559739\":120}\"> <\/span><\/p>\n                        <\/div>\r\n                                                <a class=\"btn btn_big\" href=\"https:\/\/uat.achilles.com\/resources\/whitepaper\/an-introduction-to-the-corporate-sustainability-due-diligence-directive-csddd\/\">Utforske<\/a>\r\n                                            <\/div>\r\n\t\t\t\t\t\t\t\t\t\t\r\n                                    <\/div>\r\n            <\/div>\r\n        <\/div>\r\n    \n\n            <div class=\"content_section\">\r\n            <div class=\"container\">\r\n                <div class=\"content_wrap\">\r\n                    <div class=\"content_info ogo2\">\r\n                                                <p class=\"title_category\">Video<\/p>\r\n                                                <h2 class=\"title_page\">Trinn til EU CS DDD-samsvar<\/h2>\r\n                                                <div class=\"typical_text\">\r\n                            <p><span lang=\"EN-GB\" data-contrast=\"none\" xml:lang=\"EN-GB\"><span data-ccp-parastyle=\"article-preview_articlepreviewsubheader__ffri1\">EU CS DDD krever en metodisk risikobasert tiln\u00e6rming som ogs\u00e5 vil forbedre den generelle b\u00e6rekraften til din organisasjon. Beklager, men denne innholdet er forel\u00f8pig ikke tilgjengelig p\u00e5 norsk.<\/span><\/span><span data-ccp-props=\"{\"134233117\":false,\"134233118\":false,\"335559738\":300,\"335559739\":810}\"> <\/span><\/p>\n                        <\/div>\r\n                                                <a class=\"btn btn_big\" href=\"\/wp\/wp-content\/uploads\/2023\/09\/5-steps-to-EU-CS-DDD-compliance.mp4\">Se<\/a>\r\n                                            <\/div>\r\n\t\t\t\t\t                    <div class=\"content_media_video\">\r\n                        <video  autoplay muted playsinline loop>\r\n                                        <source src=\"https:\/\/www.achilles.com\/app\/uploads\/2023\/09\/5-steps-to-EU-CS-DDD-compliance.mp4\" type=\"video\/mp4\">\r\n\r\n                                    <\/video>\r\n                    <\/div>\r\n                    \t\t\t\t\t\r\n                                    <\/div>\r\n            <\/div>\r\n        <\/div>\r\n    \n\n    <div class=\"content_section bg_grey\">\r\n        <div class=\"container\">\r\n                        <div class=\"description_section\">\r\n                                <p class=\"title_category\">ACHILLES ESG-L\u00d8SNINGER<\/p>\r\n                                <h2 class=\"title_section\">ESG forsyningskjede risikol\u00f8sninger<\/h2>\r\n                                <div class=\"typical_text\">\r\n                    <p>Achilles er den verdensledende globale risikostyringseksperten i forsyningskjeden. Vi jobber med markedsledende finansielle, industrielle, kommersielle og statlige organisasjoner som krever den seri\u00f8se, detaljerte analysen og ekspertinnsikten som er n\u00f8dvendig for \u00e5 levere eksepsjonelle niv\u00e5er av EU CS DDD-rapportering.<\/p>\n                <\/div>\r\n                            <\/div>\r\n                        <div class=\"features_wrap features_four\">\r\n                                <div class=\"feature_item\">\r\n                                        <div class=\"feature_item_icon\">\r\n                        <img decoding=\"async\" src=\"https:\/\/www.achilles.com\/app\/uploads\/2023\/09\/icon_common-file-text-check.png\" alt=\"\">\r\n                    <\/div>\r\n                                        <h3 class=\"feature_item_name\">Prekvalifisert leverand\u00f8rnettverk<\/h3>\r\n                                        <div class=\"typical_text\">\r\n                        <p>F\u00e5 tilgang til en omfattende database med prekvalifiserte leverand\u00f8rer som oppfyller ESG- og innkj\u00f8psregelverket som er relevant for deg.<\/p>\n                    <\/div>\r\n                                    <\/div>\r\n                                <div class=\"feature_item\">\r\n                                        <h3 class=\"feature_item_name\">ESG-leverand\u00f8rkjeden due diligence<\/h3>\r\n                                        <div class=\"typical_text\">\r\n                        <p>Akilles unikt strenge validering er den beste m\u00e5ten \u00e5 fullt ut oppn\u00e5 EU CS DDD-samsvar.<\/p>\n                    <\/div>\r\n                                    <\/div>\r\n                                <div class=\"feature_item\">\r\n                                        <div class=\"feature_item_icon\">\r\n                        <img decoding=\"async\" src=\"https:\/\/www.achilles.com\/app\/uploads\/2023\/09\/Icon_air-pollution-co2-down-2.png\" alt=\"\">\r\n                    <\/div>\r\n                                        <h3 class=\"feature_item_name\">Karbonreduksjon<\/h3>\r\n                                        <div class=\"typical_text\">\r\n                        <p><span class=\"contentpasted1\">Den eneste britisk akkrediterte ISO14064-1-sertifiseringsordningen<\/span> <span class=\"contentpasted2\">designet for \u00e5 hjelpe deg med \u00e5 m\u00e5le, administrere og redusere karbonfotavtrykket ditt.<\/span><\/p>\n                    <\/div>\r\n                                    <\/div>\r\n                                <div class=\"feature_item\">\r\n                                        <div class=\"feature_item_icon\">\r\n                        <img decoding=\"async\" src=\"https:\/\/www.achilles.com\/app\/uploads\/2023\/09\/saving-bank-1.png\" alt=\"\">\r\n                    <\/div>\r\n                                        <h3 class=\"feature_item_name\">Regnskapserkl\u00e6ring<\/h3>\r\n                                        <div class=\"typical_text\">\r\n                        <p>Omfattende verifisering og validering av b\u00e6rekraftskrav i sammenheng med b\u00e6rekraftsrelaterte l\u00e5n.<\/p>\n                    <\/div>\r\n                                    <\/div>\r\n                            <\/div>\r\n                    <\/div>\r\n    <\/div>\r\n\n\n    <div class=\"content_section\">\r\n        <div class=\"container\">\r\n                        <div class=\"posts_panel\">\r\n                <div class=\"description_section\">\r\n                                        <p class=\"title_category\">ACHILLES INNSIKT<\/p>\r\n                     \r\n                    <h2 class=\"title_section\">anbefalt for deg<\/h2>\r\n                                    <\/div>\r\n                            <\/div>\r\n                                    <div class=\"posts_wrap\">\r\n                                <div class=\"post_item\">\r\n                    <div class=\"post_item_top\">\r\n                                                <a class=\"post_item_img\" href=\"https:\/\/www.achilles.com\/no\/bransjeinnsikt\/omnibuspakken-mer-eu-usikkerhet\/\">\r\n                            <img decoding=\"async\" src=\"https:\/\/www.achilles.com\/app\/uploads\/2024\/08\/AdobeStock_334037445_Editorial_Use_Only-scaled.jpeg\" alt=\"Omnibuspakken: Mer EU-usikkerhet\">\r\n                        <\/a>\r\n                                                <ul class=\"post_item_categories\">\r\n                                                        <li>Artikkel<\/li>\r\n                                                        <li>Bransjeinnsikt<\/li>\r\n                                                    <\/ul>\r\n                    <\/div>\r\n                    <a class=\"post_item_name\" href=\"https:\/\/www.achilles.com\/no\/bransjeinnsikt\/omnibuspakken-mer-eu-usikkerhet\/\">Omnibuspakken: Mer EU-usikkerhet<\/a>\r\n                <\/div>\r\n                                <div class=\"post_item\">\r\n                    <div class=\"post_item_top\">\r\n                                                <a class=\"post_item_img\" href=\"https:\/\/www.achilles.com\/no\/boom-i-fornybar-energi-eksponerer-risiko-i-leverandorkjeden\/\">\r\n                            <img decoding=\"async\" src=\"https:\/\/www.achilles.com\/app\/uploads\/2025\/10\/andreas-gucklhorn-Ilpf2eUPpUE-unsplash.jpg\" alt=\"Boom i fornybar energi eksponerer risiko i leverand\u00f8rkjeden\">\r\n                        <\/a>\r\n                                                <ul class=\"post_item_categories\">\r\n                                                        <li>Artikkel<\/li>\r\n                                                        <li>Bransjeinnsikt<\/li>\r\n                                                    <\/ul>\r\n                    <\/div>\r\n                    <a class=\"post_item_name\" href=\"https:\/\/www.achilles.com\/no\/boom-i-fornybar-energi-eksponerer-risiko-i-leverandorkjeden\/\">Boom i fornybar energi eksponerer risiko i leverand\u00f8rkjeden<\/a>\r\n                <\/div>\r\n                                <div class=\"post_item\">\r\n                    <div class=\"post_item_top\">\r\n                                                <a class=\"post_item_img\" href=\"https:\/\/www.achilles.com\/no\/bransjeinnsikt\/fra-data-til-offentliggjoring-hvordan-innkjop-kan-lede-an-i-arbeidet-med-ikke-finansiell-rapportering\/\">\r\n                            <img decoding=\"async\" src=\"https:\/\/www.achilles.com\/app\/uploads\/2023\/07\/thought-catalog-UK78i6vK3sc-unsplash-scaled-1.jpg\" alt=\"Fra data til offentliggj\u00f8ring: Hvordan innkj\u00f8p kan lede an i arbeidet med ikke-finansiell rapportering\">\r\n                        <\/a>\r\n                                                <ul class=\"post_item_categories\">\r\n                                                        <li>Artikkel<\/li>\r\n                                                    <\/ul>\r\n                    <\/div>\r\n                    <a class=\"post_item_name\" href=\"https:\/\/www.achilles.com\/no\/bransjeinnsikt\/fra-data-til-offentliggjoring-hvordan-innkjop-kan-lede-an-i-arbeidet-med-ikke-finansiell-rapportering\/\">Fra data til offentliggj\u00f8ring: Hvordan innkj\u00f8p kan lede an i arbeidet med ikke-finansiell rapportering<\/a>\r\n                <\/div>\r\n                            <\/div>\r\n                    <\/div>\r\n    <\/div>\r\n\n\n            <div class=\"content_section bg_grey\">\r\n            <div class=\"container\">\r\n                <div class=\"content_wrap\">\r\n                    <div class=\"content_info ogo2\">\r\n                                                <h2 class=\"title_page\">5 grunner til \u00e5 bruke Achilles for due diligence i forsyningskjeden<\/h2>\r\n                                                <h5 class=\"title_small\">Verdensledende ESG supply chain management og compliance<\/h5>\r\n                                                <div class=\"typical_text\">\r\n                            <p><span lang=\"EN-GB\" data-contrast=\"none\" xml:lang=\"EN-GB\">Finn ut mer om \u00e5 jobbe med Achilles, og se risikostyringsbyrden din i forsyningskjeden forsvinne og rapporteringssikkerheten skyter i v\u00e6ret.<\/span><\/p>\n                        <\/div>\r\n                                                <a class=\"btn btn_big\" href=\"https:\/\/www.achilles.com\/no\/industry-insights\/5-grunner-til-a-velge-achilles-for-a-oppna-samsvar-med-apenhetsloven\/\">Lese<\/a>\r\n                                            <\/div>\r\n\t\t\t\t\t\t\t\t\t\t\r\n                                        <div class=\"content_media\">\r\n                        <img decoding=\"async\" src=\"https:\/\/www.achilles.com\/app\/uploads\/2023\/06\/5-Reasons-to-choose-Achilles-header.png\" width=\"300\" alt=\"\">\r\n                    <\/div>\r\n                                    <\/div>\r\n            <\/div>\r\n        <\/div>\r\n    \n\n    <div class=\"request_section\" id=\"getintouch\">\r\n        <div class=\"contact_bg\">\r\n                        <img decoding=\"async\" src=\"https:\/\/www.achilles.com\/app\/uploads\/2023\/06\/AdobeStock_597633716-scaled-1.jpeg\" alt=\"EU-flagg symboliserer hvordan Achilles hjelper bedrifter med \u00e5 overholde EUs b\u00e6rekraftsforskrifter\">\r\n                    <\/div>\r\n        <div class=\"container\">\r\n            <div class=\"request_inner\">\r\n                                <div class=\"request_wrapper\">\r\n                <h2 class=\"title_section\">Ta kontakt<\/h2>\r\n                <\/div>\r\n                                <div class=\"request_box\">\r\n                                        <h5 class=\"contact_content_subtitle\">Kontakt oss for \u00e5 diskutere dine ESG-forsyningskjedekrav<\/h5>\r\n                    <script charset=\"utf-8\" type=\"text\/javascript\" src=\"\/\/js.hsforms.net\/forms\/embed\/v2.js\"><\/script><script>hbspt.forms.create({\n    region: \"na1\",\n    portalId: \"5387762\",\n    formId: \"a23cf73a-36bd-433c-a1d8-4acd8b05b928\"\n  });\n<\/script>                <\/div>\r\n            <\/div>\r\n        <\/div>\r\n    <\/div>\r\n\r\n","protected":false},"excerpt":{"rendered":"","protected":false},"author":2,"featured_media":0,"parent":0,"menu_order":0,"comment_status":"closed","ping_status":"closed","template":"","meta":{"_acf_changed":false,"content-type":"","footnotes":""},"class_list":["post-23898","page","type-page","status-publish","hentry"],"acf":[],"_links":{"self":[{"href":"https:\/\/www.achilles.com\/no\/wp-json\/wp\/v2\/pages\/23898","targetHints":{"allow":["GET"]}}],"collection":[{"href":"https:\/\/www.achilles.com\/no\/wp-json\/wp\/v2\/pages"}],"about":[{"href":"https:\/\/www.achilles.com\/no\/wp-json\/wp\/v2\/types\/page"}],"author":[{"embeddable":true,"href":"https:\/\/www.achilles.com\/no\/wp-json\/wp\/v2\/users\/2"}],"replies":[{"embeddable":true,"href":"https:\/\/www.achilles.com\/no\/wp-json\/wp\/v2\/comments?post=23898"}],"version-history":[{"count":0,"href":"https:\/\/www.achilles.com\/no\/wp-json\/wp\/v2\/pages\/23898\/revisions"}],"wp:attachment":[{"href":"https:\/\/www.achilles.com\/no\/wp-json\/wp\/v2\/media?parent=23898"}],"curies":[{"name":"wp","href":"https:\/\/api.w.org\/{rel}","templated":true}]}}