{"id":23718,"date":"2023-09-28T15:57:10","date_gmt":"2023-09-28T14:57:10","guid":{"rendered":"https:\/\/uat.achilles.com\/carbon-management-and-reduction\/"},"modified":"2023-12-13T20:18:55","modified_gmt":"2023-12-13T17:18:55","slug":"karbonsstyring-og-reduksjon","status":"publish","type":"page","link":"https:\/\/www.achilles.com\/no\/karbonsstyring-og-reduksjon\/","title":{"rendered":"Karbonsstyring Og Reduksjon"},"content":{"rendered":"    <div class=\"top_section\">\n        <div class=\"container\">\n            <div class=\"top_info half\">\n                                    <h1 class=\"top_title\">Gj\u00f8r tiltak for \u00e5 redusere karbonutslipp og start reisen mot netto null<\/h1>\n                                    <div class=\"top_text large_text\">\n                        <p>Achilles tilbyr et omfattende program for karbonstyring som gir deg muligheten til \u00e5 fremsette karbonreduksjonskrav med tillit i ethvert marked og overfor enhver interessegruppe.<\/p>\n                    <\/div>\n                                    <div class=\"top_buttons\">\n                                                    <a class=\"btn btn_big\" href=\"https:\/\/www.achilles.com\/no\/kontakt-oss\/\">Bestill en gratis karbonkonsultasjon.<\/a>\n                                            <\/div>\n                            <\/div>\n        <\/div>\n        <div class=\"top_media\">\n\t\t\t        <\/div>\n    <\/div>\n\n\n            <div class=\"content_section\">\r\n            <div class=\"container\">\r\n                <div class=\"content_wrap right\">\r\n                    <div class=\"content_info ogo2\">\r\n                                                <p class=\"title_category\">UTFORDRINGEN<\/p>\r\n                                                <h2 class=\"title_page\">Reduksjon av klimagassutslipp<\/h2>\r\n                                                <div class=\"typical_text\">\r\n                            <p>Med \u00f8kende bekymringer for milj\u00f8et p\u00e5 dagsordenen, trenger organisasjoner i \u00f8kende grad \u00e5 demonstrere at de jobber b\u00e6rekraftig. Achilles&#8217; l\u00f8sning for karbonreduksjon er i tr\u00e5d med ISO 14064-1, TCFD, SBTi og CDP, m\u00e5ler uavhengig og reduserer karbonavtrykket ditt, og oppfyller alle dine forpliktelser knyttet til karbonavsl\u00f8ring, inkludert kravene for l\u00e5n knyttet til b\u00e6rekraft<\/p>\n                        <\/div>\r\n                                                <a class=\"btn btn_big\" href=\"https:\/\/www.achilles.com\/no\/kontakt-oss\/\">kom i gang<\/a>\r\n                                            <\/div>\r\n\t\t\t\t\t\t\t\t\t\t\r\n                                    <\/div>\r\n            <\/div>\r\n        <\/div>\r\n    \n\n    <div class=\"content_section bg_grey\">\r\n        <div class=\"container\">\r\n                        <div class=\"description_section\">\r\n                                <p class=\"title_category\">HVA VI GJ\u00d8R<\/p>\r\n                                <h2 class=\"title_section\">L\u00f8sninger for karbonstyring fra Achilles<\/h2>\r\n                                <div class=\"typical_text\">\r\n                    <p class=\"p1\">Achilles hjelper organisasjoner med \u00e5 redusere sitt karbonavtrykk og oppfylle b\u00e5de frivillige og regulatoriske krav ved hjelp av vitenskapsbaserte verkt\u00f8y, dokumentasjon, handlinger, st\u00f8tte og bevis som er n\u00f8dvendige for \u00e5 gj\u00f8re reelle fremskritt mot en overgang til netto null.<\/p>\n                <\/div>\r\n                            <\/div>\r\n                        <div class=\"features_wrap\">\r\n                                <div class=\"feature_item\">\r\n                                        <div class=\"feature_item_icon\">\r\n                        <img decoding=\"async\" src=\"https:\/\/www.achilles.com\/app\/uploads\/2023\/09\/air-pollution-co2.png\" alt=\"\">\r\n                    <\/div>\r\n                                        <h3 class=\"feature_item_name\">Karbonstyring i leverand\u00f8rkjeden<\/h3>\r\n                                        <div class=\"typical_text\">\r\n                        <p>Kom i gang ved \u00e5 samle data direkte fra dine leverand\u00f8rer og spore ytelsen over tid.<\/p>\n                    <\/div>\r\n                                    <\/div>\r\n                                <div class=\"feature_item\">\r\n                                        <div class=\"feature_item_icon\">\r\n                        <img decoding=\"async\" src=\"https:\/\/www.achilles.com\/app\/uploads\/2023\/09\/cursor-target.png\" alt=\"\">\r\n                    <\/div>\r\n                                        <h3 class=\"feature_item_name\">Carbon Reduce Scheme<\/h3>\r\n                                        <div class=\"typical_text\">\r\n                        <p>G\u00e5 videre. M\u00e5l alle utslipp i henhold til ISO 14064-1 og WRI GHG-protokollen, inkludert kj\u00f8ret\u00f8y, forretningsreiser, drivstoff og str\u00f8m, papir og avfall, med muligheten til \u00e5 inkludere alle femten underkategorier av Scope 3.<\/p>\n<p>&nbsp;<\/p>\n                    <\/div>\r\n                                    <\/div>\r\n                                <div class=\"feature_item\">\r\n                                        <div class=\"feature_item_icon\">\r\n                        <img decoding=\"async\" src=\"https:\/\/www.achilles.com\/app\/uploads\/2023\/09\/certificate-authentication-document-badge-check-1.png\" alt=\"\">\r\n                    <\/div>\r\n                                        <h3 class=\"feature_item_name\">Statement of Assurance<\/h3>\r\n                                        <div class=\"typical_text\">\r\n                        <p>Demonstrer tydelig din prestasjon mot ESG-n\u00f8kkeltall (KPI-er) og m\u00e5l for b\u00e6rekraftsprestasjon (SPT-er) for l\u00e5ngivere og andre interessegrupper for \u00e5 st\u00f8tte l\u00e5n knyttet til b\u00e6rekraft.<\/p>\n                    <\/div>\r\n                                    <\/div>\r\n                            <\/div>\r\n                    <\/div>\r\n    <\/div>\r\n\n\n            <div class=\"hero_section\">\r\n           <div class=\"hero_media\">\r\n                            <\/div>\r\n            <div class=\"container\">\r\n                <div class=\"hero_wrapper\">\r\n                    <div class=\"hero_info\">\r\n                                                <h2 class=\"title_section\">Inntil 50 % reduksjon<\/h2>\r\n                                                <div class=\"typical_text middle_text\">\r\n                            <p>Kunder som benytter seg av dette programmet, kan i gjennomsnitt forvente \u00e5 redusere valgfritt karbon med 30 % over en periode p\u00e5 tre til fire \u00e5r, og 50 % over fem til seks \u00e5r.<\/p>\r\n                        <\/div>\r\n                                                <div class=\"content_buttons\">\r\n                                                        <a class=\"btn btn_big\" aria-label=\" - \" href=\"\"><\/a>\r\n                                                    <\/div>\r\n                                            <\/div>\r\n                <\/div>\r\n            <\/div>\r\n        <\/div>\r\n    \n\n    <div class=\"content_section\">\r\n        <div class=\"container\">\r\n                        <div class=\"posts_panel\">\r\n                <div class=\"description_section\">\r\n                                        <p class=\"title_category\">HISTORIER FRA V\u00c5RE KUNDER<\/p>\r\n                     \r\n                    <h2 class=\"title_section\">Anbefalt for deg<\/h2>\r\n                                    <\/div>\r\n                            <\/div>\r\n                                    <div class=\"posts_wrap\">\r\n                                <div class=\"post_item\">\r\n                    <div class=\"post_item_top\">\r\n                                                <a class=\"post_item_img\" href=\"https:\/\/www.achilles.com\/no\/bransjeinnsikt\/bygging-av-et-skalerbart-baerekraftig-og-robust-nettverk-for-datasenterkonstruksjon\/\">\r\n                            <img decoding=\"async\" src=\"https:\/\/www.achilles.com\/app\/uploads\/2026\/03\/Achilles-Google-Supply-Chain-Risk-banner.png\" alt=\"Bygging av et skalerbart, b\u00e6rekraftig og robust nettverk for datasenterkonstruksjon\">\r\n                        <\/a>\r\n                                                <ul class=\"post_item_categories\">\r\n                                                        <li>Bransjeinnsikt<\/li>\r\n                                                        <li>Case Studier<\/li>\r\n                                                    <\/ul>\r\n                    <\/div>\r\n                    <a class=\"post_item_name\" href=\"https:\/\/www.achilles.com\/no\/bransjeinnsikt\/bygging-av-et-skalerbart-baerekraftig-og-robust-nettverk-for-datasenterkonstruksjon\/\">Bygging av et skalerbart, b\u00e6rekraftig og robust nettverk for datasenterkonstruksjon<\/a>\r\n                <\/div>\r\n                                <div class=\"post_item\">\r\n                    <div class=\"post_item_top\">\r\n                                                <a class=\"post_item_img\" href=\"https:\/\/www.achilles.com\/no\/hvordan-leverandorengasjement-former-baerekraften-i-maritime-leverandorkjeder\/\">\r\n                            <img decoding=\"async\" src=\"https:\/\/www.achilles.com\/app\/uploads\/2025\/01\/Maritime.png\" alt=\"Hvordan leverand\u00f8rengasjement former b\u00e6rekraften i maritime leverand\u00f8rkjeder\">\r\n                        <\/a>\r\n                                                <ul class=\"post_item_categories\">\r\n                                                        <li>Bransjeinnsikt<\/li>\r\n                                                        <li>Case Studier<\/li>\r\n                                                    <\/ul>\r\n                    <\/div>\r\n                    <a class=\"post_item_name\" href=\"https:\/\/www.achilles.com\/no\/hvordan-leverandorengasjement-former-baerekraften-i-maritime-leverandorkjeder\/\">Hvordan leverand\u00f8rengasjement former b\u00e6rekraften i maritime leverand\u00f8rkjeder<\/a>\r\n                <\/div>\r\n                                <div class=\"post_item\">\r\n                    <div class=\"post_item_top\">\r\n                                                <a class=\"post_item_img\" href=\"https:\/\/www.achilles.com\/no\/industry-insights\/hvorfor-revisjoner-er-viktige-en-virkelig-historie-fra-sjomatlogistikken\/\">\r\n                            <img decoding=\"async\" src=\"https:\/\/www.achilles.com\/app\/uploads\/2025\/03\/vidar-nordli-mathisen-641pLhGEEyg-unsplash.jpg\" alt=\"Hvorfor revisjoner er avgj\u00f8rende: En ekte historie fra sj\u00f8matlogistikk\">\r\n                        <\/a>\r\n                                                <ul class=\"post_item_categories\">\r\n                                                        <li>Case Studier<\/li>\r\n                                                    <\/ul>\r\n                    <\/div>\r\n                    <a class=\"post_item_name\" href=\"https:\/\/www.achilles.com\/no\/industry-insights\/hvorfor-revisjoner-er-viktige-en-virkelig-historie-fra-sjomatlogistikken\/\">Hvorfor revisjoner er avgj\u00f8rende: En ekte historie fra sj\u00f8matlogistikk<\/a>\r\n                <\/div>\r\n                            <\/div>\r\n                    <\/div>\r\n    <\/div>\r\n\n\n    <div class=\"content_section\">\r\n        <div class=\"container\">\r\n                        <div class=\"tools_description\">\r\n                                <p class=\"title_category\">OMFATTENDE OG STRENGT<\/p>\r\n                                <h2 class=\"title_section\">Et komplett program for karbonstyring<\/h2>\r\n                                <div class=\"typical_text\">\r\n                    <p class=\"p2\">Vi vil samarbeide med deg for \u00e5 definere omfanget av ditt program basert p\u00e5 relevante forskrifter og karbonm\u00e5l, og vi vil vurdere alle karbonm\u00e5ling og -styringsaktiviteter du allerede kan ha gjennomf\u00f8rt, slik at du ikke betaler for \u00e5 gj\u00f8re ting to ganger.<\/p>\n                <\/div>\r\n                            <\/div>\r\n                        <div class=\"tools_wrap tabs_section\">\r\n                <div class=\"tools_tabs tabs_buttons\">\r\n                                        <div class=\"tools_btn tab_btn current\" data-tab=\"1\">\r\n                        <span>M\u00e5l<\/span>\r\n                        <span class=\"tools_btn_arrow icon-Chevron-Right\"><\/span>\r\n                    <\/div>\r\n                                        <div class=\"tools_btn tab_btn\" data-tab=\"2\">\r\n                        <span>H\u00e5ndter<\/span>\r\n                        <span class=\"tools_btn_arrow icon-Chevron-Right\"><\/span>\r\n                    <\/div>\r\n                                        <div class=\"tools_btn tab_btn\" data-tab=\"3\">\r\n                        <span>Verifisere<\/span>\r\n                        <span class=\"tools_btn_arrow icon-Chevron-Right\"><\/span>\r\n                    <\/div>\r\n                                        <div class=\"tools_btn tab_btn\" data-tab=\"4\">\r\n                        <span>Redusere&raquo; eller &laquo;avhjelpe<\/span>\r\n                        <span class=\"tools_btn_arrow icon-Chevron-Right\"><\/span>\r\n                    <\/div>\r\n                                        <div class=\"tools_btn tab_btn\" data-tab=\"5\">\r\n                        <span>Offentliggj\u00f8re<\/span>\r\n                        <span class=\"tools_btn_arrow icon-Chevron-Right\"><\/span>\r\n                    <\/div>\r\n                                        <div class=\"tools_btn tab_btn\" data-tab=\"6\">\r\n                        <span>Overv\u00e5ke<\/span>\r\n                        <span class=\"tools_btn_arrow icon-Chevron-Right\"><\/span>\r\n                    <\/div>\r\n                                    <\/div>\r\n                <div class=\"tools_content\">\r\n                                        <div class=\"tool_container tab_container tab_container_1 active\">\r\n                        <div class=\"typical_text\">\r\n                            <p class=\"p1\">Achilles gir verkt\u00f8yene som hjelper med \u00e5 m\u00e5le alle utslipp i henhold til ISO 14064-1 og WRI GHG-protokollen, inkludert kj\u00f8ret\u00f8y, forretningsreiser, drivstoff og elektrisitet, papir og avfall, med muligheten for selskaper \u00e5 gjennomf\u00f8re full verdikjede for alle femten underkategorier av Scope 3.<\/p>\n                        <\/div>\r\n                                            <\/div>\r\n                                        <div class=\"tool_container tab_container tab_container_2\">\r\n                        <div class=\"typical_text\">\r\n                            <p class=\"p1\">Achilles benytter omfattende veiledning, ressurser, verkt\u00f8y og maler basert p\u00e5 vitenskapelige prinsipper for \u00e5 veilede deg gjennom planlegging og gjennomf\u00f8ring av karbonreduksjonsstyring for \u00e5 oppfylle en m\u00e5lsetting p\u00e5 1,5 graders Celsius og oppn\u00e5 ISO14064-1-sertifisering. Vi forst\u00e5r at \u00e9n l\u00f8sning ikke passer for alle. Programmet, med sin dokumenterte suksess, implementerer beste praksis og muliggj\u00f8r ulike tiln\u00e6rminger for ulike typer selskaper, slik at den beste l\u00f8sningen blir implementert for \u00e5 h\u00e5ndtere hver enkel bedrifts karbonforpliktelser og utfordringer, og maksimere mulighetene for reduksjoner.<\/p>\n                        <\/div>\r\n                                            <\/div>\r\n                                        <div class=\"tool_container tab_container tab_container_3\">\r\n                        <div class=\"typical_text\">\r\n                            <p class=\"p1\">Kvalifiserte uavhengige ISO14066 GHG-revisorer fra Achilles vil verifisere at inventaret er i samsvar med internasjonale standarder, ISO14064 del 1 og del 3, med muligheten for full ISO14064-1-sertifisering.<\/p>\n                        <\/div>\r\n                                            <\/div>\r\n                                        <div class=\"tool_container tab_container tab_container_4\">\r\n                        <div class=\"typical_text\">\r\n                            <p class=\"p1\">Selskaper har muligheten til \u00e5 kompensere uunng\u00e5elige utslipp av klimagasser for \u00e5 oppn\u00e5 karbonn\u00f8ytralitet. Karbonkreditter gir en mulighet for enkeltpersoner, organisasjoner og samfunn \u00e5 balansere vektsk\u00e5len p\u00e5 vei mot reduksjon, men ikke alle karbonkompensasjoner betraktes som likeverdige. Achilles-eksperter veileder deg gjennom hvert trinn av karboninvestering og kompensasjon for \u00e5 sikre at &laquo;greenwash&raquo; -problemer unng\u00e5s og at selskapets p\u00e5stander om Netto Null eller karbonn\u00f8ytralitet er solide og troverdige.<\/p>\n                        <\/div>\r\n                                            <\/div>\r\n                                        <div class=\"tool_container tab_container tab_container_5\">\r\n                        <div class=\"typical_text\">\r\n                            <p class=\"p1\">Achilles-prosessen gir de uavhengig verifiserte dataene som er n\u00f8dvendige for \u00e5 trygt rapportere klimagassp\u00e5stander for \u00e5 overholde forskrifter og oppfylle kravene til interessentenes offentliggj\u00f8ring, inkludert SBTi, CDP og TCFD. Achilles omfattende rapport om klimagassutslipp og styring spesifiserer utslippsinventar, styring og reduksjonsplaner og detaljert klimagassinventar. Vi oppfordrer ogs\u00e5 selskaper til \u00e5 vise frem sine prestasjoner med en klimagassrevisjon eller ISO 14064-1-sertifisering.<\/p>\n                        <\/div>\r\n                                            <\/div>\r\n                                        <div class=\"tool_container tab_container tab_container_6\">\r\n                        <div class=\"typical_text\">\r\n                            <p class=\"p1\">Achilles&#8217; \u00e5rlige tilsynssyklus st\u00f8tter en reise med kontinuerlig reduksjon for \u00e5 hjelpe bedrifter med \u00e5 tilpasse seg m\u00e5let om \u00e5 begrense global oppvarming til 1,5\u00b0C &#8211; den h\u00f8yeste ambisjonen i Parisavtalen.<\/p>\n                        <\/div>\r\n                                            <\/div>\r\n                                    <\/div>\r\n            <\/div>\r\n                    <\/div>\r\n    <\/div>\r\n\n\n            <div class=\"content_section bg_grey\">\r\n            <div class=\"container\">\r\n                <div class=\"content_wrap\">\r\n                    <div class=\"content_info ogo2\">\r\n                                                <h2 class=\"title_page\">7 grunner til \u00e5 velge Achilles<\/h2>\r\n                                                <h5 class=\"title_small\">Verdensledende innen karbonstyring og reduksjonF\u00e5 mer informasjon om \u00e5 arbeide med Achilles. <\/h5>\r\n                                                <div class=\"typical_text\">\r\n                            <p>F\u00e5 mer informasjon om \u00e5 arbeide med Achilles. M\u00f8t stadig strengere krav til karbonm\u00e5ling og -reduksjon og rapporter med selvtillit.<\/p>\n                        <\/div>\r\n                                                <a class=\"btn btn_big\" href=\"https:\/\/www.achilles.com\/no\/forretningsmulighet\/7-grunner-til-at-bedriften-din-bor-bruke-achilles-for-karbonreduksjon\/\">Lese<\/a>\r\n                                            <\/div>\r\n\t\t\t\t\t\t\t\t\t\t\r\n                                        <div class=\"content_media\">\r\n                        <img decoding=\"async\" src=\"https:\/\/www.achilles.com\/app\/uploads\/2023\/09\/AdobeStock_555958628.png\" width=\"400\" alt=\"Carbon emissions\">\r\n                    <\/div>\r\n                                    <\/div>\r\n            <\/div>\r\n        <\/div>\r\n    \n\n    <div class=\"content_section\">\r\n        <div class=\"container\">\r\n                        <div class=\"posts_panel\">\r\n                <div class=\"description_section\">\r\n                                        <p class=\"title_category\">Nyheter og innsikt<\/p>\r\n                     \r\n                    <h2 class=\"title_section\">Ressurser for karbonreduksjon<\/h2>\r\n                                    <\/div>\r\n                            <\/div>\r\n                                    <div class=\"posts_wrap\">\r\n                                <div class=\"post_item\">\r\n                    <div class=\"post_item_top\">\r\n                                                <a class=\"post_item_img\" href=\"https:\/\/www.achilles.com\/no\/bransjeinnsikt\/fra-data-til-offentliggjoring-hvordan-innkjop-kan-lede-an-i-arbeidet-med-ikke-finansiell-rapportering\/\">\r\n                            <img decoding=\"async\" src=\"https:\/\/www.achilles.com\/app\/uploads\/2023\/07\/thought-catalog-UK78i6vK3sc-unsplash-scaled-1.jpg\" alt=\"Fra data til offentliggj\u00f8ring: Hvordan innkj\u00f8p kan lede an i arbeidet med ikke-finansiell rapportering\">\r\n                        <\/a>\r\n                                                <ul class=\"post_item_categories\">\r\n                                                        <li>Artikkel<\/li>\r\n                                                    <\/ul>\r\n                    <\/div>\r\n                    <a class=\"post_item_name\" href=\"https:\/\/www.achilles.com\/no\/bransjeinnsikt\/fra-data-til-offentliggjoring-hvordan-innkjop-kan-lede-an-i-arbeidet-med-ikke-finansiell-rapportering\/\">Fra data til offentliggj\u00f8ring: Hvordan innkj\u00f8p kan lede an i arbeidet med ikke-finansiell rapportering<\/a>\r\n                <\/div>\r\n                                <div class=\"post_item\">\r\n                    <div class=\"post_item_top\">\r\n                                                <a class=\"post_item_img\" href=\"https:\/\/www.achilles.com\/no\/bransjeinnsikt\/hvordan-achilles-carbon-accounting-hjelper-bedrifter-med-a-na-sine-karbonmal\/\">\r\n                            <img decoding=\"async\" src=\"https:\/\/www.achilles.com\/app\/uploads\/2025\/06\/Meet-your-carbon-goals_v2.png\" alt=\"Hvordan Achilles Carbon Accounting hjelper bedrifter med \u00e5 n\u00e5 sine karbonm\u00e5l\">\r\n                        <\/a>\r\n                                                <ul class=\"post_item_categories\">\r\n                                                        <li>Artikkel<\/li>\r\n                                                        <li>Produktoppdateringer<\/li>\r\n                                                    <\/ul>\r\n                    <\/div>\r\n                    <a class=\"post_item_name\" href=\"https:\/\/www.achilles.com\/no\/bransjeinnsikt\/hvordan-achilles-carbon-accounting-hjelper-bedrifter-med-a-na-sine-karbonmal\/\">Hvordan Achilles Carbon Accounting hjelper bedrifter med \u00e5 n\u00e5 sine karbonm\u00e5l<\/a>\r\n                <\/div>\r\n                                <div class=\"post_item\">\r\n                    <div class=\"post_item_top\">\r\n                                                <a class=\"post_item_img\" href=\"https:\/\/www.achilles.com\/no\/bransjeinnsikt\/hva-er-issb-og-hvorfor-er-det-viktig-for-global-baerekraftsrapportering\/\">\r\n                            <img decoding=\"async\" src=\"https:\/\/www.achilles.com\/app\/uploads\/2025\/01\/Network-1.png\" alt=\"Hva er ISSB? Og hvorfor er det viktig for global b\u00e6rekraftsrapportering?\">\r\n                        <\/a>\r\n                                                <ul class=\"post_item_categories\">\r\n                                                        <li>Artikkel<\/li>\r\n                                                    <\/ul>\r\n                    <\/div>\r\n                    <a class=\"post_item_name\" href=\"https:\/\/www.achilles.com\/no\/bransjeinnsikt\/hva-er-issb-og-hvorfor-er-det-viktig-for-global-baerekraftsrapportering\/\">Hva er ISSB? Og hvorfor er det viktig for global b\u00e6rekraftsrapportering?<\/a>\r\n                <\/div>\r\n                            <\/div>\r\n                    <\/div>\r\n    <\/div>\r\n\n\n    <div class=\"request_section\">\r\n        <div class=\"contact_bg\">\r\n                    <\/div>\r\n        <div class=\"container\">\r\n            <div class=\"request_inner\">\r\n                                <div class=\"request_wrapper\">\r\n                <h2 class=\"title_section\">Ta kontakt<\/h2>\r\n                <\/div>\r\n                                <div class=\"request_box\">\r\n                                        <h5 class=\"contact_content_subtitle\">Ta kontakt for \u00e5 diskutere dine ESG-krav til leverand\u00f8rkjeden<\/h5>\r\n                    <script charset=\"utf-8\" type=\"text\/javascript\" src=\"\/\/js.hsforms.net\/forms\/embed\/v2.js\"><\/script>\r\n<script>\r\n  hbspt.forms.create({\r\n    region: \"na1\",\r\n    portalId: \"5387762\",\r\n    formId: \"a23cf73a-36bd-433c-a1d8-4acd8b05b928\"\r\n  });\r\n<\/script>                <\/div>\r\n            <\/div>\r\n        <\/div>\r\n    <\/div>\r\n\r\n","protected":false},"excerpt":{"rendered":"","protected":false},"author":2,"featured_media":0,"parent":0,"menu_order":0,"comment_status":"closed","ping_status":"closed","template":"","meta":{"_acf_changed":false,"content-type":"","footnotes":""},"class_list":["post-23718","page","type-page","status-publish","hentry"],"acf":[],"_links":{"self":[{"href":"https:\/\/www.achilles.com\/no\/wp-json\/wp\/v2\/pages\/23718","targetHints":{"allow":["GET"]}}],"collection":[{"href":"https:\/\/www.achilles.com\/no\/wp-json\/wp\/v2\/pages"}],"about":[{"href":"https:\/\/www.achilles.com\/no\/wp-json\/wp\/v2\/types\/page"}],"author":[{"embeddable":true,"href":"https:\/\/www.achilles.com\/no\/wp-json\/wp\/v2\/users\/2"}],"replies":[{"embeddable":true,"href":"https:\/\/www.achilles.com\/no\/wp-json\/wp\/v2\/comments?post=23718"}],"version-history":[{"count":0,"href":"https:\/\/www.achilles.com\/no\/wp-json\/wp\/v2\/pages\/23718\/revisions"}],"wp:attachment":[{"href":"https:\/\/www.achilles.com\/no\/wp-json\/wp\/v2\/media?parent=23718"}],"curies":[{"name":"wp","href":"https:\/\/api.w.org\/{rel}","templated":true}]}}