{"id":23253,"date":"2023-09-28T15:42:58","date_gmt":"2023-09-28T14:42:58","guid":{"rendered":"https:\/\/uat.achilles.com\/supply-chain-due-diligence\/"},"modified":"2023-12-13T20:16:11","modified_gmt":"2023-12-13T17:16:11","slug":"supply-chain-due-diligence","status":"publish","type":"page","link":"https:\/\/www.achilles.com\/no\/esg-rapportering\/","title":{"rendered":"ESG Rapportering"},"content":{"rendered":"    <div class=\"top_section\">\n        <div class=\"container\">\n            <div class=\"top_info half\">\n                                    <h1 class=\"top_title\">Global beskyttelse mot ESG-risiko<\/h1>\n                                    <div class=\"top_text large_text\">\n                        <p>Beskytt ditt selskap mot risiko innen milj\u00f8, sosiale forhold og virksomhetsstyring, ved hjelp av Achilles&#8217; unike rapporteringstjenester, ESG-rangeringer, risikovurdering og personlige inspeksjon av leverand\u00f8rer.<\/p>\n                    <\/div>\n                                    <div class=\"top_buttons\">\n                                                    <a class=\"btn btn_big\" href=\"https:\/\/www.achilles.com\/no\/kontakt-oss\/\">Kontakt oss<\/a>\n                                            <\/div>\n                            <\/div>\n        <\/div>\n        <div class=\"top_media\">\n\t\t\t        <\/div>\n    <\/div>\n\n\n            <div class=\"content_section\">\r\n            <div class=\"container\">\r\n                <div class=\"content_wrap right\">\r\n                    <div class=\"content_info ogo2\">\r\n                                                <p class=\"title_category\">UTFORDRINGEN<\/p>\r\n                                                <h2 class=\"title_page\">Overholdelse av regler i leverand\u00f8rkjeden<\/h2>\r\n                                                <div class=\"typical_text\">\r\n                            <p>I dagens marked, der organisasjoner stadig er under lupen, er en god oversikt over leverand\u00f8rkjeden ikke bare avgj\u00f8rende for \u00e5 sikre kvalitet, verdi og samsvar, det beskytter ogs\u00e5 mot straffende b\u00f8ter og skade av omd\u00f8mme. Achilles strenge vurderings- og rangeringssystem gir oversikt over hele leverand\u00f8rkjeden, p\u00e5viselig forbedring og trygg ESG-rapportering.<\/p>\n                        <\/div>\r\n                                                <a class=\"btn btn_big\" href=\"https:\/\/www.achilles.com\/no\/kontakt-oss\/\">Begynn<\/a>\r\n                                            <\/div>\r\n\t\t\t\t\t\t\t\t\t\t\r\n                                    <\/div>\r\n            <\/div>\r\n        <\/div>\r\n    \n\n    <div class=\"content_section bg_grey\">\r\n        <div class=\"container\">\r\n                        <div class=\"description_section\">\r\n                                <p class=\"title_category\">ACHILLES-PROSEDYREN<\/p>\r\n                                <h2 class=\"title_section\">Achilles gir best mulig beskyttelse mot ESG-relatert risiko og bidrar til forbedringer i leverand\u00f8rkjeden<\/h2>\r\n                                <div class=\"typical_text\">\r\n                    <p class=\"heading heading--3\">Det er kun Achilles som har medarbeiderne, prosedyrene, systemene, erfaringen og det globale nettverket som kreves for \u00e5 samarbeide med kunder p\u00e5 alle stadier av prosessen. Vi hjelper med \u00e5 identifisere risiko innen ESG og skape forbedringer p\u00e5 dette omr\u00e5det, slik at ditt selskap er i samsvar med b\u00e5de loven og interessentenes forventninger.<\/p>\n                <\/div>\r\n                            <\/div>\r\n                        <div class=\"features_wrap\">\r\n                                <div class=\"feature_item\">\r\n                                        <div class=\"feature_item_icon\">\r\n                        <img decoding=\"async\" src=\"https:\/\/www.achilles.com\/app\/uploads\/2023\/09\/earth-warning.png\" alt=\"\">\r\n                    <\/div>\r\n                                        <h3 class=\"feature_item_name\">\u00c5 definere sine svakheter innen milj\u00f8, samfunn og virksomhetsstyring<\/h3>\r\n                                        <div class=\"typical_text\">\r\n                        <p class=\"heading heading--4 platform-feature-heading\">Med Achilles vil du kunne vurdere leverand\u00f8rene ut fra strenge kriterier, og du vil dermed oppn\u00e5 en full oversikt over hvilke risikoer som gjelder for din leverand\u00f8rkjede.<\/p>\n                    <\/div>\r\n                                    <\/div>\r\n                                <div class=\"feature_item\">\r\n                                        <div class=\"feature_item_icon\">\r\n                        <img decoding=\"async\" src=\"https:\/\/www.achilles.com\/app\/uploads\/2023\/09\/performance-increase-1-1.png\" alt=\"\">\r\n                    <\/div>\r\n                                        <h3 class=\"feature_item_name\">Skap forbedring innen ESG<\/h3>\r\n                                        <div class=\"typical_text\">\r\n                        <p>Ved hjelp av personlige inspeksjoner og gjennomganger kan du forbedre dine leverand\u00f8rkjeder og dermed oppn\u00e5 bedre beskyttelse mot risiko.<\/p>\n                    <\/div>\r\n                                    <\/div>\r\n                                <div class=\"feature_item\">\r\n                                        <div class=\"feature_item_icon\">\r\n                        <img decoding=\"async\" src=\"https:\/\/www.achilles.com\/app\/uploads\/2023\/09\/certificate-authentication-document-badge-check-1.png\" alt=\"\">\r\n                    <\/div>\r\n                                        <h3 class=\"feature_item_name\">Dokumentasjon av ESG-samsvar<\/h3>\r\n                                        <div class=\"typical_text\">\r\n                        <p>V\u00e5re strenge prosedyrer gj\u00f8r at alle dine interessenter tydelig kan se hvilke tiltak du har iverksatt.<\/p>\n                    <\/div>\r\n                                    <\/div>\r\n                            <\/div>\r\n                    <\/div>\r\n    <\/div>\r\n\n\n            <div class=\"hero_section\">\r\n           <div class=\"hero_media\">\r\n                            <\/div>\r\n            <div class=\"container\">\r\n                <div class=\"hero_wrapper\">\r\n                    <div class=\"hero_info\">\r\n                                                <h2 class=\"title_section\">Achilles hjelper Tesco med \u00e5 n\u00e5 nye etiske ansettelsesstandarder<\/h2>\r\n                                                <div class=\"typical_text middle_text\">\r\n                            <p>Vi visste at Achilles var sv\u00e6rt grundig og fleksibel i sin revisjonsmetode, og dette var noe vi virkelig hadde nytte av i samarbeidet.\r\n<p>Courtenay Forbes, Human Rights Manager<\/p>\r\n                        <\/div>\r\n                                                <div class=\"content_buttons\">\r\n                                                        <a class=\"btn btn_big\" aria-label=\" - L\u00e6r mer\" href=\"https:\/\/www.achilles.com\/no\/uncategorized-no\/achilles-hjelper-tesco-na-nye-etiske-arbeidsstandarder\/\">L\u00e6r mer<\/a>\r\n                                                    <\/div>\r\n                                            <\/div>\r\n                <\/div>\r\n            <\/div>\r\n        <\/div>\r\n    \n\n    <div class=\"content_section\">\r\n        <div class=\"container\">\r\n                        <div class=\"tools_description\">\r\n                                <p class=\"title_category\">SLIK FUNGERER DET<\/p>\r\n                                <h2 class=\"title_section\">En heldekkende l\u00f8sning for en b\u00e6rekraftig leverand\u00f8rkjede<\/h2>\r\n                                <div class=\"typical_text\">\r\n                    <p>Achilles tilbyr et komplett og heldekkende program for administrasjon av en b\u00e6rekraftig leverand\u00f8rkjede, som gj\u00f8r det mulig for selskaper \u00e5 rapportere sin egen status vedr\u00f8rende ESG, samt \u00e5 oppn\u00e5 forbedringer p\u00e5 ethvert marked og overfor enhver interessentgruppe.<\/p>\n                <\/div>\r\n                            <\/div>\r\n                        <div class=\"tools_wrap tabs_section\">\r\n                <div class=\"tools_tabs tabs_buttons\">\r\n                                        <div class=\"tools_btn tab_btn current\" data-tab=\"1\">\r\n                        <span>Omfattende innhenting og aggregering av data<\/span>\r\n                        <span class=\"tools_btn_arrow icon-Chevron-Right\"><\/span>\r\n                    <\/div>\r\n                                        <div class=\"tools_btn tab_btn\" data-tab=\"2\">\r\n                        <span>Verifisering og validering<\/span>\r\n                        <span class=\"tools_btn_arrow icon-Chevron-Right\"><\/span>\r\n                    <\/div>\r\n                                        <div class=\"tools_btn tab_btn\" data-tab=\"3\">\r\n                        <span>Overv\u00e5kning<\/span>\r\n                        <span class=\"tools_btn_arrow icon-Chevron-Right\"><\/span>\r\n                    <\/div>\r\n                                        <div class=\"tools_btn tab_btn\" data-tab=\"4\">\r\n                        <span>Forbedring<\/span>\r\n                        <span class=\"tools_btn_arrow icon-Chevron-Right\"><\/span>\r\n                    <\/div>\r\n                                        <div class=\"tools_btn tab_btn\" data-tab=\"5\">\r\n                        <span>Rapportering<\/span>\r\n                        <span class=\"tools_btn_arrow icon-Chevron-Right\"><\/span>\r\n                    <\/div>\r\n                                        <div class=\"tools_btn tab_btn\" data-tab=\"6\">\r\n                        <span>Fordeler for leverand\u00f8rene<\/span>\r\n                        <span class=\"tools_btn_arrow icon-Chevron-Right\"><\/span>\r\n                    <\/div>\r\n                                    <\/div>\r\n                <div class=\"tools_content\">\r\n                                        <div class=\"tool_container tab_container tab_container_1 active\">\r\n                        <div class=\"typical_text\">\r\n                            <p>Vi samler inn og analyserer data fra et bredt spekter av prim\u00e6re og sekund\u00e6re kilder som gj\u00f8r at du ikke bare ser hva som har skjedd i fortiden, men at du ogs\u00e5 \u2013 enda viktigere \u2013 kan finne ut hvor risikoen kan ligge i fremtiden. Du kan ogs\u00e5 legge til dine egne vurderinger, og se vurderinger fra andre innkj\u00f8pere over hele v\u00e5rt nettverk, om du \u00f8nsker en enda bredere innsikt. V\u00e5r evaluering, den mest omfattende p\u00e5 markedet, inkluderer risiko knyttet til b\u00e5de ESG, \u00f8konomi, helse og sikkerhet, slik at du er sikret h\u00f8yest mulig grad av beskyttelse og trygghet i leverand\u00f8rkjeden.<\/p>\n                        <\/div>\r\n                                            <\/div>\r\n                                        <div class=\"tool_container tab_container tab_container_2\">\r\n                        <div class=\"typical_text\">\r\n                            <p>Achilles gjennomf\u00f8rer en h\u00f8yst avansert kontroll av opplysninger vedr\u00f8rende leverand\u00f8rkjedene, samt en unik personlig inspeksjon og gjennomgang av ypperste kvalitet. Dette vil gi deg en langt mer dyptg\u00e5ende forst\u00e5else for din leverand\u00f8rkjede, slik at du kan etterleve alle krav og forventninger \u2013 b\u00e5de fra investorer, interessenter, myndighetene og ikke minst kravene du stiller til ditt eget selskap.<\/p>\n                        <\/div>\r\n                                            <\/div>\r\n                                        <div class=\"tool_container tab_container tab_container_3\">\r\n                        <div class=\"typical_text\">\r\n                            <p>I Achilles har vi alltid tenkt at ESG er en p\u00e5g\u00e5ende prosess som aldri blir fullf\u00f8rt. Vi jobber kontinuerlig med hele din leverand\u00f8rkjede for \u00e5 holde data oppdatert, og f\u00f8lge med p\u00e5 utviklingen og resultatene knyttet til ESG. Vi s\u00f8rger for at du alltid er godt beskyttet mot risiko i leverand\u00f8rkjeden.<\/p>\n                        <\/div>\r\n                                            <\/div>\r\n                                        <div class=\"tool_container tab_container tab_container_4\">\r\n                        <div class=\"typical_text\">\r\n                            <p>Gjennom 30 \u00e5r har vi samarbeidet med internasjonale kunder og tilpasset oss forskrifter og standardiserte modeller i en lang rekke bransjer. P\u00e5 den m\u00e5ten har vi gradvis utviklet og oppgradert v\u00e5re prosedyrer, slik at du skal v\u00e6re sikret en stadig forbedring av din leverand\u00f8rkjede.<\/p>\n                        <\/div>\r\n                                            <\/div>\r\n                                        <div class=\"tool_container tab_container tab_container_5\">\r\n                        <div class=\"typical_text\">\r\n                            <p>Achilles-plattformen gj\u00f8r at du kun med et tastetrykk har tilgang til alle n\u00f8dvendige opplysninger om leverand\u00f8rkjedene. For kunder som \u00f8nsker ytterligere informasjon til sine rapporteringsbehov, tilbyr vi skreddersydde rapporteringstjenester i samsvar med spesifikke krav fra myndigheter, investorer eller andre interessenter.<\/p>\n                        <\/div>\r\n                                            <\/div>\r\n                                        <div class=\"tool_container tab_container tab_container_6\">\r\n                        <div class=\"typical_text\">\r\n                            <p>N\u00e5r du jobber med Achilles, vil du utvilsomt oppn\u00e5 en bedre administrasjon av dine egne leverand\u00f8rkjeder. Dessuten vil leverand\u00f8rene dine kunne dra stor fordel av Achilles-programmet, ikke minst gjennom en \u00f8kt forst\u00e5else for dine krav til resultater og risiko. Dine leverand\u00f8rer vil gj\u00f8re en sterkere innsats for \u00e5 overholde og overg\u00e5 dine forventninger. P\u00e5 den m\u00e5ten vil ditt selskap skille seg ut fra mengden, noe som vil f\u00f8re til enda flere kunder og \u00f8kt virksomhet. Leverand\u00f8rer som investerer tid i og fullf\u00f8rer prekvalifiseringsprosessen, vil v\u00e6re synlige for lokale, nasjonale og internasjonale innkj\u00f8pere, hvilket vil gi dem store forretningsmessige fordeler.<\/p>\n                        <\/div>\r\n                                            <\/div>\r\n                                    <\/div>\r\n            <\/div>\r\n                    <\/div>\r\n    <\/div>\r\n\n\n    <div class=\"content_section\">\r\n        <div class=\"container\">\r\n                        <div class=\"posts_panel\">\r\n                <div class=\"description_section\">\r\n                                        <p class=\"title_category\">HISTORIER FRA V\u00c5RE KUNDER<\/p>\r\n                     \r\n                    <h2 class=\"title_section\">Anbefalt for deg<\/h2>\r\n                                    <\/div>\r\n                            <\/div>\r\n                                    <div class=\"posts_wrap\">\r\n                                <div class=\"post_item\">\r\n                    <div class=\"post_item_top\">\r\n                                                <a class=\"post_item_img\" href=\"https:\/\/www.achilles.com\/no\/bransjeinnsikt\/bygging-av-et-skalerbart-baerekraftig-og-robust-nettverk-for-datasenterkonstruksjon\/\">\r\n                            <img decoding=\"async\" src=\"https:\/\/www.achilles.com\/app\/uploads\/2026\/03\/Achilles-Google-Supply-Chain-Risk-banner.png\" alt=\"Bygging av et skalerbart, b\u00e6rekraftig og robust nettverk for datasenterkonstruksjon\">\r\n                        <\/a>\r\n                                                <ul class=\"post_item_categories\">\r\n                                                        <li>Bransjeinnsikt<\/li>\r\n                                                        <li>Case Studier<\/li>\r\n                                                    <\/ul>\r\n                    <\/div>\r\n                    <a class=\"post_item_name\" href=\"https:\/\/www.achilles.com\/no\/bransjeinnsikt\/bygging-av-et-skalerbart-baerekraftig-og-robust-nettverk-for-datasenterkonstruksjon\/\">Bygging av et skalerbart, b\u00e6rekraftig og robust nettverk for datasenterkonstruksjon<\/a>\r\n                <\/div>\r\n                                <div class=\"post_item\">\r\n                    <div class=\"post_item_top\">\r\n                                                <a class=\"post_item_img\" href=\"https:\/\/www.achilles.com\/no\/hvordan-leverandorengasjement-former-baerekraften-i-maritime-leverandorkjeder\/\">\r\n                            <img decoding=\"async\" src=\"https:\/\/www.achilles.com\/app\/uploads\/2025\/01\/Maritime.png\" alt=\"Hvordan leverand\u00f8rengasjement former b\u00e6rekraften i maritime leverand\u00f8rkjeder\">\r\n                        <\/a>\r\n                                                <ul class=\"post_item_categories\">\r\n                                                        <li>Bransjeinnsikt<\/li>\r\n                                                        <li>Case Studier<\/li>\r\n                                                    <\/ul>\r\n                    <\/div>\r\n                    <a class=\"post_item_name\" href=\"https:\/\/www.achilles.com\/no\/hvordan-leverandorengasjement-former-baerekraften-i-maritime-leverandorkjeder\/\">Hvordan leverand\u00f8rengasjement former b\u00e6rekraften i maritime leverand\u00f8rkjeder<\/a>\r\n                <\/div>\r\n                                <div class=\"post_item\">\r\n                    <div class=\"post_item_top\">\r\n                                                <a class=\"post_item_img\" href=\"https:\/\/www.achilles.com\/no\/industry-insights\/hvorfor-revisjoner-er-viktige-en-virkelig-historie-fra-sjomatlogistikken\/\">\r\n                            <img decoding=\"async\" src=\"https:\/\/www.achilles.com\/app\/uploads\/2025\/03\/vidar-nordli-mathisen-641pLhGEEyg-unsplash.jpg\" alt=\"Hvorfor revisjoner er avgj\u00f8rende: En ekte historie fra sj\u00f8matlogistikk\">\r\n                        <\/a>\r\n                                                <ul class=\"post_item_categories\">\r\n                                                        <li>Case Studier<\/li>\r\n                                                    <\/ul>\r\n                    <\/div>\r\n                    <a class=\"post_item_name\" href=\"https:\/\/www.achilles.com\/no\/industry-insights\/hvorfor-revisjoner-er-viktige-en-virkelig-historie-fra-sjomatlogistikken\/\">Hvorfor revisjoner er avgj\u00f8rende: En ekte historie fra sj\u00f8matlogistikk<\/a>\r\n                <\/div>\r\n                            <\/div>\r\n                    <\/div>\r\n    <\/div>\r\n\n\n            <div class=\"content_section bg_grey\">\r\n            <div class=\"container\">\r\n                <div class=\"content_wrap\">\r\n                    <div class=\"content_info ogo2\">\r\n                                                <h2 class=\"title_page\">5 grunner til \u00e5 velge Achilles<\/h2>\r\n                                                <h5 class=\"title_small\">Verdensledende innen ESG-styring av leverand\u00f8rkjeder og overholdelse<\/h5>\r\n                                                <div class=\"typical_text\">\r\n                            <p>Finn ut mer om \u00e5 jobbe med Achilles, og se hvordan byrden med risikostyring i leverand\u00f8rkjeden forsvinner, samtidig som selvtilliten i rapporteringen \u00f8ker.<\/p>\n                        <\/div>\r\n                                                <a class=\"btn btn_big\" href=\"https:\/\/www.achilles.com\/no\/bransjeinnsikt\/5-grunner-til-a-velge-achilles-for-a-oppna-samsvar-med-apenhetsloven\/\">Lese<\/a>\r\n                                            <\/div>\r\n\t\t\t\t\t\t\t\t\t\t\r\n                                        <div class=\"content_media\">\r\n                        <img decoding=\"async\" src=\"https:\/\/www.achilles.com\/app\/uploads\/2023\/09\/AdobeStock_555958628.png\" width=\"400\" alt=\"Carbon emissions\">\r\n                    <\/div>\r\n                                    <\/div>\r\n            <\/div>\r\n        <\/div>\r\n    \n\n    <div class=\"request_section\">\r\n        <div class=\"contact_bg\">\r\n                        <img decoding=\"async\" src=\"https:\/\/www.achilles.com\/app\/uploads\/2023\/07\/iStock-1169712633-scaled-1.jpg\" alt=\"Supply+Chain-due-Diligence\">\r\n                    <\/div>\r\n        <div class=\"container\">\r\n            <div class=\"request_inner\">\r\n                                <div class=\"request_wrapper\">\r\n                <h2 class=\"title_section\">Ta kontakt<\/h2>\r\n                <\/div>\r\n                                <div class=\"request_box\">\r\n                                        <h5 class=\"contact_content_subtitle\">Ta kontakt for \u00e5 diskutere dine ESG-krav til leverand\u00f8rkjeden<\/h5>\r\n                    <script charset=\"utf-8\" type=\"text\/javascript\" src=\"\/\/js.hsforms.net\/forms\/embed\/v2.js\"><\/script>\r\n<script>\r\n  hbspt.forms.create({\r\n    region: \"na1\",\r\n    portalId: \"5387762\",\r\n    formId: \"a23cf73a-36bd-433c-a1d8-4acd8b05b928\"\r\n  });\r\n<\/script>                <\/div>\r\n            <\/div>\r\n        <\/div>\r\n    <\/div>\r\n\r\n","protected":false},"excerpt":{"rendered":"","protected":false},"author":2,"featured_media":0,"parent":0,"menu_order":0,"comment_status":"closed","ping_status":"closed","template":"","meta":{"_acf_changed":false,"content-type":"","footnotes":""},"class_list":["post-23253","page","type-page","status-publish","hentry"],"acf":[],"_links":{"self":[{"href":"https:\/\/www.achilles.com\/no\/wp-json\/wp\/v2\/pages\/23253","targetHints":{"allow":["GET"]}}],"collection":[{"href":"https:\/\/www.achilles.com\/no\/wp-json\/wp\/v2\/pages"}],"about":[{"href":"https:\/\/www.achilles.com\/no\/wp-json\/wp\/v2\/types\/page"}],"author":[{"embeddable":true,"href":"https:\/\/www.achilles.com\/no\/wp-json\/wp\/v2\/users\/2"}],"replies":[{"embeddable":true,"href":"https:\/\/www.achilles.com\/no\/wp-json\/wp\/v2\/comments?post=23253"}],"version-history":[{"count":0,"href":"https:\/\/www.achilles.com\/no\/wp-json\/wp\/v2\/pages\/23253\/revisions"}],"wp:attachment":[{"href":"https:\/\/www.achilles.com\/no\/wp-json\/wp\/v2\/media?parent=23253"}],"curies":[{"name":"wp","href":"https:\/\/api.w.org\/{rel}","templated":true}]}}