{"id":22653,"date":"2023-09-30T16:56:43","date_gmt":"2023-09-30T15:56:43","guid":{"rendered":"https:\/\/uat.achilles.com\/seafood-isabelle\/"},"modified":"2024-11-05T10:13:09","modified_gmt":"2024-11-05T10:13:09","slug":"sjomat-isabelle","status":"publish","type":"page","link":"https:\/\/www.achilles.com\/no\/seafood\/","title":{"rendered":"Sj\u00f8mat"},"content":{"rendered":"    <div class=\"top_section\">\n        <div class=\"container\">\n            <div class=\"top_info\">\n                                    <h1 class=\"top_title\">Sj\u00f8mat<\/h1>\n                                    <div class=\"top_text\">\n                        <p>Et nettverk for sj\u00f8matn\u00e6ringen, utviklet i samarbeid med ledende akt\u00f8rer og Achilles, som tilbyr l\u00f8sninger for beste praksis og overholdelse av \u00e5penhetsloven, og som dekker milj\u00f8, sosiale forhold og forretningsetikk i leverand\u00f8rkjeden.<\/p>\n                    <\/div>\n                                    <div class=\"top_buttons\">\n                                                    <a target=\"_blank\" class=\"btn btn_big\" href=\"\/no\/contact-us\">Kontakt oss<\/a>\n                                            <\/div>\n                            <\/div>\n        <\/div>\n        <div class=\"top_media\">\n\t\t\t            <img decoding=\"async\" src=\"https:\/\/www.achilles.com\/app\/uploads\/2024\/10\/johny-goerend-McSOHojERSI-unsplash-scaled.jpg\" alt=\"\">\n                    <\/div>\n    <\/div>\n\n\n            <div class=\"content_section bg_grey\">\r\n            <div class=\"container\">\r\n                <div class=\"content_wrap align_vertical\">\r\n                    <div class=\"content_info ogo2\">\r\n                                                <p class=\"title_category\">UTFORDRINGEN<\/p>\r\n                                                <h2 class=\"title_page\">Styrke b\u00e6rekraft og \u00e5penhet i sj\u00f8matindustrien<\/h2>\r\n                                                <div class=\"typical_text\">\r\n                            <div class=\"flex max-w-full flex-col flex-grow\">\n<div class=\"min-h-8 text-message flex w-full flex-col items-end gap-2 whitespace-normal break-words [.text-message+&amp;]:mt-5\" dir=\"auto\" data-message-author-role=\"assistant\" data-message-id=\"be768a6f-cea9-465a-965f-7a06a04a3cd7\" data-message-model-slug=\"gpt-4o\">\n<div class=\"flex w-full flex-col gap-1 empty:hidden first:pt-[3px]\">\n<div class=\"markdown prose w-full break-words dark:prose-invert light\">\n<p>\u00d8kt fokus p\u00e5 klima og havforvaltning har satt milj\u00f8et i sentrum for b\u00e6rekraftsdebatten i sj\u00f8matn\u00e6ringen. Menneskerettighetsbrudd i S\u00f8r\u00f8st-Asia og utfordringer med transportleverand\u00f8rer belyser flere av bransjens problemstillinger. Med \u00e5penhetsloven er selskapene n\u00e5 p\u00e5lagt \u00e5 rapportere aktsomhetsvurderinger, noe som tidligere var frivillig. \u00c5 ha full kontroll over leverand\u00f8rkjeden er derfor viktigere enn noen gang.   <\/p>\n<\/div>\n<\/div>\n<\/div>\n<\/div>\n                        <\/div>\r\n                                            <\/div>\r\n\t\t\t\t\t\t\t\t\t\t\r\n                                        <div class=\"content_media\">\r\n                        <img decoding=\"async\" src=\"https:\/\/www.achilles.com\/app\/uploads\/2024\/10\/knut-troim-tEjBzUns8SQ-unsplash-scaled.jpg\" alt=\"\">\r\n                    <\/div>\r\n                                    <\/div>\r\n            <\/div>\r\n        <\/div>\r\n    \n\n    <div class=\"content_section\">\r\n        <div class=\"container\">\r\n                        <div class=\"description_section\">\r\n                                <p class=\"title_category\">L\u00d8SNINGER FOR VERDIKJEDEN<\/p>\r\n                                <h2 class=\"title_section\">L\u00f8sninger for en tryggere, mer rettferdig sj\u00f8matindustri med lavere karbonutslipp<\/h2>\r\n                                <div class=\"typical_text middle_text\">\r\n                    <p>Achilles har mange ti\u00e5r med erfaring med \u00e5 jobbe med verdens ledende energiselskaper for \u00e5 adressere forsyningskjederisiko, redusere karbonutslipp og levere eksepsjonell \u00e5penhet i forsyningskjeden.<\/p>\n                <\/div>\r\n                            <\/div>\r\n                        <div class=\"features_wrap features_four\">\r\n                                <div class=\"feature_item\">\r\n                                        <div class=\"feature_item_icon\">\r\n                        <img decoding=\"async\" src=\"https:\/\/www.achilles.com\/app\/uploads\/2023\/09\/icon_common-file-text-check.png\" alt=\"\">\r\n                    <\/div>\r\n                                        <h3 class=\"feature_item_name\">Prekvalifisert leverand\u00f8rnettverk<\/h3>\r\n                                        <div class=\"typical_text\">\r\n                        <p>F\u00e5 tilgang til en strengt validert database med prekvalifiserte leverand\u00f8rer i byggebransjen som oppfyller lokale og internasjonale ESG- og anskaffelsesforskrifter.<\/p>\n                    <\/div>\r\n                                        <a class=\"btn\" aria-label=\"Prekvalifisert leverand\u00f8rnettverk - L\u00e6r mer\" href=\"\/prequalified-supplier-network\">L\u00e6r mer<\/a>\r\n                                    <\/div>\r\n                                <div class=\"feature_item\">\r\n                                        <div class=\"feature_item_icon\">\r\n                        <img decoding=\"async\" src=\"https:\/\/www.achilles.com\/app\/uploads\/2024\/03\/user-network.png\" alt=\"on site audits\">\r\n                    <\/div>\r\n                                        <h3 class=\"feature_item_name\">Leverand\u00f8rdue Diligence<\/h3>\r\n                                        <div class=\"typical_text\">\r\n                        <p>Streng vurdering og validering av forsyningskjeden din for \u00e5 sikre at leverand\u00f8rene dine oppfyller dine standarder og sikre at du er i samsvar med regelverket som er relevant for din virksomhet.<\/p>\n                    <\/div>\r\n                                        <a class=\"btn\" aria-label=\"Leverand\u00f8rdue Diligence - L\u00e6r mer\" href=\"\/supply-chain-due-diligence\">L\u00e6r mer<\/a>\r\n                                    <\/div>\r\n                                <div class=\"feature_item\">\r\n                                        <div class=\"feature_item_icon\">\r\n                        <img decoding=\"async\" src=\"https:\/\/www.achilles.com\/app\/uploads\/2023\/09\/Icon_air-pollution-co2-down-2.png\" alt=\"\">\r\n                    <\/div>\r\n                                        <h3 class=\"feature_item_name\">Carbon Reduce<\/h3>\r\n                                        <div class=\"typical_text\">\r\n                        <p>M\u00e5l, administrer og reduser karbonavtrykket ditt effektivt med verdens eneste ISO14064-1 Carbon Management Scheme.<\/p>\n                    <\/div>\r\n                                        <a class=\"btn\" aria-label=\"Carbon Reduce - L\u00e6r mer\" href=\"\/carbon-reduction\/\">L\u00e6r mer<\/a>\r\n                                    <\/div>\r\n                                <div class=\"feature_item\">\r\n                                        <div class=\"feature_item_icon\">\r\n                        <img decoding=\"async\" src=\"https:\/\/www.achilles.com\/app\/uploads\/2023\/09\/saving-bank-1.png\" alt=\"\">\r\n                    <\/div>\r\n                                        <h3 class=\"feature_item_name\">Regnskapserkl\u00e6ring<\/h3>\r\n                                        <div class=\"typical_text\">\r\n                        <p>Vis l\u00e5ngivere og andre interessenter den innsatsen du gj\u00f8r i henhold til Milj\u00f8- , Sosiale- og Forretningsetiske forhold, samt de B\u00e6rekraftsm\u00e5lene du har satt (SPTs).<\/p>\n                    <\/div>\r\n                                        <a class=\"btn\" aria-label=\"Regnskapserkl\u00e6ring - L\u00e6r mer\" href=\"\/no\/sustainable-finance\/\">L\u00e6r mer<\/a>\r\n                                    <\/div>\r\n                            <\/div>\r\n                    <\/div>\r\n    <\/div>\r\n\n\n     <div class=\"stats_full\">\r\n        <div class=\"stats_bg\">\r\n                        <img decoding=\"async\" src=\"https:\/\/www.achilles.com\/app\/uploads\/2024\/10\/andrew-small-A1wnyOs-Fg4-unsplash-scaled.jpg\" alt=\"\">\r\n                    <\/div>\r\n        <div class=\"container\">\r\n            <div class=\"stats_center\">\r\n                <div class=\"corner corner_top_left\"><\/div>\r\n                <div class=\"corner corner_top_right\"><\/div>\r\n                <div class=\"corner corner_bottom_left\"><\/div>\r\n                <div class=\"corner corner_bottom_right\"><\/div>\r\n                <div class=\"stats_center_item\">\r\n                                        <div class=\"stats_anim\">\r\n                        <div class=\"stats_center_number stats_anim_item\" data-total=\"110000\">\r\n                            <span class=\"stats_anim_total\">0<\/span>                        <\/div>\r\n                    <\/div>\r\n                                        <p class=\"stats_center_text\">var sysselsatt i norsk sj\u00f8matn\u00e6ring i fjor, og tallet \u00f8ker for hvert \u00e5r. N\u00e6ringen bidro ogs\u00e5 med en verdiskaping p\u00e5 172 milliarder kroner. <\/p>\r\n                                        <p class=\"stats_center_cop\">2023<\/p>\r\n                                    <\/div>\r\n            <\/div>\r\n        <\/div>\r\n    <\/div>\r\n\n\n            <div class=\"content_section bg_grey\">\r\n            <div class=\"container\">\r\n                <div class=\"content_wrap right align_vertical\">\r\n                    <div class=\"content_info ogo2\">\r\n                                                <p class=\"title_category\">APENHETSLOVEN<\/p>\r\n                                                <h2 class=\"title_section\">V\u00e5re l\u00f8sninger for juridisk samsvar og etterlevelse<\/h2>\r\n                                                <div class=\"typical_text\">\r\n                            <p>Vi tilbyr l\u00f8sninger for \u00e5 oppfylle kravene i den norske \u00e5penhetsloven (NTA). S\u00f8rg for full kontroll over leverand\u00f8rkjeden din og forebygg brudd p\u00e5 menneskerettigheter og arbeidsforhold. <\/p>\n                        <\/div>\r\n                                                <a target=\"_blank\" class=\"btn btn_big\" href=\"\/no\/apenhetsloven\/\">L\u00e6r mer<\/a>\r\n                                            <\/div>\r\n\t\t\t\t\t\t\t\t\t\t\r\n                                        <div class=\"content_media\">\r\n                        <img decoding=\"async\" src=\"https:\/\/www.achilles.com\/app\/uploads\/2024\/10\/jakub-kapusnak-vLQzopDRSNI-unsplash-scaled.jpg\" alt=\"\">\r\n                    <\/div>\r\n                                    <\/div>\r\n            <\/div>\r\n        <\/div>\r\n    \n\n            <div class=\"content_section\">\r\n            <div class=\"container\">\r\n                <div class=\"content_wrap align_vertical\">\r\n                    <div class=\"content_info ogo2\">\r\n                                                <p class=\"title_category\">REVISJONER<\/p>\r\n                                                <h2 class=\"title_section\">En naturlig forlengelse av leverand\u00f8rgodkjenning<\/h2>\r\n                                                <div class=\"typical_text\">\r\n                            <p>Revisjoner gir dypere innsikt i leverand\u00f8rens overholdelse av lover og krav innen HMS, kvalitet, milj\u00f8 og samfunnsansvar. Dette sikrer trygghet og bedre beslutninger i strategiske innkj\u00f8p. <\/p>\n                        <\/div>\r\n                                                <a target=\"_blank\" class=\"btn btn_big\" href=\"\/no\/contact-us\/\">Kontakt v\u00e5rt revisjonsteam<\/a>\r\n                                            <\/div>\r\n\t\t\t\t\t\t\t\t\t\t\r\n                                        <div class=\"content_media\">\r\n                        <img decoding=\"async\" src=\"https:\/\/www.achilles.com\/app\/uploads\/2024\/10\/iStock-1414566486-scaled-1-scaled.jpg\" alt=\"\">\r\n                    <\/div>\r\n                                    <\/div>\r\n            <\/div>\r\n        <\/div>\r\n    \n\n    <div class=\"content_section\">\r\n        <div class=\"container\">\r\n                        <div class=\"posts_panel\">\r\n                <div class=\"description_section\">\r\n                                        <p class=\"title_category\">Kundehistorier<\/p>\r\n                     \r\n                    <h2 class=\"title_section\">Achilles-kunder er markedsledere innen milj\u00f8messig og sosial styring.<\/h2>\r\n                                    <\/div>\r\n                            <\/div>\r\n                                    <div class=\"posts_wrap\">\r\n                                <div class=\"post_item\">\r\n                    <div class=\"post_item_top\">\r\n                                                <a class=\"post_item_img\" href=\"https:\/\/www.achilles.com\/no\/bransjeinnsikt\/bygging-av-et-skalerbart-baerekraftig-og-robust-nettverk-for-datasenterkonstruksjon\/\">\r\n                            <img decoding=\"async\" src=\"https:\/\/www.achilles.com\/app\/uploads\/2026\/03\/Achilles-Google-Supply-Chain-Risk-banner.png\" alt=\"Bygging av et skalerbart, b\u00e6rekraftig og robust nettverk for datasenterkonstruksjon\">\r\n                        <\/a>\r\n                                                <ul class=\"post_item_categories\">\r\n                                                        <li>Bransjeinnsikt<\/li>\r\n                                                        <li>Case Studier<\/li>\r\n                                                    <\/ul>\r\n                    <\/div>\r\n                    <a class=\"post_item_name\" href=\"https:\/\/www.achilles.com\/no\/bransjeinnsikt\/bygging-av-et-skalerbart-baerekraftig-og-robust-nettverk-for-datasenterkonstruksjon\/\">Bygging av et skalerbart, b\u00e6rekraftig og robust nettverk for datasenterkonstruksjon<\/a>\r\n                <\/div>\r\n                                <div class=\"post_item\">\r\n                    <div class=\"post_item_top\">\r\n                                                <a class=\"post_item_img\" href=\"https:\/\/www.achilles.com\/no\/hvordan-leverandorengasjement-former-baerekraften-i-maritime-leverandorkjeder\/\">\r\n                            <img decoding=\"async\" src=\"https:\/\/www.achilles.com\/app\/uploads\/2025\/01\/Maritime.png\" alt=\"Hvordan leverand\u00f8rengasjement former b\u00e6rekraften i maritime leverand\u00f8rkjeder\">\r\n                        <\/a>\r\n                                                <ul class=\"post_item_categories\">\r\n                                                        <li>Bransjeinnsikt<\/li>\r\n                                                        <li>Case Studier<\/li>\r\n                                                    <\/ul>\r\n                    <\/div>\r\n                    <a class=\"post_item_name\" href=\"https:\/\/www.achilles.com\/no\/hvordan-leverandorengasjement-former-baerekraften-i-maritime-leverandorkjeder\/\">Hvordan leverand\u00f8rengasjement former b\u00e6rekraften i maritime leverand\u00f8rkjeder<\/a>\r\n                <\/div>\r\n                                <div class=\"post_item\">\r\n                    <div class=\"post_item_top\">\r\n                                                <a class=\"post_item_img\" href=\"https:\/\/www.achilles.com\/no\/industry-insights\/hvorfor-revisjoner-er-viktige-en-virkelig-historie-fra-sjomatlogistikken\/\">\r\n                            <img decoding=\"async\" src=\"https:\/\/www.achilles.com\/app\/uploads\/2025\/03\/vidar-nordli-mathisen-641pLhGEEyg-unsplash.jpg\" alt=\"Hvorfor revisjoner er avgj\u00f8rende: En ekte historie fra sj\u00f8matlogistikk\">\r\n                        <\/a>\r\n                                                <ul class=\"post_item_categories\">\r\n                                                        <li>Case Studier<\/li>\r\n                                                    <\/ul>\r\n                    <\/div>\r\n                    <a class=\"post_item_name\" href=\"https:\/\/www.achilles.com\/no\/industry-insights\/hvorfor-revisjoner-er-viktige-en-virkelig-historie-fra-sjomatlogistikken\/\">Hvorfor revisjoner er avgj\u00f8rende: En ekte historie fra sj\u00f8matlogistikk<\/a>\r\n                <\/div>\r\n                            <\/div>\r\n                    <\/div>\r\n    <\/div>\r\n\n\n    <div class=\"content_section\">\r\n        <div class=\"container\">\r\n                        <div class=\"posts_panel\">\r\n                <div class=\"description_section\">\r\n                                        <p class=\"title_category\">Achilles bransjeinnsikt<\/p>\r\n                     \r\n                    <h2 class=\"title_section\">anbefalt for deg<\/h2>\r\n                                    <\/div>\r\n                            <\/div>\r\n                                    <div class=\"posts_wrap\">\r\n                                <div class=\"post_item\">\r\n                    <div class=\"post_item_top\">\r\n                                                <a class=\"post_item_img\" href=\"https:\/\/www.achilles.com\/no\/wind-europe-2026-madrid-styrking-av-leverandorberedskap\/\">\r\n                            <img decoding=\"async\" src=\"https:\/\/www.achilles.com\/app\/uploads\/2023\/06\/renewable-energies.jpg\" alt=\"Wind Europe 2026 Madrid: Styrking av leverand\u00f8rberedskap\">\r\n                        <\/a>\r\n                                                <ul class=\"post_item_categories\">\r\n                                                        <li>Bransjeinnsikt<\/li>\r\n                                                    <\/ul>\r\n                    <\/div>\r\n                    <a class=\"post_item_name\" href=\"https:\/\/www.achilles.com\/no\/wind-europe-2026-madrid-styrking-av-leverandorberedskap\/\">Wind Europe 2026 Madrid: Styrking av leverand\u00f8rberedskap<\/a>\r\n                <\/div>\r\n                                <div class=\"post_item\">\r\n                    <div class=\"post_item_top\">\r\n                                                <a class=\"post_item_img\" href=\"https:\/\/www.achilles.com\/no\/achilles-arlige-risiko-og-baerekraftsrapport-2026\/\">\r\n                            <img decoding=\"async\" src=\"https:\/\/www.achilles.com\/app\/uploads\/2026\/03\/Web-page-top-banner-thumbnail-of-Achilles-Global-Supplier-Risk-and-Sustainability-Survey-2026.jpg\" alt=\"Achilles \u00e5rlige risiko- og b\u00e6rekraftsrapport 2026\">\r\n                        <\/a>\r\n                                                <ul class=\"post_item_categories\">\r\n                                                        <li>Whitepapers<\/li>\r\n                                                    <\/ul>\r\n                    <\/div>\r\n                    <a class=\"post_item_name\" href=\"https:\/\/www.achilles.com\/no\/achilles-arlige-risiko-og-baerekraftsrapport-2026\/\">Achilles \u00e5rlige risiko- og b\u00e6rekraftsrapport 2026<\/a>\r\n                <\/div>\r\n                                <div class=\"post_item\">\r\n                    <div class=\"post_item_top\">\r\n                                                <a class=\"post_item_img\" href=\"https:\/\/www.achilles.com\/no\/bransjeinnsikt\/bygging-av-et-skalerbart-baerekraftig-og-robust-nettverk-for-datasenterkonstruksjon\/\">\r\n                            <img decoding=\"async\" src=\"https:\/\/www.achilles.com\/app\/uploads\/2026\/03\/Achilles-Google-Supply-Chain-Risk-banner.png\" alt=\"Bygging av et skalerbart, b\u00e6rekraftig og robust nettverk for datasenterkonstruksjon\">\r\n                        <\/a>\r\n                                                <ul class=\"post_item_categories\">\r\n                                                        <li>Bransjeinnsikt<\/li>\r\n                                                        <li>Case Studier<\/li>\r\n                                                    <\/ul>\r\n                    <\/div>\r\n                    <a class=\"post_item_name\" href=\"https:\/\/www.achilles.com\/no\/bransjeinnsikt\/bygging-av-et-skalerbart-baerekraftig-og-robust-nettverk-for-datasenterkonstruksjon\/\">Bygging av et skalerbart, b\u00e6rekraftig og robust nettverk for datasenterkonstruksjon<\/a>\r\n                <\/div>\r\n                            <\/div>\r\n                    <\/div>\r\n    <\/div>\r\n\n\n    <div class=\"contact_main\">\r\n        <div class=\"contact_bg\">\r\n                        <img decoding=\"async\" src=\"https:\/\/www.achilles.com\/app\/uploads\/2024\/10\/abhishek-umrao-Tsnznd6MDUE-unsplash-scaled.jpg\" alt=\"\">\r\n                    <\/div>\r\n        <div class=\"container\">\r\n            <div class=\"contact_content\">\r\n                <div class=\"contact_wrapper\">\r\n                <div class=\"contact_content_description\">\r\n                                        <h1 class=\"title_page\">Bli medlem av Ethical Seafood Group.<\/h1>\r\n                                        <h5 class=\"contact_content_subtitle\">Samarbeid med oss for en mer b\u00e6rekraftig og ansvarlig sj\u00f8matindustri.<\/h5>\r\n                                    <\/div>\r\n                <\/div>\r\n                <div class=\"contact_reqiest\">\r\n                    <script charset=\"utf-8\" type=\"text\/javascript\" src=\"\/\/js.hsforms.net\/forms\/embed\/v2.js\"><\/script><script>hbspt.forms.create({\r\n    region: \"na1\",\r\n    portalId: \"5387762\",\r\n    formId: \"a23cf73a-36bd-433c-a1d8-4acd8b05b928\"\r\n  });\r\n<\/script>                <\/div>\r\n            <\/div>\r\n        <\/div>\r\n    <\/div>\r\n\r\n","protected":false},"excerpt":{"rendered":"","protected":false},"author":2,"featured_media":51592,"parent":0,"menu_order":0,"comment_status":"closed","ping_status":"closed","template":"","meta":{"_acf_changed":false,"content-type":"","footnotes":""},"class_list":["post-22653","page","type-page","status-publish","has-post-thumbnail","hentry"],"acf":[],"_links":{"self":[{"href":"https:\/\/www.achilles.com\/no\/wp-json\/wp\/v2\/pages\/22653","targetHints":{"allow":["GET"]}}],"collection":[{"href":"https:\/\/www.achilles.com\/no\/wp-json\/wp\/v2\/pages"}],"about":[{"href":"https:\/\/www.achilles.com\/no\/wp-json\/wp\/v2\/types\/page"}],"author":[{"embeddable":true,"href":"https:\/\/www.achilles.com\/no\/wp-json\/wp\/v2\/users\/2"}],"replies":[{"embeddable":true,"href":"https:\/\/www.achilles.com\/no\/wp-json\/wp\/v2\/comments?post=22653"}],"version-history":[{"count":0,"href":"https:\/\/www.achilles.com\/no\/wp-json\/wp\/v2\/pages\/22653\/revisions"}],"wp:featuredmedia":[{"embeddable":true,"href":"https:\/\/www.achilles.com\/no\/wp-json\/wp\/v2\/media\/51592"}],"wp:attachment":[{"href":"https:\/\/www.achilles.com\/no\/wp-json\/wp\/v2\/media?parent=22653"}],"curies":[{"name":"wp","href":"https:\/\/api.w.org\/{rel}","templated":true}]}}