{"id":2148,"date":"2023-05-16T12:04:54","date_gmt":"2023-05-16T09:04:54","guid":{"rendered":"https:\/\/uat.achilles.com\/buyer-packages\/"},"modified":"2023-11-29T17:12:49","modified_gmt":"2023-11-29T14:12:49","slug":"buyer-packages","status":"publish","type":"page","link":"https:\/\/www.achilles.com\/no\/buyer-packages\/","title":{"rendered":"Kj\u00f8perpakker"},"content":{"rendered":"    <div class=\"top_section\">\n        <div class=\"container\">\n            <div class=\"top_info half\">\n                                    <h1 class=\"top_title\">Kj\u00f8perpakker<\/h1>\n                                    <div class=\"top_text large_text\">\n                        <p>Vi tilbyr et utvalg av pakkealternativer som passer til m\u00e5ten du \u00f8nsker \u00e5 jobbe p\u00e5. Alternativt kan du avtale \u00e5 snakke med en av v\u00e5re b\u00e6rekraftige leverand\u00f8rkjedeeksperter for \u00e5 diskutere kravene dine mer detaljert og skreddersy en l\u00f8sning som passer dine behov.<\/p>\n                    <\/div>\n                                    <div class=\"top_buttons\">\n                                                    <a class=\"btn btn_big\" href=\"https:\/\/www.achilles.com\/no\/supplier-solutions\/\">Leverand\u00f8r? Kom i gang her.<\/a>\n                                                    <a class=\"btn btn_big\" href=\"https:\/\/www.achilles.com\/no\/buyer-call-back-2\/\">Snakk til oss<\/a>\n                                            <\/div>\n                            <\/div>\n        <\/div>\n        <div class=\"top_media\">\n\t\t\t            <img decoding=\"async\" src=\"https:\/\/www.achilles.com\/app\/uploads\/2023\/05\/top_pricing.jpg\" alt=\"\">\n                    <\/div>\n    <\/div>\n\n\n    <div class=\"content_section bg_grey\">\r\n        <div class=\"container\">\r\n                        <div class=\"description_section\">\r\n                                <h2 class=\"title_section\">Velg den pakken som passer best for deg<\/h2>\r\n                                <div class=\"typical_text\">\r\n                    <p>Ved \u00e5 bruke v\u00e5r globale teknologiplattform og protokoller basert p\u00e5 v\u00e5r uovertrufne ESG-kunnskap og erfaring, utf\u00f8rer v\u00e5re h\u00f8yt kvalifiserte validatorer og revisorer due diligence og gir dyp innsikt som sikrer at organisasjoner trygt kan h\u00e5ndtere forsyningskjederisiko og fullt ut oppfylle ESG, b\u00e6rekraft, menneskerettigheter og helse- og sikkerhetsforpliktelser.<\/p>\n                <\/div>\r\n                            <\/div>\r\n                    <\/div>\r\n    <\/div>\r\n\n\n    <div class=\"content_section\">\r\n        <div class=\"container\">\r\n            <div class=\"pricing_wrap\">\r\n                                <div class=\"pricing_column\">\r\n                    <div class=\"pricing_column_body\">\r\n                                                <p class=\"pricing_column_title\">Viktig<\/p>\r\n                                                <div class=\"pricing_column_inner\">\r\n                                                        <div class=\"pricing_column_description\">\r\n                                <p>F\u00e5 tilgang til Achilles prekvalifiserte leverand\u00f8rer som er spesifikke for din industrisektor. Denne planen er egnet for grunnleggende leverand\u00f8rinnkj\u00f8p og valg.<\/p>\r\n                            <\/div>\r\n                                                        <ul class=\"pricing_column_list\">\r\n                                                                <li>Tilgang til 1 nettverk<\/li>\r\n                                                                <li>&#8211;<\/li>\r\n                                                                <li>Standard sp\u00f8rsm\u00e5lsmoduler<\/li>\r\n                                                                <li>B\u00e6rekraftsp\u00f8rsm\u00e5lsmoduler<\/li>\r\n                                                                <li>Tredjeparts datastr\u00f8mmer<\/li>\r\n                                                                <li>&#8211;<\/li>\r\n                                                                <li>Manuell datakontroll<\/li>\r\n                                                                <li>Revisjon av styringssystem<\/li>\r\n                                                                <li>Etiske innkj\u00f8psrevisjoner<\/li>\r\n                                                                <li>&#8211;<\/li>\r\n                                                                <li>Dokumentutl\u00f8pssporing<\/li>\r\n                                                                <li>Leverand\u00f8rscore og rangeringer<\/li>\r\n                                                                <li>Del tilbakemelding om ytelse p\u00e5 hver leverand\u00f8r<\/li>\r\n                                                                <li>&#8211;<\/li>\r\n                                                                <li>Leverand\u00f8ranalyse og datadashbord<\/li>\r\n                                                            <\/ul>\r\n                                                    <\/div>\r\n                    <\/div>\r\n                                        <a class=\"pricing_column_btn\" href=\"https:\/\/uat.achilles.com\/no\/ring-tilbake-til-kjoper\/\">Be om pris<\/a>\r\n                                    <\/div>\r\n                                <div class=\"pricing_column\">\r\n                    <div class=\"pricing_column_body\">\r\n                                                <p class=\"pricing_column_title\">Profesjonell<\/p>\r\n                                                <div class=\"pricing_column_inner\">\r\n                                                        <div class=\"pricing_column_description\">\r\n                                <p>Denne planen er egnet for \u00e5 forbedre forsyningskjedens smidighet, effektivitet og samsvar. Skreddersy din forsyningskjedestyring til dine behov med kj\u00f8perspesifikke sp\u00f8rsm\u00e5l. Arbeid p\u00e5 tvers av flere industrisektorer og geografier.<\/p>\r\n                            <\/div>\r\n                                                        <ul class=\"pricing_column_list\">\r\n                                                                <li>Tilgang til 3 nettverk<\/li>\r\n                                                                <li>&#8211;<\/li>\r\n                                                                <li>Standard sp\u00f8rsm\u00e5lsmoduler<\/li>\r\n                                                                <li>B\u00e6rekraftsp\u00f8rsm\u00e5lsmoduler<\/li>\r\n                                                                <li>Kj\u00f8perspesifikke sp\u00f8rsm\u00e5l<\/li>\r\n                                                                <li>Tredjeparts datastr\u00f8mmer<\/li>\r\n                                                                <li>&#8211;<\/li>\r\n                                                                <li>Manuell datakontroll<\/li>\r\n                                                                <li>Revisjon av styringssystem<\/li>\r\n                                                                <li>Etiske innkj\u00f8psrevisjoner<\/li>\r\n                                                                <li>&#8211;<\/li>\r\n                                                                <li>Dokumentutl\u00f8pssporing<\/li>\r\n                                                                <li>Leverand\u00f8rscore og rangeringer<\/li>\r\n                                                                <li>Leverand\u00f8rgodkjenningsverkt\u00f8y (IQ)<\/li>\r\n                                                                <li>Del tilbakemelding om ytelse p\u00e5 hver leverand\u00f8r<\/li>\r\n                                                                <li>Be om ytterligere tilbudsinformasjon direkte<\/li>\r\n                                                                <li>&#8211;<\/li>\r\n                                                                <li>Leverand\u00f8ranalyse og datadashbord<\/li>\r\n                                                            <\/ul>\r\n                                                    <\/div>\r\n                    <\/div>\r\n                                        <a class=\"pricing_column_btn\" href=\"https:\/\/uat.achilles.com\/no\/ring-tilbake-til-kjoper\/\">Be om pris<\/a>\r\n                                    <\/div>\r\n                                <div class=\"pricing_column\">\r\n                    <div class=\"pricing_column_body\">\r\n                                                <p class=\"pricing_column_title\">Bedriften<\/p>\r\n                                                <div class=\"pricing_column_inner\">\r\n                                                        <div class=\"pricing_column_description\">\r\n                                <p>Denne planen er egnet for globale virksomheter og forbedrer \u00e5penhet og motstandskraft i forsyningskjeden.  <\/p>\r\n                            <\/div>\r\n                                                        <ul class=\"pricing_column_list\">\r\n                                                                <li>Tilgang til alle nettverk<\/li>\r\n                                                                <li>&#8211;<\/li>\r\n                                                                <li>Standard sp\u00f8rsm\u00e5lsmoduler<\/li>\r\n                                                                <li>B\u00e6rekraftsp\u00f8rsm\u00e5lsmoduler<\/li>\r\n                                                                <li>Kj\u00f8perspesifikke sp\u00f8rsm\u00e5l<\/li>\r\n                                                                <li>Tredjeparts datastr\u00f8mmer<\/li>\r\n                                                                <li>&#8211;<\/li>\r\n                                                                <li>Manuell datakontroll<\/li>\r\n                                                                <li>Revisjon av styringssystem<\/li>\r\n                                                                <li>Etiske innkj\u00f8psrevisjoner<\/li>\r\n                                                                <li>&#8211;<\/li>\r\n                                                                <li>Dokumentutl\u00f8pssporing<\/li>\r\n                                                                <li>Leverand\u00f8rscore og rangeringer<\/li>\r\n                                                                <li>Tilpasset scoring<\/li>\r\n                                                                <li>Leverand\u00f8rgodkjenningsverkt\u00f8y (IQ)<\/li>\r\n                                                                <li>Del tilbakemelding om ytelse p\u00e5 hver leverand\u00f8r<\/li>\r\n                                                                <li>Be om ytterligere tilbudsinformasjon direkte<\/li>\r\n                                                                <li>&#8211;<\/li>\r\n                                                                <li>Leverand\u00f8ranalyse og datadashbord<\/li>\r\n                                                                <li>Egendefinerte analyser<\/li>\r\n                                                            <\/ul>\r\n                                                    <\/div>\r\n                    <\/div>\r\n                                        <a class=\"pricing_column_btn\" href=\"https:\/\/uat.achilles.com\/no\/ring-tilbake-til-kjoper\/\">Be om pris<\/a>\r\n                                    <\/div>\r\n                            <\/div>\r\n        <\/div>\r\n    <\/div>\r\n\n\n    <div class=\"content_section bg_grey\">\r\n        <div class=\"container\">\r\n                                    <div class=\"cta_wrap\">\r\n                                <a href=\"https:\/\/www.achilles.com\/no\/buyer-call-back-2\/\" class=\"cta_box\" >\r\n                    <div class=\"cta_box_bg\">\r\n                                                <img decoding=\"async\" src=\"https:\/\/www.achilles.com\/app\/uploads\/2023\/05\/cta_8.jpg\" alt=\"\">\r\n                                            <\/div>\r\n                    <div class=\"cta_box_info\">\r\n                                                <h3 class=\"cta_box_name\">Kom i gang<\/h3>\r\n                                                <span class=\"btn btn_big\">Kontakt oss<\/span>\r\n                                            <\/div>\r\n                <\/a>\r\n                                <a href=\"https:\/\/www.achilles.com\/no\/supplier-solutions\/\" class=\"cta_box\" >\r\n                    <div class=\"cta_box_bg\">\r\n                                                <img decoding=\"async\" src=\"https:\/\/www.achilles.com\/app\/uploads\/2023\/05\/cta_9.jpg\" alt=\"\">\r\n                                            <\/div>\r\n                    <div class=\"cta_box_info\">\r\n                                                <h3 class=\"cta_box_name\">Vil du finne de riktige nettverkene?<\/h3>\r\n                                                <span class=\"btn btn_big\">Finn et nettverk<\/span>\r\n                                            <\/div>\r\n                <\/a>\r\n                            <\/div>\r\n                                <\/div>\r\n    <\/div>\r\n","protected":false},"excerpt":{"rendered":"","protected":false},"author":1,"featured_media":0,"parent":0,"menu_order":0,"comment_status":"closed","ping_status":"closed","template":"","meta":{"_acf_changed":false,"content-type":"","footnotes":""},"class_list":["post-2148","page","type-page","status-publish","hentry"],"acf":[],"_links":{"self":[{"href":"https:\/\/www.achilles.com\/no\/wp-json\/wp\/v2\/pages\/2148","targetHints":{"allow":["GET"]}}],"collection":[{"href":"https:\/\/www.achilles.com\/no\/wp-json\/wp\/v2\/pages"}],"about":[{"href":"https:\/\/www.achilles.com\/no\/wp-json\/wp\/v2\/types\/page"}],"author":[{"embeddable":true,"href":"https:\/\/www.achilles.com\/no\/wp-json\/wp\/v2\/users\/1"}],"replies":[{"embeddable":true,"href":"https:\/\/www.achilles.com\/no\/wp-json\/wp\/v2\/comments?post=2148"}],"version-history":[{"count":0,"href":"https:\/\/www.achilles.com\/no\/wp-json\/wp\/v2\/pages\/2148\/revisions"}],"wp:attachment":[{"href":"https:\/\/www.achilles.com\/no\/wp-json\/wp\/v2\/media?parent=2148"}],"curies":[{"name":"wp","href":"https:\/\/api.w.org\/{rel}","templated":true}]}}