{"id":2103,"date":"2023-05-14T17:15:04","date_gmt":"2023-05-14T14:15:04","guid":{"rendered":"https:\/\/uat.achilles.com\/products\/"},"modified":"2023-11-14T18:44:02","modified_gmt":"2023-11-14T15:44:02","slug":"products","status":"publish","type":"page","link":"https:\/\/www.achilles.com\/no\/products\/","title":{"rendered":"Products"},"content":{"rendered":"    <div class=\"top_section\">\n        <div class=\"container\">\n            <div class=\"top_info half\">\n                            <\/div>\n        <\/div>\n        <div class=\"top_media\">\n\t\t\t            <img decoding=\"async\" src=\"https:\/\/www.achilles.com\/app\/uploads\/2023\/05\/RFI-responses-blog-post.jpg\" alt=\"\">\n                    <\/div>\n    <\/div>\n\n\n    <div class=\"content_section\">\r\n        <div class=\"container\">\r\n            <div class=\"features_all\">\r\n                            <a class=\"feature_box\" href=\"https:\/\/www.achilles.com\/no\/products\/achilles-arlige-risiko-og-baerekraftsrapport-2026\/\">\r\n                    <p class=\"feature_box_name\">Achilles \u00e5rlige risiko- og b\u00e6rekraftsrapport 2026<\/p>\r\n                    <div class=\"typical_text\">\r\n                        <p>Klikk p\u00e5 nedlastingsknappen for \u00e5 f\u00e5 din gratis kopi av\u2026<\/p>\r\n                    <\/div>\r\n                <\/a>\r\n                            <a class=\"feature_box\" href=\"https:\/\/www.achilles.com\/no\/products\/en-praktisk-guidetil-ikke-finansiellrapportering\/\">\r\n                    <p class=\"feature_box_name\">Achilles Interaktiv sjekkliste for ikke-finansiell rapportering<\/p>\r\n                    <div class=\"typical_text\">\r\n                        <p><\/p>\r\n                    <\/div>\r\n                <\/a>\r\n                            <a class=\"feature_box\" href=\"https:\/\/www.achilles.com\/no\/products\/guide-til-corporate-sustainability-reporting-directive-csrd\/\">\r\n                    <p class=\"feature_box_name\">Guide til Corporate Sustainability Reporting Directive (CSRD)<\/p>\r\n                    <div class=\"typical_text\">\r\n                        <p><\/p>\r\n                    <\/div>\r\n                <\/a>\r\n                            <a class=\"feature_box\" href=\"https:\/\/www.achilles.com\/no\/products\/apenhetsloven-whitepaper-1123\/\">\r\n                    <p class=\"feature_box_name\">Apenhetsloven Whitepaper<\/p>\r\n                    <div class=\"typical_text\">\r\n                        <p><\/p>\r\n                    <\/div>\r\n                <\/a>\r\n                            <a class=\"feature_box\" href=\"https:\/\/www.achilles.com\/no\/products\/eu-csddd-whitepaper-1123\/\">\r\n                    <p class=\"feature_box_name\">EU CSDDD Whitepaper<\/p>\r\n                    <div class=\"typical_text\">\r\n                        <p><\/p>\r\n                    <\/div>\r\n                <\/a>\r\n                            <a class=\"feature_box\" href=\"https:\/\/www.achilles.com\/no\/products\/achilles-statement-of-limited-assurance\/\">\r\n                    <p class=\"feature_box_name\">Achilles Statement of Limited Assurance<\/p>\r\n                    <div class=\"typical_text\">\r\n                        <p>Empowering Responsible Finance The Achilles\u2019 Statement of Limited Assurance provides\u2026<\/p>\r\n                    <\/div>\r\n                <\/a>\r\n                            <a class=\"feature_box\" href=\"https:\/\/www.achilles.com\/no\/product\/ansvarlig-sourcing\/\">\r\n                    <p class=\"feature_box_name\">Ansvarlig sourcing<\/p>\r\n                    <div class=\"typical_text\">\r\n                        <p>As more organisations adopt responsible sourcing practices, key to their success is applying those principles across the supply chain. We bring together buyers and suppliers who want to measure, assess, prove and improve their sourcing credentials.<\/p>\r\n                    <\/div>\r\n                <\/a>\r\n                            <a class=\"feature_box\" href=\"https:\/\/www.achilles.com\/no\/product\/risikostyring\/\">\r\n                    <p class=\"feature_box_name\">Risikostyring<\/p>\r\n                    <div class=\"typical_text\">\r\n                        <p>Without the right supplier data at your fingertips, it becomes a lot harder to react effectively and build supply chain resilience.<\/p>\r\n                    <\/div>\r\n                <\/a>\r\n                            <a class=\"feature_box\" href=\"https:\/\/www.achilles.com\/no\/product\/helse-sikkerhet-og-kvalitet\/\">\r\n                    <p class=\"feature_box_name\">Helse og sikkerhet i leverand\u00f8rkjeden<\/p>\r\n                    <div class=\"typical_text\">\r\n                        <p>The safety of your working environment doesn\u2019t just affect the quality of your outputs, it is a direct reflection of your company\u2019s culture and values.<\/p>\r\n                    <\/div>\r\n                <\/a>\r\n                            <a class=\"feature_box\" href=\"https:\/\/www.achilles.com\/no\/products\/supply-chain-governance\/\">\r\n                    <p class=\"feature_box_name\">Supply Chain Governance<\/p>\r\n                    <div class=\"typical_text\">\r\n                        <p>As the connection between thousands of suppliers and buyers, we know the headaches the auditing process can cause \u2013 from both sides. Using this experience, we\u2019ve created a process that\u2019s both standardised and specialised.<\/p>\r\n                    <\/div>\r\n                <\/a>\r\n                            <a class=\"feature_box\" href=\"https:\/\/www.achilles.com\/no\/product\/etisk-virksomhet\/\">\r\n                    <p class=\"feature_box_name\">Etisk leverand\u00f8rkjedestyring<\/p>\r\n                    <div class=\"typical_text\">\r\n                        <p>We help you ensure your suppliers are complying with international law and conducting business ethically. Helping eradicate corruption and conflict minerals. Having the reassurance that all workers on your projects are protected.<\/p>\r\n                    <\/div>\r\n                <\/a>\r\n                            <a class=\"feature_box\" href=\"https:\/\/www.achilles.com\/no\/product\/miljomessig-baerekraft\/\">\r\n                    <p class=\"feature_box_name\">Environmental Sustainability<\/p>\r\n                    <div class=\"typical_text\">\r\n                        <p>Environmental sustainability management is not just the right thing to do, it is an increasingly important benchmark of success. Helping to capture and validate the right kind of social and environmental data from both your own organisation and your suppliers.<\/p>\r\n                    <\/div>\r\n                <\/a>\r\n                            <a class=\"feature_box\" href=\"https:\/\/www.achilles.com\/no\/product\/cyber-og-it\/\">\r\n                    <p class=\"feature_box_name\">Cybersikkerhet<\/p>\r\n                    <div class=\"typical_text\">\r\n                        <p>Endringer i risikolandskapet f\u00f8rer til at cyberangrep er n\u00e5 mer fremtredende enn noensinne. Ditt selskap kan koble data med leverand\u00f8rer. Men hva skjer hvis en leverand\u00f8r blir hacket?<\/p>\r\n                    <\/div>\r\n                <\/a>\r\n                            <a class=\"feature_box\" href=\"https:\/\/www.achilles.com\/no\/product\/okonomisk-risiko\/\">\r\n                    <p class=\"feature_box_name\">\u00d8konomisk risikostyring i leverand\u00f8rkjeder<\/p>\r\n                    <div class=\"typical_text\">\r\n                        <p>We give you the oversight needed to spot potential issues, come up with contingency plans and ensure you never suffer any costly disruption.<\/p>\r\n                    <\/div>\r\n                <\/a>\r\n                \r\n            <\/div>\r\n        <\/div>\r\n    <\/div>\r\n","protected":false},"excerpt":{"rendered":"","protected":false},"author":1,"featured_media":0,"parent":0,"menu_order":0,"comment_status":"closed","ping_status":"closed","template":"","meta":{"_acf_changed":false,"content-type":"","footnotes":""},"class_list":["post-2103","page","type-page","status-publish","hentry"],"acf":[],"_links":{"self":[{"href":"https:\/\/www.achilles.com\/no\/wp-json\/wp\/v2\/pages\/2103","targetHints":{"allow":["GET"]}}],"collection":[{"href":"https:\/\/www.achilles.com\/no\/wp-json\/wp\/v2\/pages"}],"about":[{"href":"https:\/\/www.achilles.com\/no\/wp-json\/wp\/v2\/types\/page"}],"author":[{"embeddable":true,"href":"https:\/\/www.achilles.com\/no\/wp-json\/wp\/v2\/users\/1"}],"replies":[{"embeddable":true,"href":"https:\/\/www.achilles.com\/no\/wp-json\/wp\/v2\/comments?post=2103"}],"version-history":[{"count":0,"href":"https:\/\/www.achilles.com\/no\/wp-json\/wp\/v2\/pages\/2103\/revisions"}],"wp:attachment":[{"href":"https:\/\/www.achilles.com\/no\/wp-json\/wp\/v2\/media?parent=2103"}],"curies":[{"name":"wp","href":"https:\/\/api.w.org\/{rel}","templated":true}]}}