{"id":20929,"date":"2023-06-07T11:20:10","date_gmt":"2023-06-07T10:20:10","guid":{"rendered":"https:\/\/uat.achilles.com\/construction\/"},"modified":"2023-12-14T21:37:36","modified_gmt":"2023-12-14T18:37:36","slug":"konstruksjon","status":"publish","type":"page","link":"https:\/\/www.achilles.com\/no\/konstruksjon\/","title":{"rendered":"Konstruksjon"},"content":{"rendered":"    <div class=\"top_section\">\n        <div class=\"container\">\n            <div class=\"top_info\">\n                                    <h1 class=\"top_title\">Supply chain risiko l\u00f8sninger for byggebransjen<\/h1>\n                                    <div class=\"top_text\">\n                        <p>Achilles strenge validering, revisjon p\u00e5 kontoret og p\u00e5 stedet og arbeiderintervjuer gj\u00f8r det mulig for ledende byggefirmaer \u00e5 oppn\u00e5 uovertruffen forsyningskjedetransparens og rapporteringssikkerhet og bidra til \u00e5 bygge en tryggere, rettferdigere og mer b\u00e6rekraftig industri.<\/p>\n                    <\/div>\n                                    <div class=\"top_buttons\">\n                                                    <a class=\"btn btn_white btn_big\" href=\"https:\/\/www.achilles.com\/no\/kontakt-oss\/\">Snakk med oss<\/a>\n                                            <\/div>\n                            <\/div>\n        <\/div>\n        <div class=\"top_media\">\n\t\t\t        <\/div>\n    <\/div>\n\n\n    <div class=\"content_section\">\r\n        <div class=\"container\">\r\n                        <div class=\"description_section\">\r\n                                <p class=\"title_category\">ACHILLES KUNDER<\/p>\r\n                                <h2 class=\"title_section\">Verdens ledende byggemerker velger Achilles<\/h2>\r\n                                <div class=\"typical_text middle_text\">\r\n                    <p>Achilles samarbeider med verdens ledende konstruksjonsmerker som gir st\u00f8tte p\u00e5 tvers av kontinenter for \u00e5 redusere utslipp og bredere milj\u00f8p\u00e5virkning, utrydde moderne slaveri, utrydde barnearbeid, st\u00f8tte kontinuerlige forbedringer i forsyningskjeden og sikre forsyningskjeden due diligence-rapportering.<\/p>\n                <\/div>\r\n                            <\/div>\r\n                        <div class=\"logos_wrap\">\r\n                                <div class=\"logo_item\">\r\n                    <img decoding=\"async\" src=\"https:\/\/www.achilles.com\/app\/uploads\/2023\/06\/mace-e1524647954682-1.jpg\" alt=\"\" width=\"250\">\r\n                <\/div>\r\n                                <div class=\"logo_item\">\r\n                    <img decoding=\"async\" src=\"https:\/\/www.achilles.com\/app\/uploads\/2023\/09\/multiplex.jpeg\" alt=\"\" width=\"250\">\r\n                <\/div>\r\n                                <div class=\"logo_item\">\r\n                    <img decoding=\"async\" src=\"https:\/\/www.achilles.com\/app\/uploads\/2023\/09\/sisk-logo-transparent-1.png\" alt=\"The Sisk logo is a red lozenge with a thin white line inside with the SISK name in white outlined text and the words Builders and Contractors above and below it.\" width=\"250\">\r\n                <\/div>\r\n                                <div class=\"logo_item\">\r\n                    <img decoding=\"async\" src=\"https:\/\/www.achilles.com\/app\/uploads\/2023\/09\/Laing-ORourke.jpeg\" alt=\"\" width=\"246\">\r\n                <\/div>\r\n                                <div class=\"logo_item\">\r\n                    <img decoding=\"async\" src=\"https:\/\/www.achilles.com\/app\/uploads\/2023\/06\/Lendlease-logo.png\" alt=\"\" width=\"248\">\r\n                <\/div>\r\n                                <div class=\"logo_item\">\r\n                    <img decoding=\"async\" src=\"\" alt=\"\" width=\"250\">\r\n                <\/div>\r\n                                <div class=\"logo_item\">\r\n                    <img decoding=\"async\" src=\"https:\/\/www.achilles.com\/app\/uploads\/2023\/06\/tarmac-logo.png\" alt=\"\" width=\"250\">\r\n                <\/div>\r\n                                <div class=\"logo_item\">\r\n                    <img decoding=\"async\" src=\"https:\/\/www.achilles.com\/app\/uploads\/2023\/06\/Costain-e1524648164759.jpg\" alt=\"\" width=\"249\">\r\n                <\/div>\r\n                                <div class=\"logo_item\">\r\n                    <img decoding=\"async\" src=\"https:\/\/www.achilles.com\/app\/uploads\/2023\/10\/Kier-logo.jpeg\" alt=\"\" width=\"249\">\r\n                <\/div>\r\n                                <div class=\"logo_item\">\r\n                    <img decoding=\"async\" src=\"https:\/\/www.achilles.com\/app\/uploads\/2023\/10\/RSK-logo.jpeg\" alt=\"\" width=\"250\">\r\n                <\/div>\r\n                            <\/div>\r\n                    <\/div>\r\n    <\/div>\r\n\n\n    <div class=\"content_section\">\r\n        <div class=\"container\">\r\n                        <div class=\"posts_panel\">\r\n                <div class=\"description_section\">\r\n                                        <p class=\"title_category\">Kundehistorier<\/p>\r\n                     \r\n                    <h2 class=\"title_section\">Achilles-kunder er markedsledere i forkant av milj\u00f8messig og sosial styring.<\/h2>\r\n                                    <\/div>\r\n                            <\/div>\r\n                                    <div class=\"posts_wrap\">\r\n                                <div class=\"post_item\">\r\n                    <div class=\"post_item_top\">\r\n                                                <a class=\"post_item_img\" href=\"https:\/\/www.achilles.com\/no\/bransjeinnsikt\/bygging-av-et-skalerbart-baerekraftig-og-robust-nettverk-for-datasenterkonstruksjon\/\">\r\n                            <img decoding=\"async\" src=\"https:\/\/www.achilles.com\/app\/uploads\/2026\/03\/Achilles-Google-Supply-Chain-Risk-banner.png\" alt=\"Bygging av et skalerbart, b\u00e6rekraftig og robust nettverk for datasenterkonstruksjon\">\r\n                        <\/a>\r\n                                                <ul class=\"post_item_categories\">\r\n                                                        <li>Bransjeinnsikt<\/li>\r\n                                                        <li>Case Studier<\/li>\r\n                                                    <\/ul>\r\n                    <\/div>\r\n                    <a class=\"post_item_name\" href=\"https:\/\/www.achilles.com\/no\/bransjeinnsikt\/bygging-av-et-skalerbart-baerekraftig-og-robust-nettverk-for-datasenterkonstruksjon\/\">Bygging av et skalerbart, b\u00e6rekraftig og robust nettverk for datasenterkonstruksjon<\/a>\r\n                <\/div>\r\n                                <div class=\"post_item\">\r\n                    <div class=\"post_item_top\">\r\n                                                <a class=\"post_item_img\" href=\"https:\/\/www.achilles.com\/no\/hvordan-leverandorengasjement-former-baerekraften-i-maritime-leverandorkjeder\/\">\r\n                            <img decoding=\"async\" src=\"https:\/\/www.achilles.com\/app\/uploads\/2025\/01\/Maritime.png\" alt=\"Hvordan leverand\u00f8rengasjement former b\u00e6rekraften i maritime leverand\u00f8rkjeder\">\r\n                        <\/a>\r\n                                                <ul class=\"post_item_categories\">\r\n                                                        <li>Bransjeinnsikt<\/li>\r\n                                                        <li>Case Studier<\/li>\r\n                                                    <\/ul>\r\n                    <\/div>\r\n                    <a class=\"post_item_name\" href=\"https:\/\/www.achilles.com\/no\/hvordan-leverandorengasjement-former-baerekraften-i-maritime-leverandorkjeder\/\">Hvordan leverand\u00f8rengasjement former b\u00e6rekraften i maritime leverand\u00f8rkjeder<\/a>\r\n                <\/div>\r\n                                <div class=\"post_item\">\r\n                    <div class=\"post_item_top\">\r\n                                                <a class=\"post_item_img\" href=\"https:\/\/www.achilles.com\/no\/industry-insights\/hvorfor-revisjoner-er-viktige-en-virkelig-historie-fra-sjomatlogistikken\/\">\r\n                            <img decoding=\"async\" src=\"https:\/\/www.achilles.com\/app\/uploads\/2025\/03\/vidar-nordli-mathisen-641pLhGEEyg-unsplash.jpg\" alt=\"Hvorfor revisjoner er avgj\u00f8rende: En ekte historie fra sj\u00f8matlogistikk\">\r\n                        <\/a>\r\n                                                <ul class=\"post_item_categories\">\r\n                                                        <li>Case Studier<\/li>\r\n                                                    <\/ul>\r\n                    <\/div>\r\n                    <a class=\"post_item_name\" href=\"https:\/\/www.achilles.com\/no\/industry-insights\/hvorfor-revisjoner-er-viktige-en-virkelig-historie-fra-sjomatlogistikken\/\">Hvorfor revisjoner er avgj\u00f8rende: En ekte historie fra sj\u00f8matlogistikk<\/a>\r\n                <\/div>\r\n                            <\/div>\r\n                    <\/div>\r\n    <\/div>\r\n\n\n    <div class=\"content_section\">\r\n        <div class=\"container\">\r\n                        <div class=\"description_section\">\r\n                                <p class=\"title_category\">TILF\u00d8RINGSKJEDE L\u00d8SNINGER<\/p>\r\n                                <h2 class=\"title_section\">L\u00f8sninger for en tryggere, mer rettferdig byggeindustri med lavere karbon<\/h2>\r\n                                <div class=\"typical_text middle_text\">\r\n                    <p>Achilles har mange ti\u00e5r med erfaring med \u00e5 jobbe med verdens ledende konstruksjonsmerker for \u00e5 adressere forsyningskjederisiko, redusere karbonutslipp og levere eksepsjonell \u00e5penhet i forsyningskjeden.<\/p>\n                <\/div>\r\n                            <\/div>\r\n                        <div class=\"features_wrap features_four\">\r\n                                <div class=\"feature_item\">\r\n                                        <div class=\"feature_item_icon\">\r\n                        <img decoding=\"async\" src=\"https:\/\/www.achilles.com\/app\/uploads\/2023\/09\/icon_common-file-text-check.png\" alt=\"\">\r\n                    <\/div>\r\n                                        <h3 class=\"feature_item_name\">Prekvalifisert leverand\u00f8rnettverk<\/h3>\r\n                                        <div class=\"typical_text\">\r\n                        <p>F\u00e5 tilgang til en strengt validert database med prekvalifiserte leverand\u00f8rer i byggebransjen som oppfyller lokale og internasjonale ESG- og anskaffelsesforskrifter.<\/p>\n                    <\/div>\r\n                                        <a class=\"btn\" aria-label=\"Prekvalifisert leverand\u00f8rnettverk - L\u00e6r mer\" href=\"https:\/\/www.achilles.com\/no\/prequalified-supplier-network\/\">L\u00e6r mer<\/a>\r\n                                    <\/div>\r\n                                <div class=\"feature_item\">\r\n                                        <div class=\"feature_item_icon\">\r\n                        <img decoding=\"async\" src=\"https:\/\/www.achilles.com\/app\/uploads\/2023\/09\/icon_user-network-1.png\" alt=\"on site audits\">\r\n                    <\/div>\r\n                                        <h3 class=\"feature_item_name\">Leverand\u00f8rdue Diligence<\/h3>\r\n                                        <div class=\"typical_text\">\r\n                        <p>Streng vurdering og validering av forsyningskjeden din for \u00e5 sikre at leverand\u00f8rene dine oppfyller dine standarder og sikre at du er i samsvar med regelverket som er relevant for din virksomhet.<\/p>\n                    <\/div>\r\n                                        <a class=\"btn\" aria-label=\"Leverand\u00f8rdue Diligence - L\u00e6r mer\" href=\"https:\/\/www.achilles.com\/no\/supply-chain-due-diligence\/\">L\u00e6r mer<\/a>\r\n                                    <\/div>\r\n                                <div class=\"feature_item\">\r\n                                        <div class=\"feature_item_icon\">\r\n                        <img decoding=\"async\" src=\"https:\/\/www.achilles.com\/app\/uploads\/2023\/09\/Icon_air-pollution-co2-down-2.png\" alt=\"\">\r\n                    <\/div>\r\n                                        <h3 class=\"feature_item_name\">Carbon Reduce<\/h3>\r\n                                        <div class=\"typical_text\">\r\n                        <p>M\u00e5l, administrer og reduser karbonavtrykket ditt effektivt med verdens eneste ISO14064-1 Carbon Management Scheme.<\/p>\n                    <\/div>\r\n                                        <a class=\"btn\" aria-label=\"Carbon Reduce - L\u00e6r mer\" href=\"https:\/\/www.achilles.com\/no\/karbonsstyring-og-reduksjon\/\">L\u00e6r mer<\/a>\r\n                                    <\/div>\r\n                                <div class=\"feature_item\">\r\n                                        <div class=\"feature_item_icon\">\r\n                        <img decoding=\"async\" src=\"https:\/\/www.achilles.com\/app\/uploads\/2023\/09\/saving-bank-1.png\" alt=\"\">\r\n                    <\/div>\r\n                                        <h3 class=\"feature_item_name\">Regnskapserkl\u00e6ring<\/h3>\r\n                                        <div class=\"typical_text\">\r\n                        <p>Vis l\u00e5ngivere og andre interessenter den innsatsen du gj\u00f8r i henhold til Milj\u00f8- , Sosiale- og Forretningsetiske forhold, samt de B\u00e6rekraftsm\u00e5lene du har satt (SPTs).<\/p>\n                    <\/div>\r\n                                        <a class=\"btn\" aria-label=\"Regnskapserkl\u00e6ring - L\u00e6r mer\" href=\"https:\/\/www.achilles.com\/no\/products\/erklaering-om-begrenset-sikkerhet\/\">L\u00e6r mer<\/a>\r\n                                    <\/div>\r\n                            <\/div>\r\n                    <\/div>\r\n    <\/div>\r\n\n\n    <div class=\"content_section\">\r\n        <div class=\"container\">\r\n                        <div class=\"description_section big\">\r\n                                <h2 class=\"title_section\">Global. Og lokalt.<\/h2>\r\n                                <div class=\"typical_text middle_text\">\r\n                    <p>Achilles opererer p\u00e5 17 steder over hele verden for \u00e5 gi lokal tilstedev\u00e6relse som sikrer b\u00e5de dyp forst\u00e5else av lokale forskrifter, spr\u00e5k og kultur og den globale skalaen for \u00e5 muliggj\u00f8re overlegen risikostyring i forsyningskjeden.<\/p>\n                <\/div>\r\n                            <\/div>\r\n                                    <div class=\"features_wrap\">\r\n                                <div class=\"feature_item center\">\r\n                                        <div class=\"feature_item_icon\">\r\n                        <img decoding=\"async\" src=\"https:\/\/www.achilles.com\/app\/uploads\/2023\/10\/Achilles-A.png\" alt=\"\">\r\n                    <\/div>\r\n                                        <h3 class=\"feature_item_name\">Achilles-nettverket, globalt<\/h3>\r\n                                        <div class=\"typical_text middle_text\">\r\n                        <p>Achilles-nettverket gir tilgang til en global markedsplass av Achilles gullstandard validerte kj\u00f8pere og leverand\u00f8rer p\u00e5 tvers av b\u00e5de bygg og anlegg og andre industrisektorer.<\/p>\r\n                    <\/div>\r\n                                        <a class=\"btn btn_big\" aria-label=\"Achilles-nettverket, globalt - L\u00e6r mer\" href=\"https:\/\/www.achilles.com\/no\/achilles-network\/\">L\u00e6r mer<\/a>\r\n                                    <\/div>\r\n                                <div class=\"feature_item center\">\r\n                                        <div class=\"feature_item_icon\">\r\n                        <img decoding=\"async\" src=\"https:\/\/www.achilles.com\/app\/uploads\/2023\/10\/Achilles-A.png\" alt=\"\">\r\n                    <\/div>\r\n                                        <h3 class=\"feature_item_name\">Bygge tillit, Storbritannia<\/h3>\r\n                                        <div class=\"typical_text middle_text\">\r\n                        <p>Den britiske konstruksjonens gullstandard gir sertifisering til Safety Schemes in Procurement (SSIP) og Common Assessment Standard (CAS).<\/p>\r\n                    <\/div>\r\n                                        <a class=\"btn btn_big\" aria-label=\"Bygge tillit, Storbritannia - L\u00e6r mer\" href=\"https:\/\/www.achilles.com\/no\/buildingconfidence\/\">L\u00e6r mer<\/a>\r\n                                    <\/div>\r\n                                <div class=\"feature_item center\">\r\n                                        <div class=\"feature_item_icon\">\r\n                        <img decoding=\"async\" src=\"https:\/\/www.achilles.com\/app\/uploads\/2023\/10\/StartBank-e1698055350284.png\" alt=\"\">\r\n                    <\/div>\r\n                                        <h3 class=\"feature_item_name\">Startbank, Nord-Europa<\/h3>\r\n                                        <div class=\"typical_text middle_text\">\r\n                        <p>Lansert i 2005 i samarbeid med Byggen\u00e6ringens Landsforening for \u00e5 m\u00f8te de stadig mer krevende lovgivnings- og risikostyringsbehovene til bygg- og anleggskunder.<\/p>\r\n                    <\/div>\r\n                                        <a class=\"btn btn_big\" aria-label=\"Startbank, Nord-Europa - L\u00e6r mer\" href=\"https:\/\/www.achilles.com\/no\/startbank\/\">L\u00e6r mer<\/a>\r\n                                    <\/div>\r\n                            <\/div>\r\n                                <\/div>\r\n    <\/div>\r\n\n\n    <div class=\"content_section\">\r\n        <div class=\"container\">\r\n                        <div class=\"posts_panel\">\r\n                <div class=\"description_section\">\r\n                                        <p class=\"title_category\">Bransjeinnsikt<\/p>\r\n                     \r\n                    <h2 class=\"title_section\">Anbefalt for deg<\/h2>\r\n                                    <\/div>\r\n                            <\/div>\r\n                                    <div class=\"posts_wrap\">\r\n                                <div class=\"post_item\">\r\n                    <div class=\"post_item_top\">\r\n                                                <a class=\"post_item_img\" href=\"https:\/\/www.achilles.com\/no\/wind-europe-2026-madrid-styrking-av-leverandorberedskap\/\">\r\n                            <img decoding=\"async\" src=\"https:\/\/www.achilles.com\/app\/uploads\/2023\/06\/renewable-energies.jpg\" alt=\"Wind Europe 2026 Madrid: Styrking av leverand\u00f8rberedskap\">\r\n                        <\/a>\r\n                                                <ul class=\"post_item_categories\">\r\n                                                        <li>Bransjeinnsikt<\/li>\r\n                                                    <\/ul>\r\n                    <\/div>\r\n                    <a class=\"post_item_name\" href=\"https:\/\/www.achilles.com\/no\/wind-europe-2026-madrid-styrking-av-leverandorberedskap\/\">Wind Europe 2026 Madrid: Styrking av leverand\u00f8rberedskap<\/a>\r\n                <\/div>\r\n                                <div class=\"post_item\">\r\n                    <div class=\"post_item_top\">\r\n                                                <a class=\"post_item_img\" href=\"https:\/\/www.achilles.com\/no\/achilles-arlige-risiko-og-baerekraftsrapport-2026\/\">\r\n                            <img decoding=\"async\" src=\"https:\/\/www.achilles.com\/app\/uploads\/2026\/03\/Web-page-top-banner-thumbnail-of-Achilles-Global-Supplier-Risk-and-Sustainability-Survey-2026.jpg\" alt=\"Achilles \u00e5rlige risiko- og b\u00e6rekraftsrapport 2026\">\r\n                        <\/a>\r\n                                                <ul class=\"post_item_categories\">\r\n                                                        <li>Whitepapers<\/li>\r\n                                                    <\/ul>\r\n                    <\/div>\r\n                    <a class=\"post_item_name\" href=\"https:\/\/www.achilles.com\/no\/achilles-arlige-risiko-og-baerekraftsrapport-2026\/\">Achilles \u00e5rlige risiko- og b\u00e6rekraftsrapport 2026<\/a>\r\n                <\/div>\r\n                                <div class=\"post_item\">\r\n                    <div class=\"post_item_top\">\r\n                                                <a class=\"post_item_img\" href=\"https:\/\/www.achilles.com\/no\/bransjeinnsikt\/bygging-av-et-skalerbart-baerekraftig-og-robust-nettverk-for-datasenterkonstruksjon\/\">\r\n                            <img decoding=\"async\" src=\"https:\/\/www.achilles.com\/app\/uploads\/2026\/03\/Achilles-Google-Supply-Chain-Risk-banner.png\" alt=\"Bygging av et skalerbart, b\u00e6rekraftig og robust nettverk for datasenterkonstruksjon\">\r\n                        <\/a>\r\n                                                <ul class=\"post_item_categories\">\r\n                                                        <li>Bransjeinnsikt<\/li>\r\n                                                        <li>Case Studier<\/li>\r\n                                                    <\/ul>\r\n                    <\/div>\r\n                    <a class=\"post_item_name\" href=\"https:\/\/www.achilles.com\/no\/bransjeinnsikt\/bygging-av-et-skalerbart-baerekraftig-og-robust-nettverk-for-datasenterkonstruksjon\/\">Bygging av et skalerbart, b\u00e6rekraftig og robust nettverk for datasenterkonstruksjon<\/a>\r\n                <\/div>\r\n                            <\/div>\r\n                    <\/div>\r\n    <\/div>\r\n\n\n    <div class=\"contact_main\">\r\n        <div class=\"contact_bg\">\r\n                        <img decoding=\"async\" src=\"https:\/\/www.achilles.com\/app\/uploads\/2023\/07\/Construction-site-black-overlay-scaled-1.jpg\" alt=\"\">\r\n                    <\/div>\r\n        <div class=\"container\">\r\n            <div class=\"contact_content\">\r\n                <div class=\"contact_wrapper\">\r\n                <div class=\"contact_content_description\">\r\n                                        <h1 class=\"title_page\">Snakk med oss<\/h1>\r\n                                        <h5 class=\"contact_content_subtitle\">Snakk med en av v\u00e5re ESG- og karbonh\u00e5ndteringseksperter<\/h5>\r\n                                    <\/div>\r\n                <\/div>\r\n                <div class=\"contact_reqiest\">\r\n                    <script charset=\"utf-8\" type=\"text\/javascript\" src=\"\/\/js.hsforms.net\/forms\/embed\/v2.js\"><\/script><script>hbspt.forms.create({\r\n    region: \"na1\",\r\n    portalId: \"5387762\",\r\n    formId: \"a23cf73a-36bd-433c-a1d8-4acd8b05b928\"\r\n  });\r\n<\/script>                <\/div>\r\n            <\/div>\r\n        <\/div>\r\n    <\/div>\r\n\r\n","protected":false},"excerpt":{"rendered":"","protected":false},"author":2,"featured_media":0,"parent":0,"menu_order":0,"comment_status":"closed","ping_status":"closed","template":"","meta":{"_acf_changed":false,"content-type":"","footnotes":""},"class_list":["post-20929","page","type-page","status-publish","hentry"],"acf":[],"_links":{"self":[{"href":"https:\/\/www.achilles.com\/no\/wp-json\/wp\/v2\/pages\/20929","targetHints":{"allow":["GET"]}}],"collection":[{"href":"https:\/\/www.achilles.com\/no\/wp-json\/wp\/v2\/pages"}],"about":[{"href":"https:\/\/www.achilles.com\/no\/wp-json\/wp\/v2\/types\/page"}],"author":[{"embeddable":true,"href":"https:\/\/www.achilles.com\/no\/wp-json\/wp\/v2\/users\/2"}],"replies":[{"embeddable":true,"href":"https:\/\/www.achilles.com\/no\/wp-json\/wp\/v2\/comments?post=20929"}],"version-history":[{"count":0,"href":"https:\/\/www.achilles.com\/no\/wp-json\/wp\/v2\/pages\/20929\/revisions"}],"wp:attachment":[{"href":"https:\/\/www.achilles.com\/no\/wp-json\/wp\/v2\/media?parent=20929"}],"curies":[{"name":"wp","href":"https:\/\/api.w.org\/{rel}","templated":true}]}}