{"id":19568,"date":"2023-06-14T14:29:28","date_gmt":"2023-06-14T11:29:28","guid":{"rendered":"https:\/\/uat.achilles.com\/about-us\/referral-partners\/"},"modified":"2023-11-30T12:36:11","modified_gmt":"2023-11-30T09:36:11","slug":"referral-partners","status":"publish","type":"page","link":"https:\/\/www.achilles.com\/no\/about-us\/referral-partners\/","title":{"rendered":"Referral partners"},"content":{"rendered":"        <div class=\"content_section\">\r\n            <div class=\"container\">\r\n                                <div class=\"description_page half\">\r\n                                        <h1 class=\"title_page\">Henvisningspartner<\/h1>\r\n                                        <div class=\"typical_text large_text\">\r\n                        <p>V\u00e5rt partnerprogram setter oss i kontakt med enkeltpersoner og organisasjoner som driver virksomhet i sektorene v\u00e5re over hele verden.<\/p>\n<p>Med Achilles\u2019 henvisningsprogram kan tredjeparter samarbeide med Achilles om utfyllende aktiviteter som er til fordel for begge virksomheter.<\/p>\n<p>Partnerne v\u00e5re drar fordel av en rekke tilbud og v\u00e5r sjener\u00f8se godtgj\u00f8relsesmodell, og de bidrar i tillegg til \u00e5 forbedre v\u00e5re eksisterende tilbud og forme ny produktutvikling.<\/p>\n<p>Uansett om du er en stor virksomhet eller en enkeltperson, er det enkelt \u00e5 promotere Achilles-l\u00f8sningen. Bare anbefal l\u00f8sningene v\u00e5re til nettverket ditt og la oss gj\u00f8re resten.<\/p>\n                    <\/div>\r\n                                    <\/div>\r\n                            <\/div>\r\n        <\/div>\r\n\n\n    <div class=\"content_section bg_grey\">\r\n        <div class=\"container\">\r\n                                    <div class=\"cta_wrap\">\r\n                                <a href=\"https:\/\/www.achilles.com\/no\/kontakt-oss\/\" class=\"cta_box\" >\r\n                    <div class=\"cta_box_bg\">\r\n                                                <img decoding=\"async\" src=\"https:\/\/www.achilles.com\/app\/uploads\/2023\/06\/contact-small.jpg\" alt=\"\">\r\n                                            <\/div>\r\n                    <div class=\"cta_box_info\">\r\n                                                <h3 class=\"cta_box_name\">Fyll ut skjemaet v\u00e5rt for \u00e5 starte denne prosessen.<\/h3>\r\n                                                <span class=\"btn\">Bli en partner<\/span>\r\n                                            <\/div>\r\n                <\/a>\r\n                                <a href=\"https:\/\/www.achilles.com\/no\/om-oss\/mediesenter\/\" class=\"cta_box\" >\r\n                    <div class=\"cta_box_bg\">\r\n                                                <img decoding=\"async\" src=\"https:\/\/www.achilles.com\/app\/uploads\/2023\/06\/bridge-dark-1.jpg\" alt=\"\">\r\n                                            <\/div>\r\n                    <div class=\"cta_box_info\">\r\n                                                <h3 class=\"cta_box_name\">Som en kvalifisert henvisningspartner kan du sende inn en henvisning.<\/h3>\r\n                                                <span class=\"btn\">Send inn en henvisning<\/span>\r\n                                            <\/div>\r\n                <\/a>\r\n                            <\/div>\r\n                                <\/div>\r\n    <\/div>\r\n","protected":false},"excerpt":{"rendered":"","protected":false},"author":1,"featured_media":0,"parent":408,"menu_order":0,"comment_status":"closed","ping_status":"closed","template":"","meta":{"_acf_changed":false,"content-type":"","footnotes":""},"class_list":["post-19568","page","type-page","status-publish","hentry"],"acf":[],"_links":{"self":[{"href":"https:\/\/www.achilles.com\/no\/wp-json\/wp\/v2\/pages\/19568","targetHints":{"allow":["GET"]}}],"collection":[{"href":"https:\/\/www.achilles.com\/no\/wp-json\/wp\/v2\/pages"}],"about":[{"href":"https:\/\/www.achilles.com\/no\/wp-json\/wp\/v2\/types\/page"}],"author":[{"embeddable":true,"href":"https:\/\/www.achilles.com\/no\/wp-json\/wp\/v2\/users\/1"}],"replies":[{"embeddable":true,"href":"https:\/\/www.achilles.com\/no\/wp-json\/wp\/v2\/comments?post=19568"}],"version-history":[{"count":0,"href":"https:\/\/www.achilles.com\/no\/wp-json\/wp\/v2\/pages\/19568\/revisions"}],"up":[{"embeddable":true,"href":"https:\/\/www.achilles.com\/no\/wp-json\/wp\/v2\/pages\/408"}],"wp:attachment":[{"href":"https:\/\/www.achilles.com\/no\/wp-json\/wp\/v2\/media?parent=19568"}],"curies":[{"name":"wp","href":"https:\/\/api.w.org\/{rel}","templated":true}]}}