{"id":19512,"date":"2023-06-14T09:23:14","date_gmt":"2023-06-14T06:23:14","guid":{"rendered":"https:\/\/uat.achilles.com\/working-with-you\/"},"modified":"2023-11-30T13:47:02","modified_gmt":"2023-11-30T10:47:02","slug":"working-with-you","status":"publish","type":"page","link":"https:\/\/www.achilles.com\/no\/jobber-med-deg\/","title":{"rendered":"Working with you"},"content":{"rendered":"            <div class=\"content_section\">\r\n            <div class=\"container\">\r\n                                <div class=\"description_page full top\">\r\n                                        <h1 class=\"title_page\">Jobber med deg<\/h1>\r\n                                        <div class=\"typical_text large_text\">\r\n                        <p>I tillegg til forbedrede forretningsresultater og leverand\u00f8rkjedeprestasjoner st\u00f8tter vi forbedringer hos innkj\u00f8pere og leverand\u00f8rer. Disse gagner nettverket ved \u00e5 ta for seg viktige problemer som sikkerhet, moderne slaveri, korrupsjon, milj\u00f8messig b\u00e6rekraft inkludert karbonreduksjon og st\u00f8tte for sm\u00e5 og mellomstore bedrifter.<\/p>\r\n                    <\/div>\r\n                                    <\/div>\r\n                                <div class=\"content_wrap\">\r\n                    <div class=\"content_info ogo\">\r\n                                                <div class=\"typical_text\">\r\n                            <p>Forskjellige roller i anskaffelse og risikostyring har forskjellig tiln\u00e6rming til leverand\u00f8rprestasjon og\u00a0<a href=\"https:\/\/www.achilles.com\/product\/risk-management\/\" target=\"_blank\" rel=\"noopener noreferrer\">risikostyring<\/a>.<\/p>\n<p>For \u00e5 im\u00f8tekomme disse forskjellige behovene\u00a0har vi modul\u00e6re globale produkter og tjenester som kan kombineres og konfigureres for \u00e5 tilpasses risikostyringsbehovene til bestemte organisasjoner, sektorer og profesjonelle perspektiver.<\/p>\n<p>Vi tilbyr en totaladministrert tjeneste for leverand\u00f8rregistrering, informasjons- og samsvarsstyring samt prekvalifisering. Denne tjenesten reduserer \u2013 og til og med eliminerer \u2013 behovet for kostbar leverand\u00f8rkjedestyring internt, noe som frigj\u00f8r teamene dine til \u00e5 fokusere p\u00e5 andre verdifulle oppgaver.<\/p>\n                        <\/div>\r\n                                            <\/div>\r\n                                        <div class=\"content_media\">\r\n                        <img decoding=\"async\" src=\"https:\/\/www.achilles.com\/app\/uploads\/2023\/06\/Achilles-icons_Risk-Management-team-1-1.png\" width=\"280\" alt=\"\">\r\n                    <\/div>\r\n                                    <\/div>\r\n                            <\/div>\r\n        <\/div>\r\n    \n\n    <div class=\"content_section bg_grey\">\r\n        <div class=\"container\">\r\n                        <div class=\"description_section\">\r\n                                <p class=\"title_category\">VELG TEAMET<\/p>\r\n                                <h2 class=\"title_section\">Finn ut hvordan vi kan fremme prestasjonene til bestemte team<\/h2>\r\n                            <\/div>\r\n                        <div class=\"features_wrap\">\r\n                                <div class=\"feature_item\">\r\n                                        <div class=\"feature_item_icon\">\r\n                        <img decoding=\"async\" src=\"https:\/\/www.achilles.com\/app\/uploads\/2023\/06\/Achilles-icons_Health-Safety-Team.png\" alt=\"\">\r\n                    <\/div>\r\n                                        <h3 class=\"feature_item_name\">Helse- og sikkerhetsteam<\/h3>\r\n                                        <a class=\"btn\" aria-label=\"Helse- og sikkerhetsteam - Les mer\" href=\"https:\/\/www.achilles.com\/no\/jobber-med-deg\/helse-og-sikkerhetsteam\/\">Les mer<\/a>\r\n                                    <\/div>\r\n                                <div class=\"feature_item\">\r\n                                        <div class=\"feature_item_icon\">\r\n                        <img decoding=\"async\" src=\"https:\/\/www.achilles.com\/app\/uploads\/2023\/06\/Achilles-icons_Contract-Management-Team.png\" alt=\"\">\r\n                    <\/div>\r\n                                        <h3 class=\"feature_item_name\">Kontraktsh\u00e5ndteringsteam<\/h3>\r\n                                        <a class=\"btn\" aria-label=\"Kontraktsh\u00e5ndteringsteam - Les mer\" href=\"https:\/\/www.achilles.com\/no\/jobber-med-deg\/kontrakt-handtering-team\/\">Les mer<\/a>\r\n                                    <\/div>\r\n                                <div class=\"feature_item\">\r\n                                        <div class=\"feature_item_icon\">\r\n                        <img decoding=\"async\" src=\"https:\/\/www.achilles.com\/app\/uploads\/2023\/06\/Achilles-icons_Sustainability-Team.png\" alt=\"\">\r\n                    <\/div>\r\n                                        <h3 class=\"feature_item_name\">CRS\/b\u00e6rekraftsteam<\/h3>\r\n                                        <a class=\"btn\" aria-label=\"CRS\/b\u00e6rekraftsteam - Les mer\" href=\"https:\/\/www.achilles.com\/no\/jobber-med-deg\/baerekraft-team\/\">Les mer<\/a>\r\n                                    <\/div>\r\n                                <div class=\"feature_item\">\r\n                                        <div class=\"feature_item_icon\">\r\n                        <img decoding=\"async\" src=\"https:\/\/www.achilles.com\/app\/uploads\/2023\/06\/Achilles-icons_Risk-Management-team-1.png\" alt=\"\">\r\n                    <\/div>\r\n                                        <h3 class=\"feature_item_name\">Risikostyringsteam<\/h3>\r\n                                        <a class=\"btn\" aria-label=\"Risikostyringsteam - Les mer\" href=\"https:\/\/www.achilles.com\/no\/jobber-med-deg\/risikostyring-team\/\">Les mer<\/a>\r\n                                    <\/div>\r\n                                <div class=\"feature_item\">\r\n                                        <div class=\"feature_item_icon\">\r\n                        <img decoding=\"async\" src=\"https:\/\/www.achilles.com\/app\/uploads\/2023\/06\/Achilles-icons_Compliance-Team.png\" alt=\"\">\r\n                    <\/div>\r\n                                        <h3 class=\"feature_item_name\">Samsvarsteam<\/h3>\r\n                                        <a class=\"btn\" aria-label=\"Samsvarsteam - Les mer\" href=\"https:\/\/www.achilles.com\/no\/jobber-med-deg\/som-medlem-av-samsvarsteam\/\">Les mer<\/a>\r\n                                    <\/div>\r\n                                <div class=\"feature_item\">\r\n                                        <div class=\"feature_item_icon\">\r\n                        <img decoding=\"async\" src=\"https:\/\/www.achilles.com\/app\/uploads\/2023\/06\/Achilles-icons_Procurement-Team.png\" alt=\"\">\r\n                    <\/div>\r\n                                        <h3 class=\"feature_item_name\">Anskaffelsesteam<\/h3>\r\n                                        <a class=\"btn\" aria-label=\"Anskaffelsesteam - Les mer\" href=\"https:\/\/www.achilles.com\/no\/jobber-med-deg\/anskaffelsesteam\/\">Les mer<\/a>\r\n                                    <\/div>\r\n                            <\/div>\r\n                    <\/div>\r\n    <\/div>\r\n","protected":false},"excerpt":{"rendered":"","protected":false},"author":1,"featured_media":0,"parent":0,"menu_order":0,"comment_status":"closed","ping_status":"closed","template":"","meta":{"_acf_changed":false,"content-type":"","footnotes":""},"class_list":["post-19512","page","type-page","status-publish","hentry"],"acf":[],"_links":{"self":[{"href":"https:\/\/www.achilles.com\/no\/wp-json\/wp\/v2\/pages\/19512","targetHints":{"allow":["GET"]}}],"collection":[{"href":"https:\/\/www.achilles.com\/no\/wp-json\/wp\/v2\/pages"}],"about":[{"href":"https:\/\/www.achilles.com\/no\/wp-json\/wp\/v2\/types\/page"}],"author":[{"embeddable":true,"href":"https:\/\/www.achilles.com\/no\/wp-json\/wp\/v2\/users\/1"}],"replies":[{"embeddable":true,"href":"https:\/\/www.achilles.com\/no\/wp-json\/wp\/v2\/comments?post=19512"}],"version-history":[{"count":0,"href":"https:\/\/www.achilles.com\/no\/wp-json\/wp\/v2\/pages\/19512\/revisions"}],"wp:attachment":[{"href":"https:\/\/www.achilles.com\/no\/wp-json\/wp\/v2\/media?parent=19512"}],"curies":[{"name":"wp","href":"https:\/\/api.w.org\/{rel}","templated":true}]}}