{"id":19010,"date":"2023-06-14T11:06:04","date_gmt":"2023-06-14T10:06:04","guid":{"rendered":"https:\/\/uat.achilles.com\/csr\/"},"modified":"2024-10-15T17:42:04","modified_gmt":"2024-10-15T16:42:04","slug":"bedrifters-samfunnsansvar","status":"publish","type":"page","link":"https:\/\/www.achilles.com\/no\/csr\/","title":{"rendered":"Bedrifters samfunnsansvar"},"content":{"rendered":"    <div class=\"top_section\">\n        <div class=\"container\">\n            <div class=\"top_info\">\n                                    <h1 class=\"top_title\">Bedrifters samfunnsansvar<\/h1>\n                            <\/div>\n        <\/div>\n        <div class=\"top_media\">\n\t\t\t            <img decoding=\"async\" src=\"https:\/\/www.achilles.com\/app\/uploads\/2023\/10\/iStock-152173072.jpg\" alt=\"Children working in a quarry\">\n                    <\/div>\n    <\/div>\n    <div class=\"content_section\">\r\n        <div class=\"container\">\r\n            <div class=\"article_text\">\r\n                                <div class=\"typical_text\">\r\n                    <p class=\"heading heading--1\"><span style=\"font-size: 16px;\">Vi gj\u00f8r samfunnsansvar viktig for kundene v\u00e5re, og derfor \u00f8nsker vi \u00e5 sikre at vi leder an n\u00e5r det gjelder v\u00e5rt eget samfunnsansvar. Der vi kan, samarbeider vi med eksterne parter for \u00e5 sikre at v\u00e5rt samfunnsansvar er s\u00e5 godt som det kan bli, og at det ville best\u00e5tt en av v\u00e5re egne revisjoner. <\/span><\/p>\n<div class=\"wysiwyg-content\">\n<h4>Karbon<\/h4>\n<p data-pm-slice=\"1 1 []\">Vi \u00f8nsker \u00e5 vise at vi er ledende n\u00e5r det gjelder \u00e5 m\u00e5le, h\u00e5ndtere og rapportere om karbonavtrykket fra driften, og gjennom v\u00e5r \u00e5rlige CarbonReduce-sertifisering (tidligere kjent som CEMARS) vet vi at vi har oppn\u00e5dd en reduksjon i karbonutslippene p\u00e5 57 % siden 2012.<\/p>\n<p><u><a class=\"ProsemirrorEditor-link\" href=\"\/wp-content\/uploads\/2023\/06\/Certificate_2020015J_Achilles_Toitu_carbonreduce_Org.pdf\">CarbonReduce-sertifikat<\/a><\/u><\/p>\n<p><u><a class=\"ProsemirrorEditor-link\" href=\"\/wp-content\/uploads\/2023\/06\/TOI0009-Certificates_23_Winner_Achilles-Information.pdf\">Sertifikat for klimahandlingsprisen<\/a><\/u><\/p>\n<h4>Moderne slaveri<\/h4>\n<p>Moderne slaveri er virkelig et av de viktigste menneskerettighetsproblemene i v\u00e5r tid, og vi brenner for arbeidet vi gj\u00f8r sammen med kundene v\u00e5re for \u00e5 forenkle de komplekse arbeidsmarkedene de opererer i. Vi tar v\u00e5r egen rolle i arbeidet med \u00e5 eliminere moderne slaveri like alvorlig. <\/p>\n<p><a href=\"\/wp\/wp-content\/uploads\/2024\/10\/Modern-Slavery-Statement-2024.pdf\">Moderne slaverierkl\u00e6ring<\/a><\/p>\n<h4>Retningslinjer<\/h4>\n<p>Vi verdsetter og forst\u00e5r viktigheten av \u00e5 ha retningslinjer for helse, milj\u00f8, sikkerhet, kvalitet og informasjonssikkerhet. Hvis du \u00f8nsker \u00e5 se disse eller sertifikatene for styringssystemet v\u00e5rt, kan du <a href=\"https:\/\/www.achilles.com\/no\/kontakt-oss\/\">kontakte oss her.<\/a><\/p>\n<p>&nbsp;<\/p>\n<\/div>\n<p><img loading=\"lazy\" decoding=\"async\" class=\"alignleft wp-image-44829 size-full\" src=\"https:\/\/uat.achilles.com\/wp\/wp-content\/uploads\/2024\/06\/mark-of-trust-multi-scheme-9001-27001-logo-En-GB-0320-e1719440534144.png\" alt=\"\" width=\"200\" height=\"66\"><\/p>\n<p>&nbsp;<\/p>\n<p>&nbsp;<\/p>\n<p>&nbsp;<\/p>\n<p>&nbsp;<\/p>\n<p>&nbsp;<\/p>\n                <\/div>\r\n                            <\/div>\r\n        <\/div>\r\n    <\/div>\r\n","protected":false},"excerpt":{"rendered":"","protected":false},"author":7,"featured_media":22792,"parent":0,"menu_order":0,"comment_status":"closed","ping_status":"closed","template":"","meta":{"_acf_changed":false,"content-type":"","footnotes":""},"class_list":["post-19010","page","type-page","status-publish","has-post-thumbnail","hentry"],"acf":[],"_links":{"self":[{"href":"https:\/\/www.achilles.com\/no\/wp-json\/wp\/v2\/pages\/19010","targetHints":{"allow":["GET"]}}],"collection":[{"href":"https:\/\/www.achilles.com\/no\/wp-json\/wp\/v2\/pages"}],"about":[{"href":"https:\/\/www.achilles.com\/no\/wp-json\/wp\/v2\/types\/page"}],"author":[{"embeddable":true,"href":"https:\/\/www.achilles.com\/no\/wp-json\/wp\/v2\/users\/7"}],"replies":[{"embeddable":true,"href":"https:\/\/www.achilles.com\/no\/wp-json\/wp\/v2\/comments?post=19010"}],"version-history":[{"count":0,"href":"https:\/\/www.achilles.com\/no\/wp-json\/wp\/v2\/pages\/19010\/revisions"}],"wp:featuredmedia":[{"embeddable":true,"href":"https:\/\/www.achilles.com\/no\/wp-json\/wp\/v2\/media\/22792"}],"wp:attachment":[{"href":"https:\/\/www.achilles.com\/no\/wp-json\/wp\/v2\/media?parent=19010"}],"curies":[{"name":"wp","href":"https:\/\/api.w.org\/{rel}","templated":true}]}}