{"id":18998,"date":"2023-06-14T09:45:09","date_gmt":"2023-06-14T06:45:09","guid":{"rendered":"https:\/\/uat.achilles.com\/contract-management-teams\/"},"modified":"2023-11-29T17:19:47","modified_gmt":"2023-11-29T14:19:47","slug":"contract-management-teams","status":"publish","type":"page","link":"https:\/\/www.achilles.com\/no\/jobber-med-deg\/kontrakt-handtering-team\/","title":{"rendered":"Kontraktsh\u00e5ndteringsteam"},"content":{"rendered":"            <div class=\"content_section\">\r\n            <div class=\"container\">\r\n                                <div class=\"description_page full top\">\r\n                                        <h1 class=\"title_page\">Kontraktsh\u00e5ndteringsteam<\/h1>\r\n                                        <div class=\"typical_text large_text\">\r\n                        <p>Vi forst\u00e5r forretningsbehovene dine. Med l\u00f8sningene v\u00e5re kan du slappe av.<\/p>\r\n                    <\/div>\r\n                                    <\/div>\r\n                                <div class=\"content_wrap\">\r\n                    <div class=\"content_info ogo\">\r\n                                                <div class=\"typical_text\">\r\n                            <p>Vi tilbyr en l\u00f8sning for\u00a0<a href=\"https:\/\/www.achilles.com\/features\/performance-feedback\/\">h\u00e5ndtering av leverand\u00f8rytelse<\/a>\u00a0som st\u00f8tter teamene med systematisk gjennomgang og overv\u00e5kning av\u00a0<a href=\"https:\/\/www.achilles.com\/features\/performance-feedback\/\">leverand\u00f8rprestasjon<\/a>\u00a0i kontrakter. Du kan dele tilgang til dette verkt\u00f8yet med utvalgte kollegaer for \u00e5 f\u00e5 til en samarbeidsrettet kontroll- og forbedringsprosess.<\/p>\n<p><a href=\"https:\/\/www.achilles.com\/feature\/prequalification-questionnaires\/\">Prekvalifiseringssp\u00f8rreskjemaene<\/a>\u00a0inneholder ogs\u00e5 funksjonalitet for sporing og varsling, slik at du kan f\u00f8lge eksisterende leverand\u00f8rer og f\u00e5 oppdatering om eventuelle endringer i status eller data, f.eks. \u00f8konomisk status, revisjonsvurdering, forsikringsdekning eller svar p\u00e5 sp\u00f8rreskjema.<\/p>\n                        <\/div>\r\n                                            <\/div>\r\n                                        <div class=\"content_media\">\r\n                        <img decoding=\"async\" src=\"https:\/\/www.achilles.com\/app\/uploads\/2023\/06\/Achilles-icons_Contract-Management-Team.png\" width=\"280\" alt=\"\">\r\n                    <\/div>\r\n                                    <\/div>\r\n                            <\/div>\r\n        <\/div>\r\n    \n\n    <div class=\"content_section bg_grey\">\r\n        <div class=\"container\">\r\n                        <div class=\"description_section\">\r\n                                <p class=\"title_category\">SUKSESS FOR TEAMET DITT<\/p>\r\n                                <h2 class=\"title_section\">Anbefalt for deg<\/h2>\r\n                            <\/div>\r\n                        <div class=\"features_wrap\">\r\n                                <div class=\"feature_item\">\r\n                                        <div class=\"feature_item_icon\">\r\n                        <img decoding=\"async\" src=\"https:\/\/www.achilles.com\/app\/uploads\/2023\/06\/Achilles-icons_Financial-risk-and-business-continuity.png\" alt=\"\">\r\n                    <\/div>\r\n                                        <h3 class=\"feature_item_name\">\u00d8konomisk risiko<\/h3>\r\n                                        <div class=\"typical_text\">\r\n                        <p>Virksomhetens suksess er avhengig av leverand\u00f8renes \u00f8konomiske levedyktighet og stabilitet.<\/p>\n                    <\/div>\r\n                                    <\/div>\r\n                                <div class=\"feature_item\">\r\n                                        <div class=\"feature_item_icon\">\r\n                        <img decoding=\"async\" src=\"https:\/\/www.achilles.com\/app\/uploads\/2023\/06\/Achilles-icons_Workflow-tools.png\" alt=\"\">\r\n                    <\/div>\r\n                                        <h3 class=\"feature_item_name\">Arbeidsflytverkt\u00f8y<\/h3>\r\n                                        <div class=\"typical_text\">\r\n                        <p>Det er vanskelig nok \u00e5 h\u00e5ndtere leverand\u00f8rkjeden om du ikke ogs\u00e5 m\u00e5 takle utallige ikke-intuitive og frakoplede systemer.<\/p>\n                    <\/div>\r\n                                    <\/div>\r\n                                <div class=\"feature_item\">\r\n                                        <div class=\"feature_item_icon\">\r\n                        <img decoding=\"async\" src=\"https:\/\/www.achilles.com\/app\/uploads\/2023\/06\/Achilles-icons_Risk-management-.png\" alt=\"\">\r\n                    <\/div>\r\n                                        <h3 class=\"feature_item_name\">Risikostyring<\/h3>\r\n                                        <div class=\"typical_text\">\r\n                        <p>Det alltid en fare for risiko i leverand\u00f8rkjeden \u2013 proaktiv h\u00e5ndtering gir en konkurransefordel.<\/p>\n                    <\/div>\r\n                                    <\/div>\r\n                            <\/div>\r\n                    <\/div>\r\n    <\/div>\r\n\n\n    <div class=\"content_section bg_grey\">\r\n        <div class=\"container\">\r\n                        <div class=\"description_section\">\r\n                                <h2 class=\"title_section\">Ogs\u00e5 av interesse<\/h2>\r\n                            <\/div>\r\n                        <div class=\"features_wrap\">\r\n                                <div class=\"feature_item\">\r\n                                        <div class=\"feature_item_icon\">\r\n                        <img decoding=\"async\" src=\"https:\/\/www.achilles.com\/app\/uploads\/2023\/06\/Achilles-icons_Themis.png\" alt=\"\">\r\n                    <\/div>\r\n                                        <h3 class=\"feature_item_name\">Oppl\u00e6ring \u2013 EU-akademi<\/h3>\r\n                                        <div class=\"typical_text\">\r\n                        <p>Forbedre forst\u00e5elsen av prinsippene og m\u00e5lene med EUs anskaffelsesregelverk og hvordan dette kan anvendes i praksis.<\/p>\n                    <\/div>\r\n                                        <a class=\"btn\" aria-label=\"Oppl\u00e6ring \u2013 EU-akademi - Les mer\" href=\"https:\/\/uat.achilles.com\/no\/opplaering\/\">Les mer<\/a>\r\n                                    <\/div>\r\n                                <div class=\"feature_item\">\r\n                                        <div class=\"feature_item_icon\">\r\n                        <img decoding=\"async\" src=\"https:\/\/www.achilles.com\/app\/uploads\/2023\/06\/Achilles-icons_Performance-Feedback.png\" alt=\"10 hours of content\">\r\n                    <\/div>\r\n                                        <h3 class=\"feature_item_name\">Oppl\u00e6ring \u2013 Utarbeidelse av spesifikasjoner<\/h3>\r\n                                        <div class=\"typical_text\">\r\n                        <p>Kursene tar for seg hvorfor det er s\u00e5 viktig med forh\u00e5ndstiltak i forbindelse med anskaffelse, samt \u00e5 bruke tid p\u00e5 \u00e5 utvikle solide spesifikasjoner som er i samsvar med EU-reglene.<\/p>\n                    <\/div>\r\n                                        <a class=\"btn\" aria-label=\"Oppl\u00e6ring \u2013 Utarbeidelse av spesifikasjoner - Les mer\" href=\"https:\/\/uat.achilles.com\/no\/opplaering\/\">Les mer<\/a>\r\n                                    <\/div>\r\n                                <div class=\"feature_item\">\r\n                                        <div class=\"feature_item_icon\">\r\n                        <img decoding=\"async\" src=\"https:\/\/www.achilles.com\/app\/uploads\/2023\/06\/Achilles-icons_Data-exchange-.png\" alt=\"\">\r\n                    <\/div>\r\n                                        <h3 class=\"feature_item_name\">Oppl\u00e6ring \u2013 Gi konsesjonskontrakter<\/h3>\r\n                                        <div class=\"typical_text\">\r\n                        <p>Trenger du \u00e5 forst\u00e5 reglene for tjeneste- og arbeidskonsesjon, hvordan de gis og hvordan de h\u00e5ndteres?<\/p>\n                    <\/div>\r\n                                        <a class=\"btn\" aria-label=\"Oppl\u00e6ring \u2013 Gi konsesjonskontrakter - Les mer\" href=\"https:\/\/uat.achilles.com\/no\/opplaering\/\">Les mer<\/a>\r\n                                    <\/div>\r\n                            <\/div>\r\n                    <\/div>\r\n    <\/div>\r\n","protected":false},"excerpt":{"rendered":"","protected":false},"author":1,"featured_media":0,"parent":0,"menu_order":0,"comment_status":"closed","ping_status":"closed","template":"","meta":{"_acf_changed":false,"content-type":"","footnotes":""},"class_list":["post-18998","page","type-page","status-publish","hentry"],"acf":[],"_links":{"self":[{"href":"https:\/\/www.achilles.com\/no\/wp-json\/wp\/v2\/pages\/18998","targetHints":{"allow":["GET"]}}],"collection":[{"href":"https:\/\/www.achilles.com\/no\/wp-json\/wp\/v2\/pages"}],"about":[{"href":"https:\/\/www.achilles.com\/no\/wp-json\/wp\/v2\/types\/page"}],"author":[{"embeddable":true,"href":"https:\/\/www.achilles.com\/no\/wp-json\/wp\/v2\/users\/1"}],"replies":[{"embeddable":true,"href":"https:\/\/www.achilles.com\/no\/wp-json\/wp\/v2\/comments?post=18998"}],"version-history":[{"count":0,"href":"https:\/\/www.achilles.com\/no\/wp-json\/wp\/v2\/pages\/18998\/revisions"}],"wp:attachment":[{"href":"https:\/\/www.achilles.com\/no\/wp-json\/wp\/v2\/media?parent=18998"}],"curies":[{"name":"wp","href":"https:\/\/api.w.org\/{rel}","templated":true}]}}