{"id":175,"date":"2023-05-12T12:50:08","date_gmt":"2023-05-12T11:50:08","guid":{"rendered":"https:\/\/uat.achilles.com\/terms-of-use\/"},"modified":"2024-11-11T16:54:38","modified_gmt":"2024-11-11T16:54:38","slug":"bruksvilkar","status":"publish","type":"page","link":"https:\/\/www.achilles.com\/no\/bruksvilkar\/","title":{"rendered":"Vilk\u00e5r for bruk"},"content":{"rendered":"    <div class=\"content_section page_default_text\">\r\n        <div class=\"container\">\r\n            <article class=\"article_wrap\">\r\n                <div class=\"article_main\">\r\n                    <div class=\"typical_text\">\r\n                        <h1>Vilk\u00e5r for bruk<\/h1>\n<p>F\u00f8lgende er vilk\u00e5rene i en juridisk avtale mellom deg og Achilles. Ved \u00e5 g\u00e5 inn p\u00e5, bla gjennom og\/eller bruke de offentlig tilgjengelige sidene p\u00e5 dette nettstedet, bekrefter du at du har lest, forst\u00e5tt og godtar \u00e5 v\u00e6re bundet av disse vilk\u00e5rene og \u00e5 overholde alle gjeldende lover og forskrifter, inkludert lover og forskrifter om eksport- og reeksportkontroll (USA). Hvis du ikke godtar disse vilk\u00e5rene, m\u00e5 du ikke bruke dette nettstedet. I disse vilk\u00e5rene refererer uttrykket &laquo;nettsted&raquo; til de offentlig tilgjengelige nettsidene som Achilles eller datterselskapene publiserer p\u00e5 achilles.com eller andre relaterte Achilles-internettdomener, og er ikke ment \u00e5 omfatte spesifikke abonnementstjenester for kunder eller relatert innhold, mot betaling eller p\u00e5 annen m\u00e5te, som Achilles&#8217; kunder f\u00e5r tilgang til ved hjelp av et unikt passord eller p\u00e5loggingsdetaljer som Achilles eller datterselskapene har oppgitt. For \u00e5 unng\u00e5 tvil, vil slike abonnementstjenester som leveres av Achilles eller datterselskaper, v\u00e6re underlagt spesifikke kundeavtaler for disse tjenestene, og vilk\u00e5rene i disse avtalene vil overstyre vilk\u00e5rene for bruk av dette offentlige nettstedet. Dette nettstedet kan inneholde andre merknader om eiendomsrett og informasjon om opphavsrett, og vilk\u00e5rene for disse m\u00e5 overholdes og f\u00f8lges. Informasjonen p\u00e5 dette nettstedet kan inneholde tekniske un\u00f8yaktigheter eller typografiske feil. Informasjonen kan bli endret eller oppdatert uten varsel. Achilles kan ogs\u00e5 n\u00e5r som helst og uten varsel gj\u00f8re forbedringer og\/eller endringer i produktene og\/eller programmene som er beskrevet i denne informasjonen. Achilles p\u00e5tar seg ikke noe ansvar for n\u00f8yaktigheten av informasjonen som leveres av Achilles, og bruk av slik informasjon skjer p\u00e5 mottakerens egen risiko. Achilles gir ingen garantier for at eventuelle rapporterte problemer kan l\u00f8ses. Ved \u00e5 levere informasjon gir Achilles ingen lisenser til opphavsrett, patenter eller andre immaterielle rettigheter. Achilles \u00f8nsker ikke \u00e5 motta konfidensiell eller propriet\u00e6r informasjon fra deg via nettstedet v\u00e5rt. V\u00e6r oppmerksom p\u00e5 at all informasjon eller materiale som sendes til Achilles, IKKE vil bli ansett som konfidensiell. Ved \u00e5 sende Achilles informasjon eller materiale gir du Achilles en ubegrenset, ugjenkallelig lisens til \u00e5 bruke, reprodusere, vise, utf\u00f8re, endre, overf\u00f8re og distribuere dette materialet eller denne informasjonen, og du samtykker ogs\u00e5 i at Achilles fritt kan bruke ideer, konsepter, kunnskap eller teknikker som du sender oss, til ethvert form\u00e5l. Vi vil imidlertid ikke offentliggj\u00f8re navnet ditt eller p\u00e5 annen m\u00e5te offentliggj\u00f8re det faktum at du har sendt inn materiale eller annen informasjon til oss, med mindre: (a) vi f\u00e5r din tillatelse til \u00e5 bruke navnet ditt, eller (b) vi f\u00f8rst varsler deg om at materialet eller annen informasjon du sender inn til en bestemt del av dette nettstedet, vil bli publisert eller p\u00e5 annen m\u00e5te brukt med navnet ditt p\u00e5, eller (c) vi er p\u00e5lagt \u00e5 gj\u00f8re det ved lov.    <\/p>\n<h3>Global tilgjengelighet<\/h3>\n<p>Informasjon som Achilles publiserer p\u00e5 Internett, kan inneholde referanser eller kryssreferanser til Achilles-produkter, -programmer og -tjenester som ikke er kunngjort eller tilgjengelige i ditt land. Slike referanser inneb\u00e6rer ikke at Achilles har til hensikt \u00e5 kunngj\u00f8re slike produkter, programmer eller tjenester i ditt land. Ta kontakt med din lokale Achilles-forretningskontakt for informasjon om produkter, programmer og tjenester som kan v\u00e6re tilgjengelige for deg. Achilles&#8217; forpliktelser med hensyn til sine produkter og tjenester reguleres utelukkende av avtalene de leveres i henhold til. Hvis du skaffer deg et produkt eller en tjeneste fra Achilles utenfor dette nettstedet som leveres uten avtale, leveres produktet eller tjenesten &laquo;SOM DEN ER&raquo; uten noen som helst garantier, verken uttrykkelige eller underforst\u00e5tte, og du bruker produktet eller tjenesten p\u00e5 egen risiko.    <\/p>\n<h3>Forretningsforbindelser<\/h3>\n<p>Achilles gir ingen som helst garantier om andre nettsteder som du kan f\u00e5 tilgang til via dette nettstedet. N\u00e5r du g\u00e5r inn p\u00e5 et nettsted som ikke tilh\u00f8rer Achilles, selv om det kan inneholde Achilles-logo, m\u00e5 du v\u00e6re klar over at det er uavhengig av Achilles, og at Achilles ikke har noen kontroll over innholdet. I tillegg betyr ikke en lenke til et nettsted som ikke tilh\u00f8rer Achilles, at Achilles st\u00f8tter eller p\u00e5tar seg noe ansvar for innholdet eller bruken av et slikt nettsted. Det er opp til deg \u00e5 ta forholdsregler for \u00e5 sikre at det du velger \u00e5 bruke, er fritt for virus, ormer, trojanske hester og andre elementer av destruktiv art. Achilles er under ingen omstendigheter ansvarlig overfor noen part for direkte, indirekte, spesielle eller andre f\u00f8lgeskader for bruk av dette nettstedet eller andre hyperlenkede nettsteder, inkludert, men ikke begrenset til, tapt fortjeneste, driftsavbrudd, tap av programmer eller andre data p\u00e5 informasjonsh\u00e5ndteringssystemet ditt eller p\u00e5 annen m\u00e5te, selv om vi uttrykkelig er informert om muligheten for slike skader. All informasjon leveres av Achilles i den stand den er. Achilles gir ingen garantier, verken uttrykkelige eller underforst\u00e5tte, inkludert de underforst\u00e5tte garantiene om egnethet for et bestemt form\u00e5l, salgbarhet og ikke-krenkelse. Achilles kan n\u00e5r som helst revidere disse vilk\u00e5rene ved \u00e5 oppdatere dette innlegget. Ved \u00e5 bruke dette nettstedet godtar du \u00e5 v\u00e6re bundet av slike endringer, og du b\u00f8r derfor bes\u00f8ke denne siden med jevne mellomrom for \u00e5 finne ut hvilke gjeldende vilk\u00e5r du er bundet av.        <\/p>\n<h3>Lenker til andre nettsteder<\/h3>\n<p>Achilles&#8217; sider kan inneholde lenker til andre nettsteder. Achilles er ikke ansvarlig for personvernpraksisen eller innholdet p\u00e5 disse andre nettstedene, som ikke er en del av Achilles. <\/p>\n \r\n                    <\/div>\r\n                <\/div>\r\n            <\/article>\r\n        <\/div>\r\n    <\/div>\r\n","protected":false},"excerpt":{"rendered":"","protected":false},"author":1,"featured_media":0,"parent":0,"menu_order":0,"comment_status":"closed","ping_status":"closed","template":"","meta":{"_acf_changed":false,"content-type":"","footnotes":""},"class_list":["post-175","page","type-page","status-publish","hentry"],"acf":[],"_links":{"self":[{"href":"https:\/\/www.achilles.com\/no\/wp-json\/wp\/v2\/pages\/175","targetHints":{"allow":["GET"]}}],"collection":[{"href":"https:\/\/www.achilles.com\/no\/wp-json\/wp\/v2\/pages"}],"about":[{"href":"https:\/\/www.achilles.com\/no\/wp-json\/wp\/v2\/types\/page"}],"author":[{"embeddable":true,"href":"https:\/\/www.achilles.com\/no\/wp-json\/wp\/v2\/users\/1"}],"replies":[{"embeddable":true,"href":"https:\/\/www.achilles.com\/no\/wp-json\/wp\/v2\/comments?post=175"}],"version-history":[{"count":0,"href":"https:\/\/www.achilles.com\/no\/wp-json\/wp\/v2\/pages\/175\/revisions"}],"wp:attachment":[{"href":"https:\/\/www.achilles.com\/no\/wp-json\/wp\/v2\/media?parent=175"}],"curies":[{"name":"wp","href":"https:\/\/api.w.org\/{rel}","templated":true}]}}