{"id":1266,"date":"2023-05-14T14:12:36","date_gmt":"2023-05-14T11:12:36","guid":{"rendered":"https:\/\/uat.achilles.com\/sustainable-supply-chains\/"},"modified":"2023-11-30T13:28:15","modified_gmt":"2023-11-30T10:28:15","slug":"sustainable-supply-chains","status":"publish","type":"page","link":"https:\/\/www.achilles.com\/no\/sustainable-supply-chains\/","title":{"rendered":"Sustainable supply chains"},"content":{"rendered":"    <div class=\"top_section\">\n        <div class=\"container\">\n            <div class=\"top_info half\">\n                                    <h1 class=\"top_title\">Sustainable supply chains<\/h1>\n                                    <div class=\"top_text\">\n                        <p>Supply chain sustainability may be a new challenge for many, but for us, it\u2019s always been a part of who we are.<\/p>\n                    <\/div>\n                            <\/div>\n        <\/div>\n        <div class=\"top_media\">\n\t\t\t        <\/div>\n    <\/div>\n\n\n            <div class=\"content_section bg_grey\">\r\n            <div class=\"container\">\r\n                <div class=\"content_intro\">\r\n                    <div class=\"content_intro_info\">\r\n                                                <p class=\"title_category\">The challenge<\/p>\r\n                                                <h2 class=\"title_section\">Working with sustainable suppliers<\/h2>\r\n                                                <div class=\"typical_text\">\r\n                            <p>40% of the companies we talk to either struggle to find sustainable suppliers, or simply don\u2019t know how to improve the sustainability performance of complex, multi-layered supply chains. With sustainability as our mission, we have the data and insights to help you.<\/p>\n                        <\/div>\r\n                                            <\/div>\r\n                                        <div class=\"content_intro_media\">\r\n                        <img decoding=\"async\" src=\"https:\/\/www.achilles.com\/app\/uploads\/2023\/05\/sustainability_img_1.jpg\" alt=\"\">\r\n                    <\/div>\r\n                                    <\/div>\r\n            <\/div>\r\n        <\/div>\r\n    \n\n    <div class=\"content_section bg_grey\">\r\n        <div class=\"container\">\r\n                        <div class=\"description_section\">\r\n                                <p class=\"title_category\">Benefits<\/p>\r\n                                <h2 class=\"title_section\">The benefits of supply chain sustainability<\/h2>\r\n                                <div class=\"typical_text middle_text\">\r\n                    <p>We\u2019re here to help you meet the requirements of your stakeholders and deliver innovative and sustainable procurement practices. With our expertise in helping you maintain a truly sustainable supply chain, the benefits go beyond providing transparency, mitigating risk and protecting your brand. You can also drive value by:<\/p>\n                <\/div>\r\n                            <\/div>\r\n                        <div class=\"features_wrap\">\r\n                                <div class=\"feature_item\">\r\n                                        <div class=\"feature_item_icon\">\r\n                        <img decoding=\"async\" src=\"https:\/\/www.achilles.com\/app\/uploads\/2023\/05\/feature_12.svg\" alt=\"\">\r\n                    <\/div>\r\n                                        <h3 class=\"feature_item_name\">Good corporate citizens<\/h3>\r\n                                        <div class=\"typical_text\">\r\n                        <p>Accelerate the sustainability efforts of your business overall \u2013 playing a pivotal role in delivering sustainability for your colleagues, customers and the planet<\/p>\n                    <\/div>\r\n                                    <\/div>\r\n                                <div class=\"feature_item\">\r\n                                        <div class=\"feature_item_icon\">\r\n                        <img decoding=\"async\" src=\"https:\/\/www.achilles.com\/app\/uploads\/2023\/05\/feature_7.svg\" alt=\"\">\r\n                    <\/div>\r\n                                        <h3 class=\"feature_item_name\">Benchmarking<\/h3>\r\n                                        <div class=\"typical_text\">\r\n                        <p>Gaining insights to deliver a long-term sustainable future for your business. Benchmarking the performance of your supply base against industry standards.<\/p>\n                    <\/div>\r\n                                    <\/div>\r\n                                <div class=\"feature_item\">\r\n                                        <div class=\"feature_item_icon\">\r\n                        <img decoding=\"async\" src=\"https:\/\/www.achilles.com\/app\/uploads\/2023\/05\/feature_9.svg\" alt=\"\">\r\n                    <\/div>\r\n                                        <h3 class=\"feature_item_name\">Decision Making<\/h3>\r\n                                        <div class=\"typical_text\">\r\n                        <p>Using the sustainability data at your fingertips to make informed business decisions \u2013 aligning with partners and suppliers who share your ESG goals.<\/p>\n                    <\/div>\r\n                                    <\/div>\r\n                            <\/div>\r\n                    <\/div>\r\n    <\/div>\r\n\n\n     <div class=\"stats_full\">\r\n        <div class=\"stats_bg\">\r\n                        <img decoding=\"async\" src=\"https:\/\/www.achilles.com\/app\/uploads\/2023\/05\/sustainability_stats_bg.jpg\" alt=\"\">\r\n                    <\/div>\r\n        <div class=\"container\">\r\n            <div class=\"stats_center\">\r\n                <div class=\"corner corner_top_left\"><\/div>\r\n                <div class=\"corner corner_top_right\"><\/div>\r\n                <div class=\"corner corner_bottom_left\"><\/div>\r\n                <div class=\"corner corner_bottom_right\"><\/div>\r\n                <div class=\"stats_center_item\">\r\n                                        <div class=\"stats_anim\">\r\n                        <div class=\"stats_center_number stats_anim_item\" data-total=\"71\">\r\n                            <span class=\"stats_anim_total\">0<\/span>%                        <\/div>\r\n                    <\/div>\r\n                                        <p class=\"stats_center_text\">of buyers and suppliers believe sustainability initiatives will have a bigger priority in the coming year. With 53% of companies planning to spend up to 10% of their procurement budget on sustainability initiatives.<\/p>\r\n                                        <p class=\"stats_center_cop\">Achilles 2021<\/p>\r\n                                    <\/div>\r\n            <\/div>\r\n        <\/div>\r\n    <\/div>\r\n\n\n    <div class=\"content_section\">\r\n        <div class=\"container\">\r\n                        <div class=\"tools_description\">\r\n                                <p class=\"title_category\">Our process<\/p>\r\n                                <h2 class=\"title_section\">How to begin building sustainable supply chains<\/h2>\r\n                                <div class=\"typical_text\">\r\n                    <p>Delivering on your board\u2019s objectives to source suppliers with high ethical and safety standards and a low environmental impact demands focus and engagement throughout the whole supply chain. You can accelerate the sustainability efforts of your business by improving your supply chain transparency under our five pillars of sustainability.<br \/>Using the data at your fingertips to improve your supply chain sustainability and make informed business decisions.<\/p>\n                <\/div>\r\n                            <\/div>\r\n                        <div class=\"tools_wrap tabs_section\">\r\n                <div class=\"tools_tabs tabs_buttons\">\r\n                                        <div class=\"tools_btn tab_btn current\" data-tab=\"1\">\r\n                        <span>Assess your needs<\/span>\r\n                        <span class=\"tools_btn_arrow icon-Chevron-Right\"><\/span>\r\n                    <\/div>\r\n                                        <div class=\"tools_btn tab_btn\" data-tab=\"2\">\r\n                        <span>Source sustainable suppliers<\/span>\r\n                        <span class=\"tools_btn_arrow icon-Chevron-Right\"><\/span>\r\n                    <\/div>\r\n                                        <div class=\"tools_btn tab_btn\" data-tab=\"3\">\r\n                        <span>Monitor your supply base<\/span>\r\n                        <span class=\"tools_btn_arrow icon-Chevron-Right\"><\/span>\r\n                    <\/div>\r\n                                    <\/div>\r\n                <div class=\"tools_content\">\r\n                                        <div class=\"tool_container tab_container tab_container_1 active\">\r\n                        <div class=\"typical_text\">\r\n                            <p>Effective management of your sustainability efforts begins with successful measurement. So before anything else happens, we assess your global supply chain risk and sustainability needs.<\/p>\n                        <\/div>\r\n                                                <a class=\"btn btn_white\" aria-label=\"Assess your needs - Learn more\" href=\"https:\/\/uat.achilles.com\/no\/slik-fungerer-det\/\">Learn more<\/a>\r\n                                            <\/div>\r\n                                        <div class=\"tool_container tab_container tab_container_2\">\r\n                        <div class=\"typical_text\">\r\n                            <p>We then give you access to a pool of pre-qualified potential suppliers who have been through a rigorous questionnaire, focused on all aspects of sustainability \u2013 both globally and locally.<\/p>\n                        <\/div>\r\n                                            <\/div>\r\n                                        <div class=\"tool_container tab_container tab_container_3\">\r\n                        <div class=\"typical_text\">\r\n                            <p>Access dashboards that show how suppliers score against our five pillarsof sustainability: <a href=\"https:\/\/uat.achilles.com\/products\/financial-risk\/\">financial<\/a>, <a href=\"https:\/\/uat.achilles.com\/products\/environmental-sustainability\/\">environmental<\/a>, <a href=\"https:\/\/uat.achilles.com\/products\/ethical-business\/\">social<\/a>, <a href=\"https:\/\/uat.achilles.com\/products\/governance\/\">governance<\/a> and <a href=\"https:\/\/uat.achilles.com\/products\/health-and-safety\/\">health and safety<\/a>.<\/p>\n                        <\/div>\r\n                                            <\/div>\r\n                                    <\/div>\r\n            <\/div>\r\n                    <\/div>\r\n    <\/div>\r\n\n\n            <div class=\"content_section bg_grey\">\r\n            <div class=\"container\">\r\n                <div class=\"content_intro right\">\r\n                    <div class=\"content_intro_info\">\r\n                                                <p class=\"title_category\">Insight<\/p>\r\n                                                <h2 class=\"title_section\">Sustainability data across your supply chain<\/h2>\r\n                                                <div class=\"typical_text\">\r\n                            <p>We consider all of the policies, processes, convictions, management systems, sanctions and notices relating to environmental issues and community engagement when scoring suppliers for their sustainability credentials.<\/p>\n                        <\/div>\r\n                                                <a class=\"btn btn_white\" href=\"features\/insights\/\">Find out more<\/a>\r\n                                            <\/div>\r\n                                        <div class=\"content_intro_media\">\r\n                        <img decoding=\"async\" src=\"https:\/\/www.achilles.com\/app\/uploads\/2023\/05\/sustainability_img_2.gif\" alt=\"\">\r\n                    <\/div>\r\n                                    <\/div>\r\n            <\/div>\r\n        <\/div>\r\n    \n\n    <div class=\"content_section\">\r\n        <div class=\"container\">\r\n                                    <div class=\"cta_wrap\">\r\n                                <a href=\"https:\/\/www.achilles.com\/no\/buyer-packages\/\" class=\"cta_box\" >\r\n                    <div class=\"cta_box_bg\">\r\n                                                <img decoding=\"async\" src=\"https:\/\/www.achilles.com\/app\/uploads\/2023\/05\/cta_1.jpg\" alt=\"\">\r\n                                            <\/div>\r\n                    <div class=\"cta_box_info\">\r\n                                                <h3 class=\"cta_box_name\">Looking for pre-qualified suppliers?<\/h3>\r\n                                                <span class=\"btn btn_big\">Find a Package<\/span>\r\n                                            <\/div>\r\n                <\/a>\r\n                                <a href=\"https:\/\/www.achilles.com\/no\/find-your-new-community\/\" class=\"cta_box\" >\r\n                    <div class=\"cta_box_bg\">\r\n                                                <img decoding=\"async\" src=\"https:\/\/www.achilles.com\/app\/uploads\/2023\/05\/cta_2.jpg\" alt=\"\">\r\n                                            <\/div>\r\n                    <div class=\"cta_box_info\">\r\n                                                <h3 class=\"cta_box_name\">Looking for new contracts?<\/h3>\r\n                                                <span class=\"btn btn_big\">Join our Achilles Network<\/span>\r\n                                            <\/div>\r\n                <\/a>\r\n                            <\/div>\r\n                                <\/div>\r\n    <\/div>\r\n\n\n    <div class=\"content_section\">\r\n        <div class=\"container\">\r\n                        <div class=\"posts_panel\">\r\n                <div class=\"description_section\">\r\n                                        <p class=\"title_category\">Latest news<\/p>\r\n                     \r\n                    <h2 class=\"title_section\">Check out some of our latest news<\/h2>\r\n                                    <\/div>\r\n                 \r\n                <a class=\"btn\" href=\"https:\/\/uat.achilles.com\/resources\/\">See All News<\/a>\r\n                            <\/div>\r\n                                    <div class=\"posts_wrap\">\r\n                                <div class=\"post_item\">\r\n                    <div class=\"post_item_top\">\r\n                                                <a class=\"post_item_img\" href=\"https:\/\/www.achilles.com\/no\/hvordan-leverandorengasjement-former-baerekraften-i-maritime-leverandorkjeder\/\">\r\n                            <img decoding=\"async\" src=\"https:\/\/www.achilles.com\/app\/uploads\/2025\/01\/Maritime.png\" alt=\"Hvordan leverand\u00f8rengasjement former b\u00e6rekraften i maritime leverand\u00f8rkjeder\">\r\n                        <\/a>\r\n                                                <ul class=\"post_item_categories\">\r\n                                                        <li>Bransjeinnsikt<\/li>\r\n                                                        <li>Case Studier<\/li>\r\n                                                    <\/ul>\r\n                    <\/div>\r\n                    <a class=\"post_item_name\" href=\"https:\/\/www.achilles.com\/no\/hvordan-leverandorengasjement-former-baerekraften-i-maritime-leverandorkjeder\/\">Hvordan leverand\u00f8rengasjement former b\u00e6rekraften i maritime leverand\u00f8rkjeder<\/a>\r\n                <\/div>\r\n                                <div class=\"post_item\">\r\n                    <div class=\"post_item_top\">\r\n                                                <a class=\"post_item_img\" href=\"https:\/\/www.achilles.com\/no\/boom-i-fornybar-energi-eksponerer-risiko-i-leverandorkjeden\/\">\r\n                            <img decoding=\"async\" src=\"https:\/\/www.achilles.com\/app\/uploads\/2025\/10\/andreas-gucklhorn-Ilpf2eUPpUE-unsplash.jpg\" alt=\"Boom i fornybar energi eksponerer risiko i leverand\u00f8rkjeden\">\r\n                        <\/a>\r\n                                                <ul class=\"post_item_categories\">\r\n                                                        <li>Artikkel<\/li>\r\n                                                        <li>Bransjeinnsikt<\/li>\r\n                                                    <\/ul>\r\n                    <\/div>\r\n                    <a class=\"post_item_name\" href=\"https:\/\/www.achilles.com\/no\/boom-i-fornybar-energi-eksponerer-risiko-i-leverandorkjeden\/\">Boom i fornybar energi eksponerer risiko i leverand\u00f8rkjeden<\/a>\r\n                <\/div>\r\n                                <div class=\"post_item\">\r\n                    <div class=\"post_item_top\">\r\n                                                <a class=\"post_item_img\" href=\"https:\/\/www.achilles.com\/no\/bransjeinnsikt\/beskyttelse-av-svenske-forsynings-og-anleggsvirksomheter-mot-skjulte-trusler\/\">\r\n                            <img decoding=\"async\" src=\"https:\/\/www.achilles.com\/app\/uploads\/2025\/09\/anna-hunko-akVefdJ2q_o-unsplash.jpg\" alt=\"Beskyttelse av svenske forsynings- og anleggsvirksomheter mot skjulte trusler\">\r\n                        <\/a>\r\n                                                <ul class=\"post_item_categories\">\r\n                                                        <li>Bransjeinnsikt<\/li>\r\n                                                    <\/ul>\r\n                    <\/div>\r\n                    <a class=\"post_item_name\" href=\"https:\/\/www.achilles.com\/no\/bransjeinnsikt\/beskyttelse-av-svenske-forsynings-og-anleggsvirksomheter-mot-skjulte-trusler\/\">Beskyttelse av svenske forsynings- og anleggsvirksomheter mot skjulte trusler<\/a>\r\n                <\/div>\r\n                            <\/div>\r\n                    <\/div>\r\n    <\/div>\r\n","protected":false},"excerpt":{"rendered":"","protected":false},"author":1,"featured_media":0,"parent":0,"menu_order":0,"comment_status":"closed","ping_status":"closed","template":"","meta":{"_acf_changed":false,"content-type":"","footnotes":""},"class_list":["post-1266","page","type-page","status-publish","hentry"],"acf":[],"_links":{"self":[{"href":"https:\/\/www.achilles.com\/no\/wp-json\/wp\/v2\/pages\/1266","targetHints":{"allow":["GET"]}}],"collection":[{"href":"https:\/\/www.achilles.com\/no\/wp-json\/wp\/v2\/pages"}],"about":[{"href":"https:\/\/www.achilles.com\/no\/wp-json\/wp\/v2\/types\/page"}],"author":[{"embeddable":true,"href":"https:\/\/www.achilles.com\/no\/wp-json\/wp\/v2\/users\/1"}],"replies":[{"embeddable":true,"href":"https:\/\/www.achilles.com\/no\/wp-json\/wp\/v2\/comments?post=1266"}],"version-history":[{"count":0,"href":"https:\/\/www.achilles.com\/no\/wp-json\/wp\/v2\/pages\/1266\/revisions"}],"wp:attachment":[{"href":"https:\/\/www.achilles.com\/no\/wp-json\/wp\/v2\/media?parent=1266"}],"curies":[{"name":"wp","href":"https:\/\/api.w.org\/{rel}","templated":true}]}}