{"id":2566,"date":"2023-05-14T15:56:19","date_gmt":"2023-05-14T12:56:19","guid":{"rendered":"https:\/\/uat.achilles.com\/product\/financial-risk\/"},"modified":"2023-08-06T23:47:38","modified_gmt":"2023-08-06T20:47:38","slug":"products-financial-risk","status":"publish","type":"product","link":"https:\/\/www.achilles.com\/it\/product\/rischio-finanziario\/","title":{"rendered":"Gestione del rischio finanziario nelle supply chain"},"content":{"rendered":"    <div class=\"top_section\">\n        <div class=\"container\">\n            <div class=\"top_info half\">\n                                    <h1 class=\"top_title\">Gestione del rischio finanziario nelle supply chain<\/h1>\n                                    <div class=\"top_text\">\n                        <p>Il successo della tua azienda dipende dalla fattibilit\u00e0 e stabilit\u00e0 finanziaria dei fornitori. \u00c8 indispensabile avere una panoramica completa del rischio finanziario dei tuoi fornitori lungo la catena di approvvigionamento.<\/p>\n                    <\/div>\n                            <\/div>\n        <\/div>\n        <div class=\"top_media\">\n\t\t\t            <img decoding=\"async\" src=\"https:\/\/www.achilles.com\/app\/uploads\/2023\/05\/top_financial.jpg\" alt=\"\">\n                    <\/div>\n    <\/div>\n\n\n    <div class=\"content_section\">\r\n        <div class=\"container\">\r\n            <div class=\"services_wrap\">\r\n                                <div class=\"services_left\">\r\n                                        <p class=\"title_category\">IL MOTORE SONO LE INFORMAZIONI<\/p>\r\n                                        <h2 class=\"title_section\">Evita di fare salti nel buio, verifica il rischio finanziario<\/h2>\r\n                                        <a class=\"link\" href=\"https:\/\/uat.achilles.com\/#Back\">Back to all products<\/a>\r\n                                    <\/div>\r\n                                <div class=\"services_right\">\r\n                    <div class=\"typical_text\">\r\n                        <p>Offriamo agli acquirenti il giusto livello di supervisione per individuare problemi potenziali, predisporre soluzioni di emergenza e garantire di non dover mai fare i conti con costose interruzioni della propria attivit\u00e0.<\/p>\n<p>Assicurare una gestione efficace del rischio finanziario \u00e8 impossibile senza la piena visibilit\u00e0 sulla supply chain. I dati che raccogliamo e convalidiamo ti offrono una panoramica completa.<\/p>\n<p>Raccogliamo dati finanziari dai fornitori, cos\u00ec controlli tutto da un\u2019unica schermata. Il nostro team di esperti ne esegue direttamente la verifica per semplificarti la gestione del rischio finanziario e aiutarti a creare supply chain pi\u00f9 forti ed efficaci.<\/p>\n                    <\/div>\r\n                <\/div>\r\n                            <\/div>\r\n        <\/div>\r\n    <\/div>\r\n\n\n     <div class=\"stats_full\">\r\n        <div class=\"stats_bg\">\r\n                    <\/div>\r\n        <div class=\"container\">\r\n            <div class=\"stats_center\">\r\n                <div class=\"corner corner_top_left\"><\/div>\r\n                <div class=\"corner corner_top_right\"><\/div>\r\n                <div class=\"corner corner_bottom_left\"><\/div>\r\n                <div class=\"corner corner_bottom_right\"><\/div>\r\n                <div class=\"stats_center_item\">\r\n                                        <div class=\"stats_anim\">\r\n                        <div class=\"stats_center_number stats_anim_item\" data-total=\"62\">\r\n                            <span class=\"stats_anim_total\">0<\/span>%                        <\/div>\r\n                    <\/div>\r\n                                        <p class=\"stats_center_text large_text\">aziende britanniche sono state vittime di frodi perpetrate con fatture fasulle<\/p>\r\n                                        <p class=\"stats_center_cop large_text\">Action Fraud (2018)<\/p>\r\n                                    <\/div>\r\n            <\/div>\r\n        <\/div>\r\n    <\/div>\r\n\n\n    <div class=\"content_section\">\r\n        <div class=\"container\">\r\n            <div class=\"services_wrap\">\r\n                                <div class=\"services_left\">\r\n                                        <p class=\"title_category\">VANTAGGI<\/p>\r\n                                        <h2 class=\"title_section\">Fissare standard pi\u00f9 elevati di gestione del rischio finanziario<\/h2>\r\n                                        <div class=\"typical_text\">\r\n                        <p>Ti forniamo una panoramica pi\u00f9 completa del rischio finanziario e della continuit\u00e0 aziendale nella supply chain<\/p>\n                    <\/div>\r\n                                    <\/div>\r\n                            <\/div>\r\n        <\/div>\r\n    <\/div>\r\n\n\n            <div class=\"cta_section\">\r\n            <div class=\"cta_box_bg\">\r\n                                <img decoding=\"async\" src=\"https:\/\/www.achilles.com\/app\/uploads\/2023\/05\/cta_1.jpg\" alt=\"\">\r\n                            <\/div>\r\n                <div class=\"container\">\r\n                    <div class=\"cta_wrapper\">\r\n                        <div class=\"cta_info\">\r\n                                                        <h3 class=\"cta_box_name\">Applicazioni concrete<\/h3>\r\n                                                        <a class=\"btn btn_big\" href=\"https:\/\/uat.achilles.com\/#3\">Chiedi una dimostrazione<\/a>\r\n                                                    <\/div>\r\n                <\/div>\r\n            <\/div>\r\n        <\/div>\r\n    \n\n    <div class=\"content_section\">\r\n        <div class=\"container\">\r\n                        <div class=\"tools_description\">\r\n                                <p class=\"title_category\">FUNZIONALIT\u00c0 PREVISTE<\/p>\r\n                                <h2 class=\"title_section\">La soluzione<\/h2>\r\n                                <div class=\"typical_text\">\r\n                    <p>Dall\u2019approvvigionamento alla selezione, passando per i rapporti gi\u00e0 avviati con i fornitori, i nostri servizi sono stati pensati appositamente per ridurre i rischi esterni e migliorare costantemente la conformit\u00e0 legale.<\/p>\n                <\/div>\r\n                            <\/div>\r\n                    <\/div>\r\n    <\/div>\r\n\n\n    <div class=\"quote_section\">\r\n        <div class=\"quote_bg\">\r\n                        <img decoding=\"async\" src=\"https:\/\/www.achilles.com\/app\/uploads\/2023\/05\/quote_financial.jpg\" alt=\"\">\r\n                    <\/div>\r\n        <div class=\"container\">\r\n            <div class=\"quote_wrapper\">\r\n                <div class=\"quote_item\">\r\n                                        <div class=\"quote_item_text\">\r\n                        <p>I tuoi fornitori sono preparati quanto vorresti? I nostri audit sono uno strumento essenziale per aiutare la tua azienda e i relativi fornitori a capire i punti deboli che li espongono a potenziali rischi.<\/p>\n                    <\/div>\r\n                                        <a href=\"https:\/\/uat.achilles.com\/#Read-more\" class=\"btn btn_big\">Scopri di pi\u00f9<\/a>\r\n                                    <\/div>\r\n            <\/div>\r\n        <\/div>\r\n    <\/div>\r\n\n\n    <div class=\"content_section bg_grey\">\n        <div class=\"container\">\n                        <div class=\"description_section full\">\n                                <p class=\"title_category\">PACCHETTI<\/p>\n                                                <h2 class=\"title_section\">Scegli il pacchetto pi\u00f9 adatto alle tue esigenze<\/h2>\n                                            <\/div>\n            \n            \n                    <\/div>\n    <\/div>\n\n\n    <div class=\"request_section\">\r\n        <div class=\"contact_bg\">\r\n                        <img decoding=\"async\" src=\"https:\/\/www.achilles.com\/app\/uploads\/2023\/05\/contact_bg.jpg\" alt=\"\">\r\n                    <\/div>\r\n        <div class=\"container\">\r\n            <div class=\"request_inner\">\r\n                                <div class=\"request_wrapper\">\r\n                <h2 class=\"title_section\">Want to understand how we can help your business? <br>Request a call back from our team of experts<\/h2>\r\n                <\/div>\r\n                                <div class=\"request_box\">\r\n                                        <div class=\"typical_text\">\r\n                        <p>Fields marked with * are mandatory.<\/p>\r\n                    <\/div>\r\n                    <!--[if lte IE 8]>\r\n    <script charset=\"utf-8\" type=\"text\/javascript\" src=\"\/\/js.hsforms.net\/forms\/v2-legacy.js\"><\/script>\r\n    <![endif]-->\r\n    <script charset=\"utf-8\" type=\"text\/javascript\" src=\"\/\/js.hsforms.net\/forms\/v2.js\"><\/script>\r\n    <script>\r\n      hbspt.forms.create({\r\n        portalId: \"5387762\",\r\n        formId: \"a23cf73a-36bd-433c-a1d8-4acd8b05b928\"\r\n      })\r\n    <\/script>                <\/div>\r\n            <\/div>\r\n        <\/div>\r\n    <\/div>\r\n\r\n\n\n\r\n\r\n  <div class=\"resources_other content_section\">\r\n        <div class=\"container\">\r\n                        <h3 class=\"title_block\">Visto che ti interessano il rischio finanziario e la continuit\u00e0 aziendale:<\/h3>\r\n                        <div class=\"resources_wrap\">\r\n                                <a class=\"resource_item\" href=\"https:\/\/www.achilles.com\/it\/industry-insights\/achilles-nominata-consulente-dellanno-nei-porti-di-uk-sostenibilita-premiata\/\">\r\n                                        <div class=\"resource_item_img\">\r\n                        <img decoding=\"async\" src=\"https:\/\/www.achilles.com\/app\/uploads\/2024\/07\/Achilles-at-UK-Ports-Awards-2024-1024x768-1.jpeg\" alt=\"Achilles \u00e8 stata nominata societ\u00e0 di consulenza dell&#8217;anno agli UK Ports Sustainability Awards\">\r\n                    <\/div>\r\n                                        <div class=\"resource_item_info\">\r\n                        <div class=\"resource_item_description\">\r\n                            <p class=\"resource_item_name\">Achilles \u00e8 stata nominata societ\u00e0 di consulenza dell&#8217;anno agli UK Ports Sustainability Awards<\/p>\r\n                            <div class=\"typical_text\">\r\n                                <p>Achilles ha annunciato oggi di aver vinto il premio &#8220;Consulenza dell&#8217;anno&#8221; agli UK Ports Sustainability Awards di quest&#8217;anno.\nIl premio dimostra l&#8217;eccellenza di Achilles nel supportare i clienti globali a soddisfare le esigenze di una transizione etica verso un&#8217;economia sostenibile e a basse emissioni di carbonio. <\/p>\r\n                            <\/div>\r\n                        <\/div>\r\n                                                <div class=\"resource_item_categories\">\r\n                                                        <div class=\"resource_category\">\r\n                                                                <span class=\"resource_category_name\"><\/span>\r\n                            <\/div>\r\n                                                        <div class=\"resource_category\">\r\n                                                                <span class=\"resource_category_name\"><\/span>\r\n                            <\/div>\r\n                                                    <\/div>\r\n                                            <\/div>\r\n                <\/a>\r\n                                <a class=\"resource_item\" href=\"https:\/\/www.achilles.com\/it\/industry-insights\/come-achilles-aiuta-i-fornitori-di-energie-rinnovabili-a-sviluppare-le-loro-capacita-esg\/\">\r\n                                        <div class=\"resource_item_img\">\r\n                        <img decoding=\"async\" src=\"https:\/\/www.achilles.com\/app\/uploads\/2024\/12\/Subheading-copia-3.png\" alt=\"Domande frequenti &#8211; Come la soluzione Achilles aiuta i fornitori del settore delle energie rinnovabili a costruire la capacit\u00e0 ESG\">\r\n                    <\/div>\r\n                                        <div class=\"resource_item_info\">\r\n                        <div class=\"resource_item_description\">\r\n                            <p class=\"resource_item_name\">Domande frequenti &#8211; Come la soluzione Achilles aiuta i fornitori del settore delle energie rinnovabili a costruire la capacit\u00e0 ESG<\/p>\r\n                            <div class=\"typical_text\">\r\n                                <p>Nel settore delle energie rinnovabili, i fornitori svolgono un ruolo\u2026<\/p>\r\n                            <\/div>\r\n                        <\/div>\r\n                                                <div class=\"resource_item_categories\">\r\n                                                        <div class=\"resource_category\">\r\n                                                                <span class=\"resource_category_name\"><\/span>\r\n                            <\/div>\r\n                                                        <div class=\"resource_category\">\r\n                                                                <span class=\"resource_category_name\"><\/span>\r\n                            <\/div>\r\n                                                    <\/div>\r\n                                            <\/div>\r\n                <\/a>\r\n                            <\/div>\r\n        <\/div>\r\n    <\/div> \r\n","protected":false},"excerpt":{"rendered":"<p>We give you the oversight needed to spot potential issues, come up with contingency plans and ensure you never suffer any costly disruption.<\/p>\n","protected":false},"featured_media":0,"template":"","class_list":["post-2566","product","type-product","status-publish","hentry"],"acf":[],"_links":{"self":[{"href":"https:\/\/www.achilles.com\/it\/wp-json\/wp\/v2\/product\/2566","targetHints":{"allow":["GET"]}}],"collection":[{"href":"https:\/\/www.achilles.com\/it\/wp-json\/wp\/v2\/product"}],"about":[{"href":"https:\/\/www.achilles.com\/it\/wp-json\/wp\/v2\/types\/product"}],"wp:attachment":[{"href":"https:\/\/www.achilles.com\/it\/wp-json\/wp\/v2\/media?parent=2566"}],"curies":[{"name":"wp","href":"https:\/\/api.w.org\/{rel}","templated":true}]}}