{"id":19417,"date":"2023-06-09T12:45:56","date_gmt":"2023-06-09T09:45:56","guid":{"rendered":"https:\/\/uat.achilles.com\/product\/risk-management\/"},"modified":"2023-08-07T01:52:41","modified_gmt":"2023-08-06T22:52:41","slug":"risk-management","status":"publish","type":"product","link":"https:\/\/www.achilles.com\/it\/product\/gestione-dei-rischi\/","title":{"rendered":"Gestione dei rischi"},"content":{"rendered":"    <div class=\"top_section\">\n        <div class=\"container\">\n            <div class=\"top_info half\">\n                                    <h1 class=\"top_title\">Gestione dei rischi<\/h1>\n                                    <div class=\"top_text\">\n                        <p>Il rischio nella supply chain \u00e8 una costante, pertanto chi si adopera a gestirlo ottiene un vantaggio competitivo<\/p>\n                    <\/div>\n                            <\/div>\n        <\/div>\n        <div class=\"top_media\">\n\t\t\t        <\/div>\n    <\/div>\n\n\n    <div class=\"content_section\">\r\n        <div class=\"container\">\r\n            <div class=\"services_wrap\">\r\n                                <div class=\"services_left\">\r\n                                        <p class=\"title_category\">IL MOTORE SONO LE INFORMAZIONI<\/p>\r\n                                        <h2 class=\"title_section\">L\u2019approccio intelligente alla rilevazione e alla gestione dei rischi<\/h2>\r\n                                        <a class=\"link\" href=\"https:\/\/uat.achilles.com\/#Back\">Back to all products<\/a>\r\n                                    <\/div>\r\n                                <div class=\"services_right\">\r\n                    <div class=\"typical_text\">\r\n                        <p>In assenza dei dati giusti relativi ai fornitori, reagire con efficacia ai rischi che la tua azienda si trova ad affrontare diventa molto pi\u00f9 difficile. Poich\u00e9 raccogliamo e convalidiamo le informazioni di cui gli acquirenti hanno bisogno, velocizziamo i loro tempi di reazione e li aiutiamo ad attivarsi per gestire i rischi di terze parti.<\/p>\n<p>Tutte le aziende sono esposte ai rischi, dai pi\u00f9 convenzionali a quelli di carattere straordinario. A prescindere dall\u2019entit\u00e0 del rischio in s\u00e9, potenziare la supervisione, il monitoraggio attivo e la pianificazione strategica \u00e8 la scelta migliore per ridurre al minimo eventuali interruzioni. Grazie all\u2019elevata qualit\u00e0 e alla precisione dei dati forniti agli acquirenti, i team responsabili dell\u2019approvvigionamento e delle supply chain impiegano meno tempo a raccogliere e a convalidare i dati, cos\u00ec da potersi dedicare maggiormente a garantire la resilienza e l\u2019adattabilit\u00e0 dell\u2019azienda.<\/p>\n                    <\/div>\r\n                <\/div>\r\n                            <\/div>\r\n        <\/div>\r\n    <\/div>\r\n\n\n     <div class=\"stats_full\">\r\n        <div class=\"stats_bg\">\r\n                    <\/div>\r\n        <div class=\"container\">\r\n            <div class=\"stats_center\">\r\n                <div class=\"corner corner_top_left\"><\/div>\r\n                <div class=\"corner corner_top_right\"><\/div>\r\n                <div class=\"corner corner_bottom_left\"><\/div>\r\n                <div class=\"corner corner_bottom_right\"><\/div>\r\n                <div class=\"stats_center_item\">\r\n                                        <div class=\"stats_anim\">\r\n                        <div class=\"stats_center_number stats_anim_item\" data-total=\"30\">\r\n                            <span class=\"stats_anim_total\">0<\/span>%                        <\/div>\r\n                    <\/div>\r\n                                        <p class=\"stats_center_text large_text\">Nelle supply chain, il\r\ndelle aziende ha sofferto a causa di interruzioni derivate dall\u2019inadempienza di un solo fornitore<\/p>\r\n                                        <p class=\"stats_center_cop large_text\">Studio Vuealta (2019)<\/p>\r\n                                    <\/div>\r\n            <\/div>\r\n        <\/div>\r\n    <\/div>\r\n\n\n    <div class=\"content_section\">\r\n        <div class=\"container\">\r\n            <div class=\"services_wrap\">\r\n                                <div class=\"services_left\">\r\n                                        <p class=\"title_category\">VANTAGGI<\/p>\r\n                                        <h2 class=\"title_section\">Fissare standard pi\u00f9 elevati di gestione dei rischi<\/h2>\r\n                                    <\/div>\r\n                            <\/div>\r\n        <\/div>\r\n    <\/div>\r\n\n\n            <div class=\"cta_section\">\r\n            <div class=\"cta_box_bg\">\r\n                                <img decoding=\"async\" src=\"https:\/\/www.achilles.com\/app\/uploads\/2023\/05\/cta_1.jpg\" alt=\"\">\r\n                            <\/div>\r\n                <div class=\"container\">\r\n                    <div class=\"cta_wrapper\">\r\n                        <div class=\"cta_info\">\r\n                                                        <h3 class=\"cta_box_name\">Applicazioni concrete<\/h3>\r\n                                                        <a class=\"btn btn_big\" href=\"https:\/\/uat.achilles.com\/#3\">Chiedi una dimostrazione<\/a>\r\n                                                    <\/div>\r\n                <\/div>\r\n            <\/div>\r\n        <\/div>\r\n    \n\n    <div class=\"content_section\">\r\n        <div class=\"container\">\r\n                        <div class=\"tools_description\">\r\n                                <p class=\"title_category\">FUNZIONALIT\u00c0 PREVISTE<\/p>\r\n                                <h2 class=\"title_section\">La soluzione<\/h2>\r\n                                <div class=\"typical_text\">\r\n                    <p>Dall\u2019approvvigionamento alla selezione, passando per i rapporti gi\u00e0 avviati con i fornitori, i nostri servizi sono stati pensati appositamente per ridurre i rischi esterni e migliorare costantemente la conformit\u00e0 legale.<\/p>\n                <\/div>\r\n                            <\/div>\r\n                    <\/div>\r\n    <\/div>\r\n\n\n    <div class=\"quote_section\">\r\n        <div class=\"quote_bg\">\r\n                        <img decoding=\"async\" src=\"https:\/\/www.achilles.com\/app\/uploads\/2023\/05\/quote_financial.jpg\" alt=\"\">\r\n                    <\/div>\r\n        <div class=\"container\">\r\n            <div class=\"quote_wrapper\">\r\n                <div class=\"quote_item full center\">\r\n                                        <div class=\"quote_item_text\">\r\n                        <p>\u201cCi ha offerto un nuovo punto di vista sull\u2019organizzazione, aiutandoci al contempo a diventare un\u2019azienda pi\u00f9 seria, meglio strutturata e maggiormente in grado di affrontare e gestire i rischi. Inoltre, ci impone di restare sempre al passo con i documenti, un aspetto che il nuovo sistema rende semplice e immediato\u201d.<\/p>\n                    <\/div>\r\n                                        <p class=\"quote_item_author\">Andreas Lie, direttore generale, R\u00f8yr\u00e5s Treindustri<\/p>\r\n                                        <a href=\"https:\/\/uat.achilles.com\/#Read-more\" class=\"btn btn_big\">Scopri di pi\u00f9<\/a>\r\n                                    <\/div>\r\n            <\/div>\r\n        <\/div>\r\n    <\/div>\r\n\n\n    <div class=\"content_section bg_grey\">\n        <div class=\"container\">\n                        <div class=\"description_section full\">\n                                <p class=\"title_category\">PACCHETTI<\/p>\n                                                <h2 class=\"title_section\">Scegli il pacchetto pi\u00f9 adatto alle tue esigenze<\/h2>\n                                            <\/div>\n            \n            \n                    <\/div>\n    <\/div>\n\n\n    <div class=\"request_section\">\r\n        <div class=\"contact_bg\">\r\n                        <img decoding=\"async\" src=\"https:\/\/www.achilles.com\/app\/uploads\/2023\/05\/contact_bg.jpg\" alt=\"\">\r\n                    <\/div>\r\n        <div class=\"container\">\r\n            <div class=\"request_inner\">\r\n                                <div class=\"request_wrapper\">\r\n                <h2 class=\"title_section\">Request a call back from our team of experts<\/h2>\r\n                <\/div>\r\n                                <div class=\"request_box\">\r\n                                        <div class=\"typical_text\">\r\n                        <p>Fields marked with * are mandatory.<\/p>\r\n                    <\/div>\r\n                    <!--[if lte IE 8]>\r\n    <script charset=\"utf-8\" type=\"text\/javascript\" src=\"\/\/js.hsforms.net\/forms\/v2-legacy.js\"><\/script>\r\n    <![endif]-->\r\n    <script charset=\"utf-8\" type=\"text\/javascript\" src=\"\/\/js.hsforms.net\/forms\/v2.js\"><\/script>\r\n    <script>\r\n      hbspt.forms.create({\r\n        portalId: \"5387762\",\r\n        formId: \"a23cf73a-36bd-433c-a1d8-4acd8b05b928\"\r\n      })\r\n    <\/script>                <\/div>\r\n            <\/div>\r\n        <\/div>\r\n    <\/div>\r\n\r\n\n\n\r\n\r\n  <div class=\"resources_other content_section\">\r\n        <div class=\"container\">\r\n                        <h3 class=\"title_block\">Visto che ti interessa la gestione dei rischi:<\/h3>\r\n                        <div class=\"resources_wrap\">\r\n                                <a class=\"resource_item\" href=\"https:\/\/www.achilles.com\/it\/informazioni-settoriali\/indagine-globale-catena-fornitura\/\">\r\n                                        <div class=\"resource_item_img\">\r\n                        <img decoding=\"async\" src=\"https:\/\/www.achilles.com\/app\/uploads\/2026\/03\/Web-page-top-banner-thumbnail-of-Achilles-Global-Supplier-Risk-and-Sustainability-Survey-2026.jpg\" alt=\"Indagine globale di Achilles rivela significative lacune di visibilit\u00e0 nelle catene di fornitura\">\r\n                    <\/div>\r\n                                        <div class=\"resource_item_info\">\r\n                        <div class=\"resource_item_description\">\r\n                            <p class=\"resource_item_name\">Indagine globale di Achilles rivela significative lacune di visibilit\u00e0 nelle catene di fornitura<\/p>\r\n                            <div class=\"typical_text\">\r\n                                <p>\u00c8 chiaro che la pressione normativa sta guidando le priorit\u00e0\u2026<\/p>\r\n                            <\/div>\r\n                        <\/div>\r\n                                                <div class=\"resource_item_categories\">\r\n                                                        <div class=\"resource_category\">\r\n                                                                <span class=\"resource_category_name\"><\/span>\r\n                            <\/div>\r\n                                                        <div class=\"resource_category\">\r\n                                                                <span class=\"resource_category_name\"><\/span>\r\n                            <\/div>\r\n                                                    <\/div>\r\n                                            <\/div>\r\n                <\/a>\r\n                                <a class=\"resource_item\" href=\"https:\/\/www.achilles.com\/it\/informazioni-settoriali\/il-report-annuale-su-rischio-e-sostenibilita-di-achilles-2026\/\">\r\n                                        <div class=\"resource_item_img\">\r\n                        <img decoding=\"async\" src=\"https:\/\/www.achilles.com\/app\/uploads\/2026\/03\/Web-page-top-banner-thumbnail-of-Achilles-Global-Supplier-Risk-and-Sustainability-Survey-2026.jpg\" alt=\"Il Report Annuale su Rischio e Sostenibilit\u00e0 di Achilles 2026\">\r\n                    <\/div>\r\n                                        <div class=\"resource_item_info\">\r\n                        <div class=\"resource_item_description\">\r\n                            <p class=\"resource_item_name\">Il Report Annuale su Rischio e Sostenibilit\u00e0 di Achilles 2026<\/p>\r\n                            <div class=\"typical_text\">\r\n                                <p>Come le Organizzazioni Gestiscono il Rischio dei Fornitori nel 2026\u2026<\/p>\r\n                            <\/div>\r\n                        <\/div>\r\n                                                <div class=\"resource_item_categories\">\r\n                                                        <div class=\"resource_category\">\r\n                                                                <span class=\"resource_category_name\"><\/span>\r\n                            <\/div>\r\n                                                        <div class=\"resource_category\">\r\n                                                                <span class=\"resource_category_name\"><\/span>\r\n                            <\/div>\r\n                                                    <\/div>\r\n                                            <\/div>\r\n                <\/a>\r\n                            <\/div>\r\n        <\/div>\r\n    <\/div> \r\n","protected":false},"excerpt":{"rendered":"<p>Without the right supplier data at your fingertips, it becomes a lot harder to react effectively and build supply chain resilience.<\/p>\n","protected":false},"featured_media":0,"template":"","class_list":["post-19417","product","type-product","status-publish","hentry"],"acf":[],"_links":{"self":[{"href":"https:\/\/www.achilles.com\/it\/wp-json\/wp\/v2\/product\/19417","targetHints":{"allow":["GET"]}}],"collection":[{"href":"https:\/\/www.achilles.com\/it\/wp-json\/wp\/v2\/product"}],"about":[{"href":"https:\/\/www.achilles.com\/it\/wp-json\/wp\/v2\/types\/product"}],"wp:attachment":[{"href":"https:\/\/www.achilles.com\/it\/wp-json\/wp\/v2\/media?parent=19417"}],"curies":[{"name":"wp","href":"https:\/\/api.w.org\/{rel}","templated":true}]}}