{"id":19411,"date":"2023-06-09T13:20:51","date_gmt":"2023-06-09T10:20:51","guid":{"rendered":"https:\/\/uat.achilles.com\/product\/responsible-sourcing\/"},"modified":"2023-08-07T01:21:09","modified_gmt":"2023-08-06T22:21:09","slug":"responsible-sourcing","status":"publish","type":"product","link":"https:\/\/www.achilles.com\/it\/product\/approvvigionamento-responsabile\/","title":{"rendered":"Approvvigionamento responsabile"},"content":{"rendered":"    <div class=\"top_section\">\n        <div class=\"container\">\n            <div class=\"top_info half\">\n                                    <h1 class=\"top_title\">Approvvigionamento responsabile<\/h1>\n                                    <div class=\"top_text\">\n                        <p>Valutare le considerazioni di carattere sociale, etico e ambientale durante la selezione e la gestione dei fornitori consente di sfruttare i legami esistenti nella supply chain per apportare cambiamenti su pi\u00f9 larga scala.<\/p>\n                    <\/div>\n                            <\/div>\n        <\/div>\n        <div class=\"top_media\">\n\t\t\t        <\/div>\n    <\/div>\n\n\n    <div class=\"content_section\">\r\n        <div class=\"container\">\r\n            <div class=\"services_wrap\">\r\n                                <div class=\"services_left\">\r\n                                        <p class=\"title_category\">IL MOTORE SONO LE INFORMAZIONI<\/p>\r\n                                        <h2 class=\"title_section\">I fornitori certificati sono tre volte pi\u00f9 propensi a far rispettare le norme sul lavoro.<\/h2>\r\n                                        <a class=\"link\" href=\"https:\/\/uat.achilles.com\/#Back\">Back to all products<\/a>\r\n                                    <\/div>\r\n                                <div class=\"services_right\">\r\n                    <div class=\"typical_text\">\r\n                        <p>Il concetto di approvvigionamento responsabile non \u00e8soltanto un luogo comune privo di importanza concreta, ma \u00e8 fondamentale per migliorare gli standard della supply chain e fornire valore aggiunto. <\/p>\n<p>Le legislazioni nazionali sono sempre pi\u00f9 improntate ad assicurare l\u2019adozione di pratiche commerciali etiche in tutto il settore. L\u2019obbligo di trattare i lavoratori in modo equo, evitare l\u2019estrazione non etica dei minerali e limitare le emissioni di anidride carbonica, sono tutti esempi di una tendenza ben evidente: un approvvigionamento non responsabile nella supply chain pu\u00f2 costituire un reato. Dalla schiavit\u00f9 moderna ai minerali di conflitto, il panorama legislativo internazionale stabilisce un complesso insieme di norme, che vanno dalla responsabilit\u00e0 ultima in caso di violazioni lungo la supply chain, all\u2019obbligo di redazione di report periodici. <\/p>\n<p>Oltre a rappresentare un onere normativo di tutto rispetto, per\u00f2, l\u2019approvvigionamento responsabile consente di potenziare il valore dell\u2019azienda. Per i mercati finanziari, infatti, il valore dei principi fondanti delle pratiche di approvvigionamento responsabile \u00e8 incommensurabile. Dal 2017 a questa parte, la quotazione degli indici azionari sostenibili \u00e8 quadruplicata e ora tali indici rappresentano oltre il 20% di quelli quotati in borsa. Pi\u00f9 di 40 listini internazionali richiedono informazioni puntuali sui temi ambientali, sociali e di governance (ESG).  <\/p>\n<p>Abbiamo grande esperienza nell\u2019aiutare le aziende acquirenti a sfruttare i vantaggi di carattere finanziario, operativo e per la reputazione, di una collaborazione con supply chain responsabili. Non ci assicuriamo soltanto che le aziende rispettino gli obblighi di reportistica, ma miglioriamo l\u2019efficienza, riduciamo i rischi e abbattiamo i costi. Le aziende sono sempre pi\u00f9 interessate a sviluppare un vantaggio competitivo grazie all\u2019impatto sociale, ambientale ed economico delle proprie attivit\u00e0. Collaboriamo con le supply chain alla definizione di standard migliori in pi\u00f9 di 30 ambiti relativi all\u2019approvvigionamento responsabile. Dalla sicurezza sul lavoro a quella informatica, sappiamo come garantire la trasparenza della supply chain in modo efficiente. Semplifichiamo la sostenibilit\u00e0 e offriamo una reportistica e approfondimenti completi per adottare decisioni aziendali concrete.<\/p>\n                    <\/div>\r\n                <\/div>\r\n                            <\/div>\r\n        <\/div>\r\n    <\/div>\r\n\n\n     <div class=\"stats_full\">\r\n        <div class=\"stats_bg\">\r\n                    <\/div>\r\n        <div class=\"container\">\r\n            <div class=\"stats_center\">\r\n                <div class=\"corner corner_top_left\"><\/div>\r\n                <div class=\"corner corner_top_right\"><\/div>\r\n                <div class=\"corner corner_bottom_left\"><\/div>\r\n                <div class=\"corner corner_bottom_right\"><\/div>\r\n                <div class=\"stats_center_item\">\r\n                                        <div class=\"stats_anim\">\r\n                        <div class=\"stats_center_number stats_anim_item\" data-total=\"11\">\r\n                            <span class=\"stats_anim_total\">0<\/span>%                        <\/div>\r\n                    <\/div>\r\n                                        <p class=\"stats_center_text large_text\">Stando a uno studio condotto dal Chartered Institute of Purchasing and Supply (CIPS)\r\ndei dirigenti d\u2019azienda ritiene possibile che vi siano forme moderne di schiavit\u00f9 all\u2019interno delle proprie supply chain<\/p>\r\n                                    <\/div>\r\n            <\/div>\r\n        <\/div>\r\n    <\/div>\r\n\n\n    <div class=\"content_section\">\r\n        <div class=\"container\">\r\n            <div class=\"services_wrap\">\r\n                                <div class=\"services_left\">\r\n                                        <p class=\"title_category\">VANTAGGI<\/p>\r\n                                        <h2 class=\"title_section\">Fissare standard pi\u00f9 elevati di approvvigionamento responsabile<\/h2>\r\n                                    <\/div>\r\n                                <div class=\"services_right\">\r\n                    <div class=\"services_list\">\r\n                                                <div class=\"service_box\">\r\n                                                        <p class=\"service_box_name\">\r\n                                <span class=\"service_box_check icon-Success\"><\/span>\r\n                                Gestione della sicurezza informatica                            <\/p>\r\n                                                        <div class=\"typical_text\">\r\n                                <p>La natura del rischio sta mutando e la gestione della sicurezza informatica nelle catene di fornitura \u00e8 ormai una funzione molto complessa e in rapida evoluzione.<\/p>\r\n                            <\/div>\r\n                                                    <\/div>\r\n                                                <div class=\"service_box\">\r\n                                                        <p class=\"service_box_name\">\r\n                                <span class=\"service_box_check icon-Success\"><\/span>\r\n                                Sostenibilit\u00e0 ambientale                            <\/p>\r\n                                                        <div class=\"typical_text\">\r\n                                <p>La gestione sostenibile della supply chain aiuta a garantire un futuro migliore non solo per il pianeta, ma anche per le persone e le aziende.<\/p>\r\n                            <\/div>\r\n                                                    <\/div>\r\n                                                <div class=\"service_box\">\r\n                                                        <p class=\"service_box_name\">\r\n                                <span class=\"service_box_check icon-Success\"><\/span>\r\n                                Gestione etica della supply chain                            <\/p>\r\n                                                        <div class=\"typical_text\">\r\n                                <p>Le aziende devono comportarsi in modo etico per scongiurare rischi quali danni alla reputazione, azioni legali e perdite finanziarie, ma anche per tutelare la vita dei dipendenti.<\/p>\r\n                            <\/div>\r\n                                                    <\/div>\r\n                                                <div class=\"service_box\">\r\n                                                        <p class=\"service_box_name\">\r\n                                <span class=\"service_box_check icon-Success\"><\/span>\r\n                                Salute e sicurezza                            <\/p>\r\n                                                        <div class=\"typical_text\">\r\n                                <p>Oltre a rivelarsi decisiva per ottenere un\u2019elevata eccellenza a ogni livello dell\u2019attivit\u00e0, la sicurezza dell\u2019ambiente lavorativo esemplifica la cultura e i valori aziendali.<\/p>\r\n                            <\/div>\r\n                                                    <\/div>\r\n                                            <\/div>\r\n                <\/div>\r\n                            <\/div>\r\n        <\/div>\r\n    <\/div>\r\n\n\n            <div class=\"cta_section\">\r\n            <div class=\"cta_box_bg\">\r\n                                <img decoding=\"async\" src=\"https:\/\/www.achilles.com\/app\/uploads\/2023\/05\/cta_1.jpg\" alt=\"\">\r\n                            <\/div>\r\n                <div class=\"container\">\r\n                    <div class=\"cta_wrapper\">\r\n                        <div class=\"cta_info\">\r\n                                                        <h3 class=\"cta_box_name\">Chiedi di farti ricontattare dal nostro team di esperti<\/h3>\r\n                                                        <a class=\"btn btn_big\" href=\"\/buyer-call-back\/\">Contattaci<\/a>\r\n                                                    <\/div>\r\n                <\/div>\r\n            <\/div>\r\n        <\/div>\r\n    \n\n    <div class=\"content_section\">\r\n        <div class=\"container\">\r\n                        <div class=\"tools_description\">\r\n                                <p class=\"title_category\">FUNZIONALIT\u00c0 PREVISTE<\/p>\r\n                                <h2 class=\"title_section\">La soluzione<\/h2>\r\n                                <div class=\"typical_text\">\r\n                    <p>Dall\u2019approvvigionamento alla selezione, passando per i rapporti gi\u00e0 avviati con i fornitori, i nostri servizi sono stati pensati appositamente per ridurre i rischi esterni e migliorare costantemente la conformit\u00e0 legale.<\/p>\n                <\/div>\r\n                            <\/div>\r\n                        <div class=\"tools_wrap tabs_section\">\r\n                <div class=\"tools_tabs tabs_buttons\">\r\n                                        <div class=\"tools_btn tab_btn current\" data-tab=\"1\">\r\n                        <span>Questionario di prequalificazione<\/span>\r\n                        <span class=\"tools_btn_arrow icon-Chevron-Right\"><\/span>\r\n                    <\/div>\r\n                                        <div class=\"tools_btn tab_btn\" data-tab=\"2\">\r\n                        <span>Programma CarbonReduce<\/span>\r\n                        <span class=\"tools_btn_arrow icon-Chevron-Right\"><\/span>\r\n                    <\/div>\r\n                                        <div class=\"tools_btn tab_btn\" data-tab=\"3\">\r\n                        <span>Audit sulle pratiche di lavoro<\/span>\r\n                        <span class=\"tools_btn_arrow icon-Chevron-Right\"><\/span>\r\n                    <\/div>\r\n                                        <div class=\"tools_btn tab_btn\" data-tab=\"4\">\r\n                        <span>Minerali di conflitto<\/span>\r\n                        <span class=\"tools_btn_arrow icon-Chevron-Right\"><\/span>\r\n                    <\/div>\r\n                                    <\/div>\r\n                <div class=\"tools_content\">\r\n                                        <div class=\"tool_container tab_container tab_container_1 active\">\r\n                        <div class=\"typical_text\">\r\n                            <h6>Questionario di prequalificazione<\/h6>\n<p>Una parte della nostra procedura di prequalificazione dei fornitori prevede la raccolta e la verifica di dati relativi all\u2019ambiente. Cos\u00ec le organizzazioni acquirenti ottengono una panoramica pi\u00f9 completa e precisa dei profili di rischio dei fornitori esistenti e potenziali. Collaborare con nuove aziende non \u00e8 pi\u00f9 un\u2019incognita e aiutiamo a consolidare i rapporti gi\u00e0 avviati.<\/p>\n                        <\/div>\r\n                                            <\/div>\r\n                                        <div class=\"tool_container tab_container tab_container_2\">\r\n                        <div class=\"typical_text\">\r\n                            <h6>Programma CarbonReduce<\/h6>\n<p>Il nostro programma per la riduzione delle emissioni di CO2, avviato in collaborazione con Toit\u016b, \u00e8 una certificazione riconosciuta a livello mondiale ai sensi dello standard ISO 14064.<\/p>\n<p>Le aziende diventano in grado di misurare con precisione la propria impronta di CO2 e sviluppare strategie efficaci per ridurre le emissioni. La piattaforma online registra e calcola le emissioni di anidride carbonica, mentre il nostro team di esperti esegue un audit in loco e si avvale di una serie completa di strumenti per aiutarti a ottenere miglioramenti continui anno dopo anno.<\/p>\n                        <\/div>\r\n                                            <\/div>\r\n                                        <div class=\"tool_container tab_container tab_container_3\">\r\n                        <div class=\"typical_text\">\r\n                            <h6>Audit sulle pratiche di lavoro<\/h6>\n<p>Aiutiamo le aziende ad assicurarsi che tutte le proprie attivit\u00e0 siano in linea con i propri principi. Offriamo una panoramica completa della supply chain grazie a colloqui in loco con i lavoratori o analisi dei sistemi di gestione. Il nostro audit sulle pratiche di lavoro si accerta che i fornitori non adottino pratiche di lavoro pericolose e non sfruttino il traffico di esseri umani o altre forme moderne di schiavit\u00f9. Adattando i nostri servizi a seconda dei vari settori, siamo in grado di tutelare le aziende dai danni derivanti da minerali di conflitto, corruzione e pratiche non etiche.<\/p>\n                        <\/div>\r\n                                            <\/div>\r\n                                        <div class=\"tool_container tab_container tab_container_4\">\r\n                        <div class=\"typical_text\">\r\n                            <p>I gruppi armati di tutto il mondo utilizzano da sempre il controllo sulle miniere e sulle materie prime per finanziare conflitti sanguinosi. Oggi \u00e8 alta la pressione sulle imprese affinch\u00e9 evitino di acquistare materie prime da fonti di approvvigionamento pi\u00f9 che discutibili. Pi\u00f9 un problema \u00e8 controverso, maggiore \u00e8 il danno se il tuo brand ne risulta coinvolto. Anche se il coinvolgimento \u00e8 indiretto, se emerge che la tua azienda sostiene conflitti e violenze, le conseguenze a livello di reputazione possono essere devastanti.<\/p>\n<p>Il nostro servizio offre risultati chiari, in modo rapido e con oneri amministrativi notevolmente minori.<\/p>\n                        <\/div>\r\n                                            <\/div>\r\n                                    <\/div>\r\n            <\/div>\r\n                    <\/div>\r\n    <\/div>\r\n\n\n    <div class=\"quote_section\">\r\n        <div class=\"quote_bg\">\r\n                        <img decoding=\"async\" src=\"https:\/\/www.achilles.com\/app\/uploads\/2023\/05\/quote_financial.jpg\" alt=\"\">\r\n                    <\/div>\r\n        <div class=\"container\">\r\n            <div class=\"quote_wrapper\">\r\n                <div class=\"quote_item\">\r\n                                        <div class=\"quote_item_text\">\r\n                        <p>Coinvolgere la catena di approvvigionamento \u00e8 assolutamente determinante. Da sole, le organizzazioni possono gi\u00e0 ottenere risultati di tutto rispetto, ma riuscirai a diminuire in modo significativo i costi solo a patto di coinvolgere la supply chain. E non finisce qui: desideriamo collaborare con i fornitori di punta che hanno preso in esame la loro catena di approvvigionamento.<\/p>\n                    <\/div>\r\n                                        <p class=\"quote_item_author\">David Riley, Carbon Manager, Anglian Water<\/p>\r\n                                        <a href=\"https:\/\/uat.achilles.com\/#Read-more\" class=\"btn btn_big\">Leggi il caso di studio<\/a>\r\n                                    <\/div>\r\n            <\/div>\r\n        <\/div>\r\n    <\/div>\r\n\n\n    <div class=\"content_section bg_grey\">\n        <div class=\"container\">\n                        <div class=\"description_section full\">\n                                <p class=\"title_category\">PACCHETTI<\/p>\n                                                <h2 class=\"title_section\">Scegli il pacchetto pi\u00f9 adatto alle tue esigenze<\/h2>\n                                            <\/div>\n            \n                        <div class=\"packages_wrap\">\n                                <a class=\"package_box\" href=\"\/buyer-packages\/\">\n                                        <p class=\"package_box_name\">Assure<\/p>\n                                                            <div class=\"typical_text\">\n                        <p>scopri di pi\u00f9 su questo pacchetto<\/p>\n                    <\/div>\n                                    <\/a>\n                                <a class=\"package_box\" href=\"\/buyer-packages\/\">\n                                        <p class=\"package_box_name\">Professional<\/p>\n                                                            <div class=\"typical_text\">\n                        <p>scopri di pi\u00f9 su questo pacchetto<\/p>\n                    <\/div>\n                                    <\/a>\n                                <a class=\"package_box\" href=\"\/buyer-packages\/\">\n                                        <p class=\"package_box_name\">Enterprise<\/p>\n                                                            <div class=\"typical_text\">\n                        <p>scopri di pi\u00f9 su questo pacchetto<\/p>\n                    <\/div>\n                                    <\/a>\n                            <\/div>\n            \n                    <\/div>\n    <\/div>\n\n\n\r\n\r\n  <div class=\"resources_other content_section\">\r\n        <div class=\"container\">\r\n                        <h3 class=\"title_block\">Ti interessa l\u2019approvvigionamento responsabile? Leggi questi post sul blog<\/h3>\r\n                        <div class=\"resources_wrap\">\r\n                                <a class=\"resource_item\" href=\"https:\/\/www.achilles.com\/it\/informazioni-settoriali\/indagine-globale-catena-fornitura\/\">\r\n                                        <div class=\"resource_item_img\">\r\n                        <img decoding=\"async\" src=\"https:\/\/www.achilles.com\/app\/uploads\/2026\/03\/Web-page-top-banner-thumbnail-of-Achilles-Global-Supplier-Risk-and-Sustainability-Survey-2026.jpg\" alt=\"Indagine globale di Achilles rivela significative lacune di visibilit\u00e0 nelle catene di fornitura\">\r\n                    <\/div>\r\n                                        <div class=\"resource_item_info\">\r\n                        <div class=\"resource_item_description\">\r\n                            <p class=\"resource_item_name\">Indagine globale di Achilles rivela significative lacune di visibilit\u00e0 nelle catene di fornitura<\/p>\r\n                            <div class=\"typical_text\">\r\n                                <p>\u00c8 chiaro che la pressione normativa sta guidando le priorit\u00e0\u2026<\/p>\r\n                            <\/div>\r\n                        <\/div>\r\n                                                <div class=\"resource_item_categories\">\r\n                                                        <div class=\"resource_category\">\r\n                                                                <span class=\"resource_category_name\"><\/span>\r\n                            <\/div>\r\n                                                        <div class=\"resource_category\">\r\n                                                                <span class=\"resource_category_name\"><\/span>\r\n                            <\/div>\r\n                                                    <\/div>\r\n                                            <\/div>\r\n                <\/a>\r\n                                <a class=\"resource_item\" href=\"https:\/\/www.achilles.com\/it\/informazioni-settoriali\/il-report-annuale-su-rischio-e-sostenibilita-di-achilles-2026\/\">\r\n                                        <div class=\"resource_item_img\">\r\n                        <img decoding=\"async\" src=\"https:\/\/www.achilles.com\/app\/uploads\/2026\/03\/Web-page-top-banner-thumbnail-of-Achilles-Global-Supplier-Risk-and-Sustainability-Survey-2026.jpg\" alt=\"Il Report Annuale su Rischio e Sostenibilit\u00e0 di Achilles 2026\">\r\n                    <\/div>\r\n                                        <div class=\"resource_item_info\">\r\n                        <div class=\"resource_item_description\">\r\n                            <p class=\"resource_item_name\">Il Report Annuale su Rischio e Sostenibilit\u00e0 di Achilles 2026<\/p>\r\n                            <div class=\"typical_text\">\r\n                                <p>Come le Organizzazioni Gestiscono il Rischio dei Fornitori nel 2026\u2026<\/p>\r\n                            <\/div>\r\n                        <\/div>\r\n                                                <div class=\"resource_item_categories\">\r\n                                                        <div class=\"resource_category\">\r\n                                                                <span class=\"resource_category_name\"><\/span>\r\n                            <\/div>\r\n                                                        <div class=\"resource_category\">\r\n                                                                <span class=\"resource_category_name\"><\/span>\r\n                            <\/div>\r\n                                                    <\/div>\r\n                                            <\/div>\r\n                <\/a>\r\n                            <\/div>\r\n        <\/div>\r\n    <\/div> \r\n","protected":false},"excerpt":{"rendered":"<p>As more organisations adopt responsible sourcing practices, key to their success is applying those principles across the supply chain. We bring together buyers and suppliers who want to measure, assess, prove and improve their sourcing credentials.<\/p>\n","protected":false},"featured_media":0,"template":"","class_list":["post-19411","product","type-product","status-publish","hentry"],"acf":[],"_links":{"self":[{"href":"https:\/\/www.achilles.com\/it\/wp-json\/wp\/v2\/product\/19411","targetHints":{"allow":["GET"]}}],"collection":[{"href":"https:\/\/www.achilles.com\/it\/wp-json\/wp\/v2\/product"}],"about":[{"href":"https:\/\/www.achilles.com\/it\/wp-json\/wp\/v2\/types\/product"}],"wp:attachment":[{"href":"https:\/\/www.achilles.com\/it\/wp-json\/wp\/v2\/media?parent=19411"}],"curies":[{"name":"wp","href":"https:\/\/api.w.org\/{rel}","templated":true}]}}