{"id":19393,"date":"2023-06-06T17:23:55","date_gmt":"2023-06-06T16:23:55","guid":{"rendered":"https:\/\/uat.achilles.com\/product\/environmental-sustainability\/"},"modified":"2023-08-06T20:25:43","modified_gmt":"2023-08-06T17:25:43","slug":"environmental-sustainability","status":"publish","type":"product","link":"https:\/\/www.achilles.com\/it\/product\/sostenibilita-ambientale\/","title":{"rendered":"Environmental Sustainability"},"content":{"rendered":"    <div class=\"top_section\">\n        <div class=\"container\">\n            <div class=\"top_info half\">\n                                    <h1 class=\"top_title\">Sostenibilit\u00e0 ambientale delle supply chain<\/h1>\n                                    <div class=\"top_text\">\n                        <p>La gestione sostenibile della supply chain aiuta a garantire un futuro migliore non solo per il pianeta, ma anche per le persone e le aziende.<\/p>\n                    <\/div>\n                            <\/div>\n        <\/div>\n        <div class=\"top_media\">\n\t\t\t            <img decoding=\"async\" src=\"https:\/\/www.achilles.com\/app\/uploads\/2023\/06\/Homepage-Hero-scaled-1.jpg\" alt=\"\">\n                    <\/div>\n    <\/div>\n\n\n    <div class=\"content_section\">\r\n        <div class=\"container\">\r\n            <div class=\"services_wrap\">\r\n                                <div class=\"services_left\">\r\n                                        <p class=\"title_category\">IL MOTORE SONO LE INFORMAZIONI<\/p>\r\n                                        <h2 class=\"title_section\">Un approccio proattivo all\u2019approvvigionamento sostenibile<\/h2>\r\n                                        <a class=\"link\" href=\"https:\/\/uat.achilles.com\/#Back\">Back to all products<\/a>\r\n                                    <\/div>\r\n                                <div class=\"services_right\">\r\n                    <div class=\"typical_text\">\r\n                        <p>Lungi dall\u2019essere soltanto l\u2019approccio giusto, la sostenibilit\u00e0 operativa \u00e8 sempre di pi\u00f9 un parametro di riferimento per misurare il successo. La mancata conformit\u00e0 alla legislazione nazionale e internazionale pu\u00f2 avere conseguenze disastrose, ma la sostenibilit\u00e0 ambientale \u00e8 anche una grande opportunit\u00e0. Abbiamo grande esperienza nell\u2019aiutare le aziende acquirenti a sfruttare i vantaggi di carattere finanziario, operativo e per la reputazione di una collaborazione con supply chain sostenibili.<\/p>\n<p>Non ci assicuriamo soltanto che le aziende rispettino gli obblighi di reportistica ambientale, ma miglioriamo l\u2019efficienza, riduciamo i rischi e abbattiamo i costi. La sostenibilit\u00e0 ambientale mette in primo piano le persone e il pianeta, ma riguarda anche i profitti. Le aziende sono sempre pi\u00f9 interessate a sviluppare un vantaggio competitivo grazie all\u2019impatto sociale, ambientale ed economico delle loro attivit\u00e0. Ci assicuriamo che ogni obiettivo in questi ambiti venga soddisfatto, rispettando le aspettative dei clienti e dei dipendenti, riducendo i costi e sostenendo gli ecosistemi globali.<\/p>\n<p>Inoltre, il nostro team di esperti \u00e8 di grande aiuto poich\u00e9 acquisisce e convalida la giusta tipologia di dati socio-ambientali relativi alla tua organizzazione e ai tuoi fornitori. Semplifichiamo la sostenibilit\u00e0 e offriamo reportistica e approfondimenti completi per adottare decisioni aziendali concrete.<\/p>\n                    <\/div>\r\n                <\/div>\r\n                            <\/div>\r\n        <\/div>\r\n    <\/div>\r\n\n\n     <div class=\"stats_full\">\r\n        <div class=\"stats_bg\">\r\n                        <img decoding=\"async\" src=\"https:\/\/www.achilles.com\/app\/uploads\/2023\/06\/Sustainability-Webinar-scaled-1.jpg\" alt=\"\">\r\n                    <\/div>\r\n        <div class=\"container\">\r\n            <div class=\"stats_center\">\r\n                <div class=\"corner corner_top_left\"><\/div>\r\n                <div class=\"corner corner_top_right\"><\/div>\r\n                <div class=\"corner corner_bottom_left\"><\/div>\r\n                <div class=\"corner corner_bottom_right\"><\/div>\r\n                <div class=\"stats_center_item\">\r\n                                        <div class=\"stats_anim\">\r\n                        <div class=\"stats_center_number stats_anim_item\" data-total=\"53\">\r\n                            <span class=\"stats_anim_total\">0<\/span>%                        <\/div>\r\n                    <\/div>\r\n                                        <p class=\"stats_center_text large_text\">Soltanto il\r\ndegli acquirenti collabora con i fornitori per ridurre le emissioni.<\/p>\r\n                                        <p class=\"stats_center_cop large_text\">17\u00aa Annual Global CEO Survey di PwC (2014)<\/p>\r\n                                    <\/div>\r\n            <\/div>\r\n        <\/div>\r\n    <\/div>\r\n\n\n    <div class=\"content_section\">\r\n        <div class=\"container\">\r\n            <div class=\"services_wrap\">\r\n                                <div class=\"services_left\">\r\n                                        <p class=\"title_category\">Benefits<\/p>\r\n                                        <h2 class=\"title_section\">Fissare standard pi\u00f9 elevati di sostenibilit\u00e0 ambientale<\/h2>\r\n                                    <\/div>\r\n                                <div class=\"services_right\">\r\n                    <div class=\"services_list\">\r\n                                                <div class=\"service_box\">\r\n                                                        <p class=\"service_box_name\">\r\n                                <span class=\"service_box_check icon-Success\"><\/span>\r\n                                Sistemi di gestione ambientale                            <\/p>\r\n                                                        <div class=\"typical_text\">\r\n                                <p>Il miglioramento della sostenibilit\u00e0 ambientale di un\u2019azienda \u00e8 soltanto il punto d\u2019inizio per apportare cambiamenti in tutta la supply chain e accelerare l\u2019impatto dei cambiamenti.<\/p>\r\n                            <\/div>\r\n                                                    <\/div>\r\n                                                <div class=\"service_box\">\r\n                                                        <p class=\"service_box_name\">\r\n                                <span class=\"service_box_check icon-Success\"><\/span>\r\n                                Riduzione dei consumi energetici                            <\/p>\r\n                                                        <div class=\"typical_text\">\r\n                                <p>Inizia a gestire i consumi energetici e adotta misure a basso consumo di energia in azienda e in tutta la supply chain.<\/p>\r\n                            <\/div>\r\n                                                    <\/div>\r\n                                                <div class=\"service_box\">\r\n                                                        <p class=\"service_box_name\">\r\n                                <span class=\"service_box_check icon-Success\"><\/span>\r\n                                Riduzione delle emissioni di CO2                            <\/p>\r\n                                                        <div class=\"typical_text\">\r\n                                <p>Il programma CarbonReduce (sviluppato da Toit\u016b) \u00e8 riconosciuto a livello mondiale e consente alle organizzazioni di misurare, valutare e impegnarsi a ridurre le emissioni di anidride carbonica.<\/p>\r\n                            <\/div>\r\n                                                    <\/div>\r\n                                                <div class=\"service_box\">\r\n                                                        <p class=\"service_box_name\">\r\n                                <span class=\"service_box_check icon-Success\"><\/span>\r\n                                Rifiuti e riciclaggio                            <\/p>\r\n                                                        <div class=\"typical_text\">\r\n                                <p>Assicurati che i fornitori rispettino tutte le normative sulla gestione dei rifiuti per ridurre le inefficienze nella catena di approvvigionamento.<\/p>\r\n                            <\/div>\r\n                                                    <\/div>\r\n                                                <div class=\"service_box\">\r\n                                                        <p class=\"service_box_name\">\r\n                                <span class=\"service_box_check icon-Success\"><\/span>\r\n                                Gestione delle risorse idriche                            <\/p>\r\n                                                        <div class=\"typical_text\">\r\n                                <p>Assicurati che l\u2019utilizzo, lo stoccaggio e lo smaltimento dell\u2019acqua siano in linea con le disposizioni di legge e non si traducano in costi eccessivi.<\/p>\r\n                            <\/div>\r\n                                                    <\/div>\r\n                                                <div class=\"service_box\">\r\n                                                        <p class=\"service_box_name\">\r\n                                <span class=\"service_box_check icon-Success\"><\/span>\r\n                                Sostanze pericolose                            <\/p>\r\n                                                        <div class=\"typical_text\">\r\n                                <p>Assicurati che le tue attivit\u00e0 operative siano sempre sicure, efficienti e conformi.<\/p>\r\n                            <\/div>\r\n                                                    <\/div>\r\n                                            <\/div>\r\n                <\/div>\r\n                            <\/div>\r\n        <\/div>\r\n    <\/div>\r\n\n\n            <div class=\"cta_section\">\r\n            <div class=\"cta_box_bg\">\r\n                                <img decoding=\"async\" src=\"https:\/\/www.achilles.com\/app\/uploads\/2023\/05\/cta_1.jpg\" alt=\"\">\r\n                            <\/div>\r\n                <div class=\"container\">\r\n                    <div class=\"cta_wrapper\">\r\n                        <div class=\"cta_info\">\r\n                                                        <h3 class=\"cta_box_name\">Applicazioni concrete<\/h3>\r\n                                                        <a class=\"btn btn_big\" href=\"https:\/\/uat.achilles.com\/#3\">Chiedi una dimostrazione<\/a>\r\n                                                    <\/div>\r\n                <\/div>\r\n            <\/div>\r\n        <\/div>\r\n    \n\n    <div class=\"content_section\">\r\n        <div class=\"container\">\r\n                        <div class=\"tools_description\">\r\n                                <p class=\"title_category\">Features<\/p>\r\n                                <h2 class=\"title_section\">La soluzione<\/h2>\r\n                                <div class=\"typical_text\">\r\n                    <p>Dall\u2019approvvigionamento alla selezione, passando per i rapporti gi\u00e0 avviati con i fornitori, i nostri servizi sono stati pensati appositamente per ridurre i rischi esterni e migliorare costantemente la conformit\u00e0 legale.<\/p>\n                <\/div>\r\n                            <\/div>\r\n                    <\/div>\r\n    <\/div>\r\n\n\n    <div class=\"quote_section\">\r\n        <div class=\"quote_bg\">\r\n                        <img decoding=\"async\" src=\"https:\/\/www.achilles.com\/app\/uploads\/2023\/05\/quote_financial.jpg\" alt=\"\">\r\n                    <\/div>\r\n        <div class=\"container\">\r\n            <div class=\"quote_wrapper\">\r\n                <div class=\"quote_item\">\r\n                                        <div class=\"quote_item_text\">\r\n                        <p>Coinvolgere la catena di approvvigionamento \u00e8 assolutamente determinante. Da sole, le organizzazioni possono gi\u00e0 ottenere risultati di tutto rispetto, ma riuscirai a diminuire in modo significativo i costi solo a patto di coinvolgere la supply chain. E non finisce qui: desideriamo collaborare con i fornitori di punta che hanno preso in esame la loro catena di approvvigionamento.<\/p>\n                    <\/div>\r\n                                        <p class=\"quote_item_author\">David Riley, Carbon Manager, Anglian Water<\/p>\r\n                                        <a href=\"https:\/\/uat.achilles.com\/#Read-more\" class=\"btn btn_big\">Leggi il caso di studio<\/a>\r\n                                    <\/div>\r\n            <\/div>\r\n        <\/div>\r\n    <\/div>\r\n\n\n    <div class=\"content_section bg_grey\">\n        <div class=\"container\">\n                        <div class=\"description_section full\">\n                                <p class=\"title_category\">Packages<\/p>\n                                                <h2 class=\"title_section\">Scegli il pacchetto pi\u00f9 adatto alle tue esigenze<\/h2>\n                                            <\/div>\n            \n            \n                    <\/div>\n    <\/div>\n\n\n    <div class=\"request_section\">\r\n        <div class=\"contact_bg\">\r\n                        <img decoding=\"async\" src=\"https:\/\/www.achilles.com\/app\/uploads\/2023\/05\/contact_bg.jpg\" alt=\"\">\r\n                    <\/div>\r\n        <div class=\"container\">\r\n            <div class=\"request_inner\">\r\n                                <div class=\"request_wrapper\">\r\n                <h2 class=\"title_section\">Want to understand how we can help your business? <br>Request a call back from our team of experts<\/h2>\r\n                <\/div>\r\n                                <div class=\"request_box\">\r\n                                        <div class=\"typical_text\">\r\n                        <p>Fields marked with * are mandatory.<\/p>\r\n                    <\/div>\r\n                    <!--[if lte IE 8]>\r\n    <script charset=\"utf-8\" type=\"text\/javascript\" src=\"\/\/js.hsforms.net\/forms\/v2-legacy.js\"><\/script>\r\n    <![endif]-->\r\n    <script charset=\"utf-8\" type=\"text\/javascript\" src=\"\/\/js.hsforms.net\/forms\/v2.js\"><\/script>\r\n    <script>\r\n      hbspt.forms.create({\r\n        portalId: \"5387762\",\r\n        formId: \"a23cf73a-36bd-433c-a1d8-4acd8b05b928\"\r\n      })\r\n    <\/script>                <\/div>\r\n            <\/div>\r\n        <\/div>\r\n    <\/div>\r\n\r\n\n\n\r\n\r\n  <div class=\"resources_other content_section\">\r\n        <div class=\"container\">\r\n                        <h3 class=\"title_block\">Ti interessa la sostenibilit\u00e0 ambientale? Leggi questi post sul blog<\/h3>\r\n                        <div class=\"resources_wrap\">\r\n                                <a class=\"resource_item\" href=\"https:\/\/www.achilles.com\/it\/non-categorizzato\/la-ultima-guida-al-atto-norvegese-di-trasparenza\/\">\r\n                                        <div class=\"resource_item_img\">\r\n                        <img decoding=\"async\" src=\"https:\/\/www.achilles.com\/app\/uploads\/2023\/09\/iStock-1128065312.jpg\" alt=\"La guida definitiva alla legge norvegese sulla trasparenza\">\r\n                    <\/div>\r\n                                        <div class=\"resource_item_info\">\r\n                        <div class=\"resource_item_description\">\r\n                            <p class=\"resource_item_name\">La guida definitiva alla legge norvegese sulla trasparenza<\/p>\r\n                            <div class=\"typical_text\">\r\n                                <p>In questa Guida definitiva di Achille all&#8217;\u00c5penhetsloven, diamo uno sguardo\u2026<\/p>\r\n                            <\/div>\r\n                        <\/div>\r\n                                                <div class=\"resource_item_categories\">\r\n                                                        <div class=\"resource_category\">\r\n                                                                <span class=\"resource_category_name\"><\/span>\r\n                            <\/div>\r\n                                                        <div class=\"resource_category\">\r\n                                                                <span class=\"resource_category_name\"><\/span>\r\n                            <\/div>\r\n                                                    <\/div>\r\n                                            <\/div>\r\n                <\/a>\r\n                                <a class=\"resource_item\" href=\"https:\/\/www.achilles.com\/it\/industry-insights\/3-fattori-che-influenzano-la-pianificazione-dellapprovvigionamento\/\">\r\n                                        <div class=\"resource_item_img\">\r\n                        <img decoding=\"async\" src=\"https:\/\/www.achilles.com\/app\/uploads\/2023\/07\/adolfo-felix-546626-unsplash-e1542627489587.jpg\" alt=\"Tre fattori che influenzano la pianificazione dell\u2019approvvigionamento\">\r\n                    <\/div>\r\n                                        <div class=\"resource_item_info\">\r\n                        <div class=\"resource_item_description\">\r\n                            <p class=\"resource_item_name\">Tre fattori che influenzano la pianificazione dell\u2019approvvigionamento<\/p>\r\n                            <div class=\"typical_text\">\r\n                                <p>Debbie Metcalfe, LLM MSc MCIPS, responsabile formazione e consulente presso\u2026<\/p>\r\n                            <\/div>\r\n                        <\/div>\r\n                                                <div class=\"resource_item_categories\">\r\n                                                        <div class=\"resource_category\">\r\n                                                                <span class=\"resource_category_name\"><\/span>\r\n                            <\/div>\r\n                                                        <div class=\"resource_category\">\r\n                                                                <span class=\"resource_category_name\"><\/span>\r\n                            <\/div>\r\n                                                    <\/div>\r\n                                            <\/div>\r\n                <\/a>\r\n                            <\/div>\r\n        <\/div>\r\n    <\/div> \r\n","protected":false},"excerpt":{"rendered":"<p>Environmental sustainability management is not just the right thing to do, it is an increasingly important benchmark of success. Helping to capture and validate the right kind of social and environmental data from both your own organisation and your suppliers.<\/p>\n","protected":false},"featured_media":0,"template":"","class_list":["post-19393","product","type-product","status-publish","hentry"],"acf":[],"_links":{"self":[{"href":"https:\/\/www.achilles.com\/it\/wp-json\/wp\/v2\/product\/19393","targetHints":{"allow":["GET"]}}],"collection":[{"href":"https:\/\/www.achilles.com\/it\/wp-json\/wp\/v2\/product"}],"about":[{"href":"https:\/\/www.achilles.com\/it\/wp-json\/wp\/v2\/types\/product"}],"wp:attachment":[{"href":"https:\/\/www.achilles.com\/it\/wp-json\/wp\/v2\/media?parent=19393"}],"curies":[{"name":"wp","href":"https:\/\/api.w.org\/{rel}","templated":true}]}}