{"id":19388,"date":"2023-06-06T17:03:27","date_gmt":"2023-06-06T14:03:27","guid":{"rendered":"https:\/\/uat.achilles.com\/product\/cyber-security\/"},"modified":"2023-08-06T19:19:47","modified_gmt":"2023-08-06T16:19:47","slug":"cyber-security","status":"publish","type":"product","link":"https:\/\/www.achilles.com\/it\/product\/sicurezza-informatica\/","title":{"rendered":"Cyber Security"},"content":{"rendered":"    <div class=\"top_section\">\n        <div class=\"container\">\n            <div class=\"top_info half\">\n                                    <h1 class=\"top_title\">Gestione della sicurezza informatica<\/h1>\n                                    <div class=\"top_text\">\n                        <p>La natura del rischio sta mutando e la gestione della sicurezza informatica nelle catene di fornitura \u00e8 ormai una funzione molto complessa e in rapida evoluzione.<\/p>\n                    <\/div>\n                            <\/div>\n        <\/div>\n        <div class=\"top_media\">\n\t\t\t        <\/div>\n    <\/div>\n\n\n    <div class=\"content_section\">\r\n        <div class=\"container\">\r\n            <div class=\"services_wrap\">\r\n                                <div class=\"services_left\">\r\n                                        <p class=\"title_category\">IL MOTORE SONO LE INFORMAZIONI<\/p>\r\n                                        <h2 class=\"title_section\">Ti aiutiamo a gestire il rischio di violazioni dei dati e attacchi informatici<\/h2>\r\n                                        <a class=\"link\" href=\"https:\/\/uat.achilles.com\/#Back\">Back to all products<\/a>\r\n                                    <\/div>\r\n                                <div class=\"services_right\">\r\n                    <div class=\"typical_text\">\r\n                        <p>Poter accedere al giusto tipo di dati precisi e di alta qualit\u00e0 \u00e8 fondamentale per il successo dell\u2019azienda. Detto ci\u00f2, in assenza delle misure di sicurezza pi\u00f9 indicate, i dati possono rappresentare anche una vulnerabilit\u00e0 significativa. Tuteliamo gli acquirenti dal rischio di perdite finanziarie, danni alla reputazione e mancata conformit\u00e0 legale derivante da attacchi informatici e da violazioni di dati a danni di terzi. Con i dati relativi ai tuoi fornitori da noi raccolti e verificati ottieni visibilit\u00e0 e trasparenza sulla supply chain; inoltre, i nostri audit ti assicurano che tutte le tue attivit\u00e0 siano condotte secondo adeguati standard di sicurezza.<\/p>\n<p>La nostra azienda, accreditata dall\u2019ente di normazione British Standards Institution (BSI), ha grande competenza nel garantire che i dati impiegati dalla tua azienda e dai tuoi fornitori siano memorizzati, condivisi e utilizzati ai sensi delle migliori prassi e degli standard del settore. Forti della nostra esperienza globale e intersettoriale, siamo un partner di fiducia in grado di segnalarti in anticipo potenziali problemi, in modo che non possano causare danni su larga scala.<\/p>\n                    <\/div>\r\n                <\/div>\r\n                            <\/div>\r\n        <\/div>\r\n    <\/div>\r\n\n\n     <div class=\"stats_full\">\r\n        <div class=\"stats_bg\">\r\n                    <\/div>\r\n        <div class=\"container\">\r\n            <div class=\"stats_center\">\r\n                <div class=\"corner corner_top_left\"><\/div>\r\n                <div class=\"corner corner_top_right\"><\/div>\r\n                <div class=\"corner corner_bottom_left\"><\/div>\r\n                <div class=\"corner corner_bottom_right\"><\/div>\r\n                <div class=\"stats_center_item\">\r\n                                        <div class=\"stats_anim\">\r\n                        <div class=\"stats_center_number stats_anim_item\" data-total=\"32\">\r\n                            <span class=\"stats_anim_total\">0<\/span>%                        <\/div>\r\n                    <\/div>\r\n                                        <p class=\"stats_center_text large_text\">Negli ultimi 12 mesi, circa un terzo delle aziende britanniche\r\nha denunciato violazioni alla sicurezza informatica o attacchi informatici.<\/p>\r\n                                        <p class=\"stats_center_cop large_text\">Dipartimento per il digitale, la cultura, i media e lo sport del governo britannico (2019)<\/p>\r\n                                    <\/div>\r\n            <\/div>\r\n        <\/div>\r\n    <\/div>\r\n\n\n    <div class=\"content_section\">\r\n        <div class=\"container\">\r\n            <div class=\"services_wrap\">\r\n                                <div class=\"services_left\">\r\n                                        <p class=\"title_category\">Benefits<\/p>\r\n                                        <h2 class=\"title_section\">Fissiamo standard pi\u00f9 elevati di sicurezza informatica<\/h2>\r\n                                        <div class=\"typical_text\">\r\n                        <p>Ti aiutiamo a risolvere i problemi di sicurezza informatica<\/p>\n                    <\/div>\r\n                                        <a class=\"btn\" href=\"\/industry-insights\/identify-and-manage-cybersecurity-risks-in-your-supply-chain\/\">Read more on managing cyber security issues<\/a>\r\n                                    <\/div>\r\n                                <div class=\"services_right\">\r\n                    <div class=\"services_list\">\r\n                                                <div class=\"service_box\">\r\n                                                        <p class=\"service_box_name\">\r\n                                <span class=\"service_box_check icon-Success\"><\/span>\r\n                                Integrit\u00e0 dei sistemi informatici                            <\/p>\r\n                                                        <div class=\"typical_text\">\r\n                                <p>Assicurati che l\u2019infrastruttura informatica dei fornitori sia efficiente, sicura e accessibile soltanto a chi di dovere.<\/p>\r\n                            <\/div>\r\n                                                    <\/div>\r\n                                                <div class=\"service_box\">\r\n                                                        <p class=\"service_box_name\">\r\n                                <span class=\"service_box_check icon-Success\"><\/span>\r\n                                Sistemi di gestione dei dati                            <\/p>\r\n                                                        <div class=\"typical_text\">\r\n                                <p>Assicurati che i fornitori abbiano adottato le migliori prassi per la raccolta, la convalida, la memorizzazione, la protezione, l\u2019elaborazione e la condivisione dei dati.<\/p>\r\n                            <\/div>\r\n                                                    <\/div>\r\n                                                <div class=\"service_box\">\r\n                                                        <p class=\"service_box_name\">\r\n                                <span class=\"service_box_check icon-Success\"><\/span>\r\n                                Quadro di governance dei dati                            <\/p>\r\n                                                        <div class=\"typical_text\">\r\n                                <p>Verifica che le loro politiche e prassi in materia di dati siano coerenti, affidabili e conformi.<\/p>\r\n                            <\/div>\r\n                                                    <\/div>\r\n                                                <div class=\"service_box\">\r\n                                                        <p class=\"service_box_name\">\r\n                                <span class=\"service_box_check icon-Success\"><\/span>\r\n                                Sicurezza e attacchi informatici                            <\/p>\r\n                                                        <div class=\"typical_text\">\r\n                                <p>Tutelati appieno dai rischi di violazioni o perdite dei dati di terzi e contieni gli effetti di qualsiasi evento si possa verificare.<\/p>\r\n                            <\/div>\r\n                                                    <\/div>\r\n                                                <div class=\"service_box\">\r\n                                                        <p class=\"service_box_name\">\r\n                                <span class=\"service_box_check icon-Success\"><\/span>\r\n                                Rispetto degli obblighi relativi al GDPR                            <\/p>\r\n                                                        <div class=\"typical_text\">\r\n                                <p>Ove previsto, assicura il rispetto del Regolamento generale europeo sulla protezione dei dati in tutta la supply chain.<\/p>\r\n                            <\/div>\r\n                                                    <\/div>\r\n                                            <\/div>\r\n                <\/div>\r\n                            <\/div>\r\n        <\/div>\r\n    <\/div>\r\n\n\n            <div class=\"cta_section\">\r\n            <div class=\"cta_box_bg\">\r\n                                <img decoding=\"async\" src=\"https:\/\/www.achilles.com\/app\/uploads\/2023\/06\/RFI-responses-blog-post.jpg\" alt=\"\">\r\n                            <\/div>\r\n                <div class=\"container\">\r\n                    <div class=\"cta_wrapper\">\r\n                        <div class=\"cta_info\">\r\n                                                        <h3 class=\"cta_box_name\">Applicazioni concrete<\/h3>\r\n                                                        <a class=\"btn btn_big\" href=\"https:\/\/uat.achilles.com\/#3\">Chiedi una dimostrazione<\/a>\r\n                                                    <\/div>\r\n                <\/div>\r\n            <\/div>\r\n        <\/div>\r\n    \n\n    <div class=\"content_section\">\r\n        <div class=\"container\">\r\n                        <div class=\"tools_description\">\r\n                                <p class=\"title_category\">Features<\/p>\r\n                                <h2 class=\"title_section\">La soluzione<\/h2>\r\n                                <div class=\"typical_text\">\r\n                    <p>Dall\u2019approvvigionamento alla selezione, passando per i rapporti gi\u00e0 avviati con i fornitori, i nostri servizi sono stati pensati appositamente per ridurre i rischi esterni e migliorare costantemente la conformit\u00e0 legale.<\/p>\n                <\/div>\r\n                            <\/div>\r\n                    <\/div>\r\n    <\/div>\r\n\n\n    <div class=\"quote_section\">\r\n        <div class=\"quote_bg\">\r\n                        <img decoding=\"async\" src=\"https:\/\/www.achilles.com\/app\/uploads\/2023\/05\/quote_financial.jpg\" alt=\"\">\r\n                    <\/div>\r\n        <div class=\"container\">\r\n            <div class=\"quote_wrapper\">\r\n                <div class=\"quote_item\">\r\n                                        <div class=\"quote_item_text\">\r\n                        <p>Scopri come convincere i fornitori a impegnarsi a garantire la sicurezza informatica. Guarda il nostro webinar on demand.<\/p>\n                    <\/div>\r\n                                        <a href=\"https:\/\/uat.achilles.com\/#Read-more\" class=\"btn btn_big\">Registrati oggi stesso<\/a>\r\n                                    <\/div>\r\n            <\/div>\r\n        <\/div>\r\n    <\/div>\r\n\n\n    <div class=\"content_section bg_grey\">\n        <div class=\"container\">\n                        <div class=\"description_section full\">\n                                <p class=\"title_category\">Packages<\/p>\n                                                <h2 class=\"title_section\">Scegli il pacchetto pi\u00f9 adatto alle tue esigenze<\/h2>\n                                            <\/div>\n            \n                        <div class=\"packages_wrap\">\n                                <a class=\"package_box\" href=\"https:\/\/uat.achilles.com\/#1\">\n                                        <p class=\"package_box_name\">Assure<\/p>\n                                                            <div class=\"typical_text\">\n                        <p>Run your entire supplier sourcing and selection needs<\/p>\n                    <\/div>\n                                    <\/a>\n                                <a class=\"package_box\" href=\"https:\/\/uat.achilles.com\/#2\">\n                                        <p class=\"package_box_name\">Professional<\/p>\n                                                            <div class=\"typical_text\">\n                        <p>Source and select suppliers and get real time supplier assurance<\/p>\n                    <\/div>\n                                    <\/a>\n                                <a class=\"package_box\" href=\"https:\/\/uat.achilles.com\/#3\">\n                                        <p class=\"package_box_name\">Enterprise<\/p>\n                                                            <div class=\"typical_text\">\n                        <p>Source and select suppliers and get whole chain supplier assurance<\/p>\n                    <\/div>\n                                    <\/a>\n                            <\/div>\n            \n                    <\/div>\n    <\/div>\n\n\n    <div class=\"request_section\">\r\n        <div class=\"contact_bg\">\r\n                        <img decoding=\"async\" src=\"https:\/\/www.achilles.com\/app\/uploads\/2023\/05\/contact_bg.jpg\" alt=\"\">\r\n                    <\/div>\r\n        <div class=\"container\">\r\n            <div class=\"request_inner\">\r\n                                <div class=\"request_wrapper\">\r\n                <h2 class=\"title_section\">Want to understand how we can help your business? <br>Request a call back from our team of experts<\/h2>\r\n                <\/div>\r\n                                <div class=\"request_box\">\r\n                                        <div class=\"typical_text\">\r\n                        <p>Fields marked with * are mandatory.<\/p>\r\n                    <\/div>\r\n                    <!--[if lte IE 8]>\r\n    <script charset=\"utf-8\" type=\"text\/javascript\" src=\"\/\/js.hsforms.net\/forms\/v2-legacy.js\"><\/script>\r\n    <![endif]-->\r\n    <script charset=\"utf-8\" type=\"text\/javascript\" src=\"\/\/js.hsforms.net\/forms\/v2.js\"><\/script>\r\n    <script>\r\n      hbspt.forms.create({\r\n        portalId: \"5387762\",\r\n        formId: \"a23cf73a-36bd-433c-a1d8-4acd8b05b928\"\r\n      })\r\n    <\/script>                <\/div>\r\n            <\/div>\r\n        <\/div>\r\n    <\/div>\r\n\r\n\n\n\r\n\r\n  <div class=\"resources_other content_section\">\r\n        <div class=\"container\">\r\n                        <h3 class=\"title_block\">Visto che ti interessa la sicurezza informatica<\/h3>\r\n                        <div class=\"resources_wrap\">\r\n                                <a class=\"resource_item\" href=\"https:\/\/www.achilles.com\/it\/industry-insights\/steel-tariffs-our-guide-on-how-to-avoid-the-supply-chain-crisis-on-the-horizon\/\">\r\n                                        <div class=\"resource_item_img\">\r\n                        <img decoding=\"async\" src=\"https:\/\/www.achilles.com\/app\/uploads\/2023\/07\/supplier.jpg\" alt=\"Dazi sull\u2019acciaio: la nostra guida per evitare la crisi all\u2019orizzonte nella supply chain\">\r\n                    <\/div>\r\n                                        <div class=\"resource_item_info\">\r\n                        <div class=\"resource_item_description\">\r\n                            <p class=\"resource_item_name\">Dazi sull\u2019acciaio: la nostra guida per evitare la crisi all\u2019orizzonte nella supply chain<\/p>\r\n                            <div class=\"typical_text\">\r\n                                <p>Le notizie provenienti da oltreoceano sull\u2019imposizione di dazi del 25%\u2026<\/p>\r\n                            <\/div>\r\n                        <\/div>\r\n                                                <div class=\"resource_item_categories\">\r\n                                                        <div class=\"resource_category\">\r\n                                                                <span class=\"resource_category_name\"><\/span>\r\n                            <\/div>\r\n                                                        <div class=\"resource_category\">\r\n                                                                <span class=\"resource_category_name\"><\/span>\r\n                            <\/div>\r\n                                                    <\/div>\r\n                                            <\/div>\r\n                <\/a>\r\n                                <a class=\"resource_item\" href=\"https:\/\/www.achilles.com\/it\/informazioni-settoriali\/atlantic-copper-garantisce-una-gestione-efficiente-degli-appaltatori-con-achilles-controlar\/\">\r\n                                        <div class=\"resource_item_img\">\r\n                        <img decoding=\"async\" src=\"https:\/\/www.achilles.com\/app\/uploads\/2024\/11\/xxxx.jpg\" alt=\"Atlantic Copper garantisce una gestione efficiente dei contratti con Achilles Controlar\">\r\n                    <\/div>\r\n                                        <div class=\"resource_item_info\">\r\n                        <div class=\"resource_item_description\">\r\n                            <p class=\"resource_item_name\">Atlantic Copper garantisce una gestione efficiente dei contratti con Achilles Controlar<\/p>\r\n                            <div class=\"typical_text\">\r\n                                <p>Atlantic Copper, fondata in Spagna, \u00e8 il principale produttore di\u2026<\/p>\r\n                            <\/div>\r\n                        <\/div>\r\n                                                <div class=\"resource_item_categories\">\r\n                                                        <div class=\"resource_category\">\r\n                                                                <span class=\"resource_category_name\"><\/span>\r\n                            <\/div>\r\n                                                        <div class=\"resource_category\">\r\n                                                                <span class=\"resource_category_name\"><\/span>\r\n                            <\/div>\r\n                                                    <\/div>\r\n                                            <\/div>\r\n                <\/a>\r\n                            <\/div>\r\n        <\/div>\r\n    <\/div> \r\n","protected":false},"excerpt":{"rendered":"<p>The nature of the risk is changing, and cyber attacks are becoming more common. Your business may integrate data and systems with your suppliers, what if one of those suppliers is breached?<\/p>\n","protected":false},"featured_media":0,"template":"","class_list":["post-19388","product","type-product","status-publish","hentry"],"acf":[],"_links":{"self":[{"href":"https:\/\/www.achilles.com\/it\/wp-json\/wp\/v2\/product\/19388","targetHints":{"allow":["GET"]}}],"collection":[{"href":"https:\/\/www.achilles.com\/it\/wp-json\/wp\/v2\/product"}],"about":[{"href":"https:\/\/www.achilles.com\/it\/wp-json\/wp\/v2\/types\/product"}],"wp:attachment":[{"href":"https:\/\/www.achilles.com\/it\/wp-json\/wp\/v2\/media?parent=19388"}],"curies":[{"name":"wp","href":"https:\/\/api.w.org\/{rel}","templated":true}]}}