{"id":91263,"date":"2023-10-12T04:32:48","date_gmt":"2023-10-12T03:32:48","guid":{"rendered":"https:\/\/www.achilles.com\/?page_id=91263"},"modified":"2026-02-11T12:48:59","modified_gmt":"2026-02-11T12:48:59","slug":"la-tua-piattaforma-controlar-per-la-gestione-degli-appaltatori","status":"publish","type":"page","link":"https:\/\/www.achilles.com\/it\/controlar\/","title":{"rendered":"La tua piattaforma Controlar per la gestione degli appaltatori"},"content":{"rendered":"\n<!-- Google tag (gtag.js) -->\n<script async=\"\" src=\"https:\/\/www.googletagmanager.com\/gtag\/js?id=AW-11403391351\"><\/script>\n<script>\n  window.dataLayer = window.dataLayer || [];\n  function gtag(){dataLayer.push(arguments);}\n  gtag('js', new Date());\n \n  gtag('config', 'AW-11403391351');\n<\/script>\n\n\n    <div class=\"top_section\">\n        <div class=\"container\">\n            <div class=\"top_info\">\n                                    <h1 class=\"top_title\">Piattaforma Controlar per il controllo dei tuoi appaltatori<\/h1>\n                                    <div class=\"top_text\">\n                        <p>Achilles Controlar \u00e8 la soluzione pi\u00f9 semplice, sicura ed efficace per gestire la documentazione dei tuoi appaltatori, garantire la conformit\u00e0 alle normative in materia di salute, sicurezza e lavoro e prevenire incidenti, multe e sanzioni.<\/p>\n                    <\/div>\n                                    <div class=\"top_buttons\">\n                                                    <a class=\"btn btn_big\" href=\"\/es\/contact-us\">Parla con un esperto<\/a>\n                                            <\/div>\n                            <\/div>\n        <\/div>\n        <div class=\"top_media\">\n\t\t\t            <img decoding=\"async\" src=\"https:\/\/www.achilles.com\/app\/uploads\/2024\/10\/iStock-1414566486-scaled-1-scaled.jpg\" alt=\"\">\n                    <\/div>\n    <\/div>\n\n\n            <div class=\"content_section\">\r\n            <div class=\"container\">\r\n                <div class=\"content_wrap\">\r\n                    <div class=\"content_info ogo2\">\r\n                                                <p class=\"title_category\">LA SFIDA<\/p>\r\n                                                <h2 class=\"title_section\">Gestisci in modo efficiente i tuoi appaltatori e subappaltatori<\/h2>\r\n                                                <div class=\"typical_text\">\r\n                            <p>Raccogliere tutta la documentazione necessaria, mantenerla aggiornata e garantirne la validit\u00e0 quando si lavora con diversi appaltatori pu\u00f2 diventare un\u2019attivit\u00e0 complessa e impegnativa. Achilles Controlar trasforma il Coordinamento delle Attivit\u00e0 Aziendali in un processo efficiente e semplice.<\/p>\n                        <\/div>\r\n                                            <\/div>\r\n\t\t\t\t\t\t\t\t\t\t\r\n                                        <div class=\"content_media\">\r\n                        <img decoding=\"async\" src=\"https:\/\/www.achilles.com\/app\/uploads\/2024\/12\/Untitled-design-14.png\" width=\"500\" alt=\"Control acceso\">\r\n                    <\/div>\r\n                                    <\/div>\r\n            <\/div>\r\n        <\/div>\r\n    \n\n    <div class=\"content_section bg_grey\">\r\n        <div class=\"container\">\r\n                        <div class=\"description_section\">\r\n                                <p class=\"title_category\">COSA FACCIAMO<\/p>\r\n                                <h2 class=\"title_section\">Controllo documentale sicuro<\/h2>\r\n                                <div class=\"typical_text\">\r\n                    <p>Achilles aiuta aziende di tutti i settori a ridurre i rischi legati alla subfornitura, mettendo in contatto le aziende con i propri appaltatori attraverso un\u2019unica piattaforma intuitiva, agile e facile da usare.<br data-start=\"292\" data-end=\"295\" \/>Inoltre, mettiamo a tua disposizione un team di tecnici PRL che accompagner\u00e0 i tuoi appaltatori durante tutto il processo, garantendo che la documentazione venga caricata correttamente e che i tuoi progetti non subiscano impatti o ritardi.<\/p>\n                <\/div>\r\n                            <\/div>\r\n                        <div class=\"features_wrap\">\r\n                                <div class=\"feature_item\">\r\n                                        <div class=\"feature_item_icon\">\r\n                        <img decoding=\"async\" src=\"https:\/\/www.achilles.com\/app\/uploads\/2024\/12\/Icons-Controlar-5.png\" alt=\"\">\r\n                    <\/div>\r\n                                        <h3 class=\"feature_item_name\">Scadenze<\/h3>\r\n                                        <div class=\"typical_text\">\r\n                        <p>Sappiamo che il tempo \u00e8 prezioso. Convalidiamo la documentazione dei tuoi appaltatori in meno di 24 ore.<\/p>\n                    <\/div>\r\n                                    <\/div>\r\n                                <div class=\"feature_item\">\r\n                                        <div class=\"feature_item_icon\">\r\n                        <img decoding=\"async\" src=\"https:\/\/www.achilles.com\/app\/uploads\/2024\/12\/Icons-Controlar-4.png\" alt=\"\">\r\n                    <\/div>\r\n                                        <h3 class=\"feature_item_name\">Emergenze<\/h3>\r\n                                        <div class=\"typical_text\">\r\n                        <p>Siamo consapevoli che alcune situazioni possono sfuggire al controllo. Se richiesto dal cliente, effettuiamo la validazione in tempo reale.<\/p>\n                    <\/div>\r\n                                    <\/div>\r\n                                <div class=\"feature_item\">\r\n                                        <div class=\"feature_item_icon\">\r\n                        <img decoding=\"async\" src=\"https:\/\/www.achilles.com\/app\/uploads\/2024\/12\/Icons-Controlar-7.png\" alt=\"\">\r\n                    <\/div>\r\n                                        <h3 class=\"feature_item_name\">Consigli<\/h3>\r\n                                        <div class=\"typical_text\">\r\n                        <p>I nostri tecnici PRL supportano le tue aziende durante l\u2019intero processo per garantire un accesso rapido alle tue strutture.<\/p>\n                    <\/div>\r\n                                    <\/div>\r\n                            <\/div>\r\n                    <\/div>\r\n    <\/div>\r\n\n\n     <div class=\"stats_section\">\r\n        <div class=\"stats_bg\">\r\n                        <img decoding=\"async\" src=\"https:\/\/www.achilles.com\/app\/uploads\/2024\/11\/xxxx.jpg\" alt=\"worker in a high visibility jacket and hard hat\">\r\n                    <\/div>\r\n        <div class=\"container\">\r\n            <div class=\"stats_inner\">\r\n                <div class=\"corner corner_top_left\"><\/div>\r\n                <div class=\"corner corner_top_right\"><\/div>\r\n                <div class=\"corner corner_bottom_left\"><\/div>\r\n                <div class=\"corner corner_bottom_right\"><\/div>\r\n                <div class=\"stats_wrap stats_anim\">\r\n                                        <div class=\"stats_item stats_anim_item\" data-total=\"200000\">\r\n                        <div class=\"stats_item_inner\">\r\n                            <p class=\"stats_item_count\"><span class=\"stats_anim_total\">0<\/span><span class=\"stats_item_symbol\">+<\/span><\/p>\r\n                                                        <p class=\"stats_item_name\">lavoratori registrati, con tutta la documentazione caricata e aggiornata<\/p>\r\n                                                    <\/div>\r\n                    <\/div>\r\n                                        <div class=\"stats_item stats_anim_item\" data-total=\"30000\">\r\n                        <div class=\"stats_item_inner\">\r\n                            <p class=\"stats_item_count\"><span class=\"stats_anim_total\">0<\/span><span class=\"stats_item_symbol\">+<\/span><\/p>\r\n                                                        <p class=\"stats_item_name\">contratti esclusivamente nel Sud Europa<\/p>\r\n                                                    <\/div>\r\n                    <\/div>\r\n                                        <div class=\"stats_item stats_anim_item\" data-total=\"3000\">\r\n                        <div class=\"stats_item_inner\">\r\n                            <p class=\"stats_item_count\"><span class=\"stats_anim_total\">0<\/span><span class=\"stats_item_symbol\">+<\/span><\/p>\r\n                                                        <p class=\"stats_item_name\">contratti in America Latina<\/p>\r\n                                                    <\/div>\r\n                    <\/div>\r\n                                    <\/div>\r\n            <\/div>\r\n        <\/div>\r\n    <\/div>\r\n\n\n    <div class=\"content_section\">\r\n        <div class=\"container\">\r\n                        <div class=\"description_section\">\r\n                                <p class=\"title_category\">Alcuni dei nostri clienti<\/p>\r\n                                <h2 class=\"title_section\">Le aziende leader scelgono di controllare<\/h2>\r\n                            <\/div>\r\n                        <div class=\"logos_wrap\">\r\n                                <div class=\"logo_item\">\r\n                    <img decoding=\"async\" src=\"https:\/\/www.achilles.com\/app\/uploads\/2023\/10\/atlantic_cooper.png\" alt=\"\" width=\"185\">\r\n                <\/div>\r\n                                <div class=\"logo_item\">\r\n                    <img decoding=\"async\" src=\"https:\/\/www.achilles.com\/app\/uploads\/2023\/10\/acerinox-logo.jpeg\" alt=\"\" width=\"120\">\r\n                <\/div>\r\n                                <div class=\"logo_item\">\r\n                    <img decoding=\"async\" src=\"https:\/\/www.achilles.com\/app\/uploads\/2023\/10\/cemex-logo.jpeg\" alt=\"\" width=\"184\">\r\n                <\/div>\r\n                                <div class=\"logo_item\">\r\n                    <img decoding=\"async\" src=\"https:\/\/www.achilles.com\/app\/uploads\/2023\/10\/Naturgy-transparent.png\" alt=\"\" width=\"185\">\r\n                <\/div>\r\n                                <div class=\"logo_item\">\r\n                    <img decoding=\"async\" src=\"https:\/\/www.achilles.com\/app\/uploads\/2023\/11\/2560px-Indra-Sistemas-Logo.svg_.png\" alt=\"\" width=\"182\">\r\n                <\/div>\r\n                                <div class=\"logo_item\">\r\n                    <img decoding=\"async\" src=\"https:\/\/www.achilles.com\/app\/uploads\/2024\/12\/Schneider-Electric-Logo.jpg\" alt=\"\" width=\"184\">\r\n                <\/div>\r\n                                <div class=\"logo_item\">\r\n                    <img decoding=\"async\" src=\"https:\/\/www.achilles.com\/app\/uploads\/2024\/11\/Moeve_fondo_transparente.png\" alt=\"Moeve logo representing how Achilles supports the world's biggest companies to manage supply chain risk\" width=\"185\">\r\n                <\/div>\r\n                                <div class=\"logo_item\">\r\n                    <img decoding=\"async\" src=\"https:\/\/www.achilles.com\/app\/uploads\/2024\/12\/weatherford.png\" alt=\"\" width=\"180\">\r\n                <\/div>\r\n                                <div class=\"logo_item\">\r\n                    <img decoding=\"async\" src=\"https:\/\/www.achilles.com\/app\/uploads\/2026\/02\/Airbus-logo-1.jpg\" alt=\"Airbus logo\" width=\"145\">\r\n                <\/div>\r\n                                <div class=\"logo_item\">\r\n                    <img decoding=\"async\" src=\"https:\/\/www.achilles.com\/app\/uploads\/2023\/10\/Berge-logo.jpeg\" alt=\"\" width=\"185\">\r\n                <\/div>\r\n                            <\/div>\r\n                    <\/div>\r\n    <\/div>\r\n\n\n    <div class=\"content_section bg_grey\">\r\n        <div class=\"container\">\r\n                        <div class=\"description_section full\">\r\n                                <p class=\"title_category\">Storia di successo<\/p>\r\n                                <h2 class=\"title_section\">L&#8217;esperienza di Atlantic Copper con Controlar<\/h2>\r\n                                <div class=\"typical_text\">\r\n                    <p>&nbsp;<\/p>\n<div style=\"float: left; margin: 0px 50px 0px 10px;\"><iframe loading=\"lazy\" title=\"YouTube video player\" src=\"https:\/\/www.youtube.com\/embed\/BZVKwBOqsYc?si=YVRttUscSAXDncVF&amp;controls=0\" width=\"560\" height=\"315\" frameborder=\"0\" allowfullscreen=\"allowfullscreen\"><\/iframe><\/div>\n<p>&nbsp;<\/p>\n<p style=\"font-size: 20px;\"><strong>Perch\u00e9 Controlar<\/strong><\/p>\n<p>In <strong data-start=\"25\" data-end=\"66\"><span class=\"hover:entity-accent entity-underline inline cursor-pointer align-baseline\"><span class=\"whitespace-normal\">Achilles<\/span><\/span><\/strong> da oltre 15 anni aiutiamo i nostri clienti a gestire il Coordinamento delle Attivit\u00e0 Aziendali, garantendo la salute e la sicurezza di appaltatori e subappaltatori.<br data-start=\"231\" data-end=\"234\" \/><strong data-start=\"234\" data-end=\"275\"><span class=\"hover:entity-accent entity-underline inline cursor-pointer align-baseline\"><span class=\"whitespace-normal\">Atlantic Copper<\/span><\/span><\/strong> evidenzia come la piattaforma Controlar renda pi\u00f9 efficiente la gestione documentale di <strong data-start=\"364\" data-end=\"406\">3.555 lavoratori, veicoli e macchinari<\/strong>, offrendo inoltre un controllo in tempo reale per prevenire i rischi legati alla prevenzione dei rischi professionali (PRL).<\/p>\n<p>&nbsp;<\/p>\n<p>&nbsp;<\/p>\n<p>&nbsp;<\/p>\n<p>&nbsp;<\/p>\n                <\/div>\r\n                            <\/div>\r\n                    <\/div>\r\n    <\/div>\r\n\n\n    <div class=\"content_section\">\r\n        <div class=\"container\">\r\n            <div class=\"services_wrap\">\r\n                                <div class=\"services_left\">\r\n                                        <p class=\"title_category\">COME FUNZIONA<\/p>\r\n                                        <h2 class=\"title_section\">La soluzione per il controllo dei contraenti che stavi cercando<\/h2>\r\n                                        <div class=\"typical_text\">\r\n                        <div class=\"text-base my-auto mx-auto pb-10 [--thread-content-margin:--spacing(4)] @w-sm\/main:[--thread-content-margin:--spacing(6)] @w-lg\/main:[--thread-content-margin:--spacing(16)] px-(--thread-content-margin)\">\n<div class=\"[--thread-content-max-width:40rem] @w-lg\/main:[--thread-content-max-width:48rem] mx-auto max-w-(--thread-content-max-width) flex-1 group\/turn-messages focus-visible:outline-hidden relative flex w-full min-w-0 flex-col agent-turn\" tabindex=\"-1\">\n<div class=\"flex max-w-full flex-col grow\">\n<div class=\"min-h-8 text-message relative flex w-full flex-col items-end gap-2 text-start break-words whitespace-normal [.text-message+&amp;]:mt-1\" dir=\"auto\" data-message-author-role=\"assistant\" data-message-id=\"ccbe2589-bbf5-4610-ab93-34fcd4802059\" data-message-model-slug=\"gpt-5-2\">\n<div class=\"flex w-full flex-col gap-1 empty:hidden first:pt-[1px]\">\n<div class=\"markdown prose dark:prose-invert w-full break-words dark markdown-new-styling\">\n<p data-start=\"0\" data-end=\"259\" data-is-last-node=\"\" data-is-only-node=\"\">In <strong data-start=\"3\" data-end=\"44\"><span class=\"hover:entity-accent entity-underline inline cursor-pointer align-baseline\"><span class=\"whitespace-normal\">Achilles<\/span><\/span><\/strong> gestiamo oltre <strong data-start=\"60\" data-end=\"95\">30.000 contratti nel Sud Europa<\/strong> e pi\u00f9 di <strong data-start=\"105\" data-end=\"132\">3.000 in America Latina<\/strong>, aiutando i nostri clienti a ridurre i rischi nei propri siti e a evitare sanzioni dovute al mancato rispetto della normativa.<\/p>\n<\/div>\n<\/div>\n<\/div>\n<\/div>\n<\/div>\n<\/div>\n                    <\/div>\r\n                                    <\/div>\r\n                                <div class=\"services_right\">\r\n                    <div class=\"services_list\">\r\n                                                <div class=\"service_box\">\r\n                                                        <p class=\"service_box_name\">\r\n                                <span class=\"service_box_check icon-Success\"><\/span>\r\n                                Definiamo la tua soluzione                            <\/p>\r\n                                                        <div class=\"typical_text\">\r\n                                <p>Lavoriamo con te per progettare una piattaforma su misura, adattata alle esigenze specifiche della tua azienda e del tuo team. Analizziamo i tuoi processi e definiamo le soluzioni migliori per ottimizzare la gestione degli appaltatori.<\/p>\r\n                            <\/div>\r\n                                                    <\/div>\r\n                                                <div class=\"service_box\">\r\n                                                        <p class=\"service_box_name\">\r\n                                <span class=\"service_box_check icon-Success\"><\/span>\r\n                                Creiamo la tua piattaforma                            <\/p>\r\n                                                        <div class=\"typical_text\">\r\n                                <p>Sviluppiamo una piattaforma personalizzata, costruita in collaborazione con te e focalizzata nel facilitare un controllo efficiente dei tuoi fornitori e appaltatori.<\/p>\r\n                            <\/div>\r\n                                                    <\/div>\r\n                                                <div class=\"service_box\">\r\n                                                        <p class=\"service_box_name\">\r\n                                <span class=\"service_box_check icon-Success\"><\/span>\r\n                                Formiamo il tuo team                            <\/p>\r\n                                                        <div class=\"typical_text\">\r\n                                <p>Formiamo i tuoi appaltatori affinch\u00e9 l\u2019accesso alle tue strutture sia rapido, semplice e sicuro, garantendo che comprendano e rispettino tutti i requisiti necessari.<\/p>\r\n                            <\/div>\r\n                                                    <\/div>\r\n                                            <\/div>\r\n                <\/div>\r\n                            <\/div>\r\n        <\/div>\r\n    <\/div>\r\n\n\n    <div class=\"content_section\">\r\n        <div class=\"container\">\r\n                        <div class=\"posts_panel\">\r\n                <div class=\"description_section\">\r\n                                        <p class=\"title_category\">Cosa dicono i nostri clienti<\/p>\r\n                     \r\n                    <h2 class=\"title_section\">Consigliato per te<\/h2>\r\n                                    <\/div>\r\n                            <\/div>\r\n                                    <div class=\"posts_wrap\">\r\n                                <div class=\"post_item\">\r\n                    <div class=\"post_item_top\">\r\n                                                <a class=\"post_item_img\" href=\"https:\/\/www.achilles.com\/it\/informazioni-settoriali\/google-data-center-fornitori\/\">\r\n                            <img decoding=\"async\" src=\"https:\/\/www.achilles.com\/app\/uploads\/2026\/03\/Achilles-Google-Supply-Chain-Risk-banner.png\" alt=\"Sviluppo di una rete scalabile, sostenibile e resiliente per progetti di data center\">\r\n                        <\/a>\r\n                                                <ul class=\"post_item_categories\">\r\n                                                        <li>Casi di successo<\/li>\r\n                                                        <li>Informazioni settoriali<\/li>\r\n                                                    <\/ul>\r\n                    <\/div>\r\n                    <a class=\"post_item_name\" href=\"https:\/\/www.achilles.com\/it\/informazioni-settoriali\/google-data-center-fornitori\/\">Sviluppo di una rete scalabile, sostenibile e resiliente per progetti di data center<\/a>\r\n                <\/div>\r\n                                <div class=\"post_item\">\r\n                    <div class=\"post_item_top\">\r\n                                                <a class=\"post_item_img\" href=\"https:\/\/www.achilles.com\/it\/informazioni-settore\/resuinsa-un-secolo-di-eccellenza-tessile-con-dati-di-sostenibilita-centralizzati-e-verificati\/\">\r\n                            <img decoding=\"async\" src=\"https:\/\/www.achilles.com\/app\/uploads\/2026\/02\/Foto-oficinas-1.jpg\" alt=\"Resuinsa: un secolo di eccellenza tessile con dati di sostenibilit\u00e0 centralizzati e verificati\">\r\n                        <\/a>\r\n                                                <ul class=\"post_item_categories\">\r\n                                                        <li>Casi di successo<\/li>\r\n                                                        <li>Informazioni settoriali<\/li>\r\n                                                    <\/ul>\r\n                    <\/div>\r\n                    <a class=\"post_item_name\" href=\"https:\/\/www.achilles.com\/it\/informazioni-settore\/resuinsa-un-secolo-di-eccellenza-tessile-con-dati-di-sostenibilita-centralizzati-e-verificati\/\">Resuinsa: un secolo di eccellenza tessile con dati di sostenibilit\u00e0 centralizzati e verificati<\/a>\r\n                <\/div>\r\n                                <div class=\"post_item\">\r\n                    <div class=\"post_item_top\">\r\n                                                <a class=\"post_item_img\" href=\"https:\/\/www.achilles.com\/it\/informazioni-settore\/eurofins-iproma-strategia-esg-matura-visibile-e-allineata-con-i-principali-acquirenti\/\">\r\n                            <img decoding=\"async\" src=\"https:\/\/www.achilles.com\/app\/uploads\/2026\/02\/Diseno-sin-titulo-65.png\" alt=\"Eurofins IPROMA: strategia ESG matura, visibile e allineata con i principali acquirenti\">\r\n                        <\/a>\r\n                                                <ul class=\"post_item_categories\">\r\n                                                        <li>Casi di successo<\/li>\r\n                                                        <li>Informazioni settoriali<\/li>\r\n                                                    <\/ul>\r\n                    <\/div>\r\n                    <a class=\"post_item_name\" href=\"https:\/\/www.achilles.com\/it\/informazioni-settore\/eurofins-iproma-strategia-esg-matura-visibile-e-allineata-con-i-principali-acquirenti\/\">Eurofins IPROMA: strategia ESG matura, visibile e allineata con i principali acquirenti<\/a>\r\n                <\/div>\r\n                            <\/div>\r\n                    <\/div>\r\n    <\/div>\r\n\n\n    <div class=\"request_section\">\r\n        <div class=\"contact_bg\">\r\n                        <img decoding=\"async\" src=\"https:\/\/www.achilles.com\/app\/uploads\/2024\/11\/carbon-banner-21.png\" alt=\"sunbeams shine through the trees in the mountains\">\r\n                    <\/div>\r\n        <div class=\"container\">\r\n            <div class=\"request_inner\">\r\n                                <div class=\"request_wrapper\">\r\n                <h2 class=\"title_section\">Contattaci per discutere della gestione dei tuoi appaltatori<\/h2>\r\n                <\/div>\r\n                                <div class=\"request_box\">\r\n                    <script charset=\"utf-8\" type=\"text\/javascript\" src=\"\/\/js.hsforms.net\/forms\/embed\/v2.js\"><\/script>\r\n<script>\r\n  hbspt.forms.create({\r\n    portalId: \"5387762\",\r\n    formId: \"bb749c2b-a8a1-4010-b3d9-f44ce8642e3b\",\r\n    region: \"na1\"\r\n  });\r\n<\/script>                <\/div>\r\n            <\/div>\r\n        <\/div>\r\n    <\/div>\r\n\r\n","protected":false},"excerpt":{"rendered":"","protected":false},"author":2,"featured_media":0,"parent":0,"menu_order":0,"comment_status":"closed","ping_status":"closed","template":"","meta":{"_acf_changed":true,"content-type":"","footnotes":""},"class_list":["post-91263","page","type-page","status-publish","hentry"],"acf":[],"_links":{"self":[{"href":"https:\/\/www.achilles.com\/it\/wp-json\/wp\/v2\/pages\/91263","targetHints":{"allow":["GET"]}}],"collection":[{"href":"https:\/\/www.achilles.com\/it\/wp-json\/wp\/v2\/pages"}],"about":[{"href":"https:\/\/www.achilles.com\/it\/wp-json\/wp\/v2\/types\/page"}],"author":[{"embeddable":true,"href":"https:\/\/www.achilles.com\/it\/wp-json\/wp\/v2\/users\/2"}],"replies":[{"embeddable":true,"href":"https:\/\/www.achilles.com\/it\/wp-json\/wp\/v2\/comments?post=91263"}],"version-history":[{"count":0,"href":"https:\/\/www.achilles.com\/it\/wp-json\/wp\/v2\/pages\/91263\/revisions"}],"wp:attachment":[{"href":"https:\/\/www.achilles.com\/it\/wp-json\/wp\/v2\/media?parent=91263"}],"curies":[{"name":"wp","href":"https:\/\/api.w.org\/{rel}","templated":true}]}}