{"id":54076,"date":"2024-04-11T12:41:30","date_gmt":"2024-04-11T11:41:30","guid":{"rendered":"https:\/\/www.achilles.com\/achilles-audits\/"},"modified":"2026-01-26T12:27:07","modified_gmt":"2026-01-26T12:27:07","slug":"achilles-audits","status":"publish","type":"page","link":"https:\/\/www.achilles.com\/it\/achilles-audits\/","title":{"rendered":"Audit Achilles"},"content":{"rendered":"    <div class=\"top_section\">\n        <div class=\"container\">\n            <div class=\"top_info\">\n                                    <h1 class=\"top_title\">Abilitare le migliori pratiche di due diligence<\/h1>\n                                    <div class=\"top_text\">\n                        <p>Gli audit e le valutazioni di Achilles consentono alle aziende di garantire la conformit\u00e0 agli standard aziendali regionali e globali in materia di salute e sicurezza, ambiente, qualit\u00e0 e responsabilit\u00e0 sociale.<\/p>\n                    <\/div>\n                                    <div class=\"top_buttons\">\n                                                    <a class=\"btn btn_white btn_big\" href=\"https:\/\/www.achilles.com\/it\/contattaci\/\">Fai Audire la Tua Azienda<\/a>\n                                                    <a class=\"btn btn_big\" href=\"https:\/\/www.achilles.com\/it\/contattaci\/\">Fai Audire la Tua Catena di Fornitura<\/a>\n                                            <\/div>\n                            <\/div>\n        <\/div>\n        <div class=\"top_media\">\n\t\t\t            <img decoding=\"async\" src=\"https:\/\/www.achilles.com\/app\/uploads\/2024\/02\/Supply-Chain-Risk-Images-4.png\" alt=\"\">\n                    <\/div>\n    <\/div>\n\n\n    <div class=\"content_section\">\r\n        <div class=\"container\">\r\n                        <div class=\"description_section\">\r\n                                <h2 class=\"title_section\">Scelto da organizzazioni riconosciute a livello internazionale<\/h2>\r\n                            <\/div>\r\n                        <div class=\"logos_wrap\">\r\n                                <div class=\"logo_item\">\r\n                    <img decoding=\"async\" src=\"https:\/\/www.achilles.com\/app\/uploads\/2023\/06\/bwo-logo-610.jpg\" alt=\"\">\r\n                <\/div>\r\n                                <div class=\"logo_item\">\r\n                    <img decoding=\"async\" src=\"https:\/\/www.achilles.com\/app\/uploads\/2025\/03\/logo-caixabank.png\" alt=\"CaixaBank\">\r\n                <\/div>\r\n                                <div class=\"logo_item\">\r\n                    <img decoding=\"async\" src=\"https:\/\/www.achilles.com\/app\/uploads\/2023\/06\/Customer-logo_statkraft-logo-400-trans-300x94-1.png\" alt=\"Statkraft logo\">\r\n                <\/div>\r\n                                <div class=\"logo_item\">\r\n                    <img decoding=\"async\" src=\"https:\/\/www.achilles.com\/app\/uploads\/2023\/06\/Customer-logo_Sainsburys-logo.png\" alt=\"Sainsbury's chooses Achilles for ESG supply chain management\">\r\n                <\/div>\r\n                                <div class=\"logo_item\">\r\n                    <img decoding=\"async\" src=\"https:\/\/www.achilles.com\/app\/uploads\/2023\/06\/Acciona.png\" alt=\"\">\r\n                <\/div>\r\n                                <div class=\"logo_item\">\r\n                    <img decoding=\"async\" src=\"https:\/\/www.achilles.com\/app\/uploads\/2024\/04\/Weatherford-Achilles-Group_Client_LATAM.png\" alt=\"\">\r\n                <\/div>\r\n                                <div class=\"logo_item\">\r\n                    <img decoding=\"async\" src=\"https:\/\/www.achilles.com\/app\/uploads\/2023\/06\/iss_logo_whitebackground-RGB-e1525274679774.jpg\" alt=\"\">\r\n                <\/div>\r\n                                <div class=\"logo_item\">\r\n                    <img decoding=\"async\" src=\"https:\/\/www.achilles.com\/app\/uploads\/2023\/05\/Thameswater-e1725962162604.jpg\" alt=\"\" width=\"200\">\r\n                <\/div>\r\n                                <div class=\"logo_item\">\r\n                    <img decoding=\"async\" src=\"https:\/\/www.achilles.com\/app\/uploads\/2025\/03\/Lightsource-bp-ok.png\" alt=\"Lightsource bp logo\" width=\"500\">\r\n                <\/div>\r\n                                <div class=\"logo_item\">\r\n                    <img decoding=\"async\" src=\"https:\/\/www.achilles.com\/app\/uploads\/2024\/11\/NCC_Unternehmen_logo.svg_.png\" alt=\"\">\r\n                <\/div>\r\n                            <\/div>\r\n                    <\/div>\r\n    <\/div>\r\n\n\n    <div class=\"content_section\">\r\n        <div class=\"container\">\r\n                        <div class=\"description_section full\">\r\n                                <p class=\"title_category\">Perch\u00e9 Scegliere gli Audit di Achilles<\/p>\r\n                                <h2 class=\"title_section\">Oltre la Due Diligence<\/h2>\r\n                                <div class=\"typical_text\">\r\n                    <p>Gli audit di Achilles guidano le organizzazioni acquirenti verso le migliori pratiche di conformit\u00e0, rafforzano la fiducia e promuovono la trasparenza lungo l&#8217;intera catena di fornitura.<br \/>\nAllo stesso tempo, i fornitori acquisiscono un vantaggio competitivo dimostrando il loro impegno nel superare le migliori pratiche di sostenibilit\u00e0.<\/p>\n                <\/div>\r\n                            <\/div>\r\n                        <div class=\"features_wrap features_four\">\r\n                                <div class=\"feature_item\">\r\n                                        <div class=\"feature_item_icon\">\r\n                        <img decoding=\"async\" src=\"https:\/\/www.achilles.com\/app\/uploads\/2025\/02\/Certified-icon.png\" alt=\"Certified icon\">\r\n                    <\/div>\r\n                                        <h3 class=\"feature_item_name\">Dimostra la Tua Credibilit\u00e0<\/h3>\r\n                                        <div class=\"typical_text\">\r\n                        <p>I fornitori mostrano il loro impegno per la qualit\u00e0, la sicurezza e le pratiche commerciali responsabili, aumentando la loro reputazione presso i potenziali clienti.<\/p>\n                    <\/div>\r\n                                    <\/div>\r\n                                <div class=\"feature_item\">\r\n                                        <div class=\"feature_item_icon\">\r\n                        <img decoding=\"async\" src=\"https:\/\/www.achilles.com\/app\/uploads\/2025\/09\/grow-icon-2.png\" alt=\"\">\r\n                    <\/div>\r\n                                        <h3 class=\"feature_item_name\">Ottieni Competitivit\u00e0<\/h3>\r\n                                        <div class=\"typical_text\">\r\n                        <p>Aiuta i fornitori a distinguersi dalla massa e a conquistare nuove opportunit\u00e0 commerciali.<\/p>\n                    <\/div>\r\n                                    <\/div>\r\n                                <div class=\"feature_item\">\r\n                                        <div class=\"feature_item_icon\">\r\n                        <img decoding=\"async\" src=\"https:\/\/www.achilles.com\/app\/uploads\/2025\/06\/Email-Icons-11.png\" alt=\"Supply-Line Achilles Icon\">\r\n                    <\/div>\r\n                                        <h3 class=\"feature_item_name\">Semplifica la Conformit\u00e0<\/h3>\r\n                                        <div class=\"typical_text\">\r\n                        <p>Permette ai fornitori di rispettare gli standard e le normative del settore, riducendo l&#8217;onere della gestione della documentazione di conformit\u00e0.<\/p>\n                    <\/div>\r\n                                    <\/div>\r\n                                <div class=\"feature_item\">\r\n                                        <div class=\"feature_item_icon\">\r\n                        <img decoding=\"async\" src=\"https:\/\/www.achilles.com\/app\/uploads\/2025\/02\/Document-Validation-icon.png\" alt=\"magnifying glass over 2 pieces of paper\">\r\n                    <\/div>\r\n                                        <h3 class=\"feature_item_name\">Individua i Punti di Forza<\/h3>\r\n                                        <div class=\"typical_text\">\r\n                        <p>Il rapporto di audit fornisce indicazioni preziose sulle aree in cui i fornitori eccellono e sulle potenziali aree di miglioramento.<\/p>\n                    <\/div>\r\n                                    <\/div>\r\n                            <\/div>\r\n                    <\/div>\r\n    <\/div>\r\n\n\n     <div class=\"stats_section\">\r\n        <div class=\"stats_bg\">\r\n                        <img decoding=\"async\" src=\"https:\/\/www.achilles.com\/app\/uploads\/2025\/10\/joshua-sortino-LqKhnDzSF-8-unsplash-1.jpg\" alt=\"\">\r\n                    <\/div>\r\n        <div class=\"container\">\r\n            <div class=\"stats_inner\">\r\n                <div class=\"corner corner_top_left\"><\/div>\r\n                <div class=\"corner corner_top_right\"><\/div>\r\n                <div class=\"corner corner_bottom_left\"><\/div>\r\n                <div class=\"corner corner_bottom_right\"><\/div>\r\n                <div class=\"stats_wrap stats_anim\">\r\n                                        <div class=\"stats_item stats_anim_item\" data-total=\"6500\">\r\n                        <div class=\"stats_item_inner\">\r\n                            <p class=\"stats_item_count\"><span class=\"stats_anim_total\">0<\/span><\/p>\r\n                                                        <p class=\"stats_item_name\">Audit in tutto il mondo.<\/p>\r\n                                                    <\/div>\r\n                    <\/div>\r\n                                        <div class=\"stats_item stats_anim_item\" data-total=\"30\">\r\n                        <div class=\"stats_item_inner\">\r\n                            <p class=\"stats_item_count\"><span class=\"stats_anim_total\">0<\/span><\/p>\r\n                                                        <p class=\"stats_item_name\"> Anni di esperienza.<\/p>\r\n                                                    <\/div>\r\n                    <\/div>\r\n                                        <div class=\"stats_item stats_anim_item\" data-total=\"200\">\r\n                        <div class=\"stats_item_inner\">\r\n                            <p class=\"stats_item_count\"><span class=\"stats_anim_total\">0<\/span><span class=\"stats_item_symbol\"> <\/span><\/p>\r\n                                                        <p class=\"stats_item_name\">Revisori dei conti situati a livello internazionale.<\/p>\r\n                                                    <\/div>\r\n                    <\/div>\r\n                                    <\/div>\r\n            <\/div>\r\n        <\/div>\r\n    <\/div>\r\n\n\n    <div class=\"content_section bg_grey\">\r\n        <div class=\"container\">\r\n                        <div class=\"description_section\">\r\n                                <p class=\"title_category\">TIPI DI AUDIT<\/p>\r\n                                <div class=\"typical_text\">\r\n                    <p>Proteggi la reputazione della tua azienda con un resoconto sicuro sulla trasparenza della tua catena di fornitura, rispettando gli elevati standard etici, sostenibili e ambientali di oggi.<\/p>\n                <\/div>\r\n                            <\/div>\r\n                        <div class=\"features_wrap\">\r\n                                <div class=\"feature_item\">\r\n                                        <h3 class=\"feature_item_name\">Audit desktop<\/h3>\r\n                                        <div class=\"typical_text\">\r\n                        <p>Gli audit desktop sono condotti da remoto e valutano i documenti del sistema di gestione di un&#8217;azienda per verificare la conformit\u00e0 alla legislazione e agli standard internazionali, tra cui ISO 45001, ISO 14001 e SA8000, nonch\u00e9 ai quadri e agli standard di rendicontazione.<\/p>\n                    <\/div>\r\n                                    <\/div>\r\n                                <div class=\"feature_item\">\r\n                                        <h3 class=\"feature_item_name\">Audit in loco<\/h3>\r\n                                        <div class=\"typical_text\">\r\n                        <p>Queste valutazioni complete vanno oltre la documentazione, valutando i sistemi di gestione e coinvolgendo interviste anonime alle parti interessate. Condotti da revisori certificati a livello mondiale, questi audit forniscono una comprensione pi\u00f9 approfondita delle pratiche di un&#8217;azienda. <\/p>\n                    <\/div>\r\n                                    <\/div>\r\n                            <\/div>\r\n                    <\/div>\r\n    <\/div>\r\n\n\n    <div class=\"content_section\">\r\n        <div class=\"container\">\r\n                        <div class=\"posts_panel\">\r\n                <div class=\"description_section\">\r\n                                        <p class=\"title_category\">Notizie e Approfondimenti<\/p>\r\n                     \r\n                    <h2 class=\"title_section\">Selezionato per te<\/h2>\r\n                                    <\/div>\r\n                            <\/div>\r\n                                    <div class=\"posts_wrap\">\r\n                                <div class=\"post_item\">\r\n                    <div class=\"post_item_top\">\r\n                                                <a class=\"post_item_img\" href=\"https:\/\/www.achilles.com\/it\/informazioni-settoriali\/wind-europe-2026-madrid\/\">\r\n                            <img decoding=\"async\" src=\"https:\/\/www.achilles.com\/app\/uploads\/2023\/06\/renewable-energies.jpg\" alt=\"Wind Europe 2026 Madrid: Rafforzare la preparazione dei fornitori\">\r\n                        <\/a>\r\n                                                <ul class=\"post_item_categories\">\r\n                                                        <li>Informazioni settoriali<\/li>\r\n                                                    <\/ul>\r\n                    <\/div>\r\n                    <a class=\"post_item_name\" href=\"https:\/\/www.achilles.com\/it\/informazioni-settoriali\/wind-europe-2026-madrid\/\">Wind Europe 2026 Madrid: Rafforzare la preparazione dei fornitori<\/a>\r\n                <\/div>\r\n                                <div class=\"post_item\">\r\n                    <div class=\"post_item_top\">\r\n                                                <a class=\"post_item_img\" href=\"https:\/\/www.achilles.com\/it\/informazioni-settoriali\/indagine-globale-catena-fornitura\/\">\r\n                            <img decoding=\"async\" src=\"https:\/\/www.achilles.com\/app\/uploads\/2026\/03\/Web-page-top-banner-thumbnail-of-Achilles-Global-Supplier-Risk-and-Sustainability-Survey-2026.jpg\" alt=\"Indagine globale di Achilles rivela significative lacune di visibilit\u00e0 nelle catene di fornitura\">\r\n                        <\/a>\r\n                                                <ul class=\"post_item_categories\">\r\n                                                        <li>Comunicati stampa<\/li>\r\n                                                        <li>Informazioni settoriali<\/li>\r\n                                                    <\/ul>\r\n                    <\/div>\r\n                    <a class=\"post_item_name\" href=\"https:\/\/www.achilles.com\/it\/informazioni-settoriali\/indagine-globale-catena-fornitura\/\">Indagine globale di Achilles rivela significative lacune di visibilit\u00e0 nelle catene di fornitura<\/a>\r\n                <\/div>\r\n                                <div class=\"post_item\">\r\n                    <div class=\"post_item_top\">\r\n                                                <a class=\"post_item_img\" href=\"https:\/\/www.achilles.com\/it\/informazioni-settoriali\/il-report-annuale-su-rischio-e-sostenibilita-di-achilles-2026\/\">\r\n                            <img decoding=\"async\" src=\"https:\/\/www.achilles.com\/app\/uploads\/2026\/03\/Web-page-top-banner-thumbnail-of-Achilles-Global-Supplier-Risk-and-Sustainability-Survey-2026.jpg\" alt=\"Il Report Annuale su Rischio e Sostenibilit\u00e0 di Achilles 2026\">\r\n                        <\/a>\r\n                                                <ul class=\"post_item_categories\">\r\n                                                        <li>Guide<\/li>\r\n                                                        <li>Informazioni settoriali<\/li>\r\n                                                    <\/ul>\r\n                    <\/div>\r\n                    <a class=\"post_item_name\" href=\"https:\/\/www.achilles.com\/it\/informazioni-settoriali\/il-report-annuale-su-rischio-e-sostenibilita-di-achilles-2026\/\">Il Report Annuale su Rischio e Sostenibilit\u00e0 di Achilles 2026<\/a>\r\n                <\/div>\r\n                            <\/div>\r\n                    <\/div>\r\n    <\/div>\r\n\n\n    <div class=\"request_section\">\r\n        <div class=\"contact_bg\">\r\n                        <img decoding=\"async\" src=\"https:\/\/www.achilles.com\/app\/uploads\/2023\/07\/SMEs-bid-for-tenders.jpg\" alt=\"\">\r\n                    <\/div>\r\n        <div class=\"container\">\r\n            <div class=\"request_inner\">\r\n                                <div class=\"request_wrapper\">\r\n                <h2 class=\"title_section\">Contattate<\/h2>\r\n                <\/div>\r\n                                <div class=\"request_box\">\r\n                                        <h5 class=\"contact_content_subtitle\">Scopri come applicare le migliori pratiche di due diligence per la tua azienda.<\/h5>\r\n                    <script charset=\"utf-8\" type=\"text\/javascript\" src=\"\/\/js.hsforms.net\/forms\/embed\/v2.js\"><\/script>\r\n<script>\r\n  hbspt.forms.create({\r\n    region: \"na1\",\r\n    portalId: \"5387762\",\r\n    formId: \"bb749c2b-a8a1-4010-b3d9-f44ce8642e3b\"\r\n  });\r\n<\/script>                <\/div>\r\n            <\/div>\r\n        <\/div>\r\n    <\/div>\r\n\r\n","protected":false},"excerpt":{"rendered":"","protected":false},"author":24,"featured_media":0,"parent":0,"menu_order":0,"comment_status":"closed","ping_status":"closed","template":"","meta":{"_acf_changed":true,"content-type":"","footnotes":""},"class_list":["post-54076","page","type-page","status-publish","hentry"],"acf":[],"_links":{"self":[{"href":"https:\/\/www.achilles.com\/it\/wp-json\/wp\/v2\/pages\/54076","targetHints":{"allow":["GET"]}}],"collection":[{"href":"https:\/\/www.achilles.com\/it\/wp-json\/wp\/v2\/pages"}],"about":[{"href":"https:\/\/www.achilles.com\/it\/wp-json\/wp\/v2\/types\/page"}],"author":[{"embeddable":true,"href":"https:\/\/www.achilles.com\/it\/wp-json\/wp\/v2\/users\/24"}],"replies":[{"embeddable":true,"href":"https:\/\/www.achilles.com\/it\/wp-json\/wp\/v2\/comments?post=54076"}],"version-history":[{"count":0,"href":"https:\/\/www.achilles.com\/it\/wp-json\/wp\/v2\/pages\/54076\/revisions"}],"wp:attachment":[{"href":"https:\/\/www.achilles.com\/it\/wp-json\/wp\/v2\/media?parent=54076"}],"curies":[{"name":"wp","href":"https:\/\/api.w.org\/{rel}","templated":true}]}}