{"id":407,"date":"2023-05-12T13:19:22","date_gmt":"2023-05-12T12:19:22","guid":{"rendered":"https:\/\/uat.achilles.com\/about-us\/"},"modified":"2025-12-22T13:53:40","modified_gmt":"2025-12-22T13:53:40","slug":"su-di-noi","status":"publish","type":"page","link":"https:\/\/www.achilles.com\/it\/chi-siamo\/","title":{"rendered":"Chi siamo"},"content":{"rendered":"    <div class=\"top_section\">\n        <div class=\"container\">\n            <div class=\"top_info half\">\n                                    <h1 class=\"top_title\">Chi siamo<\/h1>\n                                    <div class=\"top_text\">\n                        <p class=\"p1\">Achilles \u00e8 un leader globale nella gestione del rischio ESG, impegnato nella lotta al cambiamento climatico, nella tutela dei diritti umani e nella promozione della salute e sicurezza sul lavoro.<br data-start=\"860\" data-end=\"863\" \/>Le nostre soluzioni aiutano le aziende a migliorare la conformit\u00e0 normativa, ridurre i rischi operativi e rafforzare la sostenibilit\u00e0 della supply chain.<\/p>\n                    <\/div>\n                                    <div class=\"top_buttons\">\n                                                    <a class=\"btn btn_white btn_big\" href=\"\/find-your-network\/\">Trova la tua rete<\/a>\n                                                    <a class=\"btn btn_big\" href=\"\/contact-us\">Parla con un esperto di rischio della supply chain<\/a>\n                                            <\/div>\n                            <\/div>\n        <\/div>\n        <div class=\"top_media\">\n\t\t\t            <img decoding=\"async\" src=\"https:\/\/www.achilles.com\/app\/uploads\/2023\/07\/MicrosoftTeams-image-14-scaled-2.jpg\" alt=\"\">\n                    <\/div>\n    <\/div>\n\n\n    <div class=\"content_section page_default_text\">\r\n        <div class=\"container\">\r\n            <article class=\"article_wrap\">\r\n                <div class=\"article_main\">\r\n                    <div class=\"typical_text\">\r\n                        <h2>Da oltre 30 anni, Achilles lavora per costruire un mondo pi\u00f9 sostenibile, sicuro, trasparente ed equo.<\/h2>\n<p>Grazie alla nostra piattaforma tecnologica globale e a protocolli basati su una competenza ESG senza pari, i nostri validatori e auditor altamente qualificati svolgono attivit\u00e0 di due diligence e forniscono analisi approfondite che consentono alle organizzazioni di gestire il rischio nella supply chain con sicurezza e di rispettare pienamente i requisiti in materia di ESG, sostenibilit\u00e0, diritti umani e salute e sicurezza sul lavoro.<\/p>\n \r\n                    <\/div>\r\n                <\/div>\r\n            <\/article>\r\n        <\/div>\r\n    <\/div>\r\n\n\n    <div class=\"quote_section\">\r\n        <div class=\"quote_bg\">\r\n                        <img decoding=\"async\" src=\"https:\/\/www.achilles.com\/app\/uploads\/2023\/07\/iStock-1130406722-scaled-1-e1696931703178.jpg\" alt=\"\">\r\n                    <\/div>\r\n        <div class=\"container\">\r\n            <div class=\"quote_wrapper\">\r\n                <div class=\"quote_item\">\r\n                                        <div class=\"quote_item_text\">\r\n                        <p>Sono lieto di collaborare con Achilles per contrastare gli abusi e lo sfruttamento dei lavoratori.<br data-start=\"277\" data-end=\"280\" \/>La nostra collaborazione e la condivisione di conoscenze e dati permettono a entrambe le organizzazioni di rafforzare la resilienza delle imprese globali nella gestione dei rischi legati alla schiavit\u00f9 moderna.<\/p>\n                    <\/div>\r\n                                        <p class=\"quote_item_author\">Justine Currell, Direttrice Esecutiva, Unseen UK<\/p>\r\n                                        <a href=\"\/contact-us\" class=\"btn btn_big\">Inizia ora<\/a>\r\n                                    <\/div>\r\n            <\/div>\r\n        <\/div>\r\n    <\/div>\r\n\n\n            <div class=\"content_section bg_grey\">\r\n            <div class=\"container\">\r\n                <div class=\"content_intro\">\r\n                    <div class=\"content_intro_info\">\r\n                                                <h2 class=\"title_section\">Gestione completa del rischio nella supply chain<\/h2>\r\n                                                <div class=\"typical_text\">\r\n                            <p>Achilles offre una soluzione completa per la gestione del rischio nella supply chain.<br data-start=\"219\" data-end=\"222\" \/>Siamo leader a livello globale nella regolamentazione degli acquisti e della catena di fornitura, nella salute e sicurezza sul lavoro, nella gestione del rischio finanziario e informatico, nonch\u00e9 nella sostenibilit\u00e0 e gestione delle emissioni di carbonio.<\/p>\n                        <\/div>\r\n                                                <a class=\"btn btn_white\" href=\"\/risk-mitigation\/\">Scopri di pi\u00f9<\/a>\r\n                                            <\/div>\r\n                                    <\/div>\r\n            <\/div>\r\n        <\/div>\r\n    \n\n            <div class=\"content_section\">\r\n            <div class=\"container\">\r\n                <div class=\"content_intro right\">\r\n                    <div class=\"content_intro_info\">\r\n                                                <h2 class=\"title_section\">Trasparenza senza pari nella supply chain<\/h2>\r\n                                                <div class=\"typical_text\">\r\n                            <p>Attraverso un processo di validazione rigoroso e multilivello, Achilles combina dati provenienti da diverse fonti con audit onsite e interviste ai lavoratori, garantendo trasparenza, affidabilit\u00e0 e visibilit\u00e0 ESG lungo l\u2019intera supply chain.<\/p>\n                        <\/div>\r\n                                                <a class=\"btn btn_white\" href=\"\/supply-chain-visibility\/\">Scopri di pi\u00f9<\/a>\r\n                                            <\/div>\r\n                                    <\/div>\r\n            <\/div>\r\n        <\/div>\r\n    \n\n            <div class=\"content_section bg_grey\">\r\n            <div class=\"container\">\r\n                <div class=\"content_intro\">\r\n                    <div class=\"content_intro_info\">\r\n                                                <h2 class=\"title_section\">Riduzione efficace delle emissioni di carbonio<\/h2>\r\n                                                <div class=\"typical_text\">\r\n                            <p data-start=\"152\" data-end=\"408\">Achilles offre l\u2019unico programma di Riduzione del Carbonio accreditato in Europa, progettato per misurare e ridurre in modo indipendente le emissioni di carbonio e per soddisfare tutti i requisiti di rendicontazione richiesti dagli stakeholder.<\/p>\n<p data-start=\"410\" data-end=\"587\">Nel 2022, grazie ai programmi Achilles, le organizzazioni hanno ridotto 97.000 tonnellate di CO\u2082, un impatto equivalente alla piantumazione di 4,8 milioni di alberi.<\/p>\n                        <\/div>\r\n                                                <a class=\"btn btn_white\" href=\"\/carbon-reduction\/\">Scopri di pi\u00f9<\/a>\r\n                                            <\/div>\r\n                                    <\/div>\r\n            <\/div>\r\n        <\/div>\r\n    \n\n    <div class=\"content_section bg_grey\">\r\n        <div class=\"container\">\r\n                        <div class=\"description_section\">\r\n                                <h2 class=\"title_section\">Il valore distintivo di Achilles<\/h2>\r\n                                <div class=\"typical_text\">\r\n                    <p>Achilles \u00e8 l\u2019unico specialista ESG a offrire valutazioni realmente approfondite, che includono anche audit onsite, per garantire il livello di trasparenza e affidabilit\u00e0 della supply chain oggi richiesto dalle organizzazioni pi\u00f9 responsabili, etiche e attente all\u2019ambiente.<\/p>\n                <\/div>\r\n                            <\/div>\r\n                        <div class=\"features_wrap features_four\">\r\n                                <div class=\"feature_item\">\r\n                                        <div class=\"feature_item_icon\">\r\n                        <img decoding=\"async\" src=\"https:\/\/www.achilles.com\/app\/uploads\/2025\/08\/global-coverage-icon.png\" alt=\"Icon depicting global coverage\">\r\n                    <\/div>\r\n                                        <h3 class=\"feature_item_name\">Pi\u00f9 di 500 persone<\/h3>\r\n                                        <div class=\"typical_text\">\r\n                        <p>Un team globale di esperti, che include validatori e auditor, fornisce supporto completo end-to-end nella gestione della supply chain e assistenza ai clienti in oltre 20 lingue.<\/p>\n                    <\/div>\r\n                                        <a class=\"btn\" aria-label=\"Pi\u00f9 di 500 persone - Scopri di pi\u00f9\" href=\"\/about-us\/executive-team\/\">Scopri di pi\u00f9<\/a>\r\n                                    <\/div>\r\n                                <div class=\"feature_item\">\r\n                                        <div class=\"feature_item_icon\">\r\n                        <img decoding=\"async\" src=\"https:\/\/www.achilles.com\/app\/uploads\/2025\/05\/Globe-icon-1.png\" alt=\"world globe in dark green\">\r\n                    <\/div>\r\n                                        <h3 class=\"feature_item_name\">17 Paesi<\/h3>\r\n                                        <div class=\"typical_text\">\r\n                        <p>Una presenza globale con competenze locali garantisce una profonda conoscenza delle normative locali, della lingua e del contesto culturale, consentendo una gestione del rischio della supply chain pi\u00f9 efficace e affidabile.<\/p>\n                    <\/div>\r\n                                        <a class=\"btn\" aria-label=\"17 Paesi - Scopri di pi\u00f9\" href=\"\/location-search\/\">Scopri di pi\u00f9<\/a>\r\n                                    <\/div>\r\n                                <div class=\"feature_item\">\r\n                                        <div class=\"feature_item_icon\">\r\n                        <img decoding=\"async\" src=\"https:\/\/www.achilles.com\/app\/uploads\/2025\/03\/geopolitical-icon-2.png\" alt=\"construction document icon\">\r\n                    <\/div>\r\n                                        <h3 class=\"feature_item_name\">Oltre 6.500 audit<\/h3>\r\n                                        <div class=\"typical_text\">\r\n                        <p>Le capacit\u00e0 uniche di Achilles in materia di audit documentali e audit onsite, insieme alle interviste dirette ai lavoratori, supportano in modo efficace i requisiti e gli obiettivi di due diligence rigorosa della supply chain.<\/p>\n                    <\/div>\r\n                                        <a class=\"btn\" aria-label=\"Oltre 6.500 audit - Scopri di pi\u00f9\" href=\"\/features\/ethical-business-programme\/\">Scopri di pi\u00f9<\/a>\r\n                                    <\/div>\r\n                                <div class=\"feature_item\">\r\n                                        <div class=\"feature_item_icon\">\r\n                        <img decoding=\"async\" src=\"https:\/\/www.achilles.com\/app\/uploads\/2025\/09\/portal-icon.png\" alt=\"screen icon showing dashboard\">\r\n                    <\/div>\r\n                                        <h3 class=\"feature_item_name\">Piattaforma globale n.1<\/h3>\r\n                                        <div class=\"typical_text\">\r\n                        <p>La piattaforma MyAchilles \u00e8 progettata per raccogliere, validare e gestire dati complessi della supply chain, semplificando la gestione dei fornitori e i processi di reporting.<br data-start=\"293\" data-end=\"296\" \/>Grazie a un approccio strutturato e basato su dati affidabili, MyAchilles aiuta le organizzazioni a migliorare trasparenza, conformit\u00e0 e controllo del rischio lungo l\u2019intera catena di fornitura.<\/p>\n                    <\/div>\r\n                                        <a class=\"btn\" aria-label=\"Piattaforma globale n.1 - Scopri di pi\u00f9\" href=\"\/my-achilles\/\">Scopri di pi\u00f9<\/a>\r\n                                    <\/div>\r\n                            <\/div>\r\n                    <\/div>\r\n    <\/div>\r\n\n\n    <div class=\"content_section\">\r\n        <div class=\"container\">\r\n                        <div class=\"posts_panel\">\r\n                <div class=\"description_section\">\r\n                                        <p class=\"title_category\">Comunicati stampa<\/p>\r\n                     \r\n                    <h2 class=\"title_section\">Resta aggiornato sulle ultime novit\u00e0 di Achilles<\/h2>\r\n                                    <\/div>\r\n                            <\/div>\r\n                                    <div class=\"posts_wrap\">\r\n                                <div class=\"post_item\">\r\n                    <div class=\"post_item_top\">\r\n                                                <a class=\"post_item_img\" href=\"https:\/\/www.achilles.com\/it\/informazioni-settoriali\/indagine-globale-catena-fornitura\/\">\r\n                            <img decoding=\"async\" src=\"https:\/\/www.achilles.com\/app\/uploads\/2026\/03\/Web-page-top-banner-thumbnail-of-Achilles-Global-Supplier-Risk-and-Sustainability-Survey-2026.jpg\" alt=\"Indagine globale di Achilles rivela significative lacune di visibilit\u00e0 nelle catene di fornitura\">\r\n                        <\/a>\r\n                                                <ul class=\"post_item_categories\">\r\n                                                        <li>Comunicati stampa<\/li>\r\n                                                        <li>Informazioni settoriali<\/li>\r\n                                                    <\/ul>\r\n                    <\/div>\r\n                    <a class=\"post_item_name\" href=\"https:\/\/www.achilles.com\/it\/informazioni-settoriali\/indagine-globale-catena-fornitura\/\">Indagine globale di Achilles rivela significative lacune di visibilit\u00e0 nelle catene di fornitura<\/a>\r\n                <\/div>\r\n                                <div class=\"post_item\">\r\n                    <div class=\"post_item_top\">\r\n                                                <a class=\"post_item_img\" href=\"https:\/\/www.achilles.com\/it\/informazioni-settoriali\/cushman-wakefield-sceglie-achilles-qualifica-fornitori\/\">\r\n                            <img decoding=\"async\" src=\"https:\/\/www.achilles.com\/app\/uploads\/2024\/04\/construction2-scaled.jpg\" alt=\"Cushman &amp; Wakefield sceglie Achilles per strutturare il proprio processo di qualifica dei fornitori\">\r\n                        <\/a>\r\n                                                <ul class=\"post_item_categories\">\r\n                                                        <li>Comunicati stampa<\/li>\r\n                                                        <li>Informazioni settoriali<\/li>\r\n                                                    <\/ul>\r\n                    <\/div>\r\n                    <a class=\"post_item_name\" href=\"https:\/\/www.achilles.com\/it\/informazioni-settoriali\/cushman-wakefield-sceglie-achilles-qualifica-fornitori\/\">Cushman &amp; Wakefield sceglie Achilles per strutturare il proprio processo di qualifica dei fornitori<\/a>\r\n                <\/div>\r\n                                <div class=\"post_item\">\r\n                    <div class=\"post_item_top\">\r\n                                                <a class=\"post_item_img\" href=\"https:\/\/www.achilles.com\/it\/informazioni-settore\/inchcape-shipping-services-joins-the-achilles-maritime-network-to-strengthen-esg-and-supply-chain-oversight\/\">\r\n                            <img decoding=\"async\" src=\"https:\/\/www.achilles.com\/app\/uploads\/2025\/12\/Inchcape-Shipping-Services-Achilles-Maritime-Network.png\" alt=\"Inchcape Shipping Services rafforza la collaborazione globale con Achilles per la gestione dei rischi e le performance ESG\">\r\n                        <\/a>\r\n                                                <ul class=\"post_item_categories\">\r\n                                                        <li>Comunicati stampa<\/li>\r\n                                                    <\/ul>\r\n                    <\/div>\r\n                    <a class=\"post_item_name\" href=\"https:\/\/www.achilles.com\/it\/informazioni-settore\/inchcape-shipping-services-joins-the-achilles-maritime-network-to-strengthen-esg-and-supply-chain-oversight\/\">Inchcape Shipping Services rafforza la collaborazione globale con Achilles per la gestione dei rischi e le performance ESG<\/a>\r\n                <\/div>\r\n                            <\/div>\r\n                    <\/div>\r\n    <\/div>\r\n\n\n    <div class=\"content_section\">\r\n        <div class=\"container\">\r\n                        <div class=\"content_block\">\r\n                                <div class=\"description_section\">\r\n                                        <p class=\"title_category\">Certificazioni<\/p>\r\n                                        <h2 class=\"title_section\">Achilles opera in conformit\u00e0 e in collaborazione con gli standard internazionali riconosciuti, garantendo coerenza, affidabilit\u00e0 e conformit\u00e0 normativa lungo l\u2019intera catena di fornitura.<\/h2>\r\n                                    <\/div>\r\n                                <div class=\"logos_block\">\r\n                    <div class=\"logos_slider swiper-container\">\r\n                        <div class=\"swiper-wrapper\">\r\n                                                        <div class=\"logo_slide_item swiper-slide\">\r\n                                <img decoding=\"async\" src=\"https:\/\/www.achilles.com\/app\/uploads\/2023\/05\/certification_1.png\" width=\"144\" alt=\"\">\r\n                            <\/div>\r\n                                                        <div class=\"logo_slide_item swiper-slide\">\r\n                                <img decoding=\"async\" src=\"https:\/\/www.achilles.com\/app\/uploads\/2023\/05\/certification_2.jpg\" width=\"144\" alt=\"\">\r\n                            <\/div>\r\n                                                        <div class=\"logo_slide_item swiper-slide\">\r\n                                <img decoding=\"async\" src=\"https:\/\/www.achilles.com\/app\/uploads\/2023\/05\/certification_3.jpg\" width=\"145\" alt=\"\">\r\n                            <\/div>\r\n                                                        <div class=\"logo_slide_item swiper-slide\">\r\n                                <img decoding=\"async\" src=\"https:\/\/www.achilles.com\/app\/uploads\/2023\/05\/certification_4.png\" width=\"143\" alt=\"\">\r\n                            <\/div>\r\n                                                    <\/div>\r\n                    <\/div>\r\n                    <div class=\"logos_arrow logos_arrow_prev icon-Chevron-Left\"><\/div>\r\n                    <div class=\"logos_arrow logos_arrow_next icon-Chevron-Right\"><\/div>\r\n                <\/div>\r\n                            <\/div>\r\n                    <\/div>\r\n    <\/div>\r\n\n\n    <div class=\"content_section bg_grey\">\r\n        <div class=\"container\">\r\n                                    <div class=\"cta_wrap\">\r\n                                <a href=\"\/about-us\/careers\/\" class=\"cta_box\" >\r\n                    <div class=\"cta_box_bg\">\r\n                                                <img decoding=\"async\" src=\"https:\/\/www.achilles.com\/app\/uploads\/2023\/05\/quote_team.jpg\" alt=\"\">\r\n                                            <\/div>\r\n                    <div class=\"cta_box_info\">\r\n                                                <h3 class=\"cta_box_name\">Unisciti al team Achilles<\/h3>\r\n                                                <span class=\"btn\">Visualizza le posizioni aperte<\/span>\r\n                                            <\/div>\r\n                <\/a>\r\n                                <a href=\"\/location-search\/\" class=\"cta_box\" >\r\n                    <div class=\"cta_box_bg\">\r\n                                                <img decoding=\"async\" src=\"https:\/\/www.achilles.com\/app\/uploads\/2023\/06\/iStock-1435661969.jpg\" alt=\"G\">\r\n                                            <\/div>\r\n                    <div class=\"cta_box_info\">\r\n                                                <h3 class=\"cta_box_name\">Uffici nel mondo<\/h3>\r\n                                                <span class=\"btn\">Esplora le nostre sedi<\/span>\r\n                                            <\/div>\r\n                <\/a>\r\n                            <\/div>\r\n                        <div class=\"cta_text typical_text\">\r\n                <p>Scopri di pi\u00f9 sulle nostre <a href=\"#\">Responsabilit\u00e0 Sociali<\/a> d\u2019Impresa qui.<\/p>\n            <\/div>\r\n                                <\/div>\r\n    <\/div>\r\n","protected":false},"excerpt":{"rendered":"","protected":false},"author":1,"featured_media":0,"parent":0,"menu_order":0,"comment_status":"closed","ping_status":"closed","template":"","meta":{"_acf_changed":true,"content-type":"","footnotes":""},"class_list":["post-407","page","type-page","status-publish","hentry"],"acf":[],"_links":{"self":[{"href":"https:\/\/www.achilles.com\/it\/wp-json\/wp\/v2\/pages\/407","targetHints":{"allow":["GET"]}}],"collection":[{"href":"https:\/\/www.achilles.com\/it\/wp-json\/wp\/v2\/pages"}],"about":[{"href":"https:\/\/www.achilles.com\/it\/wp-json\/wp\/v2\/types\/page"}],"author":[{"embeddable":true,"href":"https:\/\/www.achilles.com\/it\/wp-json\/wp\/v2\/users\/1"}],"replies":[{"embeddable":true,"href":"https:\/\/www.achilles.com\/it\/wp-json\/wp\/v2\/comments?post=407"}],"version-history":[{"count":0,"href":"https:\/\/www.achilles.com\/it\/wp-json\/wp\/v2\/pages\/407\/revisions"}],"wp:attachment":[{"href":"https:\/\/www.achilles.com\/it\/wp-json\/wp\/v2\/media?parent=407"}],"curies":[{"name":"wp","href":"https:\/\/api.w.org\/{rel}","templated":true}]}}