{"id":24830,"date":"2023-06-12T17:16:16","date_gmt":"2023-06-12T16:16:16","guid":{"rendered":"https:\/\/uat.achilles.com\/products\/dichiarazione-di-assicurazione-limitata\/"},"modified":"2023-10-17T01:09:47","modified_gmt":"2023-10-16T22:09:47","slug":"dichiarazione-di-assicurazione-limitata","status":"publish","type":"page","link":"https:\/\/www.achilles.com\/it\/products\/dichiarazione-di-assicurazione-limitata\/","title":{"rendered":"Dichiarazione di affidabilit\u00e0"},"content":{"rendered":"    <div class=\"top_section\">\n        <div class=\"container\">\n            <div class=\"top_info half\">\n                                    <h1 class=\"top_title\">Dichiarazione di affidabilit\u00e0<\/h1>\n                                    <div class=\"top_text\">\n                        <p>La Dichiarazione di Garanzia Limitata di Achille fornisce una verifica e una convalida completa delle dichiarazioni di sostenibilit\u00e0 nel contesto dei prestiti legati alla sostenibilit\u00e0.<\/p>\n                    <\/div>\n                                    <div class=\"top_buttons\">\n                                                    <a class=\"btn btn_big\" href=\"\/contact-us\">Parla con un esperto di Achille<\/a>\n                                            <\/div>\n                            <\/div>\n        <\/div>\n        <div class=\"top_media\">\n\t\t\t            <img decoding=\"async\" src=\"https:\/\/www.achilles.com\/app\/uploads\/2023\/10\/iStock-1181720111-scaled.jpg\" alt=\"\">\n                    <\/div>\n    <\/div>\n    <div class=\"content_section page_default_text\">\r\n        <div class=\"container\">\r\n            <article class=\"article_wrap\">\r\n                <div class=\"article_main\">\r\n                    <div class=\"typical_text\">\r\n                        <p class=\"p1\">L&#8217;Achilles Statement of Assurance comprende tutti gli aspetti cruciali dell&#8217;assicurazione finanziaria, consentendo ai finanziatori di prendere decisioni informate e di impegnarsi in finanziamenti responsabili con fiducia e ai mutuatari di dimostrare chiaramente prestazioni ambiziose, materiali e quantificabili rispetto ai KPI ambientali, sociali e di governance e agli Obiettivi di Performance di Sostenibilit\u00e0 (SPT).<\/p>\n \r\n                    <\/div>\r\n                <\/div>\r\n            <\/article>\r\n        <\/div>\r\n    <\/div>\r\n            <div class=\"content_section bg_grey\">\r\n            <div class=\"container\">\r\n                <div class=\"content_wrap\">\r\n                    <div class=\"content_info ogo2\">\r\n                                                <h2 class=\"title_page\">Verifica indipendente e rigorosa<\/h2>\r\n                                                <div class=\"typical_text\">\r\n                            <p class=\"p1\">L&#8217;Achilles Statement of Assurance fornisce una valutazione indipendente e meticolosa delle performance di sostenibilit\u00e0 dei mutuatari. Il nostro team di esperti di sostenibilit\u00e0 conduce una valutazione approfondita delle pratiche di sostenibilit\u00e0, dell&#8217;accuratezza dei dati, dei KPI e dei processi di reporting. Questa verifica imparziale aiuta a eliminare i rischi di greenwashing e garantisce l&#8217;affidabilit\u00e0 delle dichiarazioni di sostenibilit\u00e0 del mutuatario.<\/p>\n                        <\/div>\r\n                                            <\/div>\r\n\t\t\t\t\t\t\t\t\t\t\r\n                                    <\/div>\r\n            <\/div>\r\n        <\/div>\r\n                <div class=\"content_section\">\r\n            <div class=\"container\">\r\n                <div class=\"content_wrap right\">\r\n                    <div class=\"content_info ogo2\">\r\n                                                <h2 class=\"title_page\">Gestione olistica del rischio<\/h2>\r\n                                                <div class=\"typical_text\">\r\n                            <p class=\"p1\">La Dichiarazione di Garanzia Limitata di Achille consente ai finanziatori di gestire in modo proattivo i rischi associati ai prestiti legati alla sostenibilit\u00e0. Il nostro processo di garanzia valuta i sistemi di gestione della sostenibilit\u00e0 del mutuatario, identificando potenziali lacune e vulnerabilit\u00e0. Prendendo in considerazione l&#8217;intera gamma di fattori ESG, forniamo ai finanziatori un&#8217;analisi del rischio completa, consentendo loro di prendere decisioni informate e di salvaguardare la performance dei loro portafogli di prestiti.<\/p>\n                        <\/div>\r\n                                            <\/div>\r\n\t\t\t\t\t\t\t\t\t\t\r\n                                    <\/div>\r\n            <\/div>\r\n        <\/div>\r\n                <div class=\"content_section bg_grey\">\r\n            <div class=\"container\">\r\n                <div class=\"content_wrap\">\r\n                    <div class=\"content_info ogo2\">\r\n                                                <h2 class=\"title_page\">Conformit\u00e0 e fiducia nei rapporti<\/h2>\r\n                                                <div class=\"typical_text\">\r\n                            <p class=\"p1\">La Dichiarazione di Garanzia di Achille garantisce la conformit\u00e0 agli accordi di prestito e ai quadri di sostenibilit\u00e0. Verifica l&#8217;adesione del mutuatario agli obiettivi di sostenibilit\u00e0 e ai requisiti di rendicontazione concordati e consente ai finanziatori di monitorare con precisione i progressi del mutuatario. I finanziatori possono contare sulla tranquillit\u00e0 di sapere che il reporting di sostenibilit\u00e0 del mutuatario \u00e8 accurato, trasparente e allineato agli standard del settore, evitando potenziali problemi di conformit\u00e0 e rischi di reputazione.<\/p>\n                        <\/div>\r\n                                            <\/div>\r\n\t\t\t\t\t\t\t\t\t\t\r\n                                    <\/div>\r\n            <\/div>\r\n        <\/div>\r\n                <div class=\"content_section\">\r\n            <div class=\"container\">\r\n                <div class=\"content_wrap right\">\r\n                    <div class=\"content_info ogo2\">\r\n                                                <h2 class=\"title_page\">Fiducia e credibilit\u00e0<\/h2>\r\n                                                <div class=\"typical_text\">\r\n                            <p class=\"p1\">L&#8217;Achilles Statement of Assurance consente ai finanziatori di comunicare con sicurezza le performance di sostenibilit\u00e0 dei mutuatari agli stakeholder. La solida dichiarazione di affidabilit\u00e0 di Achille agisce come un sigillo di credibilit\u00e0, rafforzando la reputazione e promuovendo la fiducia di investitori, clienti e pubblico.<\/p>\n                        <\/div>\r\n                                            <\/div>\r\n\t\t\t\t\t\t\t\t\t\t\r\n                                    <\/div>\r\n            <\/div>\r\n        <\/div>\r\n                <div class=\"content_section\">\r\n            <div class=\"container\">\r\n                <div class=\"content_wrap\">\r\n                    <div class=\"content_info ogo2\">\r\n                                                <h2 class=\"title_page\">Differenziazione e coinvolgimento<\/h2>\r\n                                                <div class=\"typical_text\">\r\n                            <p class=\"p1\">Utilizzando l&#8217;Achilles Statement of Assurance, i finanziatori e i mutuatari dimostrano il loro impegno per la sostenibilit\u00e0 e si differenziano sul mercato, rendendo pi\u00f9 facile attrarre partner orientati alla sostenibilit\u00e0, rafforzando le relazioni e aprendo nuove strade per la collaborazione.<\/p>\n                        <\/div>\r\n                                            <\/div>\r\n\t\t\t\t\t\t\t\t\t\t\r\n                                    <\/div>\r\n            <\/div>\r\n        <\/div>\r\n    ","protected":false},"excerpt":{"rendered":"","protected":false},"author":2,"featured_media":0,"parent":2102,"menu_order":0,"comment_status":"closed","ping_status":"closed","template":"","meta":{"_acf_changed":false,"content-type":"","footnotes":""},"class_list":["post-24830","page","type-page","status-publish","hentry"],"acf":[],"_links":{"self":[{"href":"https:\/\/www.achilles.com\/it\/wp-json\/wp\/v2\/pages\/24830","targetHints":{"allow":["GET"]}}],"collection":[{"href":"https:\/\/www.achilles.com\/it\/wp-json\/wp\/v2\/pages"}],"about":[{"href":"https:\/\/www.achilles.com\/it\/wp-json\/wp\/v2\/types\/page"}],"author":[{"embeddable":true,"href":"https:\/\/www.achilles.com\/it\/wp-json\/wp\/v2\/users\/2"}],"replies":[{"embeddable":true,"href":"https:\/\/www.achilles.com\/it\/wp-json\/wp\/v2\/comments?post=24830"}],"version-history":[{"count":0,"href":"https:\/\/www.achilles.com\/it\/wp-json\/wp\/v2\/pages\/24830\/revisions"}],"up":[{"embeddable":true,"href":"https:\/\/www.achilles.com\/it\/wp-json\/wp\/v2\/pages\/2102"}],"wp:attachment":[{"href":"https:\/\/www.achilles.com\/it\/wp-json\/wp\/v2\/media?parent=24830"}],"curies":[{"name":"wp","href":"https:\/\/api.w.org\/{rel}","templated":true}]}}