{"id":24817,"date":"2023-10-02T18:04:33","date_gmt":"2023-10-02T17:04:33","guid":{"rendered":"https:\/\/uat.achilles.com\/finanza-sostenibile\/"},"modified":"2023-11-07T01:22:21","modified_gmt":"2023-11-06T22:22:21","slug":"finanza-sostenibile","status":"publish","type":"page","link":"https:\/\/www.achilles.com\/it\/finanza-sostenibile\/","title":{"rendered":"Finanza sostenibile"},"content":{"rendered":"    <div class=\"top_section\">\n        <div class=\"container\">\n            <div class=\"top_info half\">\n                                    <h1 class=\"top_title\">Dare forza alla finanza sostenibile<\/h1>\n                                    <div class=\"top_text\">\n                        <p class=\"cvGsUA direction-ltr align-start para-style-body\"><span class=\"OYPEnA text-decoration-none text-strikethrough-none\">Achilles ha oltre 30 anni di esperienza nell&#8217;aiutare le aziende a rispettare i pi\u00f9 alti standard ambientali, normativi, etici e morali.<\/span><\/p>\n<p class=\"cvGsUA direction-ltr align-start para-style-body\"><span class=\"ui-provider ec bkp bhv bkq bkr bks bkt bku bkv bkw bkx bky bkz bla blb blc bld ble blf blg blh bli blj blk bll blm bln blo blp blq blr bls blt blu blv\" dir=\"ltr\">I nostri dati aiutano le imprese a definire, verificare e monitorare le loro strategie di sostenibilit\u00e0 e ad accedere ai vantaggi dei prestiti legati alla sostenibilit\u00e0.<\/span><\/p>\n                    <\/div>\n                                    <div class=\"top_buttons\">\n                                                    <a class=\"btn btn_big\" href=\"#Form\">Parla con noi<\/a>\n                                            <\/div>\n                            <\/div>\n        <\/div>\n        <div class=\"top_media\">\n\t\t\t        <\/div>\n    <\/div>\n\n\n            <div class=\"content_section\">\r\n            <div class=\"container\">\r\n                <div class=\"content_wrap right\">\r\n                    <div class=\"content_info ogo2\">\r\n                                                <p class=\"title_category\">LA SFIDA<\/p>\r\n                                                <h2 class=\"title_section\">Finanziamento tradizionale<\/h2>\r\n                                                <div class=\"typical_text\">\r\n                            <p class=\"cvGsUA direction-ltr align-start para-style-body\"><span class=\"OYPEnA text-decoration-none text-strikethrough-none\">Nel panorama in rapida evoluzione della finanza aziendale, raggiungere gli obiettivi di sostenibilit\u00e0 non \u00e8 solo un imperativo morale: \u00e8 una necessit\u00e0 finanziaria. Tuttavia, i prestiti tradizionali spesso non riescono ad allinearsi a questi obiettivi, lasciando i mutuatari di fronte a sfide quali:<\/span><\/p>\n<ul>\n<li><span class=\"OYPEnA text-decoration-none text-strikethrough-none\">Tassi di interesse elevati<\/span><\/li>\n<li><span class=\"OYPEnA text-decoration-none text-strikethrough-none\">Problemi di credibilit\u00e0<\/span><\/li>\n<li><span class=\"OYPEnA text-decoration-none text-strikethrough-none\">Flessibilit\u00e0 limitata<\/span><\/li>\n<\/ul>\n<p class=\"cvGsUA direction-ltr align-start para-style-body\">\n                        <\/div>\r\n                                            <\/div>\r\n\t\t\t\t\t\t\t\t\t\t\r\n                                    <\/div>\r\n            <\/div>\r\n        <\/div>\r\n    \n\n\n<div class=\"wp-block-columns is-layout-flex wp-container-core-columns-is-layout-9d6595d7 wp-block-columns-is-layout-flex\">\n<div class=\"wp-block-column is-layout-flow wp-block-column-is-layout-flow\" style=\"flex-basis:100%\"><\/div>\n<\/div>\n\n\n     <div class=\"stats_full\">\r\n        <div class=\"stats_bg\">\r\n                        <img decoding=\"async\" src=\"https:\/\/www.achilles.com\/app\/uploads\/2023\/07\/Trees.jpg\" alt=\"\">\r\n                    <\/div>\r\n        <div class=\"container\">\r\n            <div class=\"stats_center\">\r\n                <div class=\"corner corner_top_left\"><\/div>\r\n                <div class=\"corner corner_top_right\"><\/div>\r\n                <div class=\"corner corner_bottom_left\"><\/div>\r\n                <div class=\"corner corner_bottom_right\"><\/div>\r\n                <div class=\"stats_center_item\">\r\n                                        <div class=\"stats_anim\">\r\n                        <div class=\"stats_center_number stats_anim_item\" data-total=\"17000000000\">\r\n                            <span class=\"stats_anim_total\">0<\/span>                        <\/div>\r\n                    <\/div>\r\n                                        <p class=\"stats_center_text\">Il mercato dei prestiti legati alla sostenibilit\u00e0 (SLL) sta vivendo una crescita senza precedenti: si prevede che passer\u00e0 da 143 miliardi di dollari nel 2019 a ben 17.311 miliardi di dollari entro il 2026.<\/p>\r\n                                    <\/div>\r\n            <\/div>\r\n        <\/div>\r\n    <\/div>\r\n\n\n    <div class=\"content_section bg_grey\">\r\n        <div class=\"container\">\r\n                        <div class=\"description_section\">\r\n                                <p class=\"title_category\">IL FUTURO<\/p>\r\n                                <h2 class=\"title_section\">Trasformare la finanza per un domani sostenibile<\/h2>\r\n                                <div class=\"typical_text\">\r\n                    <p><span class=\"OYPEnA text-decoration-none text-strikethrough-none\">Come prestiti vincolati sostenibili<\/span> <span class=\"OYPEnA text-decoration-none text-strikethrough-none\">diventano sempre pi\u00f9 parte integrante della gestione del capitale e le aziende ne riconoscono l&#8217;importanza strategica. A differenza dei Prestiti Verdi e Sociali, gli SLL offrono una soluzione versatile per scopi aziendali generali, fornendo ai mutuatari una serie di vantaggi:<\/span><\/p>\n                <\/div>\r\n                            <\/div>\r\n                        <div class=\"features_wrap features_four\">\r\n                                <div class=\"feature_item\">\r\n                                        <div class=\"feature_item_icon\">\r\n                        <img decoding=\"async\" src=\"https:\/\/www.achilles.com\/app\/uploads\/2023\/06\/Achilles-icons_pound-decrease.png\" alt=\"\">\r\n                    <\/div>\r\n                                        <h3 class=\"feature_item_name\">Tassi di interesse pi\u00f9 bassi<\/h3>\r\n                                    <\/div>\r\n                                <div class=\"feature_item\">\r\n                                        <div class=\"feature_item_icon\">\r\n                        <img decoding=\"async\" src=\"https:\/\/www.achilles.com\/app\/uploads\/2023\/06\/Achilles-icons_Themis.png\" alt=\"\">\r\n                    <\/div>\r\n                                        <h3 class=\"feature_item_name\">Miglioramento della reputazione<\/h3>\r\n                                    <\/div>\r\n                                <div class=\"feature_item\">\r\n                                        <div class=\"feature_item_icon\">\r\n                        <img decoding=\"async\" src=\"https:\/\/www.achilles.com\/app\/uploads\/2023\/06\/Achilles-icons_Environmental-sustainability.png\" alt=\"\">\r\n                    <\/div>\r\n                                        <h3 class=\"feature_item_name\">Sostenibilit\u00e0 a livello aziendale<\/h3>\r\n                                    <\/div>\r\n                                <div class=\"feature_item\">\r\n                                        <div class=\"feature_item_icon\">\r\n                        <img decoding=\"async\" src=\"https:\/\/www.achilles.com\/app\/uploads\/2023\/06\/Achilles-icons_Financial-risk-and-business-continuity.png\" alt=\"\">\r\n                    <\/div>\r\n                                        <h3 class=\"feature_item_name\">Ridurre il rischio di credito<\/h3>\r\n                                    <\/div>\r\n                            <\/div>\r\n                    <\/div>\r\n    <\/div>\r\n\n\n    <div class=\"content_section\">\r\n        <div class=\"container\">\r\n                        <div class=\"tools_description\">\r\n                                <p class=\"title_category\">LA NOSTRA SOLUZIONE<\/p>\r\n                                <h2 class=\"title_section\">Sbloccare i vantaggi della finanza sostenibile<\/h2>\r\n                                <div class=\"typical_text\">\r\n                    <p>L&#8217;offerta di Achille per la finanza sostenibile \u00e8 versatile e guida il tuo percorso per sbloccare i benefici della finanza sostenibile con un approccio completo e olistico. Grazie a 30 anni di esperienza, ti mettiamo in condizione di distinguere la tua attivit\u00e0 sul mercato mentre cerchi un finanziamento sostenibile. Achille ti fornisce gli strumenti e le garanzie essenziali per un viaggio credibile e di successo.<\/p>\n<p>&nbsp;<\/p>\n<p>&nbsp;<\/p>\n                <\/div>\r\n                            <\/div>\r\n                        <div class=\"tools_wrap tabs_section\">\r\n                <div class=\"tools_tabs tabs_buttons\">\r\n                                        <div class=\"tools_btn tab_btn current\" data-tab=\"1\">\r\n                        <span>Selezione e benchmarking dei KPI<\/span>\r\n                        <span class=\"tools_btn_arrow icon-Chevron-Right\"><\/span>\r\n                    <\/div>\r\n                                        <div class=\"tools_btn tab_btn\" data-tab=\"2\">\r\n                        <span>Dichiarazione di affidabilit\u00e0<\/span>\r\n                        <span class=\"tools_btn_arrow icon-Chevron-Right\"><\/span>\r\n                    <\/div>\r\n                                        <div class=\"tools_btn tab_btn\" data-tab=\"3\">\r\n                        <span>Rapporti indipendenti periodici sui progressi dell&#8217;SPT<\/span>\r\n                        <span class=\"tools_btn_arrow icon-Chevron-Right\"><\/span>\r\n                    <\/div>\r\n                                    <\/div>\r\n                <div class=\"tools_content\">\r\n                                        <div class=\"tool_container tab_container tab_container_1 active\">\r\n                        <div class=\"typical_text\">\r\n                            <p>Achilles adotta un approccio meticoloso per aiutare a identificare e confrontare gli Indicatori di Prestazione Chiave (KPI) e gli Obiettivi di Prestazione di Sostenibilit\u00e0 (SPT) rilevanti per la tua attivit\u00e0 e allineati agli standard del settore. Sfruttando la nostra vasta esperienza nella gestione della catena di fornitura e nelle pratiche ESG, adattiamo questi indicatori per allinearli alla tua specifica strategia di sostenibilit\u00e0, assicurandoci che siano misurabili e confrontati sia con gli obiettivi interni che con i benchmark esterni del settore. Questo passo iniziale \u00e8 fondamentale per stabilire un quadro di prestiti solidi ed efficaci legati alla sostenibilit\u00e0.<\/p>\n                        <\/div>\r\n                                            <\/div>\r\n                                        <div class=\"tool_container tab_container tab_container_2\">\r\n                        <div class=\"typical_text\">\r\n                            <p><span class=\"OYPEnA text-decoration-none text-strikethrough-none\">L&#8217;Achilles Statement of Assurance (SA) \u00e8 il fulcro del nostro impegno per un finanziamento responsabile, e offre una verifica e una convalida complete per le dichiarazioni di sostenibilit\u00e0 nel campo dei prestiti legati alla sostenibilit\u00e0. Servendo come un sigillo di credibilit\u00e0 basato su prove, consente ai finanziatori di prendere decisioni informate con una fiducia senza pari e permette ai mutuatari di mostrare performance ambiziose e misurabili rispetto ai KPI ambientali, sociali e di governance (ESG) e agli Obiettivi di Performance di Sostenibilit\u00e0 (SPT). Il nostro rigoroso e indipendente processo di verifica, condotto da esperti di sostenibilit\u00e0, elimina i rischi di greenwashing e garantisce l&#8217;affidabilit\u00e0 delle dichiarazioni di sostenibilit\u00e0. Non \u00e8 solo un documento, ma un catalizzatore di fiducia, di conformit\u00e0 e di coinvolgimento positivo degli stakeholder nel perseguimento di un futuro aziendale sostenibile.  <a href=\"https:\/\/uat.achilles.com\/statement-of-limited-assurance\/\">Per saperne di pi\u00f9<\/a><\/span><\/p>\n                        <\/div>\r\n                                            <\/div>\r\n                                        <div class=\"tool_container tab_container tab_container_3\">\r\n                        <div class=\"typical_text\">\r\n                            <p><span class=\"OYPEnA text-decoration-none text-strikethrough-none\">La finanza sostenibile \u00e8 un viaggio continuo e Achilles garantisce trasparenza e responsabilit\u00e0 in ogni momento. Forniamo regolarmente rapporti indipendenti sia ai mutuatari che ai finanziatori, offrendo un resoconto dettagliato dei progressi compiuti rispetto agli Obiettivi di Performance di Sostenibilit\u00e0 (SPT). Generalmente con cadenza annuale, questi report fungono da meccanismo per monitorare e mostrare il tuo impegno verso la sostenibilit\u00e0. Sfruttando il nostro patrimonio di dati ed esperienza, questi report diventano strumenti preziosi per le aziende che cercano di allineare i loro obiettivi di sostenibilit\u00e0 in tutta l&#8217;azienda, promuovendo la fiducia e garantendo la conformit\u00e0 agli standard del settore.<\/span><\/p>\n                        <\/div>\r\n                                            <\/div>\r\n                                    <\/div>\r\n            <\/div>\r\n                    <\/div>\r\n    <\/div>\r\n\n\n\r\n\r\n  <div class=\"resources_other content_section\" id=\"insights\">\r\n        <div class=\"container\">\r\n                        <h3 class=\"title_block\">Achilles News and Insight<\/h3>\r\n                        <div class=\"resources_wrap\">\r\n                                <a class=\"resource_item\" href=\"https:\/\/www.achilles.com\/it\/informazioni-settoriali\/wind-europe-2026-madrid\/\">\r\n                                        <div class=\"resource_item_img\">\r\n                        <img decoding=\"async\" src=\"https:\/\/www.achilles.com\/app\/uploads\/2023\/06\/renewable-energies.jpg\" alt=\"Wind Europe 2026 Madrid: Rafforzare la preparazione dei fornitori\">\r\n                    <\/div>\r\n                                        <div class=\"resource_item_info\">\r\n                        <div class=\"resource_item_description\">\r\n                            <p class=\"resource_item_name\">Wind Europe 2026 Madrid: Rafforzare la preparazione dei fornitori<\/p>\r\n                            <div class=\"typical_text\">\r\n                                <p>Il settore eolico europeo sta entrando in una nuova fase\u2026<\/p>\r\n                            <\/div>\r\n                        <\/div>\r\n                                                <div class=\"resource_item_categories\">\r\n                                                        <div class=\"resource_category\">\r\n                                                                <span class=\"resource_category_name\"><\/span>\r\n                            <\/div>\r\n                                                        <div class=\"resource_category\">\r\n                                                                <span class=\"resource_category_name\"><\/span>\r\n                            <\/div>\r\n                                                    <\/div>\r\n                                            <\/div>\r\n                <\/a>\r\n                                <a class=\"resource_item\" href=\"https:\/\/www.achilles.com\/it\/industry-insights\/come-achilles-migliora-lefficienza-negli-approvvigionamenti-per-le-rinnovabili\/\">\r\n                                        <div class=\"resource_item_img\">\r\n                        <img decoding=\"async\" src=\"https:\/\/www.achilles.com\/app\/uploads\/2024\/11\/Untitled-design-12.png\" alt=\"Come Achilles guida l&#8217;efficienza nell&#8217;approvvigionamento delle energie rinnovabili\">\r\n                    <\/div>\r\n                                        <div class=\"resource_item_info\">\r\n                        <div class=\"resource_item_description\">\r\n                            <p class=\"resource_item_name\">Come Achilles guida l&#8217;efficienza nell&#8217;approvvigionamento delle energie rinnovabili<\/p>\r\n                            <div class=\"typical_text\">\r\n                                <p>Con la crescita e l&#8217;evoluzione del settore delle energie rinnovabili,\u2026<\/p>\r\n                            <\/div>\r\n                        <\/div>\r\n                                                <div class=\"resource_item_categories\">\r\n                                                        <div class=\"resource_category\">\r\n                                                                <span class=\"resource_category_name\"><\/span>\r\n                            <\/div>\r\n                                                        <div class=\"resource_category\">\r\n                                                                <span class=\"resource_category_name\"><\/span>\r\n                            <\/div>\r\n                                                    <\/div>\r\n                                            <\/div>\r\n                <\/a>\r\n                                <a class=\"resource_item\" href=\"https:\/\/www.achilles.com\/it\/informazioni-settoriali\/collaborazione-e-tecnologia-sicurezza-progetti-energetici\/\">\r\n                                        <div class=\"resource_item_img\">\r\n                        <img decoding=\"async\" src=\"https:\/\/www.achilles.com\/app\/uploads\/2024\/01\/AdobeStock_635722365-scaled.jpeg\" alt=\"Il ruolo della collaborazione e della tecnologia nella sicurezza dei progetti energetici\">\r\n                    <\/div>\r\n                                        <div class=\"resource_item_info\">\r\n                        <div class=\"resource_item_description\">\r\n                            <p class=\"resource_item_name\">Il ruolo della collaborazione e della tecnologia nella sicurezza dei progetti energetici<\/p>\r\n                            <div class=\"typical_text\">\r\n                                <p>I rischi intrinseci dell&#8217;industria energetica, uniti alla dipendenza da vari\u2026<\/p>\r\n                            <\/div>\r\n                        <\/div>\r\n                                                <div class=\"resource_item_categories\">\r\n                                                        <div class=\"resource_category\">\r\n                                                                <span class=\"resource_category_name\"><\/span>\r\n                            <\/div>\r\n                                                        <div class=\"resource_category\">\r\n                                                                <span class=\"resource_category_name\"><\/span>\r\n                            <\/div>\r\n                                                    <\/div>\r\n                                            <\/div>\r\n                <\/a>\r\n                                <a class=\"resource_item\" href=\"https:\/\/www.achilles.com\/it\/informazioni-settore\/incontrare-le-tue-obbligazioni-di-dovuta-diligenza-nella-catena-di-approvvigionamento-dei-trasporti\/\">\r\n                                        <div class=\"resource_item_img\">\r\n                        <img decoding=\"async\" src=\"https:\/\/www.achilles.com\/app\/uploads\/2024\/02\/Website-banners-5.png\" alt=\"Stai facendo fatica a soddisfare i tuoi obblighi di dovuta diligenza nella catena di approvvigionamento dei trasporti con le soluzioni attuali?\">\r\n                    <\/div>\r\n                                        <div class=\"resource_item_info\">\r\n                        <div class=\"resource_item_description\">\r\n                            <p class=\"resource_item_name\">Stai facendo fatica a soddisfare i tuoi obblighi di dovuta diligenza nella catena di approvvigionamento dei trasporti con le soluzioni attuali?<\/p>\r\n                            <div class=\"typical_text\">\r\n                                <p>Il mondo dei trasporti e della logistica \u00e8 nel bel\u2026<\/p>\r\n                            <\/div>\r\n                        <\/div>\r\n                                                <div class=\"resource_item_categories\">\r\n                                                        <div class=\"resource_category\">\r\n                                                                <span class=\"resource_category_name\"><\/span>\r\n                            <\/div>\r\n                                                        <div class=\"resource_category\">\r\n                                                                <span class=\"resource_category_name\"><\/span>\r\n                            <\/div>\r\n                                                    <\/div>\r\n                                            <\/div>\r\n                <\/a>\r\n                            <\/div>\r\n        <\/div>\r\n    <\/div> \r\n\n\n    <div class=\"request_section\" id=\"Form\">\r\n        <div class=\"contact_bg\">\r\n                    <\/div>\r\n        <div class=\"container\">\r\n            <div class=\"request_inner\">\r\n                                <div class=\"request_wrapper\">\r\n                <h2 class=\"title_section\">Contattate<\/h2>\r\n                <\/div>\r\n                                <div class=\"request_box\">\r\n                                        <h5 class=\"contact_content_subtitle\">Contattaci per discutere delle tue esigenze di finanza sostenibile<\/h5>\r\n                    <script charset=\"utf-8\" type=\"text\/javascript\" src=\"\/\/js.hsforms.net\/forms\/embed\/v2.js\"><\/script><script>hbspt.forms.create({\r\n    region: \"na1\",\r\n    portalId: \"5387762\",\r\n    formId: \"a23cf73a-36bd-433c-a1d8-4acd8b05b928\"\r\n  });\r\n<\/script>                <\/div>\r\n            <\/div>\r\n        <\/div>\r\n    <\/div>\r\n\r\n","protected":false},"excerpt":{"rendered":"","protected":false},"author":9,"featured_media":0,"parent":0,"menu_order":0,"comment_status":"closed","ping_status":"closed","template":"","meta":{"_acf_changed":false,"content-type":"","footnotes":""},"class_list":["post-24817","page","type-page","status-publish","hentry"],"acf":[],"_links":{"self":[{"href":"https:\/\/www.achilles.com\/it\/wp-json\/wp\/v2\/pages\/24817","targetHints":{"allow":["GET"]}}],"collection":[{"href":"https:\/\/www.achilles.com\/it\/wp-json\/wp\/v2\/pages"}],"about":[{"href":"https:\/\/www.achilles.com\/it\/wp-json\/wp\/v2\/types\/page"}],"author":[{"embeddable":true,"href":"https:\/\/www.achilles.com\/it\/wp-json\/wp\/v2\/users\/9"}],"replies":[{"embeddable":true,"href":"https:\/\/www.achilles.com\/it\/wp-json\/wp\/v2\/comments?post=24817"}],"version-history":[{"count":0,"href":"https:\/\/www.achilles.com\/it\/wp-json\/wp\/v2\/pages\/24817\/revisions"}],"wp:attachment":[{"href":"https:\/\/www.achilles.com\/it\/wp-json\/wp\/v2\/media?parent=24817"}],"curies":[{"name":"wp","href":"https:\/\/api.w.org\/{rel}","templated":true}]}}