{"id":23242,"date":"2023-09-28T12:53:52","date_gmt":"2023-09-28T11:53:52","guid":{"rendered":"https:\/\/uat.achilles.com\/prequalified-supplier-network\/"},"modified":"2023-12-19T18:19:45","modified_gmt":"2023-12-19T15:19:45","slug":"prequalified-supplier-network","status":"publish","type":"page","link":"https:\/\/www.achilles.com\/it\/rete-di-fornitori-prequalificati\/","title":{"rendered":"Rete di Fornitori Prequalificati"},"content":{"rendered":"    <div class=\"top_section\">\n        <div class=\"container\">\n            <div class=\"top_info half\">\n                                    <h1 class=\"top_title\">Ridurre i rischi ESG dei fornitori e migliorare l&#8217;efficienza della catena di fornitura<\/h1>\n                                    <div class=\"top_text large_text\">\n                        <p>Achilles \u00e8 la rete globale di fornitori prequalificati pi\u00f9 esaustiva al mondo. La nostra procedura completa di valutazione dei fornitori ci presenta come il partner di fiducia per le aziende seriamente impegnate a migliorare gli standard ESG, ottimizzando gli acquisti e riducendo il rischio end-to-end della catena di fornitura.<\/p>\n                    <\/div>\n                                    <div class=\"top_buttons\">\n                                                    <a class=\"btn btn_big\" href=\"\/it\/contattaci\">Contattaci<\/a>\n                                            <\/div>\n                            <\/div>\n        <\/div>\n        <div class=\"top_media\">\n\t\t\t        <\/div>\n    <\/div>\n\n\n            <div class=\"content_section\">\r\n            <div class=\"container\">\r\n                <div class=\"content_wrap right\">\r\n                    <div class=\"content_info ogo2\">\r\n                                                <p class=\"title_category\">LA SFIDA<\/p>\r\n                                                <h2 class=\"title_page\">Elevata fiducia nella gestione della catena di fornitura<\/h2>\r\n                                                <div class=\"typical_text\">\r\n                            <p>I nostri auditor altamente qualificati realizzano la dovuta diligenza e forniscono informazioni dettagliate, al fine di garantire che i fornitori rispettino gli stantard normativi in materia di ESG, sostenibilit\u00e0, diritti umani, salute e sicurezza.<\/p>\n<p>&nbsp;<\/p>\n                        <\/div>\r\n                                                <a class=\"btn btn_big\" href=\"\/it\/contattaci\">Inizia<\/a>\r\n                                            <\/div>\r\n\t\t\t\t\t\t\t\t\t\t\r\n                                    <\/div>\r\n            <\/div>\r\n        <\/div>\r\n    \n\n    <div class=\"content_section bg_grey\">\r\n        <div class=\"container\">\r\n                        <div class=\"description_section\">\r\n                                <p class=\"title_category\">COSA FACCIAMO<\/p>\r\n                                <h2 class=\"title_section\">Connettiamo gli acquirenti con fornitori globali prequalificati<\/h2>\r\n                                <div class=\"typical_text\">\r\n                    <p>Achilles \u00e8 il leader mondiale nell&#8217;esperto in gestione del rischio nella catena di approvvigionamento globale. Lavoriamo con organizzazioni finanziarie, industriali, commerciali e governative leader di mercato che richiedono un&#8217;analisi seria e dettagliata e una visione esperta necessarie per garantire livelli eccezionali di fiducia nella segnalazione.<\/p>\n                <\/div>\r\n                            <\/div>\r\n                        <div class=\"features_wrap\">\r\n                                <div class=\"feature_item\">\r\n                                        <div class=\"feature_item_icon\">\r\n                        <img decoding=\"async\" src=\"https:\/\/www.achilles.com\/app\/uploads\/2023\/09\/currency-dollar-decrease.png\" alt=\"\">\r\n                    <\/div>\r\n                                        <h3 class=\"feature_item_name\">Acquisti a costi contenuti<\/h3>\r\n                                        <div class=\"typical_text\">\r\n                        <p>Risparmia fino all&#8217;80% nella ricerca e verifica dei fornitori interni.<\/p>\n                    <\/div>\r\n                                    <\/div>\r\n                                <div class=\"feature_item\">\r\n                                        <div class=\"feature_item_icon\">\r\n                        <img decoding=\"async\" src=\"https:\/\/www.achilles.com\/app\/uploads\/2023\/09\/shield-globe.png\" alt=\"\">\r\n                    <\/div>\r\n                                        <h3 class=\"feature_item_name\">Protezione del rischio nella catena di approvvigionamento<\/h3>\r\n                                        <div class=\"typical_text\">\r\n                        <p>Comprendi i tuoi rischi di approvvigionamento e promuovi il miglioramento delle prestazioni con il potente sistema di punteggio ESG di Achilles.<\/p>\n                    <\/div>\r\n                                    <\/div>\r\n                                <div class=\"feature_item\">\r\n                                        <div class=\"feature_item_icon\">\r\n                        <img decoding=\"async\" src=\"https:\/\/www.achilles.com\/app\/uploads\/2023\/09\/organic-seedling-growth.png\" alt=\"\">\r\n                    <\/div>\r\n                                        <h3 class=\"feature_item_name\">Miglioramento tangibile della catena di approvvigionamento<\/h3>\r\n                                        <div class=\"typical_text\">\r\n                        <p>Non accontentarti di greenwashing. Proteggi la tua azienda e raggiungi i tuoi obiettivi pi\u00f9 ambiziosi in termini di catena di approvvigionamento e sostenibilit\u00e0 grazie alla validazione sistematica e a pi\u00f9 fasi dei fornitori di Achilles.<\/p>\n                    <\/div>\r\n                                    <\/div>\r\n                            <\/div>\r\n                    <\/div>\r\n    <\/div>\r\n\n\n            <div class=\"hero_section\">\r\n           <div class=\"hero_media\">\r\n                            <\/div>\r\n            <div class=\"container\">\r\n                <div class=\"hero_wrapper\">\r\n                    <div class=\"hero_info\">\r\n                                                <h2 class=\"title_section\">Achilles aiuta Agbar a migliorare la qualit\u00e0 e a ridurre il rischio.<\/h2>\r\n                                                <div class=\"typical_text middle_text\">\r\n                            <p>Un modulo ESG specifico e un questionario sulla sostenibilit\u00e0 ci aiutano davvero a gestire gli acquisti sostenibili e a identificare potenziali fornitori.\r\n<p> Sandra Reche, Supplier Risk &#038; DS, Agbar<\/p>\r\n                        <\/div>\r\n                                                <div class=\"content_buttons\">\r\n                                                        <a class=\"btn btn_big\" aria-label=\" - Per saperne di pi\u00f9\" href=\"\/it\/informazioni-settore\/repro-aiuta-agbar-a-migliorare-la-qualita-e-ridurre-i-rischi\/\">Per saperne di pi\u00f9<\/a>\r\n                                                    <\/div>\r\n                                            <\/div>\r\n                <\/div>\r\n            <\/div>\r\n        <\/div>\r\n    \n\n    <div class=\"content_section\">\r\n        <div class=\"container\">\r\n                        <div class=\"tools_description\">\r\n                                <p class=\"title_category\">COMPLETO E RIGOROSO<\/p>\r\n                                <h2 class=\"title_section\">Servizi di approvvigionamento etico e sostenibile leader mondiale<\/h2>\r\n                                <div class=\"typical_text\">\r\n                    <p>Achilles mette in contatto il meglio in ciascun settore e continua a spingere per pratiche migliori, creando alla fine catene di approvvigionamento pi\u00f9 sicure, etiche e sostenibili.<\/p>\n                <\/div>\r\n                            <\/div>\r\n                        <div class=\"tools_wrap tabs_section\">\r\n                <div class=\"tools_tabs tabs_buttons\">\r\n                                        <div class=\"tools_btn tab_btn current\" data-tab=\"1\">\r\n                        <span>Larghezza della soluzione<\/span>\r\n                        <span class=\"tools_btn_arrow icon-Chevron-Right\"><\/span>\r\n                    <\/div>\r\n                                        <div class=\"tools_btn tab_btn\" data-tab=\"2\">\r\n                        <span>Profondit\u00e0 della soluzione e servizio gestito<\/span>\r\n                        <span class=\"tools_btn_arrow icon-Chevron-Right\"><\/span>\r\n                    <\/div>\r\n                                        <div class=\"tools_btn tab_btn\" data-tab=\"3\">\r\n                        <span>Monitoraggio continuo dei fornitori<\/span>\r\n                        <span class=\"tools_btn_arrow icon-Chevron-Right\"><\/span>\r\n                    <\/div>\r\n                                        <div class=\"tools_btn tab_btn\" data-tab=\"4\">\r\n                        <span>Unica capacit\u00e0 globale di verifica e audit<\/span>\r\n                        <span class=\"tools_btn_arrow icon-Chevron-Right\"><\/span>\r\n                    <\/div>\r\n                                        <div class=\"tools_btn tab_btn\" data-tab=\"5\">\r\n                        <span>Valutazione ESG di Achilles<\/span>\r\n                        <span class=\"tools_btn_arrow icon-Chevron-Right\"><\/span>\r\n                    <\/div>\r\n                                        <div class=\"tools_btn tab_btn\" data-tab=\"6\">\r\n                        <span>Processo RFI personalizzato<\/span>\r\n                        <span class=\"tools_btn_arrow icon-Chevron-Right\"><\/span>\r\n                    <\/div>\r\n                                        <div class=\"tools_btn tab_btn\" data-tab=\"7\">\r\n                        <span>Benefici per i fornitori<\/span>\r\n                        <span class=\"tools_btn_arrow icon-Chevron-Right\"><\/span>\r\n                    <\/div>\r\n                                    <\/div>\r\n                <div class=\"tools_content\">\r\n                                        <div class=\"tool_container tab_container tab_container_1 active\">\r\n                        <div class=\"typical_text\">\r\n                            <p>Copriamo la pi\u00f9 ampia gamma di aree tematiche per valutare il rischio dei fornitori, inclusi tutti i requisiti di sostenibilit\u00e0. Il modello di Achilles copre aree come ambiente e sostenibilit\u00e0, qualit\u00e0, governance, inclusi la continuit\u00e0 aziendale, la corruzione e le pratiche di corruzione e finanza, una serie di aree sociali come la salute, la sicurezza, il benessere dei dipendenti, l&#8217;etica, le emissioni di carbonio e gli standard di sicurezza informatica.<\/p>\n                        <\/div>\r\n                                            <\/div>\r\n                                        <div class=\"tool_container tab_container tab_container_2\">\r\n                        <div class=\"typical_text\">\r\n                            <p>Achilles \u00e8 un programma di qualificazione, gestione del rischio e delle prestazioni dei fornitori, sistematico e a pi\u00f9 fasi, che riflette il contesto del tuo settore e dell&#8217;ambiente operativo. Achilles fornisce un facile accesso a un insieme approfondito e completo di dati dei fornitori convalidati su cui puoi basare le decisioni aziendali. Molto diversamente dai fornitori di software unicamente, Achilles verifica completamente tutti i documenti chiave e convalida le risposte utilizzando una vasta gamma di strumenti e fonti di dati alternative affidabili per identificare e mitigare il rischio e fornirti la certezza della catena di approvvigionamento in profondit\u00e0 di cui hai bisogno per soddisfare tutti i requisiti degli stakeholder e regolamentari, sia oggi che in futuro.<\/p>\n                        <\/div>\r\n                                            <\/div>\r\n                                        <div class=\"tool_container tab_container tab_container_3\">\r\n                        <div class=\"typical_text\">\r\n                            <p>Con Achilles, la gestione della catena di approvvigionamento non \u00e8 un processo una tantum. Monitoriamo proattivamente tutti i fornitori dopo la loro registrazione iniziale. Questo livello di rigore \u00e8 unico ed essenziale per garantire l&#8217;accuratezza continua dei dati e la protezione in corso della tua organizzazione dall&#8217;impatto regolamentare e reputazionale.<\/p>\n                        <\/div>\r\n                                            <\/div>\r\n                                        <div class=\"tool_container tab_container tab_container_4\">\r\n                        <div class=\"typical_text\">\r\n                            <p>Achilles utilizza una serie di dati sui fornitori, strumenti e fonti di dati affidabili per identificare e mitigare il rischio, costruendo una base dettagliata di conformit\u00e0 dei fornitori alle politiche e procedure chiave, assicurando che i sistemi di gestione dei fornitori soddisfino i tuoi standard e quindi verifica le aziende e le persone a rischio elevato con ulteriori livelli di dovuta diligenza. Achilles dispone di oltre 150 ispettori a livello globale e in paesi importanti per te.<\/p>\n                        <\/div>\r\n                                            <\/div>\r\n                                        <div class=\"tool_container tab_container tab_container_5\">\r\n                        <div class=\"typical_text\">\r\n                            <p>Attraverso una serie di rigorosi pre-questionari, raccogliamo dettagli dei fornitori e li valutiamo, mettendo a confronto ciascun fornitore su metriche ESG, finanziarie e di salute e sicurezza, offrendoti una visione oggettiva dei tuoi fornitori.<\/p>\n<p>Ai fornitori viene anche assegnato un punteggio a stelle su 5, classificato da altri acquirenti. Il Feedback sulle prestazioni consente ai fornitori di aumentare la loro visibilit\u00e0 e migliorare le loro possibilit\u00e0 di selezione in futuro e consente agli acquirenti di selezionare fornitori con cui sanno che hanno lavorato bene con altri clienti.<\/p>\n                        <\/div>\r\n                                            <\/div>\r\n                                        <div class=\"tool_container tab_container tab_container_6\">\r\n                        <div class=\"typical_text\">\r\n                            <p>Il nostro modulo RFI (richiesta di informazioni) ti permette di valutare le capacit\u00e0 dei fornitori per contratti specifici. Non solo ti aiuter\u00e0 a creare un elenco pi\u00f9 gestibile, ma saprai anche di invitare i fornitori giusti per la gara d&#8217;appalto.<\/p>\n                        <\/div>\r\n                                            <\/div>\r\n                                        <div class=\"tool_container tab_container tab_container_7\">\r\n                        <div class=\"typical_text\">\r\n                            <p>Quando lavori con Achilles, non solo stai migliorando la gestione della tua catena di approvvigionamento, ma i tuoi fornitori ottengono anche un significativo valore da un programma Achilles: comprendono i tuoi requisiti di rischio e prestazioni e lavorano non solo per soddisfarli, ma per superarli, distinguersi dalla concorrenza e conquistare nuovi affari. I fornitori che investono e completano il processo di pre-qualificazione sono visibili per gli acquirenti regionali, nazionali o internazionali e traggono notevoli benefici commerciali dalla loro partecipazione.<\/p>\n                        <\/div>\r\n                                            <\/div>\r\n                                    <\/div>\r\n            <\/div>\r\n                    <\/div>\r\n    <\/div>\r\n\n\n    <div class=\"content_section\">\r\n        <div class=\"container\">\r\n                        <div class=\"posts_panel\">\r\n                <div class=\"description_section\">\r\n                                        <p class=\"title_category\">Storie dei clienti<\/p>\r\n                     \r\n                    <h2 class=\"title_section\">Consigliato per te<\/h2>\r\n                                    <\/div>\r\n                            <\/div>\r\n                                    <div class=\"posts_wrap\">\r\n                                <div class=\"post_item\">\r\n                    <div class=\"post_item_top\">\r\n                                                <a class=\"post_item_img\" href=\"https:\/\/www.achilles.com\/it\/informazioni-settoriali\/google-data-center-fornitori\/\">\r\n                            <img decoding=\"async\" src=\"https:\/\/www.achilles.com\/app\/uploads\/2026\/03\/Achilles-Google-Supply-Chain-Risk-banner.png\" alt=\"Sviluppo di una rete scalabile, sostenibile e resiliente per progetti di data center\">\r\n                        <\/a>\r\n                                                <ul class=\"post_item_categories\">\r\n                                                        <li>Casi di successo<\/li>\r\n                                                        <li>Informazioni settoriali<\/li>\r\n                                                    <\/ul>\r\n                    <\/div>\r\n                    <a class=\"post_item_name\" href=\"https:\/\/www.achilles.com\/it\/informazioni-settoriali\/google-data-center-fornitori\/\">Sviluppo di una rete scalabile, sostenibile e resiliente per progetti di data center<\/a>\r\n                <\/div>\r\n                                <div class=\"post_item\">\r\n                    <div class=\"post_item_top\">\r\n                                                <a class=\"post_item_img\" href=\"https:\/\/www.achilles.com\/it\/informazioni-settore\/resuinsa-un-secolo-di-eccellenza-tessile-con-dati-di-sostenibilita-centralizzati-e-verificati\/\">\r\n                            <img decoding=\"async\" src=\"https:\/\/www.achilles.com\/app\/uploads\/2026\/02\/Foto-oficinas-1.jpg\" alt=\"Resuinsa: un secolo di eccellenza tessile con dati di sostenibilit\u00e0 centralizzati e verificati\">\r\n                        <\/a>\r\n                                                <ul class=\"post_item_categories\">\r\n                                                        <li>Casi di successo<\/li>\r\n                                                        <li>Informazioni settoriali<\/li>\r\n                                                    <\/ul>\r\n                    <\/div>\r\n                    <a class=\"post_item_name\" href=\"https:\/\/www.achilles.com\/it\/informazioni-settore\/resuinsa-un-secolo-di-eccellenza-tessile-con-dati-di-sostenibilita-centralizzati-e-verificati\/\">Resuinsa: un secolo di eccellenza tessile con dati di sostenibilit\u00e0 centralizzati e verificati<\/a>\r\n                <\/div>\r\n                                <div class=\"post_item\">\r\n                    <div class=\"post_item_top\">\r\n                                                <a class=\"post_item_img\" href=\"https:\/\/www.achilles.com\/it\/informazioni-settore\/eurofins-iproma-strategia-esg-matura-visibile-e-allineata-con-i-principali-acquirenti\/\">\r\n                            <img decoding=\"async\" src=\"https:\/\/www.achilles.com\/app\/uploads\/2026\/02\/Diseno-sin-titulo-65.png\" alt=\"Eurofins IPROMA: strategia ESG matura, visibile e allineata con i principali acquirenti\">\r\n                        <\/a>\r\n                                                <ul class=\"post_item_categories\">\r\n                                                        <li>Casi di successo<\/li>\r\n                                                        <li>Informazioni settoriali<\/li>\r\n                                                    <\/ul>\r\n                    <\/div>\r\n                    <a class=\"post_item_name\" href=\"https:\/\/www.achilles.com\/it\/informazioni-settore\/eurofins-iproma-strategia-esg-matura-visibile-e-allineata-con-i-principali-acquirenti\/\">Eurofins IPROMA: strategia ESG matura, visibile e allineata con i principali acquirenti<\/a>\r\n                <\/div>\r\n                            <\/div>\r\n                    <\/div>\r\n    <\/div>\r\n\n\n            <div class=\"content_section bg_grey\">\r\n            <div class=\"container\">\r\n                <div class=\"content_wrap\">\r\n                    <div class=\"content_info ogo2\">\r\n                                                <h2 class=\"title_page\">5 motivi per scegliere Achilles<\/h2>\r\n                                                <h5 class=\"title_small\">Gestione della catena di approvvigionamento e conformit\u00e0 ESG leader mondiale<\/h5>\r\n                                                <div class=\"typical_text\">\r\n                            <p>Scopri di pi\u00f9 su come lavorare con Achilles e guarda come il tuo onere di gestione del rischio nella catena di approvvigionamento possa scomparire e la tua fiducia nella segnalazione aumentare rapidamente.<\/p>\n                        <\/div>\r\n                                                <a class=\"btn btn_big\" href=\"\/it\/informazioni-settore\/5-motivi-per-cui-dovresti-utilizzare-achilles-per-la-dovuta-diligenza-della-catena-di-fornitura\/\">Leggi<\/a>\r\n                                            <\/div>\r\n\t\t\t\t\t\t\t\t\t\t\r\n                                        <div class=\"content_media\">\r\n                        <img decoding=\"async\" src=\"https:\/\/www.achilles.com\/app\/uploads\/2023\/09\/AdobeStock_555958628.png\" width=\"400\" alt=\"Carbon emissions\">\r\n                    <\/div>\r\n                                    <\/div>\r\n            <\/div>\r\n        <\/div>\r\n    \n\n    <div class=\"request_section\">\r\n        <div class=\"contact_bg\">\r\n                        <img decoding=\"async\" src=\"https:\/\/www.achilles.com\/app\/uploads\/2023\/10\/iStock-1210167514-scaled.jpg\" alt=\"\">\r\n                    <\/div>\r\n        <div class=\"container\">\r\n            <div class=\"request_inner\">\r\n                                <div class=\"request_wrapper\">\r\n                <h2 class=\"title_section\">Contattaci<\/h2>\r\n                <\/div>\r\n                                <div class=\"request_box\">\r\n                                        <h5 class=\"contact_content_subtitle\">Contattaci per discutere delle tue esigenze in materia di catena di approvvigionamento ESG.<\/h5>\r\n                    <script charset=\"utf-8\" type=\"text\/javascript\" src=\"\/\/js.hsforms.net\/forms\/embed\/v2.js\"><\/script>\r\n<script>\r\n  hbspt.forms.create({\r\n    region: \"na1\",\r\n    portalId: \"5387762\",\r\n    formId: \"a23cf73a-36bd-433c-a1d8-4acd8b05b928\"\r\n  });\r\n<\/script>                <\/div>\r\n            <\/div>\r\n        <\/div>\r\n    <\/div>\r\n\r\n\n\n    <div class=\"content_section\">\r\n        <div class=\"container\">\r\n                    <\/div>\r\n    <\/div>\r\n","protected":false},"excerpt":{"rendered":"","protected":false},"author":2,"featured_media":0,"parent":0,"menu_order":0,"comment_status":"closed","ping_status":"closed","template":"","meta":{"_acf_changed":false,"content-type":"","footnotes":""},"class_list":["post-23242","page","type-page","status-publish","hentry"],"acf":[],"_links":{"self":[{"href":"https:\/\/www.achilles.com\/it\/wp-json\/wp\/v2\/pages\/23242","targetHints":{"allow":["GET"]}}],"collection":[{"href":"https:\/\/www.achilles.com\/it\/wp-json\/wp\/v2\/pages"}],"about":[{"href":"https:\/\/www.achilles.com\/it\/wp-json\/wp\/v2\/types\/page"}],"author":[{"embeddable":true,"href":"https:\/\/www.achilles.com\/it\/wp-json\/wp\/v2\/users\/2"}],"replies":[{"embeddable":true,"href":"https:\/\/www.achilles.com\/it\/wp-json\/wp\/v2\/comments?post=23242"}],"version-history":[{"count":0,"href":"https:\/\/www.achilles.com\/it\/wp-json\/wp\/v2\/pages\/23242\/revisions"}],"wp:attachment":[{"href":"https:\/\/www.achilles.com\/it\/wp-json\/wp\/v2\/media?parent=23242"}],"curies":[{"name":"wp","href":"https:\/\/api.w.org\/{rel}","templated":true}]}}