{"id":19542,"date":"2023-06-14T10:32:39","date_gmt":"2023-06-14T07:32:39","guid":{"rendered":"https:\/\/uat.achilles.com\/risk-management-team\/"},"modified":"2023-08-08T03:27:56","modified_gmt":"2023-08-08T00:27:56","slug":"risk-management-team","status":"publish","type":"page","link":"https:\/\/www.achilles.com\/it\/collaborazione\/team-gestione-dei-rischi\/","title":{"rendered":"Risk Management Team"},"content":{"rendered":"            <div class=\"content_section\">\r\n            <div class=\"container\">\r\n                                <div class=\"description_page full top\">\r\n                                        <h1 class=\"title_page\">Team di gestione dei rischi<\/h1>\r\n                                        <div class=\"typical_text large_text\">\r\n                        <p>Comprendiamo le esigenze della tua azienda. Con le nostre soluzioni puoi dormire sonni tranquilli.<\/p>\r\n                    <\/div>\r\n                                    <\/div>\r\n                                <div class=\"content_wrap\">\r\n                    <div class=\"content_info ogo\">\r\n                                                <div class=\"typical_text\">\r\n                            <p>Con le nostre\u00a0soluzioni comprendi meglio la supply chain e fai emergere eventuali punti deboli, riducendo ulteriormente il rischio di inadempienza di un fornitore e di interruzione della fornitura.<\/p>\n<p>I team di gestione dei rischi\u00a0rilevano, valutano e gestiscono i rischi stabilendo priorit\u00e0, e definiscono quadri di riferimento e processi per ridurne gli effetti. La priorit\u00e0 \u00e8 rilevare le debolezze e i rischi della catena di approvvigionamento, ma anche collaborare con i fornitori per migliorarne le prestazioni e fornire loro l\u2019assistenza necessaria. Le nostre soluzioni di gestione dei rischi riducono i costi e gli sforzi, e consentono ai team di raggiungere i loro obiettivi.<\/p>\n                        <\/div>\r\n                                            <\/div>\r\n                                        <div class=\"content_media\">\r\n                        <img decoding=\"async\" src=\"https:\/\/www.achilles.com\/app\/uploads\/2023\/06\/Achilles-icons_Risk-Management-team-1-1.png\" width=\"280\" alt=\"\">\r\n                    <\/div>\r\n                                    <\/div>\r\n                            <\/div>\r\n        <\/div>\r\n    \n\n    <div class=\"content_section bg_grey\">\r\n        <div class=\"container\">\r\n                        <div class=\"description_section\">\r\n                                <p class=\"title_category\">UN TEAM DI SUCCESSO<\/p>\r\n                                <h2 class=\"title_section\">Consigli personalizzati<\/h2>\r\n                            <\/div>\r\n                        <div class=\"features_wrap\">\r\n                                <div class=\"feature_item\">\r\n                                        <div class=\"feature_item_icon\">\r\n                        <img decoding=\"async\" src=\"https:\/\/www.achilles.com\/app\/uploads\/2023\/06\/Achilles-icons_Risk-management-.png\" alt=\"\">\r\n                    <\/div>\r\n                                        <h3 class=\"feature_item_name\">Gestione dei rischi<\/h3>\r\n                                        <div class=\"typical_text\">\r\n                        <p>In assenza dei dati giusti, reagire con efficacia ai rischi che la tua azienda si trova ad affrontare diventa molto pi\u00f9 difficile.<\/p>\n                    <\/div>\r\n                                        <a class=\"btn\" aria-label=\"Gestione dei rischi - Scopri di pi\u00f9\" href=\"https:\/\/uat.achilles.com\/products\/risk-management\">Scopri di pi\u00f9<\/a>\r\n                                    <\/div>\r\n                                <div class=\"feature_item\">\r\n                                        <div class=\"feature_item_icon\">\r\n                        <img decoding=\"async\" src=\"https:\/\/www.achilles.com\/app\/uploads\/2023\/06\/Achilles-icons_Financial-risk-and-business-continuity.png\" alt=\"\">\r\n                    <\/div>\r\n                                        <h3 class=\"feature_item_name\">Rischio finanziario<\/h3>\r\n                                        <div class=\"typical_text\">\r\n                        <p>Offriamo agli acquirenti il giusto livello di supervisione per individuare problemi potenziali, predisporre soluzioni di emergenza e garantire di non dover mai fare i conti con costose interruzioni della propria attivit\u00e0.<\/p>\n                    <\/div>\r\n                                        <a class=\"btn\" aria-label=\"Rischio finanziario - Scopri di pi\u00f9\" href=\"https:\/\/uat.achilles.com\/products\/financial-risk\">Scopri di pi\u00f9<\/a>\r\n                                    <\/div>\r\n                                <div class=\"feature_item\">\r\n                                        <div class=\"feature_item_icon\">\r\n                        <img decoding=\"async\" src=\"https:\/\/www.achilles.com\/app\/uploads\/2023\/06\/Achilles-icons_cyber-and-IT-2.png\" alt=\"\">\r\n                    <\/div>\r\n                                        <h3 class=\"feature_item_name\">Informatica<\/h3>\r\n                                        <div class=\"typical_text\">\r\n                        <p>La natura del rischio sta mutando e gli attacchi informatici sono un problema sempre pi\u00f9 importante nella catena di fornitura.<\/p>\n                    <\/div>\r\n                                        <a class=\"btn\" aria-label=\"Informatica - Scopri di pi\u00f9\" href=\"https:\/\/uat.achilles.com\/products\/cyber-and-it\">Scopri di pi\u00f9<\/a>\r\n                                    <\/div>\r\n                            <\/div>\r\n                    <\/div>\r\n    <\/div>\r\n\n\n    <div class=\"content_section bg_grey\">\r\n        <div class=\"container\">\r\n                        <div class=\"description_section\">\r\n                                <h2 class=\"title_section\">Potrebbe interessarti anche<\/h2>\r\n                            <\/div>\r\n                        <div class=\"features_wrap\">\r\n                                <div class=\"feature_item\">\r\n                                        <div class=\"feature_item_icon\">\r\n                        <img decoding=\"async\" src=\"https:\/\/www.achilles.com\/app\/uploads\/2023\/06\/Achilles-icons_Supply-Chain-Mapping.png\" alt=\"\">\r\n                    <\/div>\r\n                                        <h3 class=\"feature_item_name\">Mappatura della supply chain<\/h3>\r\n                                        <div class=\"typical_text\">\r\n                        <p>Non puoi controllare quello che non vedi. E data la crescente complessit\u00e0 delle supply chain, ci sono sempre pi\u00f9 aspetti da considerare attentamente.<\/p>\n                    <\/div>\r\n                                        <a class=\"btn\" aria-label=\"Mappatura della supply chain - Scopri di pi\u00f9\" href=\"https:\/\/uat.achilles.com\/features\/supply-chain-mapping\">Scopri di pi\u00f9<\/a>\r\n                                    <\/div>\r\n                                <div class=\"feature_item\">\r\n                                        <div class=\"feature_item_icon\">\r\n                        <img decoding=\"async\" src=\"https:\/\/www.achilles.com\/app\/uploads\/2023\/06\/Achilles-icons_Pre-qualification-questionnaire.png\" alt=\"\">\r\n                    <\/div>\r\n                                        <h3 class=\"feature_item_name\">Questionario di prequalificazione<\/h3>\r\n                                        <div class=\"typical_text\">\r\n                        <p>Questi essenziali strumenti sono il primo passo nella ricerca di fornitori in grado di evadere gli ordini e soddisfare tutti gli standard di conformit\u00e0 della tua azienda.<\/p>\n                    <\/div>\r\n                                        <a class=\"btn\" aria-label=\"Questionario di prequalificazione - Scopri di pi\u00f9\" href=\"https:\/\/uat.achilles.com\/features\/risk-monitoring\">Scopri di pi\u00f9<\/a>\r\n                                    <\/div>\r\n                                <div class=\"feature_item\">\r\n                                        <div class=\"feature_item_icon\">\r\n                        <img decoding=\"async\" src=\"https:\/\/www.achilles.com\/app\/uploads\/2023\/06\/Achilles-icons_Risk-management-.png\" alt=\"\">\r\n                    <\/div>\r\n                                        <h3 class=\"feature_item_name\">Monitoraggio dei rischi<\/h3>\r\n                                        <div class=\"typical_text\">\r\n                        <p>Individuare e valutare i rischi, nonch\u00e9 adottare misure volte a riportarli a livelli accettabili nella supply chain.<\/p>\n                    <\/div>\r\n                                        <a class=\"btn\" aria-label=\"Monitoraggio dei rischi - Scopri di pi\u00f9\" href=\"https:\/\/uat.achilles.com\/features\/risk-monitoring\">Scopri di pi\u00f9<\/a>\r\n                                    <\/div>\r\n                            <\/div>\r\n                    <\/div>\r\n    <\/div>\r\n","protected":false},"excerpt":{"rendered":"","protected":false},"author":1,"featured_media":0,"parent":0,"menu_order":0,"comment_status":"closed","ping_status":"closed","template":"","meta":{"_acf_changed":false,"content-type":"","footnotes":""},"class_list":["post-19542","page","type-page","status-publish","hentry"],"acf":[],"_links":{"self":[{"href":"https:\/\/www.achilles.com\/it\/wp-json\/wp\/v2\/pages\/19542","targetHints":{"allow":["GET"]}}],"collection":[{"href":"https:\/\/www.achilles.com\/it\/wp-json\/wp\/v2\/pages"}],"about":[{"href":"https:\/\/www.achilles.com\/it\/wp-json\/wp\/v2\/types\/page"}],"author":[{"embeddable":true,"href":"https:\/\/www.achilles.com\/it\/wp-json\/wp\/v2\/users\/1"}],"replies":[{"embeddable":true,"href":"https:\/\/www.achilles.com\/it\/wp-json\/wp\/v2\/comments?post=19542"}],"version-history":[{"count":0,"href":"https:\/\/www.achilles.com\/it\/wp-json\/wp\/v2\/pages\/19542\/revisions"}],"wp:attachment":[{"href":"https:\/\/www.achilles.com\/it\/wp-json\/wp\/v2\/media?parent=19542"}],"curies":[{"name":"wp","href":"https:\/\/api.w.org\/{rel}","templated":true}]}}