{"id":19511,"date":"2023-06-14T09:23:14","date_gmt":"2023-06-14T06:23:14","guid":{"rendered":"https:\/\/uat.achilles.com\/working-with-you\/"},"modified":"2023-08-07T18:48:59","modified_gmt":"2023-08-07T15:48:59","slug":"working-with-you","status":"publish","type":"page","link":"https:\/\/www.achilles.com\/it\/collaborazione\/","title":{"rendered":"Working with you"},"content":{"rendered":"            <div class=\"content_section\">\r\n            <div class=\"container\">\r\n                                <div class=\"description_page full top\">\r\n                                        <h1 class=\"title_page\">L\u2019importanza della collaborazione<\/h1>\r\n                                        <div class=\"typical_text large_text\">\r\n                        <p>Oltre a migliorare le prestazioni commerciali e della catena di approvvigionamento, aiutiamo acquirenti e fornitori ad apportare tutta una serie di migliorie che producono un impatto positivo sulla societ\u00e0, in ambiti fondamentali quali sicurezza, forme moderne di schiavit\u00f9, corruzione, sostenibilit\u00e0 ambientale (inclusa la riduzione delle emissioni di anidride carbonica), e promozione delle piccole e medie imprese.<\/p>\r\n                    <\/div>\r\n                                    <\/div>\r\n                                <div class=\"content_wrap\">\r\n                    <div class=\"content_info ogo\">\r\n                                                <div class=\"typical_text\">\r\n                            <p>I vari ruoli che si occupano della gestione dei rischi e dell\u2019approvvigionamento adottano approcci diversi alla\u00a0<a href=\"https:\/\/www.achilles.com\/product\/risk-management\/\" target=\"_blank\" rel=\"noopener noreferrer\">gestione dei rischi<\/a>\u00a0e delle prestazioni dei fornitori.<\/p>\n<p>Al fine di creare una soluzione quanto pi\u00f9 completa possibile, i nostri\u00a0prodotti e servizi globali sono organizzati in modo modulare: si combinano e configurano in base alle esigenze di gestione dei rischi di organizzazioni, settori e prospettive professionali specifici.<\/p>\n<p>Offriamo un servizio completamente automatizzato che si occupa della registrazione, della gestione di informazioni e conformit\u00e0, ma anche della prequalificazione dei fornitori. Riduce (a volte eliminandolo in toto) il ricorso a una gestione interna della supply chain, che presenta costi notevoli; cos\u00ec i team possono dedicare pi\u00f9 tempo ad altre attivit\u00e0 importanti e necessarie a raggiungere gli obiettivi del reparto.<\/p>\n                        <\/div>\r\n                                            <\/div>\r\n                                        <div class=\"content_media\">\r\n                        <img decoding=\"async\" src=\"https:\/\/www.achilles.com\/app\/uploads\/2023\/06\/Achilles-icons_Risk-Management-team-1-1.png\" width=\"280\" alt=\"\">\r\n                    <\/div>\r\n                                    <\/div>\r\n                            <\/div>\r\n        <\/div>\r\n    \n\n    <div class=\"content_section bg_grey\">\r\n        <div class=\"container\">\r\n                        <div class=\"description_section\">\r\n                                <p class=\"title_category\">SELEZIONA IL TUO TEAM<\/p>\r\n                                <h2 class=\"title_section\">Scopri come possiamo aiutare team specifici a migliorare le prestazioni<\/h2>\r\n                            <\/div>\r\n                        <div class=\"features_wrap\">\r\n                                <div class=\"feature_item\">\r\n                                        <div class=\"feature_item_icon\">\r\n                        <img decoding=\"async\" src=\"https:\/\/www.achilles.com\/app\/uploads\/2023\/06\/Achilles-icons_Health-Safety-Team.png\" alt=\"\">\r\n                    <\/div>\r\n                                        <h3 class=\"feature_item_name\">Team salute e sicurezza<\/h3>\r\n                                        <a class=\"btn\" aria-label=\"Team salute e sicurezza - Scopri di pi\u00f9\" href=\"\/working-with-you\/health-and-safety-team\/\">Scopri di pi\u00f9<\/a>\r\n                                    <\/div>\r\n                                <div class=\"feature_item\">\r\n                                        <div class=\"feature_item_icon\">\r\n                        <img decoding=\"async\" src=\"https:\/\/www.achilles.com\/app\/uploads\/2023\/06\/Achilles-icons_Contract-Management-Team.png\" alt=\"\">\r\n                    <\/div>\r\n                                        <h3 class=\"feature_item_name\">Team di gestione dei contratti<\/h3>\r\n                                        <a class=\"btn\" aria-label=\"Team di gestione dei contratti - Scopri di pi\u00f9\" href=\"\/working-with-you\/contract-management-team\/\">Scopri di pi\u00f9<\/a>\r\n                                    <\/div>\r\n                                <div class=\"feature_item\">\r\n                                        <div class=\"feature_item_icon\">\r\n                        <img decoding=\"async\" src=\"https:\/\/www.achilles.com\/app\/uploads\/2023\/06\/Achilles-icons_Sustainability-Team.png\" alt=\"\">\r\n                    <\/div>\r\n                                        <h3 class=\"feature_item_name\">Team di RSI\/sostenibilit\u00e0<\/h3>\r\n                                        <a class=\"btn\" aria-label=\"Team di RSI\/sostenibilit\u00e0 - Scopri di pi\u00f9\" href=\"\/working-with-you\/sustainability-team\/\">Scopri di pi\u00f9<\/a>\r\n                                    <\/div>\r\n                                <div class=\"feature_item\">\r\n                                        <div class=\"feature_item_icon\">\r\n                        <img decoding=\"async\" src=\"https:\/\/www.achilles.com\/app\/uploads\/2023\/06\/Achilles-icons_Risk-Management-team-1.png\" alt=\"\">\r\n                    <\/div>\r\n                                        <h3 class=\"feature_item_name\">Team di gestione dei rischi<\/h3>\r\n                                        <a class=\"btn\" aria-label=\"Team di gestione dei rischi - Scopri di pi\u00f9\" href=\"\/working-with-you\/risk-management-team\">Scopri di pi\u00f9<\/a>\r\n                                    <\/div>\r\n                                <div class=\"feature_item\">\r\n                                        <div class=\"feature_item_icon\">\r\n                        <img decoding=\"async\" src=\"https:\/\/www.achilles.com\/app\/uploads\/2023\/06\/Achilles-icons_Compliance-Team.png\" alt=\"\">\r\n                    <\/div>\r\n                                        <h3 class=\"feature_item_name\">Team di conformit\u00e0 legale<\/h3>\r\n                                        <a class=\"btn\" aria-label=\"Team di conformit\u00e0 legale - Scopri di pi\u00f9\" href=\"\/working-with-you\/as-a-member-of-the-compliance-team\">Scopri di pi\u00f9<\/a>\r\n                                    <\/div>\r\n                                <div class=\"feature_item\">\r\n                                        <div class=\"feature_item_icon\">\r\n                        <img decoding=\"async\" src=\"https:\/\/www.achilles.com\/app\/uploads\/2023\/06\/Achilles-icons_Procurement-Team.png\" alt=\"\">\r\n                    <\/div>\r\n                                        <h3 class=\"feature_item_name\">Team responsabile dell\u2019approvvigionamento<\/h3>\r\n                                        <a class=\"btn\" aria-label=\"Team responsabile dell\u2019approvvigionamento - Scopri di pi\u00f9\" href=\"\/working-with-you\/procurement-teams\">Scopri di pi\u00f9<\/a>\r\n                                    <\/div>\r\n                            <\/div>\r\n                    <\/div>\r\n    <\/div>\r\n","protected":false},"excerpt":{"rendered":"","protected":false},"author":1,"featured_media":0,"parent":0,"menu_order":0,"comment_status":"closed","ping_status":"closed","template":"","meta":{"_acf_changed":false,"content-type":"","footnotes":""},"class_list":["post-19511","page","type-page","status-publish","hentry"],"acf":[],"_links":{"self":[{"href":"https:\/\/www.achilles.com\/it\/wp-json\/wp\/v2\/pages\/19511","targetHints":{"allow":["GET"]}}],"collection":[{"href":"https:\/\/www.achilles.com\/it\/wp-json\/wp\/v2\/pages"}],"about":[{"href":"https:\/\/www.achilles.com\/it\/wp-json\/wp\/v2\/types\/page"}],"author":[{"embeddable":true,"href":"https:\/\/www.achilles.com\/it\/wp-json\/wp\/v2\/users\/1"}],"replies":[{"embeddable":true,"href":"https:\/\/www.achilles.com\/it\/wp-json\/wp\/v2\/comments?post=19511"}],"version-history":[{"count":0,"href":"https:\/\/www.achilles.com\/it\/wp-json\/wp\/v2\/pages\/19511\/revisions"}],"wp:attachment":[{"href":"https:\/\/www.achilles.com\/it\/wp-json\/wp\/v2\/media?parent=19511"}],"curies":[{"name":"wp","href":"https:\/\/api.w.org\/{rel}","templated":true}]}}