{"id":18932,"date":"2023-06-14T10:42:43","date_gmt":"2023-06-14T07:42:43","guid":{"rendered":"https:\/\/uat.achilles.com\/compliance-teams\/"},"modified":"2023-08-03T00:16:37","modified_gmt":"2023-08-02T21:16:37","slug":"compliance-teams","status":"publish","type":"page","link":"https:\/\/www.achilles.com\/it\/collaborazione\/da-membro-del-team-di-conformita-legale\/","title":{"rendered":"Team di conformit\u00e0 legale"},"content":{"rendered":"            <div class=\"content_section\">\r\n            <div class=\"container\">\r\n                                <div class=\"description_page full top\">\r\n                                        <h1 class=\"title_page\">Team di conformit\u00e0 legale<\/h1>\r\n                                        <div class=\"typical_text large_text\">\r\n                        <p>Comprendiamo le esigenze della tua azienda. Con le nostre soluzioni puoi dormire sonni tranquilli.<\/p>\r\n                    <\/div>\r\n                                    <\/div>\r\n                                <div class=\"content_wrap\">\r\n                    <div class=\"content_info ogo\">\r\n                                                <div class=\"typical_text\">\r\n                            <p>Raccogliamo in modo sistematico credenziali, informazioni, politiche e standard dei fornitori, richiedendo anche documenti e certificazioni relative alle politiche, per agevolare le attivit\u00e0 di governance, gestione dei rischi e conformit\u00e0 legale della tua azienda.<\/p>\n<p>Inoltre, offriamo una serie di prodotti specializzati per i fornitori per valutare eventuali problemi derivati da rischi particolari e conformit\u00e0: cos\u00ec potrai monitorare, rendicontare e certificare la conformit\u00e0 nella tua azienda e supply chain.<\/p>\n                        <\/div>\r\n                                            <\/div>\r\n                                        <div class=\"content_media\">\r\n                        <img decoding=\"async\" src=\"https:\/\/www.achilles.com\/app\/uploads\/2023\/06\/Achilles-icons_Compliance-Team.png\" width=\"280\" alt=\"\">\r\n                    <\/div>\r\n                                    <\/div>\r\n                            <\/div>\r\n        <\/div>\r\n    \n\n    <div class=\"content_section bg_grey\">\r\n        <div class=\"container\">\r\n                        <div class=\"description_section\">\r\n                                <p class=\"title_category\">UN TEAM DI SUCCESSO<\/p>\r\n                                <h2 class=\"title_section\">Consigli personalizzati<\/h2>\r\n                            <\/div>\r\n                        <div class=\"features_wrap\">\r\n                                <div class=\"feature_item\">\r\n                                        <div class=\"feature_item_icon\">\r\n                        <img decoding=\"async\" src=\"https:\/\/www.achilles.com\/app\/uploads\/2023\/06\/Achilles-icons_Financial-risk-and-business-continuity.png\" alt=\"\">\r\n                    <\/div>\r\n                                        <h3 class=\"feature_item_name\">Rischio finanziario e continuit\u00e0 aziendale<\/h3>\r\n                                        <div class=\"typical_text\">\r\n                        <p>Il successo della tua azienda dipende dalla fattibilit\u00e0 e stabilit\u00e0 finanziaria dei fornitori.<\/p>\n                    <\/div>\r\n                                        <a class=\"btn\" aria-label=\"Rischio finanziario e continuit\u00e0 aziendale - Scopri di pi\u00f9\" href=\"https:\/\/uat.achilles.com\/products\/financial-risk\/\">Scopri di pi\u00f9<\/a>\r\n                                    <\/div>\r\n                                <div class=\"feature_item\">\r\n                                        <div class=\"feature_item_icon\">\r\n                        <img decoding=\"async\" src=\"https:\/\/www.achilles.com\/app\/uploads\/2023\/06\/Achilles-icons_Health-safety-and-quality.png\" alt=\"\">\r\n                    <\/div>\r\n                                        <h3 class=\"feature_item_name\">Salute, sicurezza e qualit\u00e0<\/h3>\r\n                                        <div class=\"typical_text\">\r\n                        <p>Oltre a rivelarsi decisiva per ottenere un\u2019elevata eccellenza a ogni livello dell\u2019attivit\u00e0, la sicurezza dell\u2019ambiente lavorativo esemplifica la cultura e i valori aziendali.<\/p>\n                    <\/div>\r\n                                        <a class=\"btn\" aria-label=\"Salute, sicurezza e qualit\u00e0 - Scopri di pi\u00f9\" href=\"https:\/\/uat.achilles.com\/products\/health-and-safety\/\">Scopri di pi\u00f9<\/a>\r\n                                    <\/div>\r\n                                <div class=\"feature_item\">\r\n                                        <div class=\"feature_item_icon\">\r\n                        <img decoding=\"async\" src=\"https:\/\/www.achilles.com\/app\/uploads\/2023\/06\/Achilles-icons_Workflow-tools.png\" alt=\"\">\r\n                    <\/div>\r\n                                        <h3 class=\"feature_item_name\">Strumenti per la gestione del flusso di lavoro<\/h3>\r\n                                        <div class=\"typical_text\">\r\n                        <p>La gestione della supply chain \u00e8 gi\u00e0 abbastanza complessa senza doversi anche districare tra svariati sistemi complessi e organizzati per compartimenti stagni.<\/p>\n                    <\/div>\r\n                                        <a class=\"btn\" aria-label=\"Strumenti per la gestione del flusso di lavoro - Scopri di pi\u00f9\" href=\"##\">Scopri di pi\u00f9<\/a>\r\n                                    <\/div>\r\n                            <\/div>\r\n                    <\/div>\r\n    <\/div>\r\n\n\n    <div class=\"content_section bg_grey\">\r\n        <div class=\"container\">\r\n                        <div class=\"description_section\">\r\n                                <h2 class=\"title_section\">Potrebbe interessarti anche<\/h2>\r\n                            <\/div>\r\n                        <div class=\"features_wrap\">\r\n                                <div class=\"feature_item\">\r\n                                        <div class=\"feature_item_icon\">\r\n                        <img decoding=\"async\" src=\"https:\/\/www.achilles.com\/app\/uploads\/2023\/06\/Achilles-icons_GDPR-Audit-e1711006962729.png\" alt=\"\">\r\n                    <\/div>\r\n                                        <h3 class=\"feature_item_name\">Audit degli obblighi relativi al GDPR<\/h3>\r\n                                        <div class=\"typical_text\">\r\n                        <p>Per rispettare gli obblighi del GDPR occorre un approccio continuativo alla protezione dei dati basato sul rischio. Dimostra la tua conformit\u00e0 e comprendine l\u2019impatto\u00a0sugli impegni contrattuali.<\/p>\n                    <\/div>\r\n                                        <a class=\"btn\" aria-label=\"Audit degli obblighi relativi al GDPR - Scopri di pi\u00f9\" href=\"#\">Scopri di pi\u00f9<\/a>\r\n                                    <\/div>\r\n                                <div class=\"feature_item\">\r\n                                        <div class=\"feature_item_icon\">\r\n                        <img decoding=\"async\" src=\"https:\/\/www.achilles.com\/app\/uploads\/2023\/06\/Achilles-icons_Supply-Chain-Mapping.png\" alt=\"\">\r\n                    <\/div>\r\n                                        <h3 class=\"feature_item_name\">Mappatura della supply chain<\/h3>\r\n                                        <div class=\"typical_text\">\r\n                        <p>Non puoi controllare quello che non vedi. E data la crescente complessit\u00e0 delle supply chain, ci sono sempre pi\u00f9 aspetti da considerare attentamente.<\/p>\n                    <\/div>\r\n                                        <a class=\"btn\" aria-label=\"Mappatura della supply chain - Scopri di pi\u00f9\" href=\"https:\/\/uat.achilles.com\/features\/supply-chain-mapping\">Scopri di pi\u00f9<\/a>\r\n                                    <\/div>\r\n                                <div class=\"feature_item\">\r\n                                        <div class=\"feature_item_icon\">\r\n                        <img decoding=\"async\" src=\"https:\/\/www.achilles.com\/app\/uploads\/2023\/06\/Achilles-icons_Management-Systems-audit.png\" alt=\" 10 hours of networking\">\r\n                    <\/div>\r\n                                        <h3 class=\"feature_item_name\">Audit dei sistemi di gestione<\/h3>\r\n                                        <div class=\"typical_text\">\r\n                        <p>Trovare un equilibrio tra la gestione di costi e rischi dei fornitori e la garanzia della conformit\u00e0 legale in tutta la supply chain non \u00e8 affatto semplice.<\/p>\n                    <\/div>\r\n                                        <a class=\"btn\" aria-label=\"Audit dei sistemi di gestione - Scopri di pi\u00f9\" href=\"https:\/\/uat.achilles.com\/features\/management_system_audits\">Scopri di pi\u00f9<\/a>\r\n                                    <\/div>\r\n                            <\/div>\r\n                    <\/div>\r\n    <\/div>\r\n","protected":false},"excerpt":{"rendered":"","protected":false},"author":1,"featured_media":0,"parent":0,"menu_order":0,"comment_status":"closed","ping_status":"closed","template":"","meta":{"_acf_changed":false,"content-type":"","footnotes":""},"class_list":["post-18932","page","type-page","status-publish","hentry"],"acf":[],"_links":{"self":[{"href":"https:\/\/www.achilles.com\/it\/wp-json\/wp\/v2\/pages\/18932","targetHints":{"allow":["GET"]}}],"collection":[{"href":"https:\/\/www.achilles.com\/it\/wp-json\/wp\/v2\/pages"}],"about":[{"href":"https:\/\/www.achilles.com\/it\/wp-json\/wp\/v2\/types\/page"}],"author":[{"embeddable":true,"href":"https:\/\/www.achilles.com\/it\/wp-json\/wp\/v2\/users\/1"}],"replies":[{"embeddable":true,"href":"https:\/\/www.achilles.com\/it\/wp-json\/wp\/v2\/comments?post=18932"}],"version-history":[{"count":0,"href":"https:\/\/www.achilles.com\/it\/wp-json\/wp\/v2\/pages\/18932\/revisions"}],"wp:attachment":[{"href":"https:\/\/www.achilles.com\/it\/wp-json\/wp\/v2\/media?parent=18932"}],"curies":[{"name":"wp","href":"https:\/\/api.w.org\/{rel}","templated":true}]}}