{"id":113100,"date":"2026-03-11T21:41:28","date_gmt":"2026-03-11T21:41:28","guid":{"rendered":"https:\/\/www.achilles.com\/?post_type=product&#038;p=113100"},"modified":"2026-03-25T11:58:34","modified_gmt":"2026-03-25T11:58:34","slug":"rapport-annuel-achilles-sur-les-risques-et-la-durabilite-2026","status":"publish","type":"product","link":"https:\/\/www.achilles.com\/fr\/products\/rapport-annuel-achilles-sur-les-risques-et-la-durabilite-2026\/","title":{"rendered":"Rapport annuel Achilles sur les risques et la durabilit\u00e9 2026"},"content":{"rendered":"            <div class=\"content_section\">\r\n            <div class=\"container\">\r\n                                <div class=\"content_wrap\">\r\n                    <div class=\"content_info ogo\">\r\n                                                <p class=\"title_category\">Rapport annuel<\/p>\r\n                                                <h2 class=\"title_page\">Le Rapport annuel Achilles sur les risques et la durabilit\u00e9 2026<\/h2>\r\n                                                <div class=\"typical_text\">\r\n                            <p>Cliquez sur le bouton de t\u00e9l\u00e9chargement pour obtenir votre exemplaire gratuit du Rapport annuel Achilles sur les risques et la durabilit\u00e9 2026<\/p>\n                        <\/div>\r\n                                                <a target=\"_blank\" class=\"btn btn_white\" aria-label=\"Le Rapport annuel Achilles sur les risques et la durabilit\u00e9 2026 - T\u00e9l\u00e9charger\" href=\"https:\/\/www.achilles.com\/app\/uploads\/2026\/03\/French-Sustainability-Survey-Results-Report-February-2026-1.pdf\">T\u00e9l\u00e9charger<\/a>\r\n                                            <\/div>\r\n                                        <div class=\"content_media\">\r\n                        <img decoding=\"async\" src=\"https:\/\/www.achilles.com\/app\/uploads\/2026\/03\/French-Sustainability-Survey-Results-Report-thumbnail-for-web-1.jpg\" width=\"300\" alt=\"\">\r\n                    <\/div>\r\n                                    <\/div>\r\n                            <\/div>\r\n        <\/div>\r\n    \n\n    <div class=\"content_section\">\r\n        <div class=\"container\">\r\n                        <div class=\"posts_panel\">\r\n                <div class=\"description_section\">\r\n                                        <p class=\"title_category\">POUR ALLER PLUS LOIN<\/p>\r\n                                    <\/div>\r\n                            <\/div>\r\n                                    <div class=\"posts_wrap\">\r\n                                <div class=\"post_item\">\r\n                    <div class=\"post_item_top\">\r\n                                                <a class=\"post_item_img\" href=\"https:\/\/www.achilles.com\/fr\/informations-sectorielles\/norme-mondiale-achilles-pour-la-gestion-des-risques-lies-aux-fournisseurs\/\">\r\n                            <img decoding=\"async\" src=\"https:\/\/www.achilles.com\/app\/uploads\/2018\/02\/g-cloud-banner-1.png\" alt=\"Norme mondiale Achilles pour la gestion des risques li\u00e9s aux fournisseurs\">\r\n                        <\/a>\r\n                                                <ul class=\"post_item_categories\">\r\n                                                        <li>Articles<\/li>\r\n                                                        <li>Informations sectorielles<\/li>\r\n                                                    <\/ul>\r\n                    <\/div>\r\n                    <a class=\"post_item_name\" href=\"https:\/\/www.achilles.com\/fr\/informations-sectorielles\/norme-mondiale-achilles-pour-la-gestion-des-risques-lies-aux-fournisseurs\/\">Norme mondiale Achilles pour la gestion des risques li\u00e9s aux fournisseurs<\/a>\r\n                <\/div>\r\n                                <div class=\"post_item\">\r\n                    <div class=\"post_item_top\">\r\n                                                <a class=\"post_item_img\" href=\"https:\/\/www.achilles.com\/fr\/informations-sectorielles\/le-filtrage-des-medias-defavorables-proteger-la-reputation-de-votre-entreprise\/\">\r\n                            <img decoding=\"async\" src=\"https:\/\/www.achilles.com\/app\/uploads\/2025\/03\/Adverse-Media-safeguarding-your-business-reputation.png\" alt=\"Le filtrage des m\u00e9dias d\u00e9favorables : Prot\u00e9ger la r\u00e9putation de votre entreprise\">\r\n                        <\/a>\r\n                                                <ul class=\"post_item_categories\">\r\n                                                        <li>Articles<\/li>\r\n                                                        <li>Informations sectorielles<\/li>\r\n                                                        <li>Mises \u00e0 jour du produit<\/li>\r\n                                                    <\/ul>\r\n                    <\/div>\r\n                    <a class=\"post_item_name\" href=\"https:\/\/www.achilles.com\/fr\/informations-sectorielles\/le-filtrage-des-medias-defavorables-proteger-la-reputation-de-votre-entreprise\/\">Le filtrage des m\u00e9dias d\u00e9favorables : Prot\u00e9ger la r\u00e9putation de votre entreprise<\/a>\r\n                <\/div>\r\n                                <div class=\"post_item\">\r\n                    <div class=\"post_item_top\">\r\n                                                <a class=\"post_item_img\" href=\"https:\/\/www.achilles.com\/fr\/industry-insights\/achilles-sassocie-a-complyadvantage-pour-integrer-le-depistage-des-medias-hostiles-dans-sa-plateforme-de-gestion-des-risques\/\">\r\n                            <img decoding=\"async\" src=\"https:\/\/www.achilles.com\/app\/uploads\/2025\/03\/Adverse-Media-Screening-PR.png\" alt=\"Achilles s&#8217;associe \u00e0 ComplyAdvantage pour int\u00e9grer le d\u00e9pistage des m\u00e9dias hostiles dans sa plateforme de gestion des risques\">\r\n                        <\/a>\r\n                                                <ul class=\"post_item_categories\">\r\n                                                        <li>Articles<\/li>\r\n                                                        <li>Communiqu\u00e9s de presse<\/li>\r\n                                                        <li>Informations sectorielles<\/li>\r\n                                                        <li>Mises \u00e0 jour du produit<\/li>\r\n                                                    <\/ul>\r\n                    <\/div>\r\n                    <a class=\"post_item_name\" href=\"https:\/\/www.achilles.com\/fr\/industry-insights\/achilles-sassocie-a-complyadvantage-pour-integrer-le-depistage-des-medias-hostiles-dans-sa-plateforme-de-gestion-des-risques\/\">Achilles s&#8217;associe \u00e0 ComplyAdvantage pour int\u00e9grer le d\u00e9pistage des m\u00e9dias hostiles dans sa plateforme de gestion des risques<\/a>\r\n                <\/div>\r\n                            <\/div>\r\n                    <\/div>\r\n    <\/div>\r\n","protected":false},"excerpt":{"rendered":"","protected":false},"featured_media":0,"template":"","class_list":["post-113100","product","type-product","status-publish","hentry"],"acf":[],"_links":{"self":[{"href":"https:\/\/www.achilles.com\/fr\/wp-json\/wp\/v2\/product\/113100","targetHints":{"allow":["GET"]}}],"collection":[{"href":"https:\/\/www.achilles.com\/fr\/wp-json\/wp\/v2\/product"}],"about":[{"href":"https:\/\/www.achilles.com\/fr\/wp-json\/wp\/v2\/types\/product"}],"wp:attachment":[{"href":"https:\/\/www.achilles.com\/fr\/wp-json\/wp\/v2\/media?parent=113100"}],"curies":[{"name":"wp","href":"https:\/\/api.w.org\/{rel}","templated":true}]}}