{"id":93245,"date":"2026-01-07T10:31:57","date_gmt":"2026-01-07T10:31:57","guid":{"rendered":"https:\/\/www.achilles.com\/?page_id=93245"},"modified":"2026-03-10T12:34:29","modified_gmt":"2026-03-10T12:34:29","slug":"elargissez-votre-champ-daction","status":"publish","type":"page","link":"https:\/\/www.achilles.com\/fr\/elargissez-votre-champ-daction\/","title":{"rendered":"\u00c9tendez votre port\u00e9e"},"content":{"rendered":"    <div class=\"top_section top_find_network\">\r\n        <div class=\"container\">\r\n            <div class=\"top_info\">\r\n                                    <h1 class=\"top_title\">\u00c9tendez votre port\u00e9e. Acc\u00e9dez \u00e0 de nouvelles opportunit\u00e9s sur les march\u00e9s locaux et mondiaux.  <\/h1>\r\n                                    <div class=\"top_texttop_block-large_text\">\r\n                        <p>Rejoignez des r\u00e9seaux Achilles suppl\u00e9mentaires pour acc\u00e9der \u00e0 des organisations acheteuses actives dans le monde entier. Consacrez moins de temps \u00e0 la conformit\u00e9 et davantage \u00e0 remporter des contrats. <\/p>\n                    <\/div>\r\n                                    <div class=\"top_buttons\">\r\n                                                    <a class=\"btn btn_big\" href=\"#networks\">Voir les r\u00e9seaux <\/a>\r\n                                                    <a class=\"btn btn_white btn_big\" href=\"#call-back\">Demander \u00e0 \u00eatre rappel\u00e9 <\/a>\r\n                                            <\/div>\r\n                            <\/div>\r\n        <\/div>\r\n        <div class=\"top_media\">\r\n\t\t\t            <img decoding=\"async\" src=\"https:\/\/www.achilles.com\/app\/uploads\/2025\/11\/AdobeStock_192130727.jpeg\" alt=\"Achilles Repro was founded in Madrid and has expanded to include all Southern Europe and Latam\">\r\n                    <\/div>\r\n    <\/div>\r\n\r\n            <div class=\"content_section\">\r\n            <div class=\"container\">\r\n                                <div class=\"description_page full top\">\r\n                                        <h1 class=\"title_section\">\u00c9tendez votre port\u00e9e. Acc\u00e9dez \u00e0 de nouvelles opportunit\u00e9s. <\/h1>\r\n                                        <div class=\"typical_text large_text\">\r\n                        <p>Visibilit\u00e9 renforc\u00e9e sur plusieurs r\u00e9seaux Achilles. <\/p>\r\n                    <\/div>\r\n                                    <\/div>\r\n                                <div class=\"content_wrap\">\r\n                    <div class=\"content_info ogo\">\r\n                                                <p class=\"title_category\">Achilles <\/p>\r\n                                                <h2 class=\"title_section\">Consacrez moins de temps \u00e0 la conformit\u00e9<\/h2>\r\n                                                <h5 class=\"title_small\">Concentrez votre entreprise sur la croissance<\/h5>\r\n                                                <div class=\"typical_text\">\r\n                            <p>Consacrez moins de temps \u00e0 la conformit\u00e9 et davantage \u00e0 remporter de nouveaux contrats. Rejoindre un r\u00e9seau Achilles suppl\u00e9mentaire offre \u00e0 votre entreprise : <\/p>\n<ul>\n<li>Acc\u00e8s \u00e0 un plus grand vivier d\u2019acheteurs recherchant activement des fournisseurs comme vous<\/li>\n<li>Visibilit\u00e9 renforc\u00e9e sur plusieurs r\u00e9seaux d\u2019Achilles<\/li>\n<li>Des outils plus performants de mise en relation fournisseurs-acheteurs<\/li>\n<li>Validation des donn\u00e9es en temps r\u00e9el<\/li>\n<\/ul>\n<p>Renforcez la confiance, augmentez votre visibilit\u00e9 et connectez-vous aux bonnes opportunit\u00e9s, car la croissance commence par les bonnes relations avec les acheteurs.<\/p>\n                        <\/div>\r\n                                            <\/div>\r\n                                        <div class=\"content_media\">\r\n                        <img decoding=\"async\" src=\"https:\/\/www.achilles.com\/app\/uploads\/2023\/06\/Agile-Procurement-Hero-Image-2.jpg\" alt=\"network for supply chain compliance\">\r\n                    <\/div>\r\n                                    <\/div>\r\n                            <\/div>\r\n        <\/div>\r\n        <div class=\"content_section\" id=\"networks\">\n        <div class=\"container\">\n                        <div class=\"description_section full\">\n                                <p class=\"title_category\">R\u00e9seaux suppl\u00e9mentaires <\/p>\n                                                <h2 class=\"title_section\">Connectez-vous avec des acheteurs majeurs au Royaume-Uni, en Irlande et dans le monde entier <\/h2>\n                                                <div class=\"typical_text\">\n                    <p>Join Achilles global networks for access to global buyers.<\/p>\n                <\/div>\n                            <\/div>\n            \n                        <div class=\"packages_wrap column_four\">\n                                <a class=\"package_box\" href=\"https:\/\/www.achilles.com\/achilles-network\">\n                                        <p class=\"package_box_name\">R\u00e9seau Achilles <\/p>\n                                                            <div class=\"typical_text\">\n                        <p><img loading=\"lazy\" decoding=\"async\" class=\"alignnone wp-image-72878\" src=\"https:\/\/www.achilles.com\/app\/uploads\/2025\/06\/Copy-of-Website-Main-Header-Full-Width-LIMIT-to-1000KB-4-2.png\" alt=\"Achilles Supply-Line\" width=\"1280\" height=\"960\" \/><\/p>\n<p>The cross-industry standard for global supply chain visibility.<\/p>\n                    <\/div>\n                                    <\/a>\n                                <a class=\"package_box\" href=\"https:\/\/www.achilles.com\/global-energy\">\n                                        <p class=\"package_box_name\">Global Energy <\/p>\n                                                            <div class=\"typical_text\">\n                        <p><img loading=\"lazy\" decoding=\"async\" class=\"alignnone size-full wp-image-77249\" src=\"https:\/\/www.achilles.com\/app\/uploads\/2025\/07\/wind-website-banners-1.png\" alt=\"a group of wind turbines in the ocean\" width=\"960\" height=\"720\" \/><\/p>\n<p>Connect with major oil, gas, and renewable global buyers.<\/p>\n                    <\/div>\n                                    <\/a>\n                                <a class=\"package_box\" href=\"https:\/\/www.achilles.com\/buildingconfidence\/\">\n                                        <p class=\"package_box_name\">BuildingConfidence <\/p>\n                                                            <div class=\"typical_text\">\n                        <p><img loading=\"lazy\" decoding=\"async\" class=\"alignnone wp-image-57573\" src=\"https:\/\/www.achilles.com\/app\/uploads\/2025\/01\/Construction.png\" alt=\"Man on a construction building site looking up at a yellow crane\" width=\"397\" height=\"298\" \/><\/p>\n<p><span style=\"font-size: 16px;\">BuildingConfidence is the UK\u2019s highest level of construction accreditation.\u00a0<\/span><\/p>\n                    <\/div>\n                                    <\/a>\n                                <a class=\"package_box\" href=\"https:\/\/www.achilles.com\/uvdb\/\">\n                                        <p class=\"package_box_name\">UVDB<\/p>\n                                                            <div class=\"typical_text\">\n                        <p><img loading=\"lazy\" decoding=\"async\" class=\"alignnone wp-image-70946\" src=\"https:\/\/www.achilles.com\/app\/uploads\/2025\/06\/AdobeStock_88883448-web.jpeg\" alt=\"\" width=\"1000\" height=\"650\" \/><br \/>\nGain access to buyers in the UK utilities market and join UVDB.<\/p>\n                    <\/div>\n                                    <\/a>\n                            <\/div>\n            \n                    <\/div>\n    <\/div>\n    <div class=\"content_section bg_grey\">\n        <div class=\"container\">\n                        <div class=\"description_section full\">\n                                <p class=\"title_category\">Achilles <\/p>\n                                                <h2 class=\"title_section\">March\u00e9s acheteurs europ\u00e9ens<\/h2>\n                                            <\/div>\n            \n                        <div class=\"packages_wrap column_four\">\n                                <a class=\"package_box\" href=\"https:\/\/www.achilles.com\/startbank\">\n                                        <p class=\"package_box_name\">StartBANK<\/p>\n                                                            <div class=\"typical_text\">\n                        <p><strong><img loading=\"lazy\" decoding=\"async\" class=\"wp-image-82869 alignnone\" src=\"https:\/\/www.achilles.com\/app\/uploads\/2025\/10\/Australian-construction-worksite.png\" alt=\"Des ouvriers du b\u00e2timent assemblant un \u00e9chafaudage sur site au lever du soleil en Australie, mettant en avant la s\u00e9curit\u00e9 sur le chantier et la gestion des sous-traitants.\" width=\"300\" height=\"225\"><\/strong><\/p>\n<p>StartBANK aide les entreprises de construction et de facility management en Norv\u00e8ge.<\/p>\n                    <\/div>\n                                    <\/a>\n                                <a class=\"package_box\" href=\"https:\/\/www.achilles.com\/transq-network\">\n                                        <p class=\"package_box_name\">TransQ <\/p>\n                                                            <div class=\"typical_text\">\n                        <p><img loading=\"lazy\" decoding=\"async\" class=\"alignnone wp-image-68977\" src=\"https:\/\/www.achilles.com\/app\/uploads\/2025\/05\/TRACCS-Web-site-Banner.png\" alt=\"\" width=\"654\" height=\"490\"><\/p>\n<p>Connectez-vous avec des acheteurs de transport et de logistique de confiance dans les pays nordiques.<\/p>\n                    <\/div>\n                                    <\/a>\n                                <a class=\"package_box\" href=\"https:\/\/www.achilles.com\/utilities-nce\">\n                                        <p class=\"package_box_name\">UNCE <\/p>\n                                                            <div class=\"typical_text\">\n                        <p><strong><img loading=\"lazy\" decoding=\"async\" class=\"alignnone wp-image-13492\" src=\"https:\/\/www.achilles.com\/app\/uploads\/2023\/07\/iStock-139883089-300x200.jpg\" alt=\"\" width=\"337\" height=\"225\" srcset=\"https:\/\/www.achilles.com\/app\/uploads\/2023\/07\/iStock-139883089-300x200.jpg 300w, https:\/\/www.achilles.com\/app\/uploads\/2023\/07\/iStock-139883089.jpg 724w\" sizes=\"auto, (max-width: 337px) 100vw, 337px\" \/><\/strong><\/p>\n<p>Acc\u00e9dez \u00e0 un r\u00e9seau d\u2019entreprises de services publics op\u00e9rant sur les march\u00e9s d\u2019Europe du Nord.<\/p>\n                    <\/div>\n                                    <\/a>\n                                <a class=\"package_box\" href=\"https:\/\/www.achilles.com\/repro\/\">\n                                        <p class=\"package_box_name\">Repro<\/p>\n                                                            <div class=\"typical_text\">\n                        <p><strong><img loading=\"lazy\" decoding=\"async\" class=\"alignnone wp-image-14656 size-medium\" src=\"https:\/\/www.achilles.com\/app\/uploads\/2023\/07\/arrays-blue-solar-panels-photovoltaic-power-station-aerial-view-new-energy-scaled-1-300x200.jpg\" alt=\"Des champs montrant rang\u00e9e apr\u00e8s rang\u00e9e de panneaux solaires\" width=\"300\" height=\"200\" srcset=\"https:\/\/www.achilles.com\/app\/uploads\/2023\/07\/arrays-blue-solar-panels-photovoltaic-power-station-aerial-view-new-energy-scaled-1-300x200.jpg 300w, https:\/\/www.achilles.com\/app\/uploads\/2023\/07\/arrays-blue-solar-panels-photovoltaic-power-station-aerial-view-new-energy-scaled-1-1024x682.jpg 1024w, https:\/\/www.achilles.com\/app\/uploads\/2023\/07\/arrays-blue-solar-panels-photovoltaic-power-station-aerial-view-new-energy-scaled-1-768x512.jpg 768w, https:\/\/www.achilles.com\/app\/uploads\/2023\/07\/arrays-blue-solar-panels-photovoltaic-power-station-aerial-view-new-energy-scaled-1-1536x1023.jpg 1536w, https:\/\/www.achilles.com\/app\/uploads\/2023\/07\/arrays-blue-solar-panels-photovoltaic-power-station-aerial-view-new-energy-scaled-1.jpg 2048w\" sizes=\"auto, (max-width: 300px) 100vw, 300px\" \/><\/strong><\/p>\n<p>Repro est le r\u00e9seau de confiance pour le secteur des services publics en Am\u00e9rique du Sud et en Europe du Sud.<\/p>\n                    <\/div>\n                                    <\/a>\n                            <\/div>\n            \n                    <\/div>\n    <\/div>\n    <div class=\"request_section\" id=\"call-back\">\r\n        <div class=\"contact_bg\">\r\n                    <\/div>\r\n        <div class=\"container\">\r\n            <div class=\"request_inner\">\r\n                                <div class=\"request_wrapper\">\r\n                <h2 class=\"title_section\">Pr\u00eat \u00e0 d\u00e9velopper votre entreprise ? <\/h2>\r\n                <\/div>\r\n                                <div class=\"request_box\">\r\n                                        <h5 class=\"contact_content_subtitle\">Our Supplier Success team can help you identify the right networks for your business<\/h5>\r\n                    <script charset=\"utf-8\" type=\"text\/javascript\" src=\"\/\/js.hsforms.net\/forms\/embed\/v2.js\"><\/script><script>hbspt.forms.create({\r\n    portalId: \"5387762\",\r\n    formId: \"f8e5eac7-c599-497d-aab7-a2d05eaffffd\",\r\n    region: \"na1\"\r\n  });\r\n<\/script>                <\/div>\r\n            <\/div>\r\n        <\/div>\r\n    <\/div>\r\n\r\n","protected":false},"excerpt":{"rendered":"","protected":false},"author":74,"featured_media":0,"parent":0,"menu_order":0,"comment_status":"closed","ping_status":"closed","template":"","meta":{"_acf_changed":true,"content-type":"","footnotes":""},"class_list":["post-93245","page","type-page","status-publish","hentry"],"acf":[],"_links":{"self":[{"href":"https:\/\/www.achilles.com\/fr\/wp-json\/wp\/v2\/pages\/93245","targetHints":{"allow":["GET"]}}],"collection":[{"href":"https:\/\/www.achilles.com\/fr\/wp-json\/wp\/v2\/pages"}],"about":[{"href":"https:\/\/www.achilles.com\/fr\/wp-json\/wp\/v2\/types\/page"}],"author":[{"embeddable":true,"href":"https:\/\/www.achilles.com\/fr\/wp-json\/wp\/v2\/users\/74"}],"replies":[{"embeddable":true,"href":"https:\/\/www.achilles.com\/fr\/wp-json\/wp\/v2\/comments?post=93245"}],"version-history":[{"count":0,"href":"https:\/\/www.achilles.com\/fr\/wp-json\/wp\/v2\/pages\/93245\/revisions"}],"wp:attachment":[{"href":"https:\/\/www.achilles.com\/fr\/wp-json\/wp\/v2\/media?parent=93245"}],"curies":[{"name":"wp","href":"https:\/\/api.w.org\/{rel}","templated":true}]}}