{"id":88400,"date":"2025-11-28T15:22:58","date_gmt":"2025-11-28T15:22:58","guid":{"rendered":"https:\/\/www.achilles.com\/?page_id=88400"},"modified":"2026-03-10T13:23:11","modified_gmt":"2026-03-10T13:23:11","slug":"reseau-vente-croisee","status":"publish","type":"page","link":"https:\/\/www.achilles.com\/fr\/reseau-vente-croisee\/","title":{"rendered":"Vente crois\u00e9e de r\u00e9seaux"},"content":{"rendered":"    <div class=\"top_section top_find_network\">\r\n        <div class=\"container\">\r\n            <div class=\"top_info\">\r\n                                    <h1 class=\"top_title\">\u00c9largissez votre champ d&#8217;action. Ouvrez de nouvelles perspectives sur les march\u00e9s locaux et mondiaux.   <\/h1>\r\n                                    <div class=\"top_texttop_block-large_text\">\r\n                        <p>Rejoignez d&#8217;autres r\u00e9seaux Achilles pour acc\u00e9der \u00e0 des organisations d&#8217;achat actives dans le monde entier. Passez moins de temps sur la conformit\u00e9 et plus de temps \u00e0 gagner des affaires. <\/p>\n                    <\/div>\r\n                                    <div class=\"top_buttons\">\r\n                                                    <a class=\"btn btn_big\" href=\"#networks \">Voir les r\u00e9seaux  <\/a>\r\n                                                    <a class=\"btn btn_white btn_big\" href=\"#call-back\">Demander \u00e0 \u00eatre rappel\u00e9  <\/a>\r\n                                            <\/div>\r\n                            <\/div>\r\n        <\/div>\r\n        <div class=\"top_media\">\r\n\t\t\t            <img decoding=\"async\" src=\"https:\/\/www.achilles.com\/app\/uploads\/2025\/11\/AdobeStock_192130727.jpeg\" alt=\"Achilles Repro was founded in Madrid and has expanded to include all Southern Europe and Latam\">\r\n                    <\/div>\r\n    <\/div>\r\n\r\n            <div class=\"content_section\">\r\n            <div class=\"container\">\r\n                                <div class=\"description_page full top\">\r\n                                        <h1 class=\"title_section\">\u00c9largissez votre champ d&#8217;action. Ouvrez de nouvelles perspectives. <\/h1>\r\n                                        <div class=\"typical_text large_text\">\r\n                        <p>Visibilit\u00e9 accrue sur plusieurs r\u00e9seaux.  <\/p>\r\n                    <\/div>\r\n                                    <\/div>\r\n                                <div class=\"content_wrap\">\r\n                    <div class=\"content_info ogo\">\r\n                                                <p class=\"title_category\">Achilles <\/p>\r\n                                                <h2 class=\"title_section\">Passez moins de temps sur la conformit\u00e9<\/h2>\r\n                                                <h5 class=\"title_small\">Axez votre entreprise sur la croissance<\/h5>\r\n                                                <div class=\"typical_text\">\r\n                            <p>En rejoignant un autre r\u00e9seau Achilles, votre entreprise a acc\u00e8s \u00e0 un plus grand nombre d&#8217;acheteurs qui recherchent activement des fournisseurs comme vous. Gr\u00e2ce \u00e0 une meilleure visibilit\u00e9 sur plusieurs r\u00e9seaux, \u00e0 des outils de mise en relation plus intelligents et \u00e0 la validation des donn\u00e9es en temps r\u00e9el, vous consacrerez <strong>moins de temps \u00e0 la conformit\u00e9 et plus de temps \u00e0 la conqu\u00eate de nouveaux march\u00e9s<\/strong>. <\/p>\n<p>\u00c9tablissez la confiance, augmentez la visibilit\u00e9 et saisissez les bonnes opportunit\u00e9s, car la croissance commence par les bonnes connexions avec les acheteurs.<\/p>\n                        <\/div>\r\n                                            <\/div>\r\n                                        <div class=\"content_media\">\r\n                        <img decoding=\"async\" src=\"https:\/\/www.achilles.com\/app\/uploads\/2025\/09\/Procurement-negotiation-6.png\" alt=\"three men sit at a table discussing business\">\r\n                    <\/div>\r\n                                    <\/div>\r\n                            <\/div>\r\n        <\/div>\r\n    \n<p><a href=\"https:\/\/www.achilles.com\/wp\/wp-admin\/post.php?post=84301&amp;action=edit&amp;lang=en#\">Enlever<\/a><\/p>\n    <div class=\"content_section\">\r\n        <div class=\"container\">\r\n                        <div class=\"content_block\">\r\n                                <div class=\"description_section\">\r\n                                        <h2 class=\"title_section\">Entrez en contact avec des entreprises internationales  <\/h2>\r\n                                    <\/div>\r\n                                <div class=\"logos_block\">\r\n                    <div class=\"logos_slider swiper-container\">\r\n                        <div class=\"swiper-wrapper\">\r\n                                                        <div class=\"logo_slide_item swiper-slide\">\r\n                                <img decoding=\"async\" src=\"https:\/\/www.achilles.com\/app\/uploads\/2025\/11\/Tesco-logo.png\" width=\"170\" alt=\"Tesco logo representing how Achilles supports major retailers to achieve supply chain risk and ESG goals\">\r\n                            <\/div>\r\n                                                        <div class=\"logo_slide_item swiper-slide\">\r\n                                <img decoding=\"async\" src=\"https:\/\/www.achilles.com\/app\/uploads\/2023\/06\/2000px-Skanska.svg-e1524647992181.png\" alt=\"\">\r\n                            <\/div>\r\n                                                        <div class=\"logo_slide_item swiper-slide\">\r\n                                <img decoding=\"async\" src=\"https:\/\/www.achilles.com\/app\/uploads\/2023\/06\/tarmac-logo.png\" alt=\"\">\r\n                            <\/div>\r\n                                                        <div class=\"logo_slide_item swiper-slide\">\r\n                                <img decoding=\"async\" src=\"https:\/\/www.achilles.com\/app\/uploads\/2025\/02\/Lightsourcebp-icon-logo-version.jpg\" alt=\"Lightsourcebp logo showing the Lightsource and BP brand marks side by side.\">\r\n                            <\/div>\r\n                                                        <div class=\"logo_slide_item swiper-slide\">\r\n                                <img decoding=\"async\" src=\"https:\/\/www.achilles.com\/app\/uploads\/2023\/06\/Customer-logo_Orsted_logo.png\" alt=\"Orsted logo is the word Orsted in a mid blue. The letter O is intercepted by a line through the top centre that stops close the middle of the O.\">\r\n                            <\/div>\r\n                                                    <\/div>\r\n                    <\/div>\r\n                    <div class=\"logos_arrow logos_arrow_prev icon-Chevron-Left\"><\/div>\r\n                    <div class=\"logos_arrow logos_arrow_next icon-Chevron-Right\"><\/div>\r\n                <\/div>\r\n                            <\/div>\r\n                    <\/div>\r\n    <\/div>\r\n    <div class=\"content_section\" id=\"networks\">\n        <div class=\"container\">\n                        <div class=\"description_section full\">\n                                <p class=\"title_category\">R\u00e9seaux suppl\u00e9mentaires  <\/p>\n                                                <h2 class=\"title_section\">Connect with major buyers in the UK, Ireland and Globally  <\/h2>\n                                                <div class=\"typical_text\">\n                    <p>Join Achilles global networks for access to global buyers.<\/p>\n                <\/div>\n                            <\/div>\n            \n                        <div class=\"packages_wrap column_four\">\n                                <a class=\"package_box\" href=\"https:\/\/www.achilles.com\/achilles-network\">\n                                        <p class=\"package_box_name\">Achilles Network <\/p>\n                                                            <div class=\"typical_text\">\n                        <p><img loading=\"lazy\" decoding=\"async\" class=\"alignnone wp-image-72878\" src=\"https:\/\/www.achilles.com\/app\/uploads\/2025\/06\/Copy-of-Website-Main-Header-Full-Width-LIMIT-to-1000KB-4-2.png\" alt=\"Achilles Supply-Line\" width=\"1280\" height=\"960\" \/><\/p>\n<p>The cross-industry standard for global supply chain visibility.<\/p>\n                    <\/div>\n                                    <\/a>\n                                <a class=\"package_box\" href=\"https:\/\/www.achilles.com\/global-energy\">\n                                        <p class=\"package_box_name\">Global Energy <\/p>\n                                                            <div class=\"typical_text\">\n                        <p><img loading=\"lazy\" decoding=\"async\" class=\"alignnone size-full wp-image-77249\" src=\"https:\/\/www.achilles.com\/app\/uploads\/2025\/07\/wind-website-banners-1.png\" alt=\"a group of wind turbines in the ocean\" width=\"960\" height=\"720\" \/><\/p>\n<p>Connect with major oil, gas, and renewable global buyers.<\/p>\n                    <\/div>\n                                    <\/a>\n                                <a class=\"package_box\">\n                                        <p class=\"package_box_name\">BuildingConfidence <\/p>\n                                                            <div class=\"typical_text\">\n                        <p><img loading=\"lazy\" decoding=\"async\" class=\"alignnone wp-image-57573\" src=\"https:\/\/www.achilles.com\/app\/uploads\/2025\/01\/Construction.png\" alt=\"Man on a construction building site looking up at a yellow crane\" width=\"397\" height=\"298\" \/><\/p>\n<p><span style=\"font-size: 16px;\">BuildingConfidence is the UK\u2019s highest level of construction accreditation.\u00a0<\/span><\/p>\n                    <\/div>\n                                    <\/a>\n                                <a class=\"package_box\">\n                                        <p class=\"package_box_name\">UVDB<\/p>\n                                                            <div class=\"typical_text\">\n                        <p><img loading=\"lazy\" decoding=\"async\" class=\"alignnone wp-image-70946\" src=\"https:\/\/www.achilles.com\/app\/uploads\/2025\/06\/AdobeStock_88883448-web.jpeg\" alt=\"\" width=\"1000\" height=\"650\" \/><\/p>\n<p>Gain access to buyers in the UK utilities market and join UVDB.<\/p>\n                    <\/div>\n                                    <\/a>\n                            <\/div>\n            \n                    <\/div>\n    <\/div>\n    <div class=\"content_section bg_grey\">\n        <div class=\"container\">\n                        <div class=\"description_section full\">\n                                <p class=\"title_category\">Achilles <\/p>\n                                                <h2 class=\"title_section\">March\u00e9s acheteurs europ\u00e9ens<\/h2>\n                                            <\/div>\n            \n                        <div class=\"packages_wrap column_four\">\n                                <a class=\"package_box\" href=\"https:\/\/www.achilles.com\/startbank\">\n                                        <p class=\"package_box_name\">D\u00e9marrerBANK<\/p>\n                                                            <div class=\"typical_text\">\n                        <p><strong><img loading=\"lazy\" decoding=\"async\" class=\"wp-image-82869 alignnone\" src=\"https:\/\/www.achilles.com\/app\/uploads\/2025\/10\/Australian-construction-worksite.png\" alt=\"Travailleurs de la construction assemblant des \u00e9chafaudages sur un chantier au lever du soleil en Australie, mettant en avant la s\u00e9curit\u00e9 sur le chantier et la gestion des entrepreneurs.\" width=\"300\" height=\"225\"><\/strong><\/p>\n<p>StartBANK aide les entreprises de construction et de gestion d&#8217;installations en Norv\u00e8ge.<\/p>\n                    <\/div>\n                                    <\/a>\n                                <a class=\"package_box\" href=\"https:\/\/www.achilles.com\/transq-network\">\n                                        <p class=\"package_box_name\">TransQ  <\/p>\n                                                            <div class=\"typical_text\">\n                        <p><img loading=\"lazy\" decoding=\"async\" class=\"alignnone wp-image-68977\" src=\"https:\/\/www.achilles.com\/app\/uploads\/2025\/05\/TRACCS-Web-site-Banner.png\" alt=\"\" width=\"654\" height=\"490\"><\/p>\n<p>Entrez en contact avec des acheteurs de confiance dans le domaine du transport et de la logistique dans les pays nordiques.<\/p>\n                    <\/div>\n                                    <\/a>\n                                <a class=\"package_box\" href=\"https:\/\/www.achilles.com\/utilities-nce\">\n                                        <p class=\"package_box_name\">CNUCE  <\/p>\n                                                            <div class=\"typical_text\">\n                        <p><strong><img loading=\"lazy\" decoding=\"async\" class=\"alignnone wp-image-13492\" src=\"https:\/\/www.achilles.com\/app\/uploads\/2023\/07\/iStock-139883089-300x200.jpg\" alt=\"\" width=\"337\" height=\"225\" srcset=\"https:\/\/www.achilles.com\/app\/uploads\/2023\/07\/iStock-139883089-300x200.jpg 300w, https:\/\/www.achilles.com\/app\/uploads\/2023\/07\/iStock-139883089.jpg 724w\" sizes=\"auto, (max-width: 337px) 100vw, 337px\" \/><\/strong><\/p>\n<p>Atteindre un r\u00e9seau d&#8217;entreprises de services publics op\u00e9rant sur les march\u00e9s d&#8217;Europe du Nord.<\/p>\n                    <\/div>\n                                    <\/a>\n                                <a class=\"package_box\" href=\"https:\/\/www.achilles.com\/repro\/\">\n                                        <p class=\"package_box_name\">Repro<\/p>\n                                                            <div class=\"typical_text\">\n                        <p><strong><img loading=\"lazy\" decoding=\"async\" class=\"alignnone wp-image-14656 size-medium\" src=\"https:\/\/www.achilles.com\/app\/uploads\/2023\/07\/arrays-blue-solar-panels-photovoltaic-power-station-aerial-view-new-energy-scaled-1-300x200.jpg\" alt=\"Champs montrant des rang\u00e9es et des rang\u00e9es de panneaux solaires\" width=\"300\" height=\"200\" srcset=\"https:\/\/www.achilles.com\/app\/uploads\/2023\/07\/arrays-blue-solar-panels-photovoltaic-power-station-aerial-view-new-energy-scaled-1-300x200.jpg 300w, https:\/\/www.achilles.com\/app\/uploads\/2023\/07\/arrays-blue-solar-panels-photovoltaic-power-station-aerial-view-new-energy-scaled-1-1024x682.jpg 1024w, https:\/\/www.achilles.com\/app\/uploads\/2023\/07\/arrays-blue-solar-panels-photovoltaic-power-station-aerial-view-new-energy-scaled-1-768x512.jpg 768w, https:\/\/www.achilles.com\/app\/uploads\/2023\/07\/arrays-blue-solar-panels-photovoltaic-power-station-aerial-view-new-energy-scaled-1-1536x1023.jpg 1536w, https:\/\/www.achilles.com\/app\/uploads\/2023\/07\/arrays-blue-solar-panels-photovoltaic-power-station-aerial-view-new-energy-scaled-1.jpg 2048w\" sizes=\"auto, (max-width: 300px) 100vw, 300px\" \/><\/strong><\/p>\n<p>Repro est le r\u00e9seau de confiance de l&#8217;industrie des services publics en Am\u00e9rique du Sud et en Europe du Sud.<\/p>\n                    <\/div>\n                                    <\/a>\n                            <\/div>\n            \n                    <\/div>\n    <\/div>\n    <div class=\"request_section\" id=\"call-back\">\r\n        <div class=\"contact_bg\">\r\n                    <\/div>\r\n        <div class=\"container\">\r\n            <div class=\"request_inner\">\r\n                                <div class=\"request_wrapper\">\r\n                <h2 class=\"title_section\">Pr\u00eat \u00e0 d\u00e9velopper votre entreprise ?  <\/h2>\r\n                <\/div>\r\n                                <div class=\"request_box\">\r\n                                        <h5 class=\"contact_content_subtitle\">Our Supplier Success team can help you identify the right networks for your business<\/h5>\r\n                    <script charset=\"utf-8\" type=\"text\/javascript\" src=\"\/\/js.hsforms.net\/forms\/embed\/v2.js\"><\/script><script>hbspt.forms.create({\r\n    portalId: \"5387762\",\r\n    formId: \"f8e5eac7-c599-497d-aab7-a2d05eaffffd\",\r\n    region: \"na1\"\r\n  });\r\n<\/script>                <\/div>\r\n            <\/div>\r\n        <\/div>\r\n    <\/div>\r\n\r\n","protected":false},"excerpt":{"rendered":"<p>Enlever<\/p>\n","protected":false},"author":74,"featured_media":0,"parent":0,"menu_order":0,"comment_status":"closed","ping_status":"closed","template":"","meta":{"_acf_changed":false,"content-type":"","footnotes":""},"class_list":["post-88400","page","type-page","status-publish","hentry"],"acf":[],"_links":{"self":[{"href":"https:\/\/www.achilles.com\/fr\/wp-json\/wp\/v2\/pages\/88400","targetHints":{"allow":["GET"]}}],"collection":[{"href":"https:\/\/www.achilles.com\/fr\/wp-json\/wp\/v2\/pages"}],"about":[{"href":"https:\/\/www.achilles.com\/fr\/wp-json\/wp\/v2\/types\/page"}],"author":[{"embeddable":true,"href":"https:\/\/www.achilles.com\/fr\/wp-json\/wp\/v2\/users\/74"}],"replies":[{"embeddable":true,"href":"https:\/\/www.achilles.com\/fr\/wp-json\/wp\/v2\/comments?post=88400"}],"version-history":[{"count":0,"href":"https:\/\/www.achilles.com\/fr\/wp-json\/wp\/v2\/pages\/88400\/revisions"}],"wp:attachment":[{"href":"https:\/\/www.achilles.com\/fr\/wp-json\/wp\/v2\/media?parent=88400"}],"curies":[{"name":"wp","href":"https:\/\/api.w.org\/{rel}","templated":true}]}}