{"id":77926,"date":"2025-08-06T22:57:53","date_gmt":"2025-08-06T21:57:53","guid":{"rendered":"https:\/\/www.achilles.com\/?page_id=77926"},"modified":"2026-03-10T13:02:05","modified_gmt":"2026-03-10T13:02:05","slug":"rejoignez-traccs","status":"publish","type":"page","link":"https:\/\/www.achilles.com\/fr\/rejoignez-traccs\/","title":{"rendered":"Rejoignez TRACCS propuls\u00e9 par Achilles"},"content":{"rendered":"    <div class=\"top_section\">\r\n        <div class=\"container\">\r\n            <div class=\"top_info half\">\r\n                                    <h1 class=\"top_title\">TRACCS propuls\u00e9 par Achilles<\/h1>\r\n                                    <div class=\"top_text\">\r\n                        <p>TRACCS propuls\u00e9 par Achilles est un syst\u00e8me normalis\u00e9 de certification des fournisseurs et de gestion des risques pour l\u2019industrie du transport ferroviaire de passagers au Canada. Il renforce la s\u00e9curit\u00e9, assure la conformit\u00e9 r\u00e9glementaire et favorise la transparence de la cha\u00eene d\u2019approvisionnement, le tout via une plateforme de confiance unique. <\/p>\n                    <\/div>\r\n                                    <div class=\"top_buttons\">\r\n                                                    <a class=\"btn btn_big\" href=\"#form\">Prendre rendez-vous<\/a>\r\n                                            <\/div>\r\n                            <\/div>\r\n        <\/div>\r\n        <div class=\"top_media\">\r\n\t\t\t            <img decoding=\"async\" src=\"https:\/\/www.achilles.com\/app\/uploads\/2025\/07\/AdobeStock_177032737_optimized_2000.jpeg\" alt=\"Passenger rail train in Canada, highlighting the role of sustainable transportation\">\r\n                    <\/div>\r\n    <\/div>\r\n\r\n            <div class=\"content_section\">\r\n            <div class=\"container\">\r\n                <div class=\"content_wrap right\">\r\n                    <div class=\"content_info ogo2\">\r\n                                                <h2 class=\"title_page\">Qu\u2019est-ce que TRACCS propuls\u00e9 par Achilles ?<\/h2>\r\n                                                <div class=\"typical_text\">\r\n                            <p>Le r\u00e9seau TRACCS rassemble les acheteurs et les fournisseurs du secteur ferroviaire canadien afin d\u2019am\u00e9liorer l\u2019excellence de la cha\u00eene d\u2019approvisionnement et la s\u00e9curit\u00e9 dans l\u2019industrie du transport ferroviaire de passagers au Canada. D\u00e9velopp\u00e9 par <a href=\"https:\/\/www.traccs.ca\">TRACCS<\/a> et propuls\u00e9 par Achilles, le r\u00e9seau s\u2019appuie sur une vaste exp\u00e9rience et une connaissance approfondie de l\u2019industrie ferroviaire pour offrir une plateforme fiable et efficace aux fournisseurs comme aux acheteurs. <\/p>\n                        <\/div>\r\n                                                <a class=\"btn btn_big\" href=\"#form\">Commencer<\/a>\r\n                                            <\/div>\r\n\t\t\t\t\t\t\t\t\t\t\r\n                                        <div class=\"content_media\">\r\n                        <img decoding=\"async\" src=\"https:\/\/www.achilles.com\/app\/uploads\/2025\/07\/TRACCS-ID_Logotype.avif\" width=\"400\" alt=\"TRACCS logo representing Canada's passenger rail compliance initiative\">\r\n                    <\/div>\r\n                                    <\/div>\r\n            <\/div>\r\n        <\/div>\r\n    \r\n            <div class=\"content_section bg_grey\">\r\n            <div class=\"container\">\r\n                <div class=\"content_wrap\">\r\n                    <div class=\"content_info ogo2\">\r\n                                                <h2 class=\"title_page\">Pourquoi est-ce important ?<\/h2>\r\n                                                <div class=\"typical_text\">\r\n                            <p>L\u2019industrie ferroviaire subit une pression croissante pour am\u00e9liorer la s\u00e9curit\u00e9, la qualit\u00e9 de la cha\u00eene d\u2019approvisionnement et le devoir de diligence, particuli\u00e8rement \u00e0 la lumi\u00e8re de d\u00e9cisions juridiques comme l\u2019<a href=\"https:\/\/decisions.scc-csc.ca\/scc-csc\/scc-csc\/en\/item\/20150\/index.do\">affaire du Grand Sudbury<\/a>, qui souligne la responsabilit\u00e9 municipale lors d\u2019incidents sur des sites tiers. Les <a href=\"https:\/\/www.achilles.com\/fr\/projet-de-loi-s211\/\">nouvelles lois sur le travail des enfants<\/a> accentuent \u00e9galement le besoin d\u2019une plus grande transparence dans les cha\u00eenes d\u2019approvisionnement. Le r\u00e9seau TRACCS, propuls\u00e9 par Achilles, offre une solution efficace pour r\u00e9pondre \u00e0 ces exigences croissantes. <\/p>\n                        <\/div>\r\n                                                <a class=\"btn btn_big\" href=\"#form\">En savoir plus<\/a>\r\n                                            <\/div>\r\n\t\t\t\t\t\t\t\t\t\t\r\n                                        <div class=\"content_media\">\r\n                        <img decoding=\"async\" src=\"https:\/\/www.achilles.com\/app\/uploads\/2024\/12\/Icons-Controlar-7.png\" alt=\"\">\r\n                    <\/div>\r\n                                    <\/div>\r\n            <\/div>\r\n        <\/div>\r\n    \r\n            <div class=\"content_section\">\r\n            <div class=\"container\">\r\n                <div class=\"content_wrap right\">\r\n                    <div class=\"content_info ogo2\">\r\n                                                <h2 class=\"title_page\">Comment cela fonctionne-t-il ?<\/h2>\r\n                                                <div class=\"typical_text\">\r\n                            <p>Gr\u00e2ce \u00e0 une saisie de donn\u00e9es simplifi\u00e9e, une am\u00e9lioration continue et des rapports clairs, TRACCS propuls\u00e9 par Achilles aide les organisations \u00e0 renforcer la conformit\u00e9, \u00e0 g\u00e9rer les risques et \u00e0 instaurer une r\u00e9silience de la cha\u00eene d\u2019approvisionnement conforme aux normes juridiques et sectorielles. Les fournisseurs suivent un processus d\u2019int\u00e9gration en ligne unique en partageant les d\u00e9tails cl\u00e9s de leur entreprise. Ceux qui r\u00e9pondent aux normes minimales re\u00e7oivent une accr\u00e9ditation de la part de TRACCS.  <\/p>\n                        <\/div>\r\n                                                <a class=\"btn btn_big\" href=\"#form\">En savoir plus<\/a>\r\n                                            <\/div>\r\n\t\t\t\t\t\t\t\t\t\t\r\n                                        <div class=\"content_media\">\r\n                        <img decoding=\"async\" src=\"https:\/\/www.achilles.com\/app\/uploads\/2025\/01\/Sustainability-Score-Badge-Website-Text-Picture-450-x-300px.png\" alt=\"Achilles Accreditation Sustainability Score Badge\">\r\n                    <\/div>\r\n                                    <\/div>\r\n            <\/div>\r\n        <\/div>\r\n        <div class=\"request_section\" id=\"form\">\r\n        <div class=\"contact_bg\">\r\n                    <\/div>\r\n        <div class=\"container\">\r\n            <div class=\"request_inner\">\r\n                                <div class=\"request_wrapper\">\r\n                <h2 class=\"title_section\">Rejoignez TRACCS d\u00e8s aujourd\u2019hui<\/h2>\r\n                <\/div>\r\n                                <div class=\"request_box\">\r\n                    <script src=\"https:\/\/js.hsforms.net\/forms\/embed\/5387762.js\" defer><\/script>\r\n<div class=\"hs-form-frame\" data-region=\"na1\" data-form-id=\"3d983ab6-bd96-4c64-aeb7-448c98b4b395\" data-portal-id=\"5387762\"><\/div>                <\/div>\r\n            <\/div>\r\n        <\/div>\r\n    <\/div>\r\n\r\n","protected":false},"excerpt":{"rendered":"","protected":false},"author":2,"featured_media":0,"parent":0,"menu_order":0,"comment_status":"closed","ping_status":"closed","template":"","meta":{"_acf_changed":false,"content-type":"","footnotes":""},"class_list":["post-77926","page","type-page","status-publish","hentry"],"acf":[],"_links":{"self":[{"href":"https:\/\/www.achilles.com\/fr\/wp-json\/wp\/v2\/pages\/77926","targetHints":{"allow":["GET"]}}],"collection":[{"href":"https:\/\/www.achilles.com\/fr\/wp-json\/wp\/v2\/pages"}],"about":[{"href":"https:\/\/www.achilles.com\/fr\/wp-json\/wp\/v2\/types\/page"}],"author":[{"embeddable":true,"href":"https:\/\/www.achilles.com\/fr\/wp-json\/wp\/v2\/users\/2"}],"replies":[{"embeddable":true,"href":"https:\/\/www.achilles.com\/fr\/wp-json\/wp\/v2\/comments?post=77926"}],"version-history":[{"count":0,"href":"https:\/\/www.achilles.com\/fr\/wp-json\/wp\/v2\/pages\/77926\/revisions"}],"wp:attachment":[{"href":"https:\/\/www.achilles.com\/fr\/wp-json\/wp\/v2\/media?parent=77926"}],"curies":[{"name":"wp","href":"https:\/\/api.w.org\/{rel}","templated":true}]}}