{"id":76840,"date":"2025-06-11T13:23:28","date_gmt":"2025-06-11T12:23:28","guid":{"rendered":"https:\/\/www.achilles.com\/?page_id=76840"},"modified":"2025-08-06T18:34:14","modified_gmt":"2025-08-06T17:34:14","slug":"la-difference-achilles-veritas","status":"publish","type":"page","link":"https:\/\/www.achilles.com\/fr\/la-difference-achilles-veritas\/","title":{"rendered":"La diff\u00e9rence Achilles Veritas"},"content":{"rendered":"    <div class=\"top_section\">\n        <div class=\"container\">\n            <div class=\"top_info half\">\n                                    <h1 class=\"top_title\">La diff\u00e9rence Achilles Veritas<\/h1>\n                                    <div class=\"top_text\">\n                        <p><b>Tous les fournisseurs. Tous les risques. Toutes les zones g\u00e9ographiques.  <\/b><\/p>\n<p>Achilles est le leader reconnu dans la fourniture de programmes de gestion du risque fournisseur \u00e0 l&#8217;\u00e9chelle de l&#8217;entreprise pour les fournisseurs, les entrepreneurs et les prestataires de services dans plus de 140 pays.<\/p>\n                    <\/div>\n                                    <div class=\"top_buttons\">\n                                                    <a class=\"btn btn_big\" href=\"#Differenceform\">Parlez-nous<\/a>\n                                                    <a class=\"btn btn_big\" href=\"\/achilles-solutions\">D\u00e9couvrez nos solutions<\/a>\n                                            <\/div>\n                            <\/div>\n        <\/div>\n        <div class=\"top_media\">\n\t\t\t            <img decoding=\"async\" src=\"https:\/\/www.achilles.com\/app\/uploads\/2025\/06\/UmbrellasGREENhand-small.png\" alt=\"Green umbrellas with a single darker green umbrella held up above the others\">\n                    <\/div>\n    <\/div>\n\n\n    <div class=\"content_section page_default_text\">\r\n        <div class=\"container\">\r\n            <article class=\"article_wrap\">\r\n                <div class=\"article_main\">\r\n                    <div class=\"typical_text\">\r\n                        <h2 style=\"text-align: center;\">Achilles Veritas<\/h2>\n<p style=\"text-align: center;\">Achilles Veritas v\u00e9rifie la \u201cv\u00e9rit\u00e9\u201d pour faire des affaires.<br data-start=\"65\" data-end=\"68\" \/>La solution offre une interface simple et intuitive (UI\/UX) qui permet aux clients de surveiller et de rapporter facilement, en temps r\u00e9el et depuis un seul emplacement s\u00e9curis\u00e9, les \u00e9valuations globales du risque de tous leurs fournisseurs.<\/p>\n<p data-start=\"311\" data-end=\"527\">L\u2019une des caract\u00e9ristiques uniques de Veritas est sa capacit\u00e9 \u00e0 surveiller en continu de nombreux composants de risque individuels. Les utilisateurs sont alert\u00e9s de tout changement dans l\u2019\u00e9valuation de ces risques.<\/p>\n<p data-start=\"529\" data-end=\"733\">Les fournisseurs disposent \u00e9galement d\u2019un portail d\u00e9di\u00e9, le Veritas Supplier Portal, leur permettant de mettre \u00e0 jour leurs informations, soumettre des documents et g\u00e9rer leur conformit\u00e9 facilement.<\/p>\n<p data-start=\"735\" data-end=\"864\" data-is-last-node=\"\" data-is-only-node=\"\">Veritas inclut \u00e9galement des API JSON qui permettent son int\u00e9gration avec la plupart des plateformes de gestion des fournisseurs.<\/p>\n \r\n                    <\/div>\r\n                <\/div>\r\n            <\/article>\r\n        <\/div>\r\n    <\/div>\r\n\n\n    <div class=\"content_section\">\r\n        <div class=\"container\">\r\n                                    <div class=\"features_wrap\">\r\n                                <div class=\"feature_item center\">\r\n                                        <div class=\"feature_item_icon\">\r\n                        <img decoding=\"async\" src=\"https:\/\/www.achilles.com\/app\/uploads\/2025\/02\/Search-Data-Insights-icon.png\" alt=\"Data collection validation icon\">\r\n                    <\/div>\r\n                                        <h3 class=\"feature_item_name\">V\u00e9rification et validation<\/h3>\r\n                                        <div class=\"typical_text middle_text\">\r\n                        <p>Le service d\u2019Achilles inclut la v\u00e9rification des donn\u00e9es, l\u2019examen physique des documents et l\u2019audit des fournisseurs en temps r\u00e9el.<\/p>\r\n                    <\/div>\r\n                                        <a class=\"btn btn_big\" aria-label=\"V\u00e9rification et validation - En savoir plus\" href=\"\/supply-chain-due-diligence\">En savoir plus<\/a>\r\n                                    <\/div>\r\n                                <div class=\"feature_item center\">\r\n                                        <div class=\"feature_item_icon\">\r\n                        <img decoding=\"async\" src=\"https:\/\/www.achilles.com\/app\/uploads\/2025\/02\/Validation-Questionnaire-icon.png\" alt=\"get in touch question icon\">\r\n                    <\/div>\r\n                                        <h3 class=\"feature_item_name\">Syst\u00e8me d&#8217;aide aux fournisseurs<\/h3>\r\n                                        <div class=\"typical_text middle_text\">\r\n                        <p>Achilles aide les fournisseurs \u00e0 se conformer aux exigences d\u2019\u00e9valuation des risques propres \u00e0 chaque client.<\/p>\r\n                    <\/div>\r\n                                        <a class=\"btn btn_big\" aria-label=\"Syst\u00e8me d'aide aux fournisseurs - En savoir plus\" href=\"\/supply-chain-due-diligence\">En savoir plus<\/a>\r\n                                    <\/div>\r\n                                <div class=\"feature_item center\">\r\n                                        <div class=\"feature_item_icon\">\r\n                        <img decoding=\"async\" src=\"https:\/\/www.achilles.com\/app\/uploads\/2025\/02\/Business-process-efficiencies-icon.png\" alt=\"Icon system cog and circular arrows\">\r\n                    <\/div>\r\n                                        <h3 class=\"feature_item_name\">Contr\u00f4le continu<\/h3>\r\n                                        <div class=\"typical_text middle_text\">\r\n                        <p>Achilles surveille en continu de nombreux composants de risque individuels et alerte les clients en cas de changements susceptibles d\u2019avoir un impact sur leur activit\u00e9.<\/p>\r\n                    <\/div>\r\n                                        <a class=\"btn btn_big\" aria-label=\"Contr\u00f4le continu - En savoir plus\" href=\"\/supply-chain-due-diligence\">En savoir plus<\/a>\r\n                                    <\/div>\r\n                            <\/div>\r\n                                <\/div>\r\n    <\/div>\r\n\n\n    <div class=\"content_section page_default_text\">\r\n        <div class=\"container\">\r\n            <article class=\"article_wrap\">\r\n                <div class=\"article_main\">\r\n                    <div class=\"typical_text\">\r\n                        <h2><img loading=\"lazy\" decoding=\"async\" class=\"alignnone size-full wp-image-60628 aligncenter\" src=\"https:\/\/www.achilles.com\/app\/uploads\/2025\/02\/integration-icon.png\" alt=\"cloud above a computer screen, green icon\" width=\"100\" height=\"100\" \/><\/h2>\n<h2 style=\"text-align: center;\">Service vs. Source de Donn\u00e9es<\/h2>\n<p style=\"text-align: center;\" data-start=\"35\" data-end=\"297\">La principale diff\u00e9rence entre Achilles et les fournisseurs de donn\u00e9es uniquement, comme D&amp;B, Thomson Reuters, etc., est qu\u2019Achilles n\u2019est pas une \u201csource de donn\u00e9es ou base de donn\u00e9es consultable\u201d, mais une \u201centreprise de services pilot\u00e9e par la technologie\u201d.<\/p>\n<p style=\"text-align: center;\" data-start=\"299\" data-end=\"434\">Les entreprises de donn\u00e9es fournissent des donn\u00e9es brutes qui n\u2019ont pas \u00e9t\u00e9 v\u00e9rifi\u00e9es (adjudicated) et ne valident pas les documents.<\/p>\n<p style=\"text-align: center;\" data-start=\"436\" data-end=\"661\" data-is-last-node=\"\" data-is-only-node=\"\">Les services propos\u00e9s par Achilles incluent la validation des donn\u00e9es, l\u2019examen physique des documents et un syst\u00e8me de support qui aide les fournisseurs \u00e0 se conformer aux exigences d\u2019\u00e9valuation des risques de leurs clients.<\/p>\n \r\n                    <\/div>\r\n                <\/div>\r\n            <\/article>\r\n        <\/div>\r\n    <\/div>\r\n\n\n    <div class=\"content_section page_default_text\">\r\n        <div class=\"container\">\r\n            <article class=\"article_wrap\">\r\n                <div class=\"article_main\">\r\n                    <div class=\"typical_text\">\r\n                        <h2><img loading=\"lazy\" decoding=\"async\" class=\"alignnone size-full wp-image-59354 aligncenter\" src=\"https:\/\/www.achilles.com\/app\/uploads\/2025\/02\/Puzzle-icon.png\" alt=\"Puzzle icon showing how different aspects of sustainability fit together\" width=\"100\" height=\"100\" \/><\/h2>\n<p style=\"text-align: center;\" data-start=\"0\" data-end=\"32\"><strong data-start=\"0\" data-end=\"32\">Modules de Risque de Veritas<\/strong><\/p>\n<p style=\"text-align: center;\">Achilles a d\u00e9velopp\u00e9 huit modules principaux, chacun compos\u00e9 d\u2019un sous-ensemble de composants de risque ciblant des domaines cl\u00e9s du risque fournisseur.<\/p>\n<p style=\"text-align: center;\">Chaque client peut s\u00e9lectionner les modules et\/ou les composants qui r\u00e9pondent le mieux \u00e0 ses besoins, en fonction de facteurs tels que la zone g\u00e9ographique, le niveau de risque et les d\u00e9penses.<\/p>\n<p><img loading=\"lazy\" decoding=\"async\" class=\"alignnone wp-image-75680 size-full\" src=\"https:\/\/www.achilles.com\/app\/uploads\/2025\/07\/Risk-Modules-Defined.png\" alt=\"Risk modules of Achilles Veritas. Financial stability, digital insurance verification, reputational protection, regulatory compliance, cyber security, document verification, environmental, social &amp; governance (ESG), health &amp; safety.\" width=\"2326\" height=\"1164\" \/><\/p>\n \r\n                    <\/div>\r\n                <\/div>\r\n            <\/article>\r\n        <\/div>\r\n    <\/div>\r\n\n\n    <div class=\"content_section page_default_text\">\r\n        <div class=\"container\">\r\n            <article class=\"article_wrap\">\r\n                <div class=\"article_main\">\r\n                    <div class=\"typical_text\">\r\n                        <h2 style=\"text-align: center;\"><img loading=\"lazy\" decoding=\"async\" class=\"alignnone size-full wp-image-59393\" src=\"https:\/\/www.achilles.com\/app\/uploads\/2025\/02\/Risk-Mitigation-icon.png\" alt=\"\" width=\"100\" height=\"100\" \/><\/h2>\n<h2 class=\"wp-block-heading has-text-align-center\" style=\"text-align: center;\">V\u00e9rification Num\u00e9rique des Assurances<\/h2>\n<p style=\"text-align: center;\">Achilles a mis en place des int\u00e9grations dynamiques de donn\u00e9es entre Veritas et les principaux syst\u00e8mes de gestion d\u2019agences (AMS), directement connect\u00e9s aux bases de donn\u00e9es des compagnies d\u2019assurance, \u00e9liminant ainsi la n\u00e9cessit\u00e9 de demander un Certificat d\u2019Assurance (COI).<\/p>\n<p style=\"text-align: center;\">Gr\u00e2ce \u00e0 cette technologie, Achilles demande num\u00e9riquement les donn\u00e9es de v\u00e9rification d\u2019assurance directement \u00e0 l\u2019agent du fournisseur. La v\u00e9rification est effectu\u00e9e en temps r\u00e9el et compar\u00e9e aux exigences des clients d\u2019Achilles.<\/p>\n<p style=\"text-align: center;\">Cette int\u00e9gration surveille en continu les bases de donn\u00e9es des assureurs \u00e0 la recherche de changements ou de mises \u00e0 jour et, si n\u00e9cessaire, met instantan\u00e9ment \u00e0 jour l\u2019\u00e9valuation du risque du fournisseur.<\/p>\n \r\n                    <\/div>\r\n                <\/div>\r\n            <\/article>\r\n        <\/div>\r\n    <\/div>\r\n\n\n    <div class=\"content_section page_default_text\">\r\n        <div class=\"container\">\r\n            <article class=\"article_wrap\">\r\n                <div class=\"article_main\">\r\n                    <div class=\"typical_text\">\r\n                        <h2><img loading=\"lazy\" decoding=\"async\" class=\"alignnone size-full wp-image-60269 aligncenter\" src=\"https:\/\/www.achilles.com\/app\/uploads\/2025\/02\/Human-Rights-icon.png\" alt=\"Human Rights icon\" width=\"100\" height=\"100\" \/><\/h2>\n<h2 class=\"wp-block-heading has-text-align-center\" style=\"text-align: center;\">Un ESG qui r\u00e9siste \u00e0 l\u2019examen<\/h2>\n<p style=\"text-align: center;\">Le programme d\u2019\u00e9valuation des risques fournisseurs d\u2019Achilles est \u00e9galement con\u00e7u pour aider les clients \u00e0 mieux comprendre comment leurs fournisseurs abordent les trois piliers cl\u00e9s de l\u2019ESG.<\/p>\n<p style=\"text-align: center;\">Il ne s\u2019agit pas d\u2019un simple questionnaire standardis\u00e9, mais d\u2019un module configurable bas\u00e9 sur des donn\u00e9es r\u00e9elles \u2014 allant du risque de travail forc\u00e9 et de traite des \u00eatres humains \u00e0 l\u2019impact environnemental et \u00e0 la v\u00e9rification de la diversit\u00e9.<\/p>\n<p style=\"text-align: center;\">Con\u00e7u pour r\u00e9pondre aux normes de l\u2019OCDE et aux attentes r\u00e9glementaires mondiales, ce programme fournit les garanties et les informations n\u00e9cessaires pour une d\u00e9claration non financi\u00e8re cr\u00e9dible et v\u00e9rifiable.<\/p>\n \r\n                    <\/div>\r\n                <\/div>\r\n            <\/article>\r\n        <\/div>\r\n    <\/div>\r\n\n\n    <div class=\"content_section page_default_text\">\r\n        <div class=\"container\">\r\n            <article class=\"article_wrap\">\r\n                <div class=\"article_main\">\r\n                    <div class=\"typical_text\">\r\n                        <h2><img loading=\"lazy\" decoding=\"async\" class=\"size-full wp-image-59250 aligncenter\" src=\"https:\/\/www.achilles.com\/app\/uploads\/2025\/02\/Credentials-icon.png\" alt=\"Credentials Prequalify icon\" width=\"100\" height=\"100\" \/><\/h2>\n<h2 class=\"wp-block-heading has-text-align-center\" style=\"text-align: center;\">Sant\u00e9 et S\u00e9curit\u00e9 Sans Fronti\u00e8res<\/h2>\n<p class=\"wp-block-heading has-text-align-center\" style=\"text-align: center;\">Avec plus de 30 ans d\u2019exp\u00e9rience en mati\u00e8re de sant\u00e9, s\u00e9curit\u00e9 et environnement (HSE), Achilles propose un programme de sant\u00e9 et s\u00e9curit\u00e9 v\u00e9ritablement global \u2014 et non une simple solution locale.<\/p>\n<p class=\"wp-block-heading has-text-align-center\" style=\"text-align: center;\">Con\u00e7u pour r\u00e9pondre aux exigences des cha\u00eenes d\u2019approvisionnement internationales, ce programme est nettement moins co\u00fbteux et bien plus simple \u00e0 compl\u00e9ter que ceux propos\u00e9s par Avetta ou ISNetworld.<\/p>\n<p class=\"wp-block-heading has-text-align-center\" style=\"text-align: center;\">Leader sur le march\u00e9, il constitue un \u00e9l\u00e9ment central de nos programmes de gestion des risques fournisseurs \u00e0 l\u2019\u00e9chelle de l\u2019entreprise, aux c\u00f4t\u00e9s de la V\u00e9rification Num\u00e9rique des Assurances (DIV), de l\u2019ESG, de la cybers\u00e9curit\u00e9, de la stabilit\u00e9 financi\u00e8re, et bien plus encore.<\/p>\n \r\n                    <\/div>\r\n                <\/div>\r\n            <\/article>\r\n        <\/div>\r\n    <\/div>\r\n\n\n    <div class=\"content_section page_default_text\">\r\n        <div class=\"container\">\r\n            <article class=\"article_wrap\">\r\n                <div class=\"article_main\">\r\n                    <div class=\"typical_text\">\r\n                        <h2 style=\"text-align: center;\"><img loading=\"lazy\" decoding=\"async\" class=\"alignnone size-full wp-image-60613\" src=\"https:\/\/www.achilles.com\/app\/uploads\/2025\/02\/excellence-icon.png\" alt=\"rosette icon showing excellence\" width=\"100\" height=\"100\" \/><\/h2>\n<h2 style=\"text-align: center;\">Propuls\u00e9 par l\u2019IA, dirig\u00e9 par des experts<\/h2>\n<p style=\"text-align: center;\">Achilles est une entreprise de gestion des risques ax\u00e9e sur la technologie, mais nous ne comptons pas uniquement sur l\u2019automatisation.<\/p>\n<p style=\"text-align: center;\">Nos capacit\u00e9s internes en intelligence artificielle sont int\u00e9gr\u00e9es \u00e0 l\u2019ensemble de notre plateforme. Ce qui nous distingue r\u00e9ellement, c\u2019est la mani\u00e8re dont nous les combinons avec 30 ans d\u2019expertise sectorielle et une \u00e9quipe mondiale pr\u00e9sente sur le terrain dans plus de 20 pays.<\/p>\n<p style=\"text-align: center;\">C\u2019est cet \u00e9quilibre entre technologie intelligente et jugement humain qui rend le r\u00e9seau Achilles \u00e0 la fois puissant et concret.<\/p>\n \r\n                    <\/div>\r\n                <\/div>\r\n            <\/article>\r\n        <\/div>\r\n    <\/div>\r\n\n\n    <div class=\"content_section page_default_text\">\r\n        <div class=\"container\">\r\n            <article class=\"article_wrap\">\r\n                <div class=\"article_main\">\r\n                    <div class=\"typical_text\">\r\n                        <h2><img loading=\"lazy\" decoding=\"async\" class=\"alignnone size-full wp-image-59567 aligncenter\" src=\"https:\/\/www.achilles.com\/app\/uploads\/2025\/02\/Credibility-Trust-icon-on-white-block.png\" alt=\"Credibility Trust icon on white block\" width=\"100\" height=\"100\" \/><\/h2>\n<h2 class=\"wp-block-heading has-text-align-center\" style=\"text-align: center;\">Options de Tarification<\/h2>\n<p style=\"text-align: center;\" data-start=\"29\" data-end=\"324\">Les programmes de gestion des risques fournisseurs d\u2019Achilles peuvent \u00eatre financ\u00e9s par les fournisseurs (sans co\u00fbt pour le client), par le client, ou via une combinaison des deux : financement par le client pour les fournisseurs strat\u00e9giques et par les fournisseurs pour les non-strat\u00e9giques.<\/p>\n<p style=\"text-align: center;\" data-start=\"326\" data-end=\"365\" data-is-last-node=\"\" data-is-only-node=\"\">Le choix revient enti\u00e8rement au client.<\/p>\n \r\n                    <\/div>\r\n                <\/div>\r\n            <\/article>\r\n        <\/div>\r\n    <\/div>\r\n\n\n    <div class=\"content_section page_default_text\">\r\n        <div class=\"container\">\r\n            <article class=\"article_wrap\">\r\n                <div class=\"article_main\">\r\n                    <div class=\"typical_text\">\r\n                        <h2><img loading=\"lazy\" decoding=\"async\" class=\"alignnone size-full wp-image-69271 aligncenter\" src=\"https:\/\/www.achilles.com\/app\/uploads\/2025\/05\/globe-icon-2.png\" alt=\"an icon of two people shaking hands with a check mark in the middle\" width=\"100\" height=\"100\" \/><\/h2>\n<h2 class=\"wp-block-heading has-text-align-center\" style=\"text-align: center;\">Membres de l\u2019\u00c9quipe<\/h2>\n<p style=\"text-align: center;\" data-start=\"25\" data-end=\"258\">L\u2019\u00e9quipe de professionnels d\u2019Achilles est pr\u00e9sente dans plus de 20 pays \u00e0 travers le monde, parle 37 langues et s\u2019engage pleinement \u00e0 garantir que chaque programme client b\u00e9n\u00e9ficie d\u2019un soutien complet pour une efficacit\u00e9 maximale.<\/p>\n<p style=\"text-align: center;\" data-start=\"260\" data-end=\"467\">Notre \u00e9quipe d\u2019impl\u00e9mentation travaille en \u00e9troite collaboration avec chaque client afin d\u2019assurer une int\u00e9gration fluide du programme, tout en minimisant le temps requis de la part du personnel du client.<\/p>\n<p style=\"text-align: center;\" data-start=\"469\" data-end=\"653\" data-is-last-node=\"\" data-is-only-node=\"\">Nos validateurs, auditeurs, responsables de comptes et \u00e9quipes du service d\u2019assistance sont \u00e9galement disponibles pour fournir un support \u00e0 la fois aux clients et \u00e0 leurs fournisseurs.<\/p>\n<p>&nbsp;<\/p>\n<p>&nbsp;<\/p>\n \r\n                    <\/div>\r\n                <\/div>\r\n            <\/article>\r\n        <\/div>\r\n    <\/div>\r\n\n\n    <div class=\"content_section page_default_text\">\r\n        <div class=\"container\">\r\n            <article class=\"article_wrap\">\r\n                <div class=\"article_main\">\r\n                    <div class=\"typical_text\">\r\n                        <h2 class=\"wp-block-heading has-text-align-center\" style=\"text-align: center;\"><img loading=\"lazy\" decoding=\"async\" class=\"alignnone size-full wp-image-70639\" src=\"https:\/\/www.achilles.com\/app\/uploads\/2025\/05\/EXPERT-icon-1.png\" alt=\"\" width=\"100\" height=\"100\" \/><\/h2>\n<h2 class=\"wp-block-heading has-text-align-center\" style=\"text-align: center;\">R\u00e9sum\u00e9<\/h2>\n<p style=\"text-align: center;\">La solution propri\u00e9taire Veritas d\u2019Achilles a transform\u00e9 la mani\u00e8re dont les entreprises peuvent g\u00e9rer le risque fournisseur.<\/p>\n<p style=\"text-align: center;\">Nos programmes, bas\u00e9s sur des services pilot\u00e9s par la technologie, se distinguent de tous les autres en offrant aux entreprises la possibilit\u00e9 de g\u00e9rer proactivement les risques op\u00e9rationnels, gr\u00e2ce \u00e0 la surveillance des fournisseurs et \u00e0 des alertes en temps r\u00e9el, utilisant des donn\u00e9es valid\u00e9es.<\/p>\n<p style=\"text-align: center;\">Achilles propose une solution externalis\u00e9e essentielle qui permet de r\u00e9duire le temps et les co\u00fbts de conformit\u00e9 pour les entreprises du monde entier.<\/p>\n \r\n                    <\/div>\r\n                <\/div>\r\n            <\/article>\r\n        <\/div>\r\n    <\/div>\r\n\n\n    <div class=\"request_section\" id=\"Differenceform\">\r\n        <div class=\"contact_bg\">\r\n                        <img decoding=\"async\" src=\"https:\/\/www.achilles.com\/app\/uploads\/2025\/05\/UmbrellasGREENjpg.jpg\" alt=\"A cluster of green umbrellas\">\r\n                    <\/div>\r\n        <div class=\"container\">\r\n            <div class=\"request_inner\">\r\n                                <div class=\"request_wrapper\">\r\n                <h2 class=\"title_section\">Prenez le contr\u00f4le du risque fournisseur gr\u00e2ce \u00e0 une visibilit\u00e9 en temps r\u00e9el, une conformit\u00e9 simplifi\u00e9e et une prise de d\u00e9cision plus intelligente.<\/h2>\r\n                <\/div>\r\n                                <div class=\"request_box\">\r\n                                        <h5 class=\"contact_content_subtitle\">Contactez-nous d\u00e8s aujourd\u2019hui pour mettre en \u0153uvre Veritas au sein de votre organisation.<\/h5>\r\n                    <script charset=\"utf-8\" type=\"text\/javascript\" src=\"\/\/js.hsforms.net\/forms\/embed\/v2.js\"><\/script><script>hbspt.forms.create({\r\n    portalId: \"5387762\",\r\n    formId: \"a23cf73a-36bd-433c-a1d8-4acd8b05b928\",\r\n    region: \"na1\"\r\n  });\r\n<\/script>                <\/div>\r\n            <\/div>\r\n        <\/div>\r\n    <\/div>\r\n\r\n","protected":false},"excerpt":{"rendered":"","protected":false},"author":2,"featured_media":0,"parent":0,"menu_order":0,"comment_status":"closed","ping_status":"closed","template":"","meta":{"_acf_changed":true,"content-type":"","footnotes":""},"class_list":["post-76840","page","type-page","status-publish","hentry"],"acf":[],"_links":{"self":[{"href":"https:\/\/www.achilles.com\/fr\/wp-json\/wp\/v2\/pages\/76840","targetHints":{"allow":["GET"]}}],"collection":[{"href":"https:\/\/www.achilles.com\/fr\/wp-json\/wp\/v2\/pages"}],"about":[{"href":"https:\/\/www.achilles.com\/fr\/wp-json\/wp\/v2\/types\/page"}],"author":[{"embeddable":true,"href":"https:\/\/www.achilles.com\/fr\/wp-json\/wp\/v2\/users\/2"}],"replies":[{"embeddable":true,"href":"https:\/\/www.achilles.com\/fr\/wp-json\/wp\/v2\/comments?post=76840"}],"version-history":[{"count":0,"href":"https:\/\/www.achilles.com\/fr\/wp-json\/wp\/v2\/pages\/76840\/revisions"}],"wp:attachment":[{"href":"https:\/\/www.achilles.com\/fr\/wp-json\/wp\/v2\/media?parent=76840"}],"curies":[{"name":"wp","href":"https:\/\/api.w.org\/{rel}","templated":true}]}}