{"id":73680,"date":"2025-06-09T19:43:59","date_gmt":"2025-06-09T18:43:59","guid":{"rendered":"https:\/\/uat.achilles.com\/achilles-solutions\/"},"modified":"2025-06-24T09:14:20","modified_gmt":"2025-06-24T08:14:20","slug":"achilles-solutions","status":"publish","type":"page","link":"https:\/\/www.achilles.com\/fr\/achilles-solutions\/","title":{"rendered":"Solutions Achilles"},"content":{"rendered":"    <div class=\"top_section\">\n        <div class=\"container\">\n            <div class=\"top_info half\">\n                                    <h1 class=\"top_title\">Simplifiez la gestion des risques. Renforcez la performance.<\/h1>\n                                    <div class=\"top_text\">\n                        <p style=\"font-weight: 400;\">Achilles permet aux entreprises de prendre le contr\u00f4le des risques, de la conformit\u00e9 et de la durabilit\u00e9 gr\u00e2ce \u00e0 des outils num\u00e9riques int\u00e9gr\u00e9s et un accompagnement d\u2019experts qui renforcent la performance et la r\u00e9silience \u2014 le tout sur une plateforme unifi\u00e9e.<\/p>\n                    <\/div>\n                                    <div class=\"top_buttons\">\n                                                    <a class=\"btn btn_big\" href=\"#solutionsform\">Commencez maintenant<\/a>\n                                                    <a class=\"btn btn_white btn_big\" href=\"\/the-achilles-platform\/\">En savoir plus sur la plateforme Achilles<\/a>\n                                            <\/div>\n                            <\/div>\n        <\/div>\n        <div class=\"top_media\">\n\t\t\t            <img decoding=\"async\" src=\"https:\/\/www.achilles.com\/app\/uploads\/2024\/08\/map-banner-1.png\" alt=\"world map on a dark green background and a an overlay of interconnected line to demonstrate a global supply chain\">\n                    <\/div>\n    <\/div>\n\n\n    <div class=\"content_section\">\r\n        <div class=\"container\">\r\n                        <div class=\"description_section big center\">\r\n                                <h2 class=\"title_section\">D\u00e9couvrez notre portefeuille<\/h2>\r\n                                <div class=\"typical_text middle_text\">\r\n                    <p>Des rapports ESG et des \u00e9missions de carbone aux risques fournisseurs et \u00e0 la s\u00e9curit\u00e9 des sous-traitants, nos solutions apportent clart\u00e9, contr\u00f4le et confiance aux op\u00e9rations \u00e0 l\u2019\u00e9chelle mondiale.<\/p>\n                <\/div>\r\n                            <\/div>\r\n                                            <\/div>\r\n    <\/div>\r\n\n\n            <div class=\"content_section bg_grey\">\r\n            <div class=\"container\">\r\n                <div class=\"content_wrap right\">\r\n                    <div class=\"content_info ogo2\">\r\n                                                <p class=\"title_category\">GESTION DES RISQUES DE LA CHA\u00ceNE D&#8217;APPROVISIONNEMENT<\/p>\r\n                                                <h2 class=\"title_page\">Achilles SupplyChain360<\/h2>\r\n                                                <h5 class=\"title_small\">Obtenez une vue d\u2019ensemble compl\u00e8te des risques li\u00e9s aux tiers, \u00e0 l\u2019\u00e9chelle mondiale.<\/h5>\r\n                                                <div class=\"typical_text\">\r\n                            <p style=\"font-weight: 400;\">Allez au-del\u00e0 des v\u00e9rifications de base gr\u00e2ce \u00e0 une approche en plusieurs niveaux pour la qualification des fournisseurs et le suivi continu des risques. Achilles combine des donn\u00e9es valid\u00e9es, une surveillance continue, une port\u00e9e mondiale et des d\u00e9cennies d\u2019expertise en conformit\u00e9.<\/p>\n<p style=\"font-weight: 400;\"><strong>Fonctionnalit\u00e9s cl\u00e9s :<\/strong><\/p>\n<ul style=\"font-weight: 400;\">\n<li>Informations sur les risques ESG, de conformit\u00e9, de sant\u00e9 et s\u00e9curit\u00e9, financiers et d\u2019assurance<\/li>\n<li>Surveillance en temps r\u00e9el et \u00e9valuation du risque fournisseur<\/li>\n<li>Support pour l\u2019engagement des fournisseurs et les actions correctives<\/li>\n<\/ul>\n                        <\/div>\r\n                                                <a class=\"btn btn_big\" href=\"\/supply-chain-due-diligence\">D\u00e9couvrez les solutions Achilles pour la gestion des risques fournisseurs<\/a>\r\n                                            <\/div>\r\n\t\t\t\t\t\t\t\t\t\t\r\n                                        <div class=\"content_media\">\r\n                        <img decoding=\"async\" src=\"https:\/\/www.achilles.com\/app\/uploads\/2025\/03\/Website-Main-Header-Analytics-1.png\" width=\"500\" alt=\"Person on laptop reviewing analytics graphs and data on the Achilles platform\">\r\n                    <\/div>\r\n                                    <\/div>\r\n            <\/div>\r\n        <\/div>\r\n    \n\n            <div class=\"content_section\">\r\n            <div class=\"container\">\r\n                <div class=\"content_wrap\">\r\n                    <div class=\"content_info ogo2\">\r\n                                                <p class=\"title_category\">ASSURANCE D\u2019AUDIT<\/p>\r\n                                                <h2 class=\"title_page\">Audits et \u00c9valuations Achilles<\/h2>\r\n                                                <h5 class=\"title_small\">R\u00e9v\u00e9lez ce que les donn\u00e9es seules ne peuvent pas montrer<\/h5>\r\n                                                <div class=\"typical_text\">\r\n                            <p style=\"font-weight: 400;\">Notre \u00e9quipe mondiale d\u2019audit r\u00e9alise des \u00e9valuations sur site et \u00e0 distance pour valider les \u00e9missions de GES et les pratiques des fournisseurs \u2014 couvrant les droits de l\u2019homme, la sant\u00e9 et la s\u00e9curit\u00e9, la performance environnementale et la sant\u00e9 financi\u00e8re.<\/p>\n<p style=\"font-weight: 400;\"><strong>Fonctionnalit\u00e9s cl\u00e9s:<\/strong><\/p>\n<ul style=\"font-weight: 400;\">\n<li>Expertise locale dans plus de 140 pays<\/li>\n<li>Accompagnement des fournisseurs et conseils pour les actions correctives<\/li>\n<li>Couvre le carbone, l\u2019esclavage moderne, la sant\u00e9, s\u00e9curit\u00e9 et environnement (HSE), la qualit\u00e9 et les normes du travail<\/li>\n<\/ul>\n                        <\/div>\r\n                                                <a class=\"btn btn_big\" href=\"\/achilles-audits\">D\u00e9couvrez les services d\u2019audit d\u2019Achilles<\/a>\r\n                                            <\/div>\r\n\t\t\t\t\t\t\t\t\t\t\r\n                                        <div class=\"content_media\">\r\n                        <img decoding=\"async\" src=\"https:\/\/www.achilles.com\/app\/uploads\/2024\/08\/AdobeStock_400523537-scaled.jpeg\" width=\"500\" alt=\"Construction engineers supervising progress of construction project stand on new factory,Engineering Consulting People on construction site holding blueprint in his hand. Building inspector. Construction site check drawing and business workflow of new building\">\r\n                    <\/div>\r\n                                    <\/div>\r\n            <\/div>\r\n        <\/div>\r\n    \n\n            <div class=\"content_section bg_grey\">\r\n            <div class=\"container\">\r\n                <div class=\"content_wrap right\">\r\n                    <div class=\"content_info ogo2\">\r\n                                                <p class=\"title_category\">CONFORMIT\u00c9<\/p>\r\n                                                <h2 class=\"title_page\">Achilles Comply360<\/h2>\r\n                                                <h5 class=\"title_small\">Rapports de durabilit\u00e9 et d\u2019informations non financi\u00e8res<\/h5>\r\n                                                <div class=\"typical_text\">\r\n                            <p style=\"font-weight: 400;\">Comply360 vous aide \u00e0 collecter, g\u00e9rer et d\u00e9clarer des donn\u00e9es non financi\u00e8res avec pr\u00e9cision et confiance. Alignez-vous sur la CSRD, les normes IFRS, GRI et d&#8217;autres standards mondiaux gr\u00e2ce \u00e0 une plateforme con\u00e7ue pour la conformit\u00e9 ESG \u00e0 l\u2019\u00e9chelle des grandes entreprises.<\/p>\n<p style=\"font-weight: 400;\"><strong>Fonctionnalit\u00e9s cl\u00e9s:<\/strong><\/p>\n<ul style=\"font-weight: 400;\">\n<li>Rapports int\u00e9gr\u00e9s entre juridictions et cadres r\u00e9glementaires<\/li>\n<li>Donn\u00e9es centralis\u00e9es provenant des fournisseurs, sites et syst\u00e8mes internes<\/li>\n<li>Piste d\u2019audit pr\u00eate \u00e0 l\u2019emploi pour chaque point de donn\u00e9es<\/li>\n<\/ul>\n                        <\/div>\r\n                                                <a class=\"btn btn_big\" href=\"\/achilles-comply360\">En savoir plus sur Comply360<\/a>\r\n                                            <\/div>\r\n\t\t\t\t\t\t\t\t\t\t\r\n                                        <div class=\"content_media\">\r\n                        <img decoding=\"async\" src=\"https:\/\/www.achilles.com\/app\/uploads\/2025\/05\/Achilles-Comply360-Report-Selector.png\" width=\"525\" alt=\"Achilles Comply360 Nonfinancial reporting software screenshot\">\r\n                    <\/div>\r\n                                    <\/div>\r\n            <\/div>\r\n        <\/div>\r\n    \n\n            <div class=\"content_section\">\r\n            <div class=\"container\">\r\n                <div class=\"content_wrap\">\r\n                    <div class=\"content_info ogo2\">\r\n                                                <p class=\"title_category\">GESTION DES \u00c9MISSIONS<\/p>\r\n                                                <h2 class=\"title_page\">Comptabilit\u00e9 Carbone Achilles<\/h2>\r\n                                                <h5 class=\"title_small\">Suivez, r\u00e9duisez et d\u00e9clarez les \u00e9missions \u2014 Scopes 1, 2 et 3<\/h5>\r\n                                                <div class=\"typical_text\">\r\n                            <p style=\"font-weight: 400;\">Achilles vous fournit les outils et le soutien n\u00e9cessaires pour mesurer votre empreinte carbone et atteindre vos objectifs de durabilit\u00e9. Que vous pr\u00e9pariez des rapports ou mettiez en \u0153uvre une strat\u00e9gie de neutralit\u00e9 carbone, nos solutions carbone sont con\u00e7ues pour offrir pr\u00e9cision et action.<\/p>\n<p style=\"font-weight: 400;\"><strong>Fonctionnalit\u00e9s cl\u00e9s :<\/strong><\/p>\n<ul style=\"font-weight: 400;\">\n<li>Suivi des donn\u00e9es des scopes 1 \u00e0 3<\/li>\n<li>Int\u00e9gration des \u00e9missions des fournisseurs et sous-traitants<\/li>\n<li>Support pour le CDP, la CSRD et la planification Net Z\u00e9ro<\/li>\n<\/ul>\n                        <\/div>\r\n                                                <a class=\"btn btn_big\" href=\"\/achilles-carbon-accounting\">D\u00e9couvrez la Comptabilit\u00e9 Carbone d\u2019Achilles<\/a>\r\n                                            <\/div>\r\n\t\t\t\t\t\t\t\t\t\t\r\n                                        <div class=\"content_media\">\r\n                        <img decoding=\"async\" src=\"https:\/\/www.achilles.com\/app\/uploads\/2025\/05\/Achilles-Carbon-Accounting-Software-Dashboard.png\" width=\"500\" alt=\"Achilles Carbon Account Software Dashboard Screenshot\">\r\n                    <\/div>\r\n                                    <\/div>\r\n            <\/div>\r\n        <\/div>\r\n    \n\n            <div class=\"content_section bg_grey\">\r\n            <div class=\"container\">\r\n                <div class=\"content_wrap right\">\r\n                    <div class=\"content_info ogo2\">\r\n                                                <p class=\"title_category\">CONTR\u00d4LE D\u2019ACC\u00c8S DES SOUS-TRAITANTS<\/p>\r\n                                                <h2 class=\"title_page\">Achilles Controlar<\/h2>\r\n                                                <h5 class=\"title_small\">Assurez-vous que seuls les travailleurs conformes acc\u00e8dent \u00e0 vos sites, gr\u00e2ce \u00e0 une v\u00e9rification en temps r\u00e9el.<\/h5>\r\n                                                <div class=\"typical_text\">\r\n                            <p style=\"font-weight: 400;\">Prot\u00e9gez vos \u00e9quipes et vos op\u00e9rations en g\u00e9rant l&#8217;acc\u00e8s des sous-traitants en toute confiance. Achilles vous aide \u00e0 v\u00e9rifier, autoriser et contr\u00f4ler le personnel sur site gr\u00e2ce \u00e0 un processus num\u00e9rique s\u00e9curis\u00e9.<\/p>\n<p style=\"font-weight: 400;\"><strong>Fonctionnalit\u00e9s cl\u00e9s:<\/strong><\/p>\n<ul style=\"font-weight: 400;\">\n<li>Contr\u00f4le d\u2019acc\u00e8s en temps r\u00e9el int\u00e9gr\u00e9 aux donn\u00e9es de conformit\u00e9<\/li>\n<li>Pr\u00e9qualification des sous-traitants et v\u00e9rification des credentials<\/li>\n<li>\u00c9volutif pour plusieurs sites et niveaux de sous-traitance<\/li>\n<\/ul>\n                        <\/div>\r\n                                                <a class=\"btn btn_big\" href=\"\/controlar\">En savoir plus sur le contr\u00f4le d\u2019acc\u00e8s des sous-traitants<\/a>\r\n                                            <\/div>\r\n\t\t\t\t\t\t\t\t\t\t\r\n                                        <div class=\"content_media\">\r\n                        <img decoding=\"async\" src=\"https:\/\/www.achilles.com\/app\/uploads\/2023\/06\/Controlar-1-e1550139063118.jpg\" width=\"500\" alt=\"Workers in a lift shaft\">\r\n                    <\/div>\r\n                                    <\/div>\r\n            <\/div>\r\n        <\/div>\r\n    \n\n            <div class=\"content_section\">\r\n            <div class=\"container\">\r\n                <div class=\"content_wrap\">\r\n                    <div class=\"content_info ogo2\">\r\n                                                <p class=\"title_category\">CONSEIL<\/p>\r\n                                                <h2 class=\"title_page\">Services de Conseil Achilles<\/h2>\r\n                                                <h5 class=\"title_small\">Analyse strat\u00e9gique par des experts en risques de la cha\u00eene d&#8217;approvisionnement et en durabilit\u00e9 des entreprises<\/h5>\r\n                                                <div class=\"typical_text\">\r\n                            <p style=\"font-weight: 400;\">Les consultants d\u2019Achilles travaillent en \u00e9troite collaboration avec votre \u00e9quipe pour \u00e9valuer, am\u00e9liorer et mettre en \u0153uvre les meilleures pratiques en mati\u00e8re de gestion des risques, de strat\u00e9gie ESG et de pr\u00e9paration \u00e0 la conformit\u00e9 r\u00e9glementaire.<\/p>\n<p style=\"font-weight: 400;\"><strong>Fonctionnalit\u00e9s cl\u00e9s :<\/strong><\/p>\n<ul style=\"font-weight: 400;\">\n<li>Feuilles de route personnalis\u00e9es pour la conformit\u00e9 et les rapports<\/li>\n<li>Analyse des \u00e9carts et planification des am\u00e9liorations<\/li>\n<li>Expertise approfondie en achats, durabilit\u00e9, \u00e9thique des affaires et due diligence<\/li>\n<\/ul>\n                        <\/div>\r\n                                                <a class=\"btn btn_big\" href=\"#solutionsform\">Rencontrez notre \u00e9quipe de conseil<\/a>\r\n                                            <\/div>\r\n\t\t\t\t\t\t\t\t\t\t\r\n                                        <div class=\"content_media\">\r\n                        <img decoding=\"async\" src=\"https:\/\/www.achilles.com\/app\/uploads\/2023\/07\/AdobeStock_167813248-scaled-1.jpg\" width=\"400\" alt=\"Experts view performance graph on screen\">\r\n                    <\/div>\r\n                                    <\/div>\r\n            <\/div>\r\n        <\/div>\r\n    \n\n    <div class=\"content_section\">\r\n        <div class=\"container\">\r\n                        <div class=\"posts_panel\">\r\n                <div class=\"description_section\">\r\n                                        <p class=\"title_category\">ACTUALIT\u00c9S ET ANALYSES D\u2019ACHILLES<\/p>\r\n                     \r\n                    <h2 class=\"title_section\">D\u00e9couvrez les derni\u00e8res nouveaut\u00e9s produits d\u2019Achilles<\/h2>\r\n                                    <\/div>\r\n                 \r\n                <a class=\"btn\" href=\"\/industry-insights\/\">Visitez le Hub d\u2019Analyses d\u2019Achilles<\/a>\r\n                            <\/div>\r\n                                    <div class=\"posts_wrap\">\r\n                                <div class=\"post_item\">\r\n                    <div class=\"post_item_top\">\r\n                                                <a class=\"post_item_img\" href=\"https:\/\/www.achilles.com\/fr\/informations-sectorielles\/comment-achilles-utilise-lintelligence-artificielle-pour-transformer-la-gestion-des-risques-fournisseurs\/\">\r\n                            <img decoding=\"async\" src=\"https:\/\/www.achilles.com\/app\/uploads\/2025\/04\/2-1.png\" alt=\"Comment Achilles utilise l\u2019intelligence artificielle pour transformer la gestion des risques fournisseurs\">\r\n                        <\/a>\r\n                                                <ul class=\"post_item_categories\">\r\n                                                        <li>Articles<\/li>\r\n                                                        <li>Informations sectorielles<\/li>\r\n                                                        <li>Mises \u00e0 jour du produit<\/li>\r\n                                                    <\/ul>\r\n                    <\/div>\r\n                    <a class=\"post_item_name\" href=\"https:\/\/www.achilles.com\/fr\/informations-sectorielles\/comment-achilles-utilise-lintelligence-artificielle-pour-transformer-la-gestion-des-risques-fournisseurs\/\">Comment Achilles utilise l\u2019intelligence artificielle pour transformer la gestion des risques fournisseurs<\/a>\r\n                <\/div>\r\n                                <div class=\"post_item\">\r\n                    <div class=\"post_item_top\">\r\n                                                <a class=\"post_item_img\" href=\"https:\/\/www.achilles.com\/fr\/industry-insights\/achilles-sassocie-a-complyadvantage-pour-integrer-le-depistage-des-medias-hostiles-dans-sa-plateforme-de-gestion-des-risques\/\">\r\n                            <img decoding=\"async\" src=\"https:\/\/www.achilles.com\/app\/uploads\/2025\/03\/Adverse-Media-Screening-PR.png\" alt=\"Achilles s&#8217;associe \u00e0 ComplyAdvantage pour int\u00e9grer le d\u00e9pistage des m\u00e9dias hostiles dans sa plateforme de gestion des risques\">\r\n                        <\/a>\r\n                                                <ul class=\"post_item_categories\">\r\n                                                        <li>Articles<\/li>\r\n                                                        <li>Communiqu\u00e9s de presse<\/li>\r\n                                                        <li>Informations sectorielles<\/li>\r\n                                                        <li>Mises \u00e0 jour du produit<\/li>\r\n                                                    <\/ul>\r\n                    <\/div>\r\n                    <a class=\"post_item_name\" href=\"https:\/\/www.achilles.com\/fr\/industry-insights\/achilles-sassocie-a-complyadvantage-pour-integrer-le-depistage-des-medias-hostiles-dans-sa-plateforme-de-gestion-des-risques\/\">Achilles s&#8217;associe \u00e0 ComplyAdvantage pour int\u00e9grer le d\u00e9pistage des m\u00e9dias hostiles dans sa plateforme de gestion des risques<\/a>\r\n                <\/div>\r\n                            <\/div>\r\n                    <\/div>\r\n    <\/div>\r\n\n\n    <div class=\"request_section\" id=\"solutionsform\">\r\n        <div class=\"contact_bg\">\r\n                        <img decoding=\"async\" src=\"https:\/\/www.achilles.com\/app\/uploads\/2024\/08\/map-banner-1.png\" alt=\"world map on a dark green background and a an overlay of interconnected line to demonstrate a global supply chain\">\r\n                    <\/div>\r\n        <div class=\"container\">\r\n            <div class=\"request_inner\">\r\n                                <div class=\"request_wrapper\">\r\n                <h2 class=\"title_section\">Vous ne savez pas par o\u00f9 commencer ? Parlez \u00e0 nos experts<\/h2>\r\n                <\/div>\r\n                                <div class=\"request_box\">\r\n                                        <h5 class=\"contact_content_subtitle\">Notre \u00e9quipe peut vous aider \u00e0 construire la combinaison id\u00e9ale d\u2019outils et de services adapt\u00e9e \u00e0 votre secteur, votre profil de risque et vos obligations en mati\u00e8re de reporting.<\/h5>\r\n                    <script charset=\"utf-8\" type=\"text\/javascript\" src=\"\/\/js.hsforms.net\/forms\/embed\/v2.js\"><\/script>\r\n<script>\r\n  hbspt.forms.create({\r\n    portalId: \"5387762\",\r\n    formId: \"1e0839c4-29f8-48a7-a35a-0c09c54a2433\",\r\n    region: \"na1\"\r\n  });\r\n<\/script>                <\/div>\r\n            <\/div>\r\n        <\/div>\r\n    <\/div>\r\n\r\n","protected":false},"excerpt":{"rendered":"","protected":false},"author":2,"featured_media":0,"parent":0,"menu_order":0,"comment_status":"closed","ping_status":"closed","template":"","meta":{"_acf_changed":true,"content-type":"","footnotes":""},"class_list":["post-73680","page","type-page","status-publish","hentry"],"acf":[],"_links":{"self":[{"href":"https:\/\/www.achilles.com\/fr\/wp-json\/wp\/v2\/pages\/73680","targetHints":{"allow":["GET"]}}],"collection":[{"href":"https:\/\/www.achilles.com\/fr\/wp-json\/wp\/v2\/pages"}],"about":[{"href":"https:\/\/www.achilles.com\/fr\/wp-json\/wp\/v2\/types\/page"}],"author":[{"embeddable":true,"href":"https:\/\/www.achilles.com\/fr\/wp-json\/wp\/v2\/users\/2"}],"replies":[{"embeddable":true,"href":"https:\/\/www.achilles.com\/fr\/wp-json\/wp\/v2\/comments?post=73680"}],"version-history":[{"count":0,"href":"https:\/\/www.achilles.com\/fr\/wp-json\/wp\/v2\/pages\/73680\/revisions"}],"wp:attachment":[{"href":"https:\/\/www.achilles.com\/fr\/wp-json\/wp\/v2\/media?parent=73680"}],"curies":[{"name":"wp","href":"https:\/\/api.w.org\/{rel}","templated":true}]}}